{"id":477,"date":"2018-11-28T00:00:00","date_gmt":"2018-11-27T23:00:00","guid":{"rendered":"http:\/\/semmelweis.hu\/biztonsagosszex\/ritka-nemi-betegsegek\/"},"modified":"2018-12-11T14:17:00","modified_gmt":"2018-12-11T13:17:00","slug":"ritka-nemi-betegsegek","status":"publish","type":"page","link":"https:\/\/semmelweis.hu\/biztonsagosszex\/altalanos-tudnivalok\/nemibetegsegek\/ritka-nemi-betegsegek\/","title":{"rendered":"Ritka nemi betegs\u00e9gek"},"content":{"rendered":"<p>Ezek a betegs\u00e9geket m\u00e9g nem \u00e9szlelt\u00e9k Magyarorsz\u00e1gon. \u00c1ltal\u00e1ban a tr\u00f3pusokon, szubtr\u00f3pusokon elterjedtek, \u00e9s Eur\u00f3p\u00e1ba csak egy-egy elsz\u00f3rt esetet \u00e9szleltek, \u00e1ltal\u00e1ban olyan turist\u00e1kon, akik az el\u0151bb eml\u00edtett f\u00f6ldrajzi ter\u00fcleteken voltak \u00e9s ott l\u00e9tes\u00edtettek szexu\u00e1lis kapcsolatot, term\u00e9szetesen \u00f3vszer n\u00e9lk\u00fcl.<\/p>\n<p><strong>Ulcus molle<\/strong><br \/>\nOkoz\u00f3ja egy bakt\u00e9rium, a Haemophilus ducrey. D\u00e9lkelet-\u00c1zsi\u00e1ban, Afrik\u00e1ban, K\u00f6z\u00e9p-Amerik\u00e1ban gyakori betegs\u00e9g, Magyarorsz\u00e1gon \u00e9vtizedek \u00f3ta nem fordul el\u0151.<br \/>\nAz els\u0151 t\u00fcnet 3-10 nappal a fert\u0151z\u00e9s ut\u00e1n alakul ki: gennyes, gyorsan terjed\u0151 fek\u00e9lyek jelentkeznek a nemi szerveken, vagy a v\u00e9gb\u00e9lny\u00edl\u00e1son. A betegs\u00e9g nyirokutakon terjed. A mirigyek megduzzadnak, majd a b\u0151r fel\u00e9 kifek\u00e9lyesednek, nedvedzenek.<br \/>\nAntibiotikummal kezelhet\u0151, gy\u00f3gy\u00edthat betegs\u00e9g, de a visszamarad\u00f3 sz\u00f6v\u0151dm\u00e9nyek egy\u00e1ltal\u00e1n nem kellemesek!<\/p>\n<p><strong>Lymphogranuloma venereum<\/strong><br \/>\nAnnak a Chlamydia trachomatis bakt\u00e9riumnak egy speci\u00e1lis t\u00edpusa okozza, amit m\u00e1r a Chlamydia fert\u0151z\u00e9s c\u00edmsz\u00f3 alatt t\u00e1rgyaltunk. Indi\u00e1ban ill. Nyugat Afrik\u00e1ban gyakori betegs\u00e9g, Magyarorsz\u00e1gon \u00e9vtizedek \u00f3ta nem fordul el\u0151.<br \/>\nA nemi szerveken a fert\u0151z\u0151d\u00e9s ut\u00e1n 3-12 nappal k\u00e9s\u0151bb f\u00e1jdalmatlan gennyes fek\u00e9ly alalkul ki, ami azt\u00e1n mag\u00e1t\u00f3l meggy\u00f3gyul, kb. 1 h\u00e9t alatt. P\u00e1r h\u00e9ttel k\u00e9s\u0151bb a fek\u00e9lyhez k\u00f6zeli nyirokcsom\u00f3k begyulladnak, kifek\u00e9lyesednek, gennyesen v\u00e1lad\u00e9koznak. Sajnos a nyirokkering\u00e9s emiatt megakad, \u00e9s s\u00falyos, torz\u00edt\u00f3 elv\u00e1ltoz\u00e1sokat okoz.<br \/>\nHossz\u00fa antibiotikus kezel\u00e9ssel gy\u00f3gy\u00edthat\u00f3, de a nyirokcsom\u00f3kat sokszor seb\u00e9szileg el kell t\u00e1vol\u00edtani.<\/p>\n","protected":false},"excerpt":{"rendered":"<p>Ezek a betegs\u00e9geket m\u00e9g nem \u00e9szlelt\u00e9k Magyarorsz\u00e1gon. \u00c1ltal\u00e1ban a tr\u00f3pusokon, szubtr\u00f3pusokon elterjedtek, \u00e9s Eur\u00f3p\u00e1ba csak egy-egy elsz\u00f3rt esetet \u00e9szleltek, \u00e1ltal\u00e1ban olyan turist\u00e1kon, akik az el\u0151bb eml\u00edtett f\u00f6ldrajzi ter\u00fcleteken voltak \u00e9s ott l\u00e9tes\u00edtettek szexu\u00e1lis kapcsolatot, term\u00e9szetesen \u00f3vszer n\u00e9lk\u00fcl. Ulcus molle Okoz\u00f3ja egy bakt\u00e9rium, a Haemophilus ducrey. D\u00e9lkelet-\u00c1zsi\u00e1ban, Afrik\u00e1ban, K\u00f6z\u00e9p-Amerik\u00e1ban gyakori betegs\u00e9g, Magyarorsz\u00e1gon \u00e9vtizedek \u00f3ta nem fordul &hellip;<\/p>\n","protected":false},"author":101265,"featured_media":0,"parent":14,"menu_order":2,"comment_status":"closed","ping_status":"closed","template":"","meta":{"_acf_changed":false,"footnotes":""},"categories":[],"tags":[],"class_list":["post-477","page","type-page","status-publish","hentry"],"acf":[],"_links":{"self":[{"href":"https:\/\/semmelweis.hu\/biztonsagosszex\/wp-json\/wp\/v2\/pages\/477","targetHints":{"allow":["GET"]}}],"collection":[{"href":"https:\/\/semmelweis.hu\/biztonsagosszex\/wp-json\/wp\/v2\/pages"}],"about":[{"href":"https:\/\/semmelweis.hu\/biztonsagosszex\/wp-json\/wp\/v2\/types\/page"}],"author":[{"embeddable":true,"href":"https:\/\/semmelweis.hu\/biztonsagosszex\/wp-json\/wp\/v2\/users\/101265"}],"replies":[{"embeddable":true,"href":"https:\/\/semmelweis.hu\/biztonsagosszex\/wp-json\/wp\/v2\/comments?post=477"}],"version-history":[{"count":1,"href":"https:\/\/semmelweis.hu\/biztonsagosszex\/wp-json\/wp\/v2\/pages\/477\/revisions"}],"predecessor-version":[{"id":2757,"href":"https:\/\/semmelweis.hu\/biztonsagosszex\/wp-json\/wp\/v2\/pages\/477\/revisions\/2757"}],"up":[{"embeddable":true,"href":"https:\/\/semmelweis.hu\/biztonsagosszex\/wp-json\/wp\/v2\/pages\/14"}],"wp:attachment":[{"href":"https:\/\/semmelweis.hu\/biztonsagosszex\/wp-json\/wp\/v2\/media?parent=477"}],"wp:term":[{"taxonomy":"category","embeddable":true,"href":"https:\/\/semmelweis.hu\/biztonsagosszex\/wp-json\/wp\/v2\/categories?post=477"},{"taxonomy":"post_tag","embeddable":true,"href":"https:\/\/semmelweis.hu\/biztonsagosszex\/wp-json\/wp\/v2\/tags?post=477"}],"curies":[{"name":"wp","href":"https:\/\/api.w.org\/{rel}","templated":true}]}}