{"id":475,"date":"2018-11-28T00:00:00","date_gmt":"2018-11-27T23:00:00","guid":{"rendered":"http:\/\/semmelweis.hu\/biztonsagosszex\/nemibeteg-gondozas\/"},"modified":"2018-12-11T14:13:30","modified_gmt":"2018-12-11T13:13:30","slug":"nemibeteg-gondozas","status":"publish","type":"page","link":"https:\/\/semmelweis.hu\/biztonsagosszex\/altalanos-tudnivalok\/nemibetegsegek\/nemibeteg-gondozas\/","title":{"rendered":"Nemibeteg gondoz\u00e1s"},"content":{"rendered":"<p><a href=\"https:\/\/semmelweis.hu\/biztonsagosszex\/files\/2018\/12\/pic_1329226917_887.jpg\"><img loading=\"lazy\" decoding=\"async\" class=\"size-medium wp-image-1227 alignleft\" src=\"https:\/\/semmelweis.hu\/biztonsagosszex\/files\/2018\/12\/pic_1329226917_887-246x300.jpg\" alt=\"\" width=\"246\" height=\"300\" srcset=\"https:\/\/semmelweis.hu\/biztonsagosszex\/files\/2018\/12\/pic_1329226917_887-246x300.jpg 246w, https:\/\/semmelweis.hu\/biztonsagosszex\/files\/2018\/12\/pic_1329226917_887.jpg 328w\" sizes=\"auto, (max-width: 246px) 100vw, 246px\" \/><\/a>A nemibeteg gondoz\u00e1s, eg\u00e9szs\u00e9gi \u00e1rtalmakat megel\u0151z\u0151 \u00e9s elh\u00e1r\u00edt\u00f3, az \u00e9letk\u00f6r\u00fclm\u00e9ny megjav\u00edt\u00e1s\u00e1ra ir\u00e1nyul\u00f3 szervezett t\u00e1rsadalmi tev\u00e9kenys\u00e9g, amelynek c\u00e9lja a nemi betegek fert\u0151z\u0151 forr\u00e1sainak \u00e9s megbeteg\u00edtett kontaktusainak gyors kezel\u00e9sbev\u00e9tel\u00e9vel megakad\u00e1lyozni a fert\u0151z\u0151 l\u00e1ncolatok kialakul\u00e1s\u00e1t.<\/p>\n<p>J\u00f3l hangzik ugye? De mit is jelent val\u00f3j\u00e1ban?<\/p>\n<p><strong>Mi t\u00f6rt\u00e9nik val\u00f3j\u00e1ban?<\/strong><br \/>\nHa m\u00e1r megkaptad a diagn\u00f3zisodat (szifilisz, tripper, vagy esetleg HIV fert\u0151z\u00e9s), akkor az orvosodon k\u00edv\u00fcl egy \u00faj szem\u00e9llyel ismerkedsz meg. \u0150 a Gondoz\u00f3n\u0151.<br \/>\nOlyan, mint a terhesekn\u00e9l a v\u00e9d\u0151n\u0151, csak \u00e9ppen az \u0151 feladata a Te v\u00e9delmed, \u00e9s az eg\u00e9szs\u00e9ged meg\u0151rz\u00e9se. B\u00e1tran fordulhatsz hozz\u00e1 minden panaszoddal, hiszen olyan szakemberrel \u00e1llsz szemben, akin\u00e9l \u2013 \u00e9s ez a legfontosabb- nem egyedi a probl\u00e9m\u00e1d, \u00e9s aki biztosan \u00fagy, ahogy vagy el fog fogadni \u00e9s seg\u00edteni pr\u00f3b\u00e1l Neked.<br \/>\nAz STD betegs\u00e9gekn\u00e9l k\u00fcl\u00f6n probl\u00e9ma, hogy a betegek sz\u00e9gyellik magukat, nem mernek, nem tudnak kivel besz\u00e9lgetni a bajukr\u00f3l, f\u00e9lnek a t\u00f6bbiek el\u00edt\u00e9l\u00e9s\u00e9t\u0151l.<br \/>\nA gondoz\u00f3n\u0151i tev\u00e9kenys\u00e9get ez\u00e9rt tal\u00e1lt\u00e1k ki, \u00e9s vezett\u00e9k be, hogy t\u00e1mogassa a bajba jutottakat.<\/p>\n<p><strong>Mit fog mondani nekem a gondoz\u00f3n\u0151?<\/strong><br \/>\nA gondoz\u00f3n\u0151 nem pr\u00e9dik\u00e1l. Egy csom\u00f3 dolgot viszont megtan\u00edthat Neked. F\u00e9lni, rettegni t\u0151le nem kell, de a tisztelet l\u00e9gy sz\u00edves add meg neki!<br \/>\nAmire meg tud tan\u00edtani, az, amit nem tan\u00edtanak az iskol\u00e1ban, s\u0151t m\u00e9g a legmen\u0151bb sz\u00fcl\u0151k sem mondanak el felt\u00e9tlen\u00fcl Nektek, \u00e9s az interneten, meg a porn\u00f3s filmekben, \u00fajs\u00e1gokban biztosan nem tal\u00e1lj\u00e1tok meg a v\u00e1laszt.<br \/>\nEl tudj\u00e1k magyar\u00e1zni mi a helyes szexu\u00e1lis magatart\u00e1s, \u00edgy a tan\u00e1csad\u00e1s v\u00e9g\u00e9n k\u00e9pes leszel \u00f6n\u00e1ll\u00f3an d\u00f6nteni, \u00e9s elker\u00fclni, felismerni azokat a viselked\u00e9si form\u00e1kat, amelyek a fert\u0151z\u00e9s kialakul\u00e1s\u00e1hoz vezetnek.<\/p>\n<p><strong>Mi az a nemibeteg sz\u0171r\u00e9s?<\/strong><br \/>\nBizonyos csoportokat \u2013 pl. a rizik\u00f3 csoportokat \u2013 azzal a sz\u00e1nd\u00e9kkal vizsg\u00e1ljuk, hogy kisz\u0171rj\u00fck a nemibetegs\u00e9gben szenved\u0151ket, \u00e9s gy\u00f3gyszeres kezel\u00e9st adjunk.<br \/>\nA sz\u0171r\u0151vizsg\u00e1latok a legfontosabb megel\u0151z\u0151 tev\u00e9kenys\u00e9gek k\u00f6z\u00e9 tartoznak.<br \/>\nSzifilisz vizsg\u00e1latot csak akkor lehet elv\u00e9gezni, ha az adataidat megadod, de \u00fan. \u201eanonym\u201d- teh\u00e1t n\u00e9v n\u00e9lk\u00fcli \u2013\u00a0 HIV sz\u0171r\u00e9sre t\u00f6bb helyen is lehet\u0151s\u00e9g van.<\/p>\n<p><strong>Kontaktuskutat\u00e1s<\/strong><br \/>\nB\u00e1rmilyen fert\u0151z\u0151 betegs\u00e9g- \u00e9s \u00edgy a nemi betegs\u00e9gek- eredm\u00e9nyes lek\u00fczd\u00e9se a fert\u0151z\u0151forr\u00e1sok felismer\u00e9s\u00e9t\u0151l \u00e9s kezel\u00e9s\u00e9t\u0151l f\u00fcgg.<br \/>\nFert\u0151z\u0151 forr\u00e1snak nevezz\u00fck azt a szem\u00e9lyt, akit\u0151l a vizsg\u00e1lt szem\u00e9ly fert\u0151z\u0151d\u00f6tt.<br \/>\nSzexu\u00e1lis partnereknek nevezz\u00fck azokat, akik egym\u00e1ssal \u00e1lland\u00f3, vagy alkalmi nemi kapcsolatot tartanak fenn.<br \/>\nVesz\u00e9lyeztetett kontaktusok azok, akik az index szem\u00e9lyt\u0151l fert\u0151z\u0151dhetnek.<\/p>\n<p>A kontaktus kutat\u00e1s c\u00e9lja, hogy a nemi beteg, az \u201e\u00fan. index beteg\u201d szexu\u00e1lis partnereit felder\u00edts\u00fck, megvizsg\u00e1ljuk \u00e9s az eredm\u00e9nyt\u0151l f\u00fcgg\u0151en, kezel\u00e9sben r\u00e9szes\u00edts\u00fck. Ez a folyamat elengedhetetlen a fert\u0151z\u00e9si l\u00e1nc megszak\u00edt\u00e1s\u00e1hoz.<\/p>\n<p><strong>Hogyan sz\u00f3ljak a partneremnek, hogy fert\u0151z\u00f6tt vagyok?<\/strong><br \/>\nJelenleg Magyarorsz\u00e1gon t\u00f6bb m\u00f3dszer is elfogadott a partnerek \u00e9rtes\u00edt\u00e9s\u00e9vel kapcsolatban. Sz\u00f3lhat maga a beteg a saj\u00e1t partnereinek, ez az \u00fan. partner \u00e1ltali \u00e9rtes\u00edt\u00e9s (\u201epatient referral\u201e). Ilyenkor azonban az a tapasztalat, hogy a betegek hajlamosak csak azokat \u00e9rtes\u00edteni, akikt\u0151l saj\u00e1t felt\u00e9telez\u00e9s\u00fck szerint megszerezt\u00e9k a betegs\u00e9get, \u00e9s a t\u00f6bbi partnert pedig nem.<br \/>\nSokan cikisnek \u00e9rzik, hogy sz\u00f3ljanak a partnereiknek, t\u00fals\u00e1gosan sz\u00e9gyellik magukat, hogy felfedj\u00e9k ezt a \u201etitkukat\u201d. Ilyenkor az eg\u00e9szs\u00e9g\u00fcgyi szem\u00e9lyzet seg\u00edts\u00e9g\u00e9t kapj\u00e1k meg: a \u201edoctor referral\u201d f\u00e9le \u00e9rtes\u00edt\u00e9sm\u00f3dn\u00e1l a partnerek \u00e9rtes\u00edt\u00e9s\u00e9t a beteg r\u00e1nk b\u00edzza, \u00e9s ilyenkor teljes n\u00e9vtelens\u00e9get kapnak. A partnereket az orvos, vagy a gondoz\u00f3n\u0151 h\u00edvja fel telefonon, esetleg lev\u00e9lben \u00e9rtes\u00edti az STD sz\u0171r\u00e9s sz\u00fcks\u00e9gess\u00e9g\u00e9r\u0151l, de semmiylen k\u00f6r\u00fclm\u00e9nyek k\u00f6z\u00f6tt nem adhatja ki az els\u0151 beteg adatait.<br \/>\nNemcsak az index szem\u00e9ly, hanem az \u00f6sszes partner anonimit\u00e1s\u00e1t \u2013 n\u00e9v n\u00e9lk\u00fclis\u00e9g\u00e9t \u2013\u00a0 biztos\u00edtjuk!<br \/>\nA kontaktuskutat\u00e1st nagyon megnehez\u00edti a szexu\u00e1lis orient\u00e1ci\u00f3 eltitkol\u00e1sa, j\u00f3llehet ma m\u00e1r semmi sz\u00e9gyellnival\u00f3 nincs az azonos nem\u0171ek k\u00f6z\u00f6tti szexben. Hidd el, mi nem \u201e\u00edt\u00e9lkezz\u00fcnk\u201d feletted. Feln\u0151tt ember vagy, egy feln\u0151tt ember \u00f6szt\u00f6neivel \u00e9s ig\u00e9nyeivel. Mi gy\u00f3gyi\u00edtani szeretn\u00e9nk T\u00e9ged, \u00e9s megel\u0151zni a fert\u0151z\u00e9s tov\u00e1bbterjed\u00e9s\u00e9t!<\/p>\n<p><strong>Tan\u00e1csad\u00e1s (Counselling)<\/strong><br \/>\nA \u201ccounselling\u201d fogalomnak pontos magyar megfelel\u0151je nincsen: egyidej\u0171leg jelent tan\u00e1csad\u00e1st is, gondoz\u00e1st is. A counselling kieg\u00e9sz\u00edti az eg\u00e9szs\u00e9gnevel\u00e9st, \u00e9s azzal egy\u00fctt azt a c\u00e9lt szolg\u00e1lja, hogy seg\u00edtse az embereket saj\u00e1t eg\u00e9szs\u00e9g\u00fckkel \u00e9s magatart\u00e1sukkal kapcsolatos d\u00f6nt\u00e9seikben. A counselling a szexu\u00e1lis \u00faton terjed\u0151 betegs\u00e9gek megel\u0151z\u00e9s\u00e9nek \u00e9s kezel\u00e9s\u00e9nek elengedhetetlen, ugyanakkor egyik legnehezebben kivitelezhet\u0151 r\u00e9sze. Megfelel\u0151 tan\u00e1csad\u00e1s hi\u00e1ny\u00e1ban a betegek nem fedik fel a vesz\u00e9lyes viselked\u00e9si form\u00e1kat, \u00edgy a t\u00fcnetmentes fert\u0151z\u00e9sek nem ker\u00fclnek felismer\u00e9sre, k\u00f6vetkez\u00e9sk\u00e9ppen kezel\u00e9sre sem. Ezek a szem\u00e9lyek a fert\u0151z\u00e9st akaratlanul is tov\u00e1bb terjesztik.<br \/>\nHa a szexualit\u00e1ssal \u00e9s az STD-kel kapcsolatos k\u00e9rd\u00e9sekr\u0151l ny\u00edltan besz\u00e9l\u00fcnk, lehet\u0151s\u00e9get teremt\u00fcnk a vizsg\u00e1latra, a megfelel\u0151 diagn\u00f3zis fel\u00e1ll\u00edt\u00e1s\u00e1ra \u00e9s a kezel\u00e9sre, illetve az adott betegs\u00e9gre vonatkoz\u00f3 alapvet\u0151 inform\u00e1ci\u00f3k \u00e1tad\u00e1s\u00e1ra.<\/p>\n<p><strong>Rizik\u00f3 csoportok<\/strong><br \/>\nA nemi betegs\u00e9gek nem v\u00e9letlen fert\u0151z\u00e9sek. L\u00e9teznek \u00fan. rizik\u00f3csoportok, amelyekn\u00e9l egyes nemi betegs\u00e9gek gyakoris\u00e1ga statisztikailag meghaladja az \u00e1tlagot, de puszt\u00e1n az ebbe val\u00f3 beletartoz\u00e1s alapj\u00e1n sem kiz\u00e1rni, sem bizony\u00edtani nem lehet a nemibetegs\u00e9g jelenl\u00e9t\u00e9t. A nemi betegs\u00e9g minden t\u00e1rsadalmi r\u00e9teget \u00e9rint, sem anyagi-, sem m\u0171velts\u00e9gi szint alapj\u00e1n nem lehet senkit beskatuly\u00e1zni!<br \/>\nRizik\u00f3 csoportba tartozik a promiszkuit\u00e1s (egyszerre t\u00f6bb partnered is van, vagy gyakran cser\u00e9lgeted \u0151ket, pl. egy \u00e9v alatt t\u00f6bb mint 4 \u00faj partnered van), a prostit\u00faci\u00f3 ( a test \u00e1ruba bocs\u00e1jt\u00e1sa), a drog fogyaszt\u00e1s ( nem csak a v\u00e9n\u00e1s drogok a k\u00f6z\u00f6s t\u0171 miatt, hanem b\u00e1rmilyen b\u00f3d\u00edt\u00f3 szer, ami a j\u00f3zan \u00edt\u00e9l\u0151k\u00e9pess\u00e9gedet befoly\u00e1solja). Sajnos vannak olyan r\u00e9szei a vil\u00e1gnak, ahol nagyon-nagyon sok HIV fert\u0151z\u00f6tt \u00e9l, teh\u00e1t ha ezekb\u0151l az orsz\u00e1gokb\u00f3l v\u00e1lasztasz partnert, l\u00e9gy \u00e9szn\u00e9l, \u00e9s k\u00e9rjetek egy tesztet, miel\u0151tt elkezdtek nemi \u00e9letet \u00e9lni!<br \/>\nNe feledd, sajnos rizik\u00f3 csoportba tartozol akkor is, ha csak egy partnered van, de az pl. f\u0171vel-f\u00e1val megcsal!<\/p>\n<p>Nemcsak a szexu\u00e1lis magatart\u00e1s, hanem egy\u00e9b k\u00f6z\u00f6s \u00e9rdekl\u0151d\u00e9si ter\u00fclet is rizik\u00f3 csoportot jelenthet. T\u00e1rsas tal\u00e1lkoz\u00f3helyek is fontos szerepet j\u00e1tszanak az STI-k terjed\u00e9s\u00e9ben. A leg\u00e1ltal\u00e1nosabb ismerked\u00e9si helyek \u2013 \u00e9s egyben rizik\u00f3 csoport teremt\u0151k: internet, internetes p\u00e1rkeres\u0151k, \u00e9jszakai b\u00e1rok, f\u00fcrd\u0151k vagy szaun\u00e1k, sex klubok, swinger klubok, ismert parkok, vagy nyilv\u00e1nos illemhelyek, ill. szex- videot\u00e9k\u00e1k.<\/p>\n","protected":false},"excerpt":{"rendered":"<p><a href=\"https:\/\/semmelweis.hu\/biztonsagosszex\/files\/2018\/12\/pic_1329226917_887.jpg\"><\/a> A nemibeteg gondoz\u00e1s, eg\u00e9szs\u00e9gi \u00e1rtalmakat megel\u0151z\u0151 \u00e9s elh\u00e1r\u00edt\u00f3, az \u00e9letk\u00f6r\u00fclm\u00e9ny megjav\u00edt\u00e1s\u00e1ra ir\u00e1nyul\u00f3 szervezett t\u00e1rsadalmi tev\u00e9kenys\u00e9g, amelynek c\u00e9lja a nemi betegek fert\u0151z\u0151 forr\u00e1sainak \u00e9s megbeteg\u00edtett kontaktusainak gyors kezel\u00e9sbev\u00e9tel\u00e9vel megakad\u00e1lyozni a fert\u0151z\u0151 l\u00e1ncolatok kialakul\u00e1s\u00e1t. J\u00f3l hangzik ugye? De mit is jelent val\u00f3j\u00e1ban? Mi t\u00f6rt\u00e9nik val\u00f3j\u00e1ban? Ha m\u00e1r megkaptad a diagn\u00f3zisodat (szifilisz, tripper, vagy esetleg HIV fert\u0151z\u00e9s), akkor &hellip;<\/p>\n","protected":false},"author":101265,"featured_media":0,"parent":14,"menu_order":1,"comment_status":"closed","ping_status":"closed","template":"","meta":{"_acf_changed":false,"footnotes":""},"categories":[],"tags":[],"class_list":["post-475","page","type-page","status-publish","hentry"],"acf":[],"_links":{"self":[{"href":"https:\/\/semmelweis.hu\/biztonsagosszex\/wp-json\/wp\/v2\/pages\/475","targetHints":{"allow":["GET"]}}],"collection":[{"href":"https:\/\/semmelweis.hu\/biztonsagosszex\/wp-json\/wp\/v2\/pages"}],"about":[{"href":"https:\/\/semmelweis.hu\/biztonsagosszex\/wp-json\/wp\/v2\/types\/page"}],"author":[{"embeddable":true,"href":"https:\/\/semmelweis.hu\/biztonsagosszex\/wp-json\/wp\/v2\/users\/101265"}],"replies":[{"embeddable":true,"href":"https:\/\/semmelweis.hu\/biztonsagosszex\/wp-json\/wp\/v2\/comments?post=475"}],"version-history":[{"count":3,"href":"https:\/\/semmelweis.hu\/biztonsagosszex\/wp-json\/wp\/v2\/pages\/475\/revisions"}],"predecessor-version":[{"id":2753,"href":"https:\/\/semmelweis.hu\/biztonsagosszex\/wp-json\/wp\/v2\/pages\/475\/revisions\/2753"}],"up":[{"embeddable":true,"href":"https:\/\/semmelweis.hu\/biztonsagosszex\/wp-json\/wp\/v2\/pages\/14"}],"wp:attachment":[{"href":"https:\/\/semmelweis.hu\/biztonsagosszex\/wp-json\/wp\/v2\/media?parent=475"}],"wp:term":[{"taxonomy":"category","embeddable":true,"href":"https:\/\/semmelweis.hu\/biztonsagosszex\/wp-json\/wp\/v2\/categories?post=475"},{"taxonomy":"post_tag","embeddable":true,"href":"https:\/\/semmelweis.hu\/biztonsagosszex\/wp-json\/wp\/v2\/tags?post=475"}],"curies":[{"name":"wp","href":"https:\/\/api.w.org\/{rel}","templated":true}]}}