{"id":2006,"date":"2018-12-04T10:35:01","date_gmt":"2018-12-04T09:35:01","guid":{"rendered":"http:\/\/semmelweis.hu\/biztonsagosszex\/?page_id=2006"},"modified":"2018-12-04T10:35:01","modified_gmt":"2018-12-04T09:35:01","slug":"altalanos-tudnivalok","status":"publish","type":"page","link":"https:\/\/semmelweis.hu\/biztonsagosszex\/altalanos-tudnivalok\/","title":{"rendered":"\u00c1ltal\u00e1nos tudnival\u00f3k"},"content":{"rendered":"","protected":false},"excerpt":{"rendered":"","protected":false},"author":101265,"featured_media":0,"parent":0,"menu_order":5,"comment_status":"closed","ping_status":"closed","template":"","meta":{"_acf_changed":false,"footnotes":""},"categories":[],"tags":[],"class_list":["post-2006","page","type-page","status-publish","hentry"],"acf":[],"_links":{"self":[{"href":"https:\/\/semmelweis.hu\/biztonsagosszex\/wp-json\/wp\/v2\/pages\/2006","targetHints":{"allow":["GET"]}}],"collection":[{"href":"https:\/\/semmelweis.hu\/biztonsagosszex\/wp-json\/wp\/v2\/pages"}],"about":[{"href":"https:\/\/semmelweis.hu\/biztonsagosszex\/wp-json\/wp\/v2\/types\/page"}],"author":[{"embeddable":true,"href":"https:\/\/semmelweis.hu\/biztonsagosszex\/wp-json\/wp\/v2\/users\/101265"}],"replies":[{"embeddable":true,"href":"https:\/\/semmelweis.hu\/biztonsagosszex\/wp-json\/wp\/v2\/comments?post=2006"}],"version-history":[{"count":1,"href":"https:\/\/semmelweis.hu\/biztonsagosszex\/wp-json\/wp\/v2\/pages\/2006\/revisions"}],"predecessor-version":[{"id":2007,"href":"https:\/\/semmelweis.hu\/biztonsagosszex\/wp-json\/wp\/v2\/pages\/2006\/revisions\/2007"}],"wp:attachment":[{"href":"https:\/\/semmelweis.hu\/biztonsagosszex\/wp-json\/wp\/v2\/media?parent=2006"}],"wp:term":[{"taxonomy":"category","embeddable":true,"href":"https:\/\/semmelweis.hu\/biztonsagosszex\/wp-json\/wp\/v2\/categories?post=2006"},{"taxonomy":"post_tag","embeddable":true,"href":"https:\/\/semmelweis.hu\/biztonsagosszex\/wp-json\/wp\/v2\/tags?post=2006"}],"curies":[{"name":"wp","href":"https:\/\/api.w.org\/{rel}","templated":true}]}}