{"id":16,"date":"2018-11-28T00:00:00","date_gmt":"2018-11-27T23:00:00","guid":{"rendered":"http:\/\/semmelweis.hu\/biztonsagosszex\/ahol-szurest-vegeznek\/"},"modified":"2026-03-12T08:01:43","modified_gmt":"2026-03-12T07:01:43","slug":"ahol-szurest-vegeznek","status":"publish","type":"page","link":"https:\/\/semmelweis.hu\/biztonsagosszex\/hasznos-informaciok\/ahol-szurest-vegeznek\/","title":{"rendered":"Ahol sz\u0171r\u00e9st v\u00e9geznek"},"content":{"rendered":"<h4><strong>Budapesten:<\/strong><\/h4>\n<ul>\n<li>Semmelweis Egyetem B\u0151rgy\u00f3gy\u00e1szati Klinika, Budapest VIII. ker., M\u00e1ria u. 41. Tel.: 06-1-266-0465. V\u00e9rv\u00e9tel: H-K-Sz-Cs-P: 8:00-09:00. A HIV sz\u0171r\u00e9s ingyenes, a syphilis sz\u0171r\u00e9s \u00e9rv\u00e9nyes TAJ k\u00e1rty\u00e1val ingyenes, ennek hi\u00e1ny\u00e1ban t\u00e9r\u00edt\u00e9ses. Itt v\u00e9geznek m\u00e9g hepatitis B \u00e9s C sz\u0171r\u00e9st is, ezek d\u00edjk\u00f6teles vizsg\u00e1latok. T\u00f6bb inform\u00e1ci\u00f3: <a href=\"https:\/\/semmelweis.hu\/borklinika\/a-betegellatas-fo-profiljai\/jarobeteg-ellatas\/orszagos-std-centrum\/\" target=\"_blank\" rel=\"noopener noreferrer\">https:\/\/semmelweis.hu\/borklinika\/a-betegellatas-fo-profiljai\/jarobeteg-ellatas\/orszagos-std-centrum\/<\/a><\/li>\n<li>F\u0151v\u00e1rosi \u00c1NTSZ, Budapest XIII. ker., V\u00e1ci \u00fat 174.. Tel.: 06-1-465-3800. Rendel\u00e9si id\u0151: h<span class=\"kissz\u00f6veg\">\u00e9tf\u0151t\u0151l cs\u00fct\u00f6rt\u00f6kig 8-14:30h, p\u00e9ntek: 8-13h<\/span>. Ingyenes anonim sz\u0171r\u00e9st is v\u00e9geznek.<\/li>\n<li>Karolina Rendel\u0151 \u2013 Anonim AIDS Tan\u00e1csad\u00f3 Szolg\u00e1lat, Budapest XI. ker., Karolina u. 35\/b., Tel.: 06-1-466-9283. Rendel\u00e9si id\u0151: H-Cs: 17:00-20:00, K-P: 9:00-12:00, Anonim, a sz\u0171r\u00e9s ingyenes. <strong>T\u00e9r\u00edt\u00e9si d\u00edj ellen\u00e9ben gyorsteszt el\u00e9rhet\u0151. <\/strong>T\u00f6bb inform\u00e1ci\u00f3: <a href=\"http:\/\/anonimaids.hu\/\" target=\"_blank\" rel=\"noopener noreferrer\">http:\/\/anonimaids.hu\/<\/a><\/li>\n<li>Orsz\u00e1gos Epidemiol\u00f3giai K\u00f6zpont: Budapest IX. ker., Albert Fl\u00f3ri\u00e1n \u00fat (r\u00e9gi Gy\u00e1li \u00fat) 2-6. Tel.: 06-1-476-1100 \/ HIV ambulancia. Rendel\u00e9si id\u0151: H \u00e9s Sz 16:00-18:00, K: 11:00-13:00, Cs: 13:30-15:30. Anonim sz\u0171r\u00e9st is v\u00e9geznek, amely ingyenes. <strong>T\u00e9r\u00edt\u00e9si d\u00edj ellen\u00e9ben gyorsteszt el\u00e9rhet\u0151.<\/strong><\/li>\n<li>Szent L\u00e1szl\u00f3 K\u00f3rh\u00e1z \u2013 K\u00f6zponti Ambulancia\/Recepci\u00f3. Budapest IX. ker., Gy\u00e1li u. 5-7.Tel.: 06-1-215-0219\/8228, 06-1-455-8228. Rendel\u00e9si id\u0151: H-K-Sz-Cs-P: 8:00-14:00. Telefonon kell id\u0151pontot k\u00e9rni.<\/li>\n<\/ul>\n<h4><strong>Vid\u00e9ken:<\/strong><\/h4>\n<ul>\n<li>AIDS Seg\u00e9ly Alap\u00edtv\u00e1ny, Sopron, Magyar u. 14. Tel.: 06-80-333-399; Rendel\u00e9si id\u0151: K, Sz: 17:00-20:00.<\/li>\n<li>B\u00e9k\u00e9scsaba, Gyulai u.61. Tel: (66)540-690; (66)447-146 H:12-16 \u00e9s szerda 8-12 k\u00f6z\u00f6tt<\/li>\n<li>Debrecen, R\u00f3zsahegyi u.4. Tel: (52)420-015; K:14-16 \u00f3ra k\u00f6z\u00f6tt Cs: 14-16<\/li>\n<li>Eger, Klapka u. 11. Tel: (36)511-932 K: 9-12. 13-15 Cs: 9-12, 13-15<\/li>\n<li>Gy\u0151r, J\u00f3sika u.16. Tel: (96)418-044 K-Sz: 8-11 k\u00f6z\u00f6tt.<\/li>\n<li>Kaposv\u00e1r, Gr. Apponyi A. u. 16 Bejelentkez\u00e9s telefonon: 82\/ 414-373<\/li>\n<li>Kecskem\u00e9t, Balaton u.19. Tel: (76)501-938; H: 7.30-9.00<\/li>\n<li>Miskolc, Meggyesalja u.12. Tel: (46)354-611\/190-es mell.; H: 8-12, Cs:12-16 (1 h\u00e9t)<\/li>\n<li>Ny\u00edregyh\u00e1za, \u00c1rok u.41. Tel: (42)438-316; (42)501-008 H: 14-16 k\u00f6z\u00f6tt<\/li>\n<li>P\u00e9cs, Szabads\u00e1g u.7. Tel: (72)514-999; (72)514-971) H: 8-10, Sz: 13-15-ig (1 h\u00e9t) (bej\u00e1rat a Nagy Lajos kir\u00e1ly \u00fat fel\u0151l)<\/li>\n<li>Salg\u00f3tarj\u00e1n, Zemlinszky Rezs\u0151 \u00fat 9. Tel: (32)521-711 K: 8-12 k\u00f6z\u00f6tt<\/li>\n<li>Szeged, Derkovics fasor 7-11. Tel: (62)( 592-553) Sz: 12-16; Cs: 7.30-11.30 (1 h\u00e9t)<\/li>\n<li>Szeksz\u00e1rd, B\u00e9ri Balogh \u00c1d\u00e1m u. 5-7. Telefon: 74\/501-500<\/li>\n<li>Sz\u00e9kesfeh\u00e9rv\u00e1r, M\u00e1ty\u00e1s kir\u00e1ly krt.13. Tel: (22)314-090\/315-\u00f6s mell.; H,Cs: 8-12 (Itt s\u00fcrg\u0151ss\u00e9git is v\u00e9geznek) Itt a sz\u0171r\u00e9s vagy beutal\u00f3ra, TB-k\u00e1rtya alapj\u00e1n, vagy anonim 4.500 Ft-\u00e9rt t\u00f6rt\u00e9nik. Eredm\u00e9ny 2-3 nap m\u00falva.<\/li>\n<li>Szolnok, Ady E.u. 35-37. Tel: (56)510-200 H: 12-15, Sz: 10-12 (2-3 h\u00e9t)<\/li>\n<li>Szombathely, Sug\u00e1r u.9. Tel: (94)506-316; (94)506-300 H: 13-15<\/li>\n<li>Tatab\u00e1nya II.B\u00e9la kir\u00e1ly k\u00f6rt\u00e9r 69. Tel: (34)311-844, H: 9.30-11.30<\/li>\n<li>Veszpr\u00e9m, J\u00f3zsef.A.u.36. Tel: (88)424-866\/157-es mell.; H,Sz: 8-12 \u00e9s 13-16, P: 8-10<\/li>\n<li>Zalaegerszeg, G\u00f6cseji u.24. Tel: (92)549-196; (92)549-180 H:13-16, \u00e9s P: 9-12<\/li>\n<\/ul>\n","protected":false},"excerpt":{"rendered":"<p>Budapesten: Semmelweis Egyetem B\u0151rgy\u00f3gy\u00e1szati Klinika, Budapest VIII. ker., M\u00e1ria u. 41. Tel.: 06-1-266-0465. V\u00e9rv\u00e9tel: H-K-Sz-Cs-P: 8:00-09:00. A HIV sz\u0171r\u00e9s ingyenes, a syphilis sz\u0171r\u00e9s \u00e9rv\u00e9nyes TAJ k\u00e1rty\u00e1val ingyenes, ennek hi\u00e1ny\u00e1ban t\u00e9r\u00edt\u00e9ses. Itt v\u00e9geznek m\u00e9g hepatitis B \u00e9s C sz\u0171r\u00e9st is, ezek d\u00edjk\u00f6teles vizsg\u00e1latok. T\u00f6bb inform\u00e1ci\u00f3: <a href=\"https:\/\/semmelweis.hu\/borklinika\/a-betegellatas-fo-profiljai\/jarobeteg-ellatas\/orszagos-std-centrum\/\" target=\"_blank\" rel=\"noopener noreferrer\">https:\/\/semmelweis.hu\/borklinika\/a-betegellatas-fo-profiljai\/jarobeteg-ellatas\/orszagos-std-centrum\/<\/a> F\u0151v\u00e1rosi \u00c1NTSZ, Budapest XIII. ker., V\u00e1ci \u00fat 174.. Tel.: 06-1-465-3800. Rendel\u00e9si &hellip;<\/p>\n","protected":false},"author":12,"featured_media":0,"parent":3596,"menu_order":1,"comment_status":"closed","ping_status":"closed","template":"","meta":{"_acf_changed":false,"footnotes":""},"categories":[],"tags":[],"class_list":["post-16","page","type-page","status-publish","hentry"],"acf":[],"_links":{"self":[{"href":"https:\/\/semmelweis.hu\/biztonsagosszex\/wp-json\/wp\/v2\/pages\/16","targetHints":{"allow":["GET"]}}],"collection":[{"href":"https:\/\/semmelweis.hu\/biztonsagosszex\/wp-json\/wp\/v2\/pages"}],"about":[{"href":"https:\/\/semmelweis.hu\/biztonsagosszex\/wp-json\/wp\/v2\/types\/page"}],"author":[{"embeddable":true,"href":"https:\/\/semmelweis.hu\/biztonsagosszex\/wp-json\/wp\/v2\/users\/12"}],"replies":[{"embeddable":true,"href":"https:\/\/semmelweis.hu\/biztonsagosszex\/wp-json\/wp\/v2\/comments?post=16"}],"version-history":[{"count":11,"href":"https:\/\/semmelweis.hu\/biztonsagosszex\/wp-json\/wp\/v2\/pages\/16\/revisions"}],"predecessor-version":[{"id":3957,"href":"https:\/\/semmelweis.hu\/biztonsagosszex\/wp-json\/wp\/v2\/pages\/16\/revisions\/3957"}],"up":[{"embeddable":true,"href":"https:\/\/semmelweis.hu\/biztonsagosszex\/wp-json\/wp\/v2\/pages\/3596"}],"wp:attachment":[{"href":"https:\/\/semmelweis.hu\/biztonsagosszex\/wp-json\/wp\/v2\/media?parent=16"}],"wp:term":[{"taxonomy":"category","embeddable":true,"href":"https:\/\/semmelweis.hu\/biztonsagosszex\/wp-json\/wp\/v2\/categories?post=16"},{"taxonomy":"post_tag","embeddable":true,"href":"https:\/\/semmelweis.hu\/biztonsagosszex\/wp-json\/wp\/v2\/tags?post=16"}],"curies":[{"name":"wp","href":"https:\/\/api.w.org\/{rel}","templated":true}]}}