{"id":15,"date":"2018-11-28T00:00:00","date_gmt":"2018-11-27T23:00:00","guid":{"rendered":"http:\/\/semmelweis.hu\/biztonsagosszex\/gyik\/"},"modified":"2018-12-13T16:06:38","modified_gmt":"2018-12-13T15:06:38","slug":"gyik","status":"publish","type":"page","link":"https:\/\/semmelweis.hu\/biztonsagosszex\/hasznos-informaciok\/gyik\/","title":{"rendered":"Gyakran ism\u00e9telt k\u00e9rd\u00e9sek (GYIK)"},"content":{"rendered":"<h3>Mi az az STD? \u00c9s az STI?<\/h3>\n<p>Az STD a sexually transmitted disease (szexu\u00e1lis \u00faton terjed\u0151 betegs\u00e9g) r\u00f6vid\u00edt\u00e9se. Az STI a sexually transmitted infection, vagyis fert\u0151z\u00e9s. Ut\u00f3bbi a modernebb v\u00e1ltozat.<\/p>\n<h3>Mit jelent az MSM?<\/h3>\n<p>Az MSM az angol \u201cmen who have sex with men\u201d kezd\u0151bet\u0171ib\u0151l \u00e1ll\u00f3 r\u00f6vid\u00edt\u00e9s, magyarul f\u00e9rfiak, akik f\u00e9rfiakkal \u00e9lnek nemi \u00e9letet. \u00c1ltal\u00e1ban a melegekre haszn\u00e1lj\u00e1k, de pl. biszexu\u00e1lis f\u00e9rfiak is beletartozhatnak ebbe a kateg\u00f3ri\u00e1ba.<\/p>\n<h3>Tripper? Kank\u00f3? Lues? V\u00e9rbaj? Mik ezek?<\/h3>\n<p>A tripper \u00e9s a kank\u00f3 a gonorrhoea szinonim\u00e1i, ami egy nemi \u00faton terjed\u0151 fert\u0151z\u00e9s. A szifilisz, m\u00e1s n\u00e9ven lues, vagy v\u00e9rbaj, szint\u00e9n egy STD.<\/p>\n<h3>Or\u00e1lis szexn\u00e9l is lehet STD betegs\u00e9get kapni?<\/h3>\n<p>Bizony, lehet. Szinte mindegyik <a href=\"https:\/\/semmelweis.hu\/biztonsagosszex\/altalanos-tudnivalok\/std\/\">STD <\/a>fert\u0151z or\u00e1lis szexn\u00e9l is!<\/p>\n<h3>Az orvosi vizsg\u00e1lat f\u00e1jdalmas?<\/h3>\n<p>Nem, nem f\u00e1jdalmas, maximum kellemetlen. H\u00f6lgyek eset\u00e9ben hasonl\u00edt a n\u0151gy\u00f3gy\u00e1szati vizsg\u00e1lathoz. F\u00e9rfiakn\u00e1l f\u0151k\u00e9nt a h\u00fagycs\u0151b\u0151l vesz\u00fcnk mint\u00e1t egy v\u00e9kony mintavev\u0151 p\u00e1lcik\u00e1val. Azt, hogy hogyan tudod a legkellemesebb\u00e9 \u00e9s a leggyorsabb\u00e1 tenni, az <a href=\"https:\/\/semmelweis.hu\/biztonsagosszex\/altalanos-tudnivalok\/az-orvosi-vizsgalatrol\/\">\u00c1ltal\u00e1nos tudnival\u00f3k<\/a> fejezetben megtal\u00e1lod.<\/p>\n<h3>Ha nincs semmilyen t\u00fcnetem, akkor biztosan eg\u00e9szs\u00e9ges vagyok?<\/h3>\n<p>Sajnos nem biztos. A legt\u00f6bb STD panaszmentes, vagy a panaszok megjelen\u00e9se el\u0151tt <a href=\"https:\/\/semmelweis.hu\/biztonsagosszex\/altalanos-tudnivalok\/std\/hogyan-terjednek-a-nemi-betegsegek\/\">lappang\u00e1si id\u0151<\/a> van. Biztos csak az orvosi vizsg\u00e1lat ut\u00e1n lehetsz.<\/p>\n<h3>Minden homoszexu\u00e1lis HIV fert\u0151z\u00f6tt?<\/h3>\n<p>Ez egy nagyon nagy t\u00e9ved\u00e9s! Puszt\u00e1n a nemi be\u00e1ll\u00edt\u00f3d\u00e1s alapj\u00e1n senkir\u0151l nem mondhat\u00f3 meg, hogy nemi beteg-e vagy sem. Ha a statisztikailag legvesz\u00e9lyesebb magatart\u00e1sform\u00e1kra k\u00edv\u00e1ncsi vagy, n\u00e9zd meg, mit jelent a <a href=\"..\/az-std-megelozheto-mi-az-a-rizikocsoport\/\">rizik\u00f3csoport <\/a>sz\u00f3!<\/p>\n<h3>Mi a k\u00fcl\u00f6nbs\u00e9g a HIV \u00e9s az AIDS k\u00f6z\u00f6tt?<\/h3>\n<p>A HIV a hum\u00e1n immundeficiencia\u00a0v\u00edrusa, teh\u00e1t egy k\u00f3rokoz\u00f3. Aki HIV pozit\u00edv, vagy HIV beteg, az megfert\u0151z\u0151d\u00f6tt a v\u00edrussal, hordozza azt, de a legt\u00f6bbsz\u00f6r t\u00fcnetmentes \u00e9s nincs panasza. Az AIDS a HIV betegs\u00e9g v\u00e9gst\u00e1diuma, amikor a HIV \u00e9vtizedek alatt teljesen legyeng\u00edti az immunrendszert, \u00e9s az emberi test elvesz\u00edti az ellen\u00e1ll\u00f3k\u00e9pess\u00e9g\u00e9t.<\/p>\n<h3>Ha r\u00e1\u00fcltem a wc deszk\u00e1ra, akkor nemi beteg leszek?<\/h3>\n<p>A nemi \u00faton terjed\u0151 betegs\u00e9gek k\u00f3rokoz\u00f3i nagyon \u00e9rz\u00e9kenyek, szobah\u0151m\u00e9rs\u00e9kleten hamar elpusztulnak, azon k\u00edv\u00fcl haszn\u00e1lati t\u00e1rgy k\u00f6zvet\u00edt\u00e9s\u00e9vel nem terjedhetnek. Persze vannak kiv\u00e9telek, de a wc deszka nem az.<\/p>\n","protected":false},"excerpt":{"rendered":"<p>Mi az az STD? \u00c9s az STI? Az STD a sexually transmitted disease (szexu\u00e1lis \u00faton terjed\u0151 betegs\u00e9g) r\u00f6vid\u00edt\u00e9se. Az STI a sexually transmitted infection, vagyis fert\u0151z\u00e9s. Ut\u00f3bbi a modernebb v\u00e1ltozat. Mit jelent az MSM? Az MSM az angol \u201cmen who have sex with men\u201d kezd\u0151bet\u0171ib\u0151l \u00e1ll\u00f3 r\u00f6vid\u00edt\u00e9s, magyarul f\u00e9rfiak, akik f\u00e9rfiakkal \u00e9lnek nemi \u00e9letet. \u00c1ltal\u00e1ban &hellip;<\/p>\n","protected":false},"author":101265,"featured_media":0,"parent":3596,"menu_order":2,"comment_status":"closed","ping_status":"closed","template":"","meta":{"_acf_changed":false,"footnotes":""},"categories":[],"tags":[],"class_list":["post-15","page","type-page","status-publish","hentry"],"acf":[],"_links":{"self":[{"href":"https:\/\/semmelweis.hu\/biztonsagosszex\/wp-json\/wp\/v2\/pages\/15","targetHints":{"allow":["GET"]}}],"collection":[{"href":"https:\/\/semmelweis.hu\/biztonsagosszex\/wp-json\/wp\/v2\/pages"}],"about":[{"href":"https:\/\/semmelweis.hu\/biztonsagosszex\/wp-json\/wp\/v2\/types\/page"}],"author":[{"embeddable":true,"href":"https:\/\/semmelweis.hu\/biztonsagosszex\/wp-json\/wp\/v2\/users\/101265"}],"replies":[{"embeddable":true,"href":"https:\/\/semmelweis.hu\/biztonsagosszex\/wp-json\/wp\/v2\/comments?post=15"}],"version-history":[{"count":3,"href":"https:\/\/semmelweis.hu\/biztonsagosszex\/wp-json\/wp\/v2\/pages\/15\/revisions"}],"predecessor-version":[{"id":3503,"href":"https:\/\/semmelweis.hu\/biztonsagosszex\/wp-json\/wp\/v2\/pages\/15\/revisions\/3503"}],"up":[{"embeddable":true,"href":"https:\/\/semmelweis.hu\/biztonsagosszex\/wp-json\/wp\/v2\/pages\/3596"}],"wp:attachment":[{"href":"https:\/\/semmelweis.hu\/biztonsagosszex\/wp-json\/wp\/v2\/media?parent=15"}],"wp:term":[{"taxonomy":"category","embeddable":true,"href":"https:\/\/semmelweis.hu\/biztonsagosszex\/wp-json\/wp\/v2\/categories?post=15"},{"taxonomy":"post_tag","embeddable":true,"href":"https:\/\/semmelweis.hu\/biztonsagosszex\/wp-json\/wp\/v2\/tags?post=15"}],"curies":[{"name":"wp","href":"https:\/\/api.w.org\/{rel}","templated":true}]}}