{"id":14,"date":"2018-11-28T00:00:00","date_gmt":"2018-11-27T23:00:00","guid":{"rendered":"http:\/\/semmelweis.hu\/biztonsagosszex\/nemibetegsegek\/"},"modified":"2018-12-12T16:06:20","modified_gmt":"2018-12-12T15:06:20","slug":"nemibetegsegek","status":"publish","type":"page","link":"https:\/\/semmelweis.hu\/biztonsagosszex\/altalanos-tudnivalok\/nemibetegsegek\/","title":{"rendered":"Nemi betegs\u00e9gek"},"content":{"rendered":"<p><strong>Nemibeteg gondoz\u00e1s<\/strong><br \/>\nA nemibeteg gondoz\u00e1s, eg\u00e9szs\u00e9gi \u00e1rtalmakat megel\u0151z\u0151 \u00e9s elh\u00e1r\u00edt\u00f3, az \u00e9letk\u00f6r\u00fclm\u00e9ny megjav\u00edt\u00e1s\u00e1ra ir\u00e1nyul\u00f3 szervezett t\u00e1rsadalmi tev\u00e9kenys\u00e9g, amelynek c\u00e9lja a nemi betegek fert\u0151z\u0151 forr\u00e1sainak \u00e9s megbeteg\u00edtett kontaktusainak \u2026 <strong><a href=\"https:\/\/semmelweis.hu\/biztonsagosszex\/altalanos-tudnivalok\/nemibetegsegek\/nemibeteg-gondozas\/\">b\u0151vebben\u2026 \u2192<\/a><\/strong><\/p>\n<p><strong>Ritka nemi betegs\u00e9gek<\/strong><br \/>\nEzek a betegs\u00e9geket m\u00e9g nem \u00e9szlelt\u00e9k Magyarorsz\u00e1gon. \u00c1ltal\u00e1ban a tr\u00f3pusokon, szubtr\u00f3pusokon elterjedtek, \u00e9s Eur\u00f3p\u00e1ba csak egy-egy elsz\u00f3rt esetet \u00e9szleltek, \u00e1ltal\u00e1ban olyan turist\u00e1kon, akik az el\u0151bb \u2026 <strong><a href=\"https:\/\/semmelweis.hu\/biztonsagosszex\/altalanos-tudnivalok\/nemibetegsegek\/ritka-nemi-betegsegek\/\">b\u0151vebben\u2026 \u2192<\/a><\/strong><\/p>\n<p><strong>Hepatitis \u2013 fert\u0151z\u0151 m\u00e1jgyullad\u00e1s<\/strong><br \/>\nA m\u00e1jgyullad\u00e1s k\u00f3rokoz\u00f3i v\u00edrusok, amelyek k\u00f6z\u00fcl a B \u00e9s a C t\u00edpus tud fert\u0151zni szexu\u00e1lis \u00faton, m\u00edg a t\u00f6bbi ink\u00e1bb szennyezett \u00e9lelmiszerrel terjed. A hepatitis \u2026 <strong><a href=\"https:\/\/semmelweis.hu\/biztonsagosszex\/altalanos-tudnivalok\/nemibetegsegek\/hepatitis-fertozo-majgyulladas\/\">b\u0151vebben\u2026 \u2192<\/a><\/strong><\/p>\n<p><strong>R\u00fchess\u00e9g<\/strong><br \/>\nA r\u00fch k\u00f3rokoz\u00f3ja egy b\u0151r\u00f6n \u00e9l\u0151sk\u00f6d\u0151 parazita, a r\u00fchatka \/Acarus, vagy Sarcoptes scabiei\/. A betegs\u00e9g nem tartozik a kiz\u00e1r\u00f3lag nemi \u00faton terjed\u0151 betegs\u00e9gek k\u00f6z\u00e9, de \u2026 <strong><a href=\"https:\/\/semmelweis.hu\/biztonsagosszex\/altalanos-tudnivalok\/nemibetegsegek\/ruhesseg\/\">b\u0151vebben\u2026 \u2192<\/a><\/strong><\/p>\n<p><strong>Tetvess\u00e9g<\/strong><br \/>\nA tetvek kiz\u00e1r\u00f3lag az eml\u0151s\u00f6k \u00e9l\u0151sk\u00f6d\u0151i. A terjed\u00e9s\u00fckh\u00f6z szoros testi \u00e9rintkez\u00e9s sz\u00fcks\u00e9ges, \u00e9s mivel a szex az, ez\u00e9rt ak\u00e1r a nemi \u00faton terjed\u0151 fert\u0151z\u00e9sekhez is \u2026 <strong><a href=\"https:\/\/semmelweis.hu\/biztonsagosszex\/altalanos-tudnivalok\/nemibetegsegek\/tetvesseg\/\">b\u0151vebben\u2026 \u2192<\/a><\/strong><\/p>\n<p><strong>Bakteri\u00e1lis vaginosis<\/strong><br \/>\nA betegs\u00e9g latin neve azt jelzi, hogy olyan h\u00fcvelyben (vagina) jelentkez\u0151 \u2013 teh\u00e1t l\u00e1nyokat \u00e9rint\u0151 \u2013 betegs\u00e9g, melyet t\u00f6bb k\u00f3rokoz\u00f3 (bakt\u00e9rium) egy\u00fcttes jelenl\u00e9te okoz. A \u2026 <strong><a href=\"https:\/\/semmelweis.hu\/biztonsagosszex\/altalanos-tudnivalok\/nemibetegsegek\/bakterialis-vaginosis\/\">b\u0151vebben\u2026 \u2192<\/a><\/strong><\/p>\n<p><strong>Gomb\u00e1s fert\u0151z\u00e9s<\/strong><br \/>\nA rekl\u00e1mokb\u00f3l is j\u00f3l ismert h\u00fcvelygomba gyakori megbeteged\u00e9s, f\u0151leg a m\u00e1r szexu\u00e1lis \u00e9letet \u00e9l\u0151 n\u0151k k\u00f6r\u00e9ben, de kor\u00e1ntsem a megcsal\u00e1s, vagy megcsalat\u00e1s jele! Sarjadz\u00f3gomb\u00e1k gyakran \u2026 <strong><a href=\"https:\/\/semmelweis.hu\/biztonsagosszex\/altalanos-tudnivalok\/nemibetegsegek\/gombas-fertozes\/\">b\u0151vebben\u2026 \u2192<\/a><\/strong><\/p>\n<p><strong>Herpes genitalis (nemi herpesz)<\/strong><br \/>\nA nemi herpeszt a Herpes simplex v\u00edrus 1-es \u00e9s 2-es t\u00edpusa okozza. A betegs\u00e9g h\u00fcvelyi, an\u00e1lis \u00e9s or\u00e1lis k\u00f6z\u00f6s\u00fcl\u00e9s \u00fatj\u00e1n terjed, illetve terhess\u00e9g \u00e9s sz\u00fcl\u00e9s \u2026 <strong><a href=\"https:\/\/semmelweis.hu\/biztonsagosszex\/altalanos-tudnivalok\/nemibetegsegek\/herpes-genitalis-nemi-herpesz\/\">b\u0151vebben\u2026 \u2192<\/a><\/strong><\/p>\n<p><strong>HPV: a m\u00e9hnyakr\u00e1k, \u00e9s a hegyes f\u00fcgg\u00f6ly a nemi szerveken<\/strong><br \/>\nA hum\u00e1n papill\u00f3mav\u00edrusr\u00f3l (HPV) m\u00e1r 40 \u00e9ve bebizonyosodott, hogy a m\u00e9hnyakr\u00e1k legf\u0151bb oka. Ez az\u00e9rt is fontos, mert a HPV v\u00edrus nemi \u00faton terjed\u0151 k\u00f3rokoz\u00f3! \u2026 <strong><a href=\"https:\/\/semmelweis.hu\/biztonsagosszex\/altalanos-tudnivalok\/nemibetegsegek\/hpv-a-mehnyakrak-es-a-hegyes-fuggoly-a-nemi-szerveken\/\">b\u0151vebben\u2026 \u2192<\/a><\/strong><\/p>\n<p><strong>Trichomoniasis<\/strong><br \/>\nEnnek a betegs\u00e9gnek a neve a k\u00f3rokoz\u00f3 latin nev\u00e9b\u0151l ered (Trichomonas vaginalis). Ez egy parazita, teh\u00e1t \u00e9l\u0151sk\u00f6d\u0151, mely a h\u00fcvelyben \u201eletelepedhet\u201d, \u00edgy f\u0151leg a l\u00e1nyoknak \u2026 <strong><a href=\"https:\/\/semmelweis.hu\/biztonsagosszex\/altalanos-tudnivalok\/nemibetegsegek\/trichomoniasis\/\">b\u0151vebben\u2026 \u2192<\/a><\/strong><\/p>\n<p><strong>Ureaplasma \u00e9s Mycoplasma fert\u0151z\u00e9sek<\/strong><br \/>\nA nem Gonorrhoea \u00e9s nem Chlamydia okozta nemi fert\u0151z\u00e9sek h\u00e1tter\u00e9ben a Mycoplasma hominis, Mycoplasma genitalium \u00e9s Ureaplasma urealyticum nev\u0171 bakt\u00e9riumok \u00e1llhatnak. Hasonl\u00f3an a Chlamydia okozta \u2026 <strong><a href=\"https:\/\/semmelweis.hu\/biztonsagosszex\/altalanos-tudnivalok\/nemibetegsegek\/ureaplasma-es-mycoplasma-fertozesek\/\">b\u0151vebben\u2026 \u2192<\/a><\/strong><\/p>\n<p><strong>Chlamydia trachomatis fert\u0151z\u00e9s<\/strong><br \/>\nA Chlamydia fert\u0151z\u00e9s napjaink egyik leggyakoribb nemi \u00faton terjed\u0151 betegs\u00e9ge, a szexu\u00e1lisan legakt\u00edvabb 17-25 \u00e9ves koroszt\u00e1lyt \u00e9rinti a legnagyobb ar\u00e1nyban. A fert\u0151z\u00e9s gyors terjed\u00e9s\u00e9nek egyik \u2026 <strong><a href=\"https:\/\/semmelweis.hu\/biztonsagosszex\/altalanos-tudnivalok\/nemibetegsegek\/chlamydia-trachomatis-fertozes\/\">b\u0151vebben\u2026 \u2192<\/a><\/strong><\/p>\n<p><strong>Gonorrhoea \u2013 kank\u00f3 vagy tripper<\/strong><br \/>\nR\u00e9gi mond\u00e1s, m\u00e9g nagyap\u00e1ink idej\u00e9b\u0151l: \u201eTripper, kank\u00f3, minden frank\u00f3!\u201d Vagy tal\u00e1n m\u00e9gsem? Mi is az a tripper? Nemi betegs\u00e9g, ami m\u00e1r a \u2013 kapaszkodj meg \u2026 <strong><a href=\"https:\/\/semmelweis.hu\/biztonsagosszex\/altalanos-tudnivalok\/nemibetegsegek\/gonorrhoea-kanko-vagy-tripper\/\">b\u0151vebben\u2026 \u2192<\/a><\/strong><\/p>\n<p><strong>HIV fert\u0151z\u00e9s<\/strong><br \/>\nA HIV v\u00edrus a nev\u00e9t az \u00e1ltala okozott t\u00fcnet egy\u00fcttesr\u0151l kapta: az immunrendszer gyeng\u00edt\u00e9s\u00e9vel t\u00e1madja meg az emberi szervezetet, sz\u00f3 szerinti jelent\u00e9se hum\u00e1n (emberi) immundeficiens \u2026 <strong><a href=\"https:\/\/semmelweis.hu\/biztonsagosszex\/altalanos-tudnivalok\/nemibetegsegek\/hiv-fertozes\/\">b\u0151vebben\u2026 \u2192<\/a><\/strong><\/p>\n<p><strong>Szifilisz<\/strong><br \/>\nEgy bakt\u00e9rium, a Treponema pallidum \u00e1ltal okozott klasszikus nemi betegs\u00e9g. Nagyon sokf\u00e9le betegs\u00e9get ut\u00e1nozhat, ez\u00e9rt nevezik a betegs\u00e9gek majm\u00e1nak! Jellemz\u0151en r\u00f6vid t\u00fcnetes \u00e9s hossz\u00fa ideig \u2026 <strong><a href=\"https:\/\/semmelweis.hu\/biztonsagosszex\/altalanos-tudnivalok\/nemibetegsegek\/szifilisz\/\">b\u0151vebben\u2026 \u2192<\/a><\/strong><\/p>\n","protected":false},"excerpt":{"rendered":"<p>Nemibeteg gondoz\u00e1s A nemibeteg gondoz\u00e1s, eg\u00e9szs\u00e9gi \u00e1rtalmakat megel\u0151z\u0151 \u00e9s elh\u00e1r\u00edt\u00f3, az \u00e9letk\u00f6r\u00fclm\u00e9ny megjav\u00edt\u00e1s\u00e1ra ir\u00e1nyul\u00f3 szervezett t\u00e1rsadalmi tev\u00e9kenys\u00e9g, amelynek c\u00e9lja a nemi betegek fert\u0151z\u0151 forr\u00e1sainak \u00e9s megbeteg\u00edtett kontaktusainak \u2026 <a href=\"https:\/\/semmelweis.hu\/biztonsagosszex\/altalanos-tudnivalok\/nemibetegsegek\/nemibeteg-gondozas\/\">b\u0151vebben\u2026 \u2192<\/a> Ritka nemi betegs\u00e9gek Ezek a betegs\u00e9geket m\u00e9g nem \u00e9szlelt\u00e9k Magyarorsz\u00e1gon. \u00c1ltal\u00e1ban a tr\u00f3pusokon, szubtr\u00f3pusokon elterjedtek, \u00e9s Eur\u00f3p\u00e1ba csak egy-egy elsz\u00f3rt esetet \u00e9szleltek, \u00e1ltal\u00e1ban olyan turist\u00e1kon, akik az &hellip;<\/p>\n","protected":false},"author":101265,"featured_media":0,"parent":2006,"menu_order":3,"comment_status":"closed","ping_status":"closed","template":"","meta":{"_acf_changed":false,"footnotes":""},"categories":[],"tags":[],"class_list":["post-14","page","type-page","status-publish","hentry"],"acf":[],"_links":{"self":[{"href":"https:\/\/semmelweis.hu\/biztonsagosszex\/wp-json\/wp\/v2\/pages\/14","targetHints":{"allow":["GET"]}}],"collection":[{"href":"https:\/\/semmelweis.hu\/biztonsagosszex\/wp-json\/wp\/v2\/pages"}],"about":[{"href":"https:\/\/semmelweis.hu\/biztonsagosszex\/wp-json\/wp\/v2\/types\/page"}],"author":[{"embeddable":true,"href":"https:\/\/semmelweis.hu\/biztonsagosszex\/wp-json\/wp\/v2\/users\/101265"}],"replies":[{"embeddable":true,"href":"https:\/\/semmelweis.hu\/biztonsagosszex\/wp-json\/wp\/v2\/comments?post=14"}],"version-history":[{"count":10,"href":"https:\/\/semmelweis.hu\/biztonsagosszex\/wp-json\/wp\/v2\/pages\/14\/revisions"}],"predecessor-version":[{"id":3200,"href":"https:\/\/semmelweis.hu\/biztonsagosszex\/wp-json\/wp\/v2\/pages\/14\/revisions\/3200"}],"up":[{"embeddable":true,"href":"https:\/\/semmelweis.hu\/biztonsagosszex\/wp-json\/wp\/v2\/pages\/2006"}],"wp:attachment":[{"href":"https:\/\/semmelweis.hu\/biztonsagosszex\/wp-json\/wp\/v2\/media?parent=14"}],"wp:term":[{"taxonomy":"category","embeddable":true,"href":"https:\/\/semmelweis.hu\/biztonsagosszex\/wp-json\/wp\/v2\/categories?post=14"},{"taxonomy":"post_tag","embeddable":true,"href":"https:\/\/semmelweis.hu\/biztonsagosszex\/wp-json\/wp\/v2\/tags?post=14"}],"curies":[{"name":"wp","href":"https:\/\/api.w.org\/{rel}","templated":true}]}}