{"id":11,"date":"2018-11-28T00:00:00","date_gmt":"2018-11-27T23:00:00","guid":{"rendered":"http:\/\/semmelweis.hu\/biztonsagosszex\/uzenetkuldo\/"},"modified":"2019-05-15T16:15:08","modified_gmt":"2019-05-15T14:15:08","slug":"partner-ertesites","status":"publish","type":"page","link":"https:\/\/semmelweis.hu\/biztonsagosszex\/partner-ertesites\/","title":{"rendered":"Partner \u00e9rtes\u00edt\u00e9s"},"content":{"rendered":"<p><strong><em>A szolg\u00e1ltat\u00e1s csak az Orsz\u00e1gos STD Centrum p\u00e1ciensei sz\u00e1m\u00e1ra el\u00e9rhet\u0151!<\/em><\/strong><\/p>\n<p>Felh\u00edvjuk figyelmed, hogy a bel\u00e9p\u00e9s egy el\u0151re gener\u00e1lt, egyszer felhaszn\u00e1lhat\u00f3 jelsz\u00f3val lehets\u00e9ges, melyet az Orsz\u00e1gos STD Centrumban kaphatsz k\u00e9zhez kezel\u0151orvosodt\u00f3l vagy gondoz\u00f3n\u0151dt\u0151l, miut\u00e1n nemi \u00faton terjed\u0151 fert\u0151z\u00e9ssel (szifilisz, gonorrhoea\/tripper, LGV) diagnosztiz\u00e1ltunk.<\/p>\n<p>A bel\u00e9p\u00e9st k\u00f6vet\u0151en titkos\u00edtott oldalra ker\u00fclsz, ahol kiv\u00e1lasztod a fert\u0151z\u00e9st, ami miatt kezel\u00fcnk, majd megadod kor\u00e1bbi szexu\u00e1lis partnere(i)d mobiltelefonsz\u00e1m\u00e1t (egy bel\u00e9p\u00e9ssel maximum h\u00e1rmat). A megadott sz\u00e1m(ok)ra rendszer\u00fcnk egy automatikus, el\u0151re gener\u00e1lt (de \u00e1ltalad max. 160 karakterig m\u00f3dos\u00edthat\u00f3), anonim sms \u00fczenetet k\u00fcld, amelyben felh\u00edvjuk partnered figyelm\u00e9t a sz\u00f3ban forg\u00f3 fert\u0151z\u00e9s lehet\u0151s\u00e9g\u00e9re \u00e9s a kezel\u00e9s fontoss\u00e1g\u00e1ra. Az \u00fczenetet kap\u00f3 f\u00e9l az sms bemutat\u00e1s\u00e1val jelentkezhet n\u00e1lunk ell\u00e1t\u00e1sra.<\/p>\n<p><em>A jelsz\u00f3t \u00e9s a k\u00fcld\u00f6tt \u00fczeneteket sem a rendszer, sem a szerver\u00fcnk nem t\u00e1rolja, a felad\u00f3 f\u00e9l nem visszakereshet\u0151, \u00edgy biztos\u00edtunk sz\u00e1modra 100%-os anonimit\u00e1st \u00e9s diszkr\u00e9ci\u00f3t. A szolg\u00e1ltat\u00e1s technikai h\u00e1tter\u00e9t a Semmelweis Egyetem Informatikai Igazgat\u00f3s\u00e1ga biztos\u00edtja.<br \/>\n<\/em><\/p>\n","protected":false},"excerpt":{"rendered":"<p>A szolg\u00e1ltat\u00e1s csak az Orsz\u00e1gos STD Centrum p\u00e1ciensei sz\u00e1m\u00e1ra el\u00e9rhet\u0151! Felh\u00edvjuk figyelmed, hogy a bel\u00e9p\u00e9s egy el\u0151re gener\u00e1lt, egyszer felhaszn\u00e1lhat\u00f3 jelsz\u00f3val lehets\u00e9ges, melyet az Orsz\u00e1gos STD Centrumban kaphatsz k\u00e9zhez kezel\u0151orvosodt\u00f3l vagy gondoz\u00f3n\u0151dt\u0151l, miut\u00e1n nemi \u00faton terjed\u0151 fert\u0151z\u00e9ssel (szifilisz, gonorrhoea\/tripper, LGV) diagnosztiz\u00e1ltunk. A bel\u00e9p\u00e9st k\u00f6vet\u0151en titkos\u00edtott oldalra ker\u00fclsz, ahol kiv\u00e1lasztod a fert\u0151z\u00e9st, ami miatt kezel\u00fcnk, majd &hellip;<\/p>\n","protected":false},"author":101265,"featured_media":0,"parent":0,"menu_order":5,"comment_status":"closed","ping_status":"closed","template":"","meta":{"_acf_changed":false,"footnotes":""},"categories":[],"tags":[],"class_list":["post-11","page","type-page","status-publish","hentry"],"acf":[],"_links":{"self":[{"href":"https:\/\/semmelweis.hu\/biztonsagosszex\/wp-json\/wp\/v2\/pages\/11","targetHints":{"allow":["GET"]}}],"collection":[{"href":"https:\/\/semmelweis.hu\/biztonsagosszex\/wp-json\/wp\/v2\/pages"}],"about":[{"href":"https:\/\/semmelweis.hu\/biztonsagosszex\/wp-json\/wp\/v2\/types\/page"}],"author":[{"embeddable":true,"href":"https:\/\/semmelweis.hu\/biztonsagosszex\/wp-json\/wp\/v2\/users\/101265"}],"replies":[{"embeddable":true,"href":"https:\/\/semmelweis.hu\/biztonsagosszex\/wp-json\/wp\/v2\/comments?post=11"}],"version-history":[{"count":10,"href":"https:\/\/semmelweis.hu\/biztonsagosszex\/wp-json\/wp\/v2\/pages\/11\/revisions"}],"predecessor-version":[{"id":3649,"href":"https:\/\/semmelweis.hu\/biztonsagosszex\/wp-json\/wp\/v2\/pages\/11\/revisions\/3649"}],"wp:attachment":[{"href":"https:\/\/semmelweis.hu\/biztonsagosszex\/wp-json\/wp\/v2\/media?parent=11"}],"wp:term":[{"taxonomy":"category","embeddable":true,"href":"https:\/\/semmelweis.hu\/biztonsagosszex\/wp-json\/wp\/v2\/categories?post=11"},{"taxonomy":"post_tag","embeddable":true,"href":"https:\/\/semmelweis.hu\/biztonsagosszex\/wp-json\/wp\/v2\/tags?post=11"}],"curies":[{"name":"wp","href":"https:\/\/api.w.org\/{rel}","templated":true}]}}