{"id":10,"date":"2018-11-28T00:00:00","date_gmt":"2018-11-27T23:00:00","guid":{"rendered":"http:\/\/semmelweis.hu\/biztonsagosszex\/biztonsagosszex-hu\/"},"modified":"2019-05-16T14:41:41","modified_gmt":"2019-05-16T12:41:41","slug":"bemutatkozas","status":"publish","type":"page","link":"https:\/\/semmelweis.hu\/biztonsagosszex\/bemutatkozas\/","title":{"rendered":"Bemutatkoz\u00e1s"},"content":{"rendered":"<p>A biztonsagosszex.hu honlapot a Semmelweis Egyetem B\u0151rklinik\u00e1n m\u0171k\u00f6d\u0151 Orsz\u00e1gos STD Centrum munkat\u00e1rsai hozt\u00e1k l\u00e9tre. Ez gyakorlatilag az orsz\u00e1g nemibeteg-ambulanci\u00e1ja, ahol \u00e9vente k\u00f6zel 10 000 ember megfordul, \u00e9s az \u00f6sszes nemi \u00faton terjed\u0151 fert\u0151z\u00e9s negyed\u00e9t-harmad\u00e1t is itt diagnosztiz\u00e1ljuk orsz\u00e1gosan.<\/p>\n<p>A centrum munkat\u00e1rsai elk\u00f6telezettek az \u00edt\u00e9lkez\u00e9smentes, empatikus, nyitott hozz\u00e1\u00e1ll\u00e1s\u00fa betegell\u00e1t\u00e1sban, valamint valljuk azt, hogy a nemi \u00faton terjed\u0151 fert\u0151z\u00e9sek megel\u0151z\u00e9se t\u00f6bbr\u0151l sz\u00f3l, mint az \u00f3vszerhaszn\u00e1lat \u00e9s a monog\u00e1mia sulykol\u00e1sa, \u00e9s a fellengz\u0151s pr\u00e9dik\u00e1l\u00e1s \u00e9s kioktat\u00e1s.<\/p>\n<p>Honlapunkon igyeksz\u00fcnk min\u00e9l t\u00f6bb inform\u00e1ci\u00f3t \u00f6sszegy\u0171jteni a szexu\u00e1lis \u00faton terjed\u0151 fert\u0151z\u00e9sek megel\u0151z\u00e9s\u00e9hez, valamint a sz\u0171r\u0151vizsg\u00e1latokr\u00f3l \u00e9s a kezel\u00e9sekr\u0151l is. Az orsz\u00e1gban egyed\u00fcl\u00e1ll\u00f3 partner \u00e9rtes\u00edt\u0151-szolg\u00e1ltat\u00e1sunkkal pedig a n\u00e1lunk diagnosztiz\u00e1lt betegek tudj\u00e1k kor\u00e1bbi szexu\u00e1lis partnereiket ak\u00e1r anonim m\u00f3don, sms-ben \u00e9rtes\u00edteni, hogy javasolt sz\u0171r\u00e9sre jelentkezni\u00fck.<\/p>\n","protected":false},"excerpt":{"rendered":"<p>A biztonsagosszex.hu honlapot a Semmelweis Egyetem B\u0151rklinik\u00e1n m\u0171k\u00f6d\u0151 Orsz\u00e1gos STD Centrum munkat\u00e1rsai hozt\u00e1k l\u00e9tre. Ez gyakorlatilag az orsz\u00e1g nemibeteg-ambulanci\u00e1ja, ahol \u00e9vente k\u00f6zel 10 000 ember megfordul, \u00e9s az \u00f6sszes nemi \u00faton terjed\u0151 fert\u0151z\u00e9s negyed\u00e9t-harmad\u00e1t is itt diagnosztiz\u00e1ljuk orsz\u00e1gosan.<\/p>\n<p>A centrum munkat\u00e1rsai elk\u00f6telezettek az \u00edt\u00e9lkez\u00e9smentes, empatikus, nyitott hozz\u00e1\u00e1ll\u00e1s\u00fa betegell\u00e1t\u00e1sban, valamint valljuk azt, hogy a nemi \u00faton terjed\u0151 fert\u0151z\u00e9sek megel\u0151z\u00e9se t\u00f6bbr\u0151l sz\u00f3l, mint az \u00f3vszerhaszn\u00e1lat \u00e9s a monog\u00e1mia sulykol\u00e1sa, \u00e9s a fellengz\u0151s pr\u00e9dik\u00e1l\u00e1s \u00e9s kioktat\u00e1s.<\/p>\n","protected":false},"author":101265,"featured_media":3650,"parent":0,"menu_order":1,"comment_status":"closed","ping_status":"closed","template":"","meta":{"_acf_changed":false,"footnotes":""},"categories":[],"tags":[],"class_list":["post-10","page","type-page","status-publish","has-post-thumbnail","hentry"],"acf":[],"_links":{"self":[{"href":"https:\/\/semmelweis.hu\/biztonsagosszex\/wp-json\/wp\/v2\/pages\/10","targetHints":{"allow":["GET"]}}],"collection":[{"href":"https:\/\/semmelweis.hu\/biztonsagosszex\/wp-json\/wp\/v2\/pages"}],"about":[{"href":"https:\/\/semmelweis.hu\/biztonsagosszex\/wp-json\/wp\/v2\/types\/page"}],"author":[{"embeddable":true,"href":"https:\/\/semmelweis.hu\/biztonsagosszex\/wp-json\/wp\/v2\/users\/101265"}],"replies":[{"embeddable":true,"href":"https:\/\/semmelweis.hu\/biztonsagosszex\/wp-json\/wp\/v2\/comments?post=10"}],"version-history":[{"count":10,"href":"https:\/\/semmelweis.hu\/biztonsagosszex\/wp-json\/wp\/v2\/pages\/10\/revisions"}],"predecessor-version":[{"id":3652,"href":"https:\/\/semmelweis.hu\/biztonsagosszex\/wp-json\/wp\/v2\/pages\/10\/revisions\/3652"}],"wp:featuredmedia":[{"embeddable":true,"href":"https:\/\/semmelweis.hu\/biztonsagosszex\/wp-json\/wp\/v2\/media\/3650"}],"wp:attachment":[{"href":"https:\/\/semmelweis.hu\/biztonsagosszex\/wp-json\/wp\/v2\/media?parent=10"}],"wp:term":[{"taxonomy":"category","embeddable":true,"href":"https:\/\/semmelweis.hu\/biztonsagosszex\/wp-json\/wp\/v2\/categories?post=10"},{"taxonomy":"post_tag","embeddable":true,"href":"https:\/\/semmelweis.hu\/biztonsagosszex\/wp-json\/wp\/v2\/tags?post=10"}],"curies":[{"name":"wp","href":"https:\/\/api.w.org\/{rel}","templated":true}]}}