{"id":899,"date":"2016-01-21T07:29:49","date_gmt":"2016-01-21T06:29:49","guid":{"rendered":"http:\/\/semmelweis.hu\/biztonsag\/?page_id=899"},"modified":"2019-01-30T15:55:57","modified_gmt":"2019-01-30T14:55:57","slug":"e-learning","status":"publish","type":"page","link":"https:\/\/semmelweis.hu\/biztonsag\/tajekoztatok\/e-learning\/","title":{"rendered":"E-learning"},"content":{"rendered":"<p><a href=\"https:\/\/semmelweis.hu\/biztonsag\/files\/2017\/06\/E_learning_taj\u00e9koztat\u00f3_new.pdf\">T\u00e1j\u00e9koztat\u00f3 az \u00faj bel\u00e9p\u0151 dolgoz\u00f3k k\u00f6telez\u0151 biztons\u00e1gtechnikai oktat\u00e1s\u00e1r\u00f3l<\/a><\/p>\n<p><a href=\"http:\/\/itc.semmelweis.hu\/moodle\/\" target=\"_blank\" rel=\"noopener noreferrer\">A Semmelweis Egyetem e-learning rendszere<\/a><\/p>\n<p>&nbsp;<\/p>\n","protected":false},"excerpt":{"rendered":"<p><a href=\"https:\/\/semmelweis.hu\/biztonsag\/files\/2017\/06\/E_learning_taj\u00e9koztat\u00f3_new.pdf\">T\u00e1j\u00e9koztat\u00f3 az \u00faj bel\u00e9p\u0151 dolgoz\u00f3k k\u00f6telez\u0151 biztons\u00e1gtechnikai oktat\u00e1s\u00e1r\u00f3l<\/a><br \/>\n<a href=\"http:\/\/itc.semmelweis.hu\/moodle\/\" target=\"_blank\" rel=\"noopener noreferrer\">A Semmelweis Egyetem e-learning rendszere<\/a><br \/>\n&nbsp;<\/p>\n","protected":false},"author":288,"featured_media":0,"parent":32,"menu_order":4,"comment_status":"closed","ping_status":"closed","template":"","meta":{"_acf_changed":false,"footnotes":""},"categories":[],"tags":[],"class_list":["post-899","page","type-page","status-publish","hentry"],"acf":[],"_links":{"self":[{"href":"https:\/\/semmelweis.hu\/biztonsag\/wp-json\/wp\/v2\/pages\/899","targetHints":{"allow":["GET"]}}],"collection":[{"href":"https:\/\/semmelweis.hu\/biztonsag\/wp-json\/wp\/v2\/pages"}],"about":[{"href":"https:\/\/semmelweis.hu\/biztonsag\/wp-json\/wp\/v2\/types\/page"}],"author":[{"embeddable":true,"href":"https:\/\/semmelweis.hu\/biztonsag\/wp-json\/wp\/v2\/users\/288"}],"replies":[{"embeddable":true,"href":"https:\/\/semmelweis.hu\/biztonsag\/wp-json\/wp\/v2\/comments?post=899"}],"version-history":[{"count":8,"href":"https:\/\/semmelweis.hu\/biztonsag\/wp-json\/wp\/v2\/pages\/899\/revisions"}],"predecessor-version":[{"id":1066,"href":"https:\/\/semmelweis.hu\/biztonsag\/wp-json\/wp\/v2\/pages\/899\/revisions\/1066"}],"up":[{"embeddable":true,"href":"https:\/\/semmelweis.hu\/biztonsag\/wp-json\/wp\/v2\/pages\/32"}],"wp:attachment":[{"href":"https:\/\/semmelweis.hu\/biztonsag\/wp-json\/wp\/v2\/media?parent=899"}],"wp:term":[{"taxonomy":"category","embeddable":true,"href":"https:\/\/semmelweis.hu\/biztonsag\/wp-json\/wp\/v2\/categories?post=899"},{"taxonomy":"post_tag","embeddable":true,"href":"https:\/\/semmelweis.hu\/biztonsag\/wp-json\/wp\/v2\/tags?post=899"}],"curies":[{"name":"wp","href":"https:\/\/api.w.org\/{rel}","templated":true}]}}