{"id":754,"date":"2015-07-25T22:36:32","date_gmt":"2015-07-25T20:36:32","guid":{"rendered":"http:\/\/semmelweis.hu\/biztonsag\/?page_id=754"},"modified":"2019-01-30T15:55:35","modified_gmt":"2019-01-30T14:55:35","slug":"adr-kisokos","status":"publish","type":"page","link":"https:\/\/semmelweis.hu\/biztonsag\/tajekoztatok\/adr-kisokos\/","title":{"rendered":"ADR Kisokos"},"content":{"rendered":"<p>A vesz\u00e9lyes \u00e1ruk sz\u00e1ll\u00edt\u00e1s\u00e1b\u00f3l ered\u0151 vesz\u00e9lyek, kock\u00e1zatok cs\u00f6kkent\u00e9se \u00e9rdek\u00e9ben az Eur\u00f3pa Uni\u00f3 l\u00e9trehozta az ADR nemzetk\u00f6zi meg\u00e1llapod\u00e1st (&#8222;Accord europ\u00e9en relatif au transport international des marchandieses Dangereuses par Route&#8221;, azaz \u201eA vesz\u00e9lyes \u00e1ruk nemzetk\u00f6zi k\u00f6z\u00fati sz\u00e1ll\u00edt\u00e1s\u00e1r\u00f3l sz\u00f3l\u00f3 eur\u00f3pai meg\u00e1llapod\u00e1s\u201d), melyhez Magyarorsz\u00e1g is csatlakozott. Az ADR szab\u00e1lyai nem csak a vesz\u00e9lyes anyagokra, hanem azok haszn\u00e1lat\u00e1b\u00f3l sz\u00e1rmaz\u00f3 hullad\u00e9kokra (azok csomagol\u00e1s\u00e1ra, ideiglenes rakt\u00e1roz\u00e1s\u00e1ra, sz\u00e1ll\u00edt\u00e1s\u00e1ra) is vonatkozik. Enn\u00e9l fogva az ADR szab\u00e1lyoz\u00e1si rendszer a Semmelweis Egyetem mindazon szervezeti egys\u00e9geire is kiterjed, ahol vesz\u00e9lyes hullad\u00e9kok keletkeznek.<br \/>\nA szervezeti egys\u00e9gek munkav\u00e1llal\u00f3inak \u00e9ves ADR oktat\u00e1s\u00e1t kieg\u00e9sz\u00edtve elk\u00e9sz\u00fclt az Egyetem ADR Kisokosa, mely seg\u00edts\u00e9get ny\u00fajt a szervezeti egys\u00e9gek k\u00f6rnyezetv\u00e9delmi megb\u00edzottjainak, tov\u00e1bb\u00e1 az \u00e9rintett alkalmazottaknak a vesz\u00e9lyes hullad\u00e9kok sz\u00e1ll\u00edt\u00e1sra t\u00f6rt\u00e9n\u0151 el\u0151k\u00e9sz\u00edt\u00e9si munk\u00e1lataiban.<br \/>\nAz ADR Kisokos \u00e9s a t\u00e1j\u00e9koztat\u00f3 az al\u00e1bbi linkekr\u0151l t\u00f6lthet\u0151 le:<\/p>\n<p><a href=\"https:\/\/semmelweis.hu\/biztonsag\/files\/2015\/07\/Semmelweis-Egyetem-ADR-Kisokosa-2015-1.2.-verzi\u00f3.pdf\">ADR Kisokos<\/a><\/p>\n<p><a href=\"https:\/\/semmelweis.hu\/biztonsag\/files\/2015\/07\/ADR-kisokos-t\u00e1j\u00e9koztat\u00f3.pdf\">ADR K\u00f6rlev\u00e9l<\/a><\/p>\n","protected":false},"excerpt":{"rendered":"<p>A vesz\u00e9lyes \u00e1ruk sz\u00e1ll\u00edt\u00e1s\u00e1b\u00f3l ered\u0151 vesz\u00e9lyek, kock\u00e1zatok cs\u00f6kkent\u00e9se \u00e9rdek\u00e9ben az Eur\u00f3pa Uni\u00f3 l\u00e9trehozta az ADR nemzetk\u00f6zi meg\u00e1llapod\u00e1st (&#8222;Accord europ\u00e9en relatif au transport international des marchandieses Dangereuses par Route&#8221;, azaz \u201eA vesz\u00e9lyes \u00e1ruk nemzetk\u00f6zi k\u00f6z\u00fati sz\u00e1ll\u00edt\u00e1s\u00e1r\u00f3l sz\u00f3l\u00f3 eur\u00f3pai meg\u00e1llapod\u00e1s\u201d), melyhez Magyarorsz\u00e1g is csatlakozott. Az ADR szab\u00e1lyai nem csak a vesz\u00e9lyes anyagokra, hanem azok haszn\u00e1lat\u00e1b\u00f3l sz\u00e1rmaz\u00f3 hullad\u00e9kokra &hellip;<\/p>\n","protected":false},"author":288,"featured_media":0,"parent":32,"menu_order":5,"comment_status":"open","ping_status":"closed","template":"","meta":{"_acf_changed":false,"footnotes":""},"categories":[],"tags":[],"class_list":["post-754","page","type-page","status-publish","hentry"],"acf":[],"_links":{"self":[{"href":"https:\/\/semmelweis.hu\/biztonsag\/wp-json\/wp\/v2\/pages\/754","targetHints":{"allow":["GET"]}}],"collection":[{"href":"https:\/\/semmelweis.hu\/biztonsag\/wp-json\/wp\/v2\/pages"}],"about":[{"href":"https:\/\/semmelweis.hu\/biztonsag\/wp-json\/wp\/v2\/types\/page"}],"author":[{"embeddable":true,"href":"https:\/\/semmelweis.hu\/biztonsag\/wp-json\/wp\/v2\/users\/288"}],"replies":[{"embeddable":true,"href":"https:\/\/semmelweis.hu\/biztonsag\/wp-json\/wp\/v2\/comments?post=754"}],"version-history":[{"count":5,"href":"https:\/\/semmelweis.hu\/biztonsag\/wp-json\/wp\/v2\/pages\/754\/revisions"}],"predecessor-version":[{"id":767,"href":"https:\/\/semmelweis.hu\/biztonsag\/wp-json\/wp\/v2\/pages\/754\/revisions\/767"}],"up":[{"embeddable":true,"href":"https:\/\/semmelweis.hu\/biztonsag\/wp-json\/wp\/v2\/pages\/32"}],"wp:attachment":[{"href":"https:\/\/semmelweis.hu\/biztonsag\/wp-json\/wp\/v2\/media?parent=754"}],"wp:term":[{"taxonomy":"category","embeddable":true,"href":"https:\/\/semmelweis.hu\/biztonsag\/wp-json\/wp\/v2\/categories?post=754"},{"taxonomy":"post_tag","embeddable":true,"href":"https:\/\/semmelweis.hu\/biztonsag\/wp-json\/wp\/v2\/tags?post=754"}],"curies":[{"name":"wp","href":"https:\/\/api.w.org\/{rel}","templated":true}]}}