{"id":7,"date":"2012-01-29T14:21:01","date_gmt":"2012-01-29T13:21:01","guid":{"rendered":"http:\/\/semmelweis-egyetem.hu\/biztonsag\/?page_id=7"},"modified":"2019-01-30T15:55:27","modified_gmt":"2019-01-30T14:55:27","slug":"kampany","status":"publish","type":"page","link":"https:\/\/semmelweis.hu\/biztonsag\/tajekoztatok\/kampany\/","title":{"rendered":"T\u0171sz\u00far\u00e1sos kamp\u00e1ny"},"content":{"rendered":"<p><strong>A &#8222;T\u0171sz\u00far\u00e1sos kamp\u00e1ny&#8221; r\u00e9szek\u00e9nt let\u00f6lthet\u0151 anyagok:<\/strong><\/p>\n<p><a href=\"https:\/\/semmelweis.hu\/biztonsag\/files\/2012\/01\/plakat_v_1.14_A3.pdf\">Plak\u00e1t<\/a><\/p>\n<p><a href=\"https:\/\/semmelweis.hu\/biztonsag\/files\/2012\/01\/tuszurasos_korlevel.pdf\">K\u00f6rlev\u00e9l<\/a><\/p>\n","protected":false},"excerpt":{"rendered":"<p>A &#8222;T\u0171sz\u00far\u00e1sos kamp\u00e1ny&#8221; r\u00e9szek\u00e9nt let\u00f6lthet\u0151 anyagok:<br \/>\n<a href=\"https:\/\/semmelweis.hu\/biztonsag\/files\/2012\/01\/plakat_v_1.14_A3.pdf\">Plak\u00e1t<\/a><br \/>\n<a href=\"https:\/\/semmelweis.hu\/biztonsag\/files\/2012\/01\/tuszurasos_korlevel.pdf\">K\u00f6rlev\u00e9l<\/a><\/p>\n","protected":false},"author":8,"featured_media":0,"parent":32,"menu_order":4,"comment_status":"open","ping_status":"closed","template":"","meta":{"_acf_changed":false,"footnotes":""},"categories":[],"tags":[],"class_list":["post-7","page","type-page","status-publish","hentry"],"acf":[],"_links":{"self":[{"href":"https:\/\/semmelweis.hu\/biztonsag\/wp-json\/wp\/v2\/pages\/7","targetHints":{"allow":["GET"]}}],"collection":[{"href":"https:\/\/semmelweis.hu\/biztonsag\/wp-json\/wp\/v2\/pages"}],"about":[{"href":"https:\/\/semmelweis.hu\/biztonsag\/wp-json\/wp\/v2\/types\/page"}],"author":[{"embeddable":true,"href":"https:\/\/semmelweis.hu\/biztonsag\/wp-json\/wp\/v2\/users\/8"}],"replies":[{"embeddable":true,"href":"https:\/\/semmelweis.hu\/biztonsag\/wp-json\/wp\/v2\/comments?post=7"}],"version-history":[{"count":9,"href":"https:\/\/semmelweis.hu\/biztonsag\/wp-json\/wp\/v2\/pages\/7\/revisions"}],"predecessor-version":[{"id":704,"href":"https:\/\/semmelweis.hu\/biztonsag\/wp-json\/wp\/v2\/pages\/7\/revisions\/704"}],"up":[{"embeddable":true,"href":"https:\/\/semmelweis.hu\/biztonsag\/wp-json\/wp\/v2\/pages\/32"}],"wp:attachment":[{"href":"https:\/\/semmelweis.hu\/biztonsag\/wp-json\/wp\/v2\/media?parent=7"}],"wp:term":[{"taxonomy":"category","embeddable":true,"href":"https:\/\/semmelweis.hu\/biztonsag\/wp-json\/wp\/v2\/categories?post=7"},{"taxonomy":"post_tag","embeddable":true,"href":"https:\/\/semmelweis.hu\/biztonsag\/wp-json\/wp\/v2\/tags?post=7"}],"curies":[{"name":"wp","href":"https:\/\/api.w.org\/{rel}","templated":true}]}}