{"id":56,"date":"2012-06-14T09:41:18","date_gmt":"2012-06-14T07:41:18","guid":{"rendered":"http:\/\/semmelweis-egyetem.hu\/biztonsag\/?page_id=56"},"modified":"2022-03-17T08:41:00","modified_gmt":"2022-03-17T07:41:00","slug":"titkarsag","status":"publish","type":"page","link":"https:\/\/semmelweis.hu\/biztonsag\/altalanos-informaciok\/titkarsag\/","title":{"rendered":"Titk\u00e1rs\u00e1g"},"content":{"rendered":"<h4>Titk\u00e1rs\u00e1gvezet\u0151: Kucsera Timea Gabriella<\/h4>\n<h1>A titk\u00e1rs\u00e1g feladatai:<\/h1>\n<p style=\"text-align: justify;\">Munk\u00e1j\u00e1t a Biztons\u00e1gtechnikai Igazgat\u00f3s\u00e1g feladat ell\u00e1t\u00e1s\u00e1ban a vonatkoz\u00f3 jogszab\u00e1lyoknak, el\u0151\u00edr\u00e1soknak, egyetemi szab\u00e1lyzatoknak \u00e9s szakmai el\u0151\u00edr\u00e1soknak megfelel\u0151en v\u00e9gzi<\/p>\n<p style=\"text-align: justify;\">Felel\u0151s az Egyetem iratkezel\u00e9si szab\u00e1lyzataiban el\u0151\u00edrt k\u00f6vetelm\u00e9nyek betart\u00e1s\u00e1\u00e9rt \u00e9s betartat\u00e1s\u00e1\u00e9rt<\/p>\n<p style=\"text-align: justify;\">Az Egyetem szervezeti egys\u00e9gei adatv\u00e9delmi, biztons\u00e1gv\u00e9delmi tev\u00e9kenys\u00e9g\u00e9nek seg\u00edt\u00e9se.<\/p>\n<p style=\"text-align: justify;\">Az Igazgat\u00f3s\u00e1g gazdas\u00e1gi \u00e9s munka\u00fcgyi feladatainak ir\u00e1ny\u00edt\u00e1sa, v\u00e9gz\u00e9se, az Igazgat\u00f3s\u00e1g anyagi k\u00e9szleteinek fel\u00fcgyelete.<\/p>\n","protected":false},"excerpt":{"rendered":"<p>Titk\u00e1rs\u00e1gvezet\u0151: Kucsera Timea Gabriella<br \/>\nA titk\u00e1rs\u00e1g feladatai:<br \/>\nMunk\u00e1j\u00e1t a Biztons\u00e1gtechnikai Igazgat\u00f3s\u00e1g feladat ell\u00e1t\u00e1s\u00e1ban a vonatkoz\u00f3 jogszab\u00e1lyoknak, el\u0151\u00edr\u00e1soknak, egyetemi szab\u00e1lyzatoknak \u00e9s szakmai el\u0151\u00edr\u00e1soknak megfelel\u0151en v\u00e9gzi<br \/>\nFelel\u0151s az Egyetem iratkezel\u00e9si szab\u00e1lyzataiban el\u0151\u00edrt k\u00f6vetelm\u00e9nyek betart\u00e1s\u00e1\u00e9rt \u00e9s betartat\u00e1s\u00e1\u00e9rt<br \/>\nAz Egyetem szervezeti egys\u00e9gei adatv\u00e9delmi, biztons\u00e1gv\u00e9delmi tev\u00e9kenys\u00e9g\u00e9nek seg\u00edt\u00e9se.<br \/>\nAz Igazgat\u00f3s\u00e1g gazdas\u00e1gi \u00e9s munka\u00fcgyi feladatainak ir\u00e1ny\u00edt\u00e1sa, v\u00e9gz\u00e9se, az Igazgat\u00f3s\u00e1g anyagi k\u00e9szleteinek fel\u00fcgyelete.<\/p>\n","protected":false},"author":288,"featured_media":0,"parent":5,"menu_order":0,"comment_status":"open","ping_status":"closed","template":"","meta":{"_acf_changed":false,"footnotes":""},"categories":[],"tags":[],"class_list":["post-56","page","type-page","status-publish","hentry"],"acf":[],"_links":{"self":[{"href":"https:\/\/semmelweis.hu\/biztonsag\/wp-json\/wp\/v2\/pages\/56","targetHints":{"allow":["GET"]}}],"collection":[{"href":"https:\/\/semmelweis.hu\/biztonsag\/wp-json\/wp\/v2\/pages"}],"about":[{"href":"https:\/\/semmelweis.hu\/biztonsag\/wp-json\/wp\/v2\/types\/page"}],"author":[{"embeddable":true,"href":"https:\/\/semmelweis.hu\/biztonsag\/wp-json\/wp\/v2\/users\/288"}],"replies":[{"embeddable":true,"href":"https:\/\/semmelweis.hu\/biztonsag\/wp-json\/wp\/v2\/comments?post=56"}],"version-history":[{"count":10,"href":"https:\/\/semmelweis.hu\/biztonsag\/wp-json\/wp\/v2\/pages\/56\/revisions"}],"predecessor-version":[{"id":2128,"href":"https:\/\/semmelweis.hu\/biztonsag\/wp-json\/wp\/v2\/pages\/56\/revisions\/2128"}],"up":[{"embeddable":true,"href":"https:\/\/semmelweis.hu\/biztonsag\/wp-json\/wp\/v2\/pages\/5"}],"wp:attachment":[{"href":"https:\/\/semmelweis.hu\/biztonsag\/wp-json\/wp\/v2\/media?parent=56"}],"wp:term":[{"taxonomy":"category","embeddable":true,"href":"https:\/\/semmelweis.hu\/biztonsag\/wp-json\/wp\/v2\/categories?post=56"},{"taxonomy":"post_tag","embeddable":true,"href":"https:\/\/semmelweis.hu\/biztonsag\/wp-json\/wp\/v2\/tags?post=56"}],"curies":[{"name":"wp","href":"https:\/\/api.w.org\/{rel}","templated":true}]}}