{"id":5,"date":"2012-01-29T14:13:29","date_gmt":"2012-01-29T14:13:29","guid":{"rendered":"http:\/\/semmelweis-egyetem.hu\/biztonsag\/?page_id=5"},"modified":"2022-04-29T12:51:03","modified_gmt":"2022-04-29T10:51:03","slug":"altalanos-informaciok","status":"publish","type":"page","link":"https:\/\/semmelweis.hu\/biztonsag\/altalanos-informaciok\/","title":{"rendered":"A Biztons\u00e1gtechnikai Igazgat\u00f3s\u00e1g Bemutat\u00e1sa"},"content":{"rendered":"<h1 style=\"text-align: center\"><strong>Az Igazgat\u00f3s\u00e1g szervezete, fel\u00e9p\u00edt\u00e9se, f\u0151bb feladatai<\/strong><\/h1>\n<p>Az Igazgat\u00f3s\u00e1g feladatk\u00f6re kiterjed a SE biztons\u00e1gszervez\u00e9s\u00e9re, vagyonv\u00e9delm\u00e9re, munkav\u00e9delm\u00e9re, t\u0171zv\u00e9delm\u00e9re, k\u00f6rnyezetv\u00e9delm\u00e9re, a Min\u0151s\u00e9gir\u00e1ny\u00edt\u00e1si Rendszerrel p\u00e1rhuzamos K\u00f6rnyezetalap\u00fa Ir\u00e1ny\u00edt\u00e1si Rendszer kialak\u00edt\u00e1s\u00e1ra, valamint a Katasztr\u00f3fav\u00e9delmi \u00e9s Polg\u00e1ri v\u00e9delmi oktat\u00e1si ter\u00fcletre, a kapcsol\u00f3d\u00f3 oktat\u00e1sokra<\/p>\n<h2 style=\"text-align: center\"><strong>Fel\u00e9p\u00edt\u00e9se<br \/>\n<\/strong><\/h2>\n<h3><strong>Vagyonv\u00e9delmi Oszt\u00e1ly<br \/>\n<\/strong><\/h3>\n<p>A Vagyonv\u00e9delmi Oszt\u00e1ly l\u00e9tsz\u00e1ma 18 f\u0151, a feladatokat az oszt\u00e1lyvezet\u0151 mellett, csoportvezet\u0151, rend\u00e9szek, technikai v\u00e9delmi szak\u00e9rt\u0151k, technikai v\u00e9delmi, \u00e9rint\u00e9sv\u00e9delmi \u00e9s vagyonv\u00e9delmi koordin\u00e1torok l\u00e1tj\u00e1k el.<\/p>\n<p><strong>Rend\u00e9szeti Csoport<\/strong><\/p>\n<ul>\n<li>rendk\u00edv\u00fcli esem\u00e9nyek kivizsg\u00e1l\u00e1sa, kapcsolattart\u00e1s a hat\u00f3s\u00e1gokkal,<\/li>\n<li>vagyon\u0151ri szolg\u00e1latok (K\u00f6zponti Diszp\u00e9cser- \u00e9s J\u00e1r\u0151rszolg\u00e1lat, telephelyek vagyonv\u00e9delmi szolg\u00e1latai) szakmai szervez\u00e9se, ellen\u0151rz\u00e9se,<\/li>\n<li>k\u00f6zalkalmazott port\u00e1sok kiv\u00e1laszt\u00e1sa, betan\u00edt\u00e1sa, eszk\u00f6z\u00f6kkel t\u00f6rt\u00e9n\u0151 ell\u00e1t\u00e1sa,<\/li>\n<li>portaszolg\u00e1latok szakmai \u00e9s hum\u00e1n szervez\u00e9se, ellen\u0151rz\u00e9se.<\/li>\n<\/ul>\n<p><strong>Technikai-v\u00e9delmi Csoport<\/strong><\/p>\n<ul>\n<li>technikai-v\u00e9delmi eszk\u00f6z\u00f6k (behatol\u00e1sjelz\u0151-, bel\u00e9ptet\u0151-, \u00e9s kamerarendszerek) fel\u00fcgyelete, karbantart\u00e1sa,<\/li>\n<li>biztons\u00e1gtechnikai rendszerek tervez\u00e9se, kivitelez\u00e9s\u00fck ellen\u0151rz\u00e9se,<\/li>\n<li>biztons\u00e1gtechnik\u00e1val kapcsolatos informatikai rendszerek menedzsel\u00e9se,<\/li>\n<li>\u00e9rint\u00e9sv\u00e9delmi szabv\u00e1nyoss\u00e1gi fel\u00fclvizsg\u00e1latok v\u00e9grehajt\u00e1s\u00e1nak fel\u00fcgyelete, ellen\u0151rz\u00e9se.<\/li>\n<li>fizet\u0151 \u00e9s ingyenes parkol\u00e1ssal kapcsolatos \u00fcgyek int\u00e9z\u00e9se.<\/li>\n<\/ul>\n<p><strong>Rendszerfel\u00fcgyeleti Csoport<\/strong><\/p>\n<ul>\n<li>bel\u00e9p\u00e9si jogosults\u00e1gok kezel\u00e9se,<\/li>\n<li>egyetemi bel\u00e9p\u0151k\u00e1rty\u00e1k gy\u00e1rt\u00e1sa, kiad\u00e1sa, visszav\u00e9tele.<\/li>\n<\/ul>\n<h3><strong>Biztons\u00e1gszervez\u00e9si Oszt\u00e1ly<\/strong><\/h3>\n<p>A Biztons\u00e1gszervez\u00e9si Oszt\u00e1ly l\u00e9tsz\u00e1ma 21 f\u0151, a feladatokat az oszt\u00e1lyvezet\u0151 mellett, 3 szakmai vezet\u0151, biztons\u00e1gtechnikai szak\u00e9rt\u0151k, biztons\u00e1gtechnikai koordin\u00e1torok \u00e9s polg\u00e1ri \u00e9s katasztr\u00f3fav\u00e9delmi szak\u00e9rt\u0151k l\u00e1tj\u00e1k el.<\/p>\n<p>A Biztons\u00e1gszervez\u00e9si Oszt\u00e1ly f\u0151feladatai<\/p>\n<ul>\n<li>bejelentett balesetek \u00fcgyint\u00e9z\u00e9se, munkabalesetek vizsg\u00e1lata,<\/li>\n<li>a munkav\u00e9delmi \u00e9s t\u0171zv\u00e9delmi hat\u00f3s\u00e1gi ellen\u0151rz\u00e9sek szakmai fel\u00fcgyelete,<\/li>\n<li>a munka- t\u0171z-, katasztr\u00f3fa- \u00e9s polg\u00e1ri v\u00e9delmi szakmai dokument\u00e1ci\u00f3k, munkautas\u00edt\u00e1sok elk\u00e9sz\u00edt\u00e9se,<\/li>\n<li>munkav\u00e1llal\u00f3k munka- t\u0171z-, katasztr\u00f3fa- \u00e9s polg\u00e1ri v\u00e9delmi oktat\u00e1s\u00e1nak megszervez\u00e9se megtart\u00e1sa<\/li>\n<li>t\u0171zriad\u00f3 gyakorlatok lebonyol\u00edt\u00e1sa<\/li>\n<li>hat\u00f3s\u00e1gi kapcsolattart\u00e1s<\/li>\n<li>rendezv\u00e9nybiztos\u00edt\u00e1s<\/li>\n<li>szakv\u00e9lem\u00e9nyek k\u00e9sz\u00edt\u00e9se \u00e9s k\u00f6zrem\u0171k\u00f6d\u00e9s a beruh\u00e1z\u00e1sok, kivitelez\u00e9sek sor\u00e1n<\/li>\n<\/ul>\n<p><strong>Katasztr\u00f3fa- \u00e9s polg\u00e1ri v\u00e9delmi Csoport<\/strong><\/p>\n<ul>\n<li>\u00dczemeltet\u0151i Biztons\u00e1gi Terv k\u00e9sz\u00edt\u00e9se<\/li>\n<li>A klinik\u00e1k Eg\u00e9szs\u00e9g\u00fcgyi V\u00e1ls\u00e1ghelyzeti Terveinek fel\u00fclvizsg\u00e1lata, pontos\u00edt\u00e1sa<\/li>\n<li>Tant\u00e1rgyi oktat\u00e1s v\u00e9gz\u00e9se<\/li>\n<\/ul>\n<h3><strong>K\u00f6rnyezetv\u00e9delmi Oszt\u00e1ly<\/strong><\/h3>\n<p>A K\u00f6rnyezetv\u00e9delmi Oszt\u00e1ly l\u00e9tsz\u00e1ma 3 f\u0151, a feladatokat az oszt\u00e1lyvezet\u0151 mellett, kiemelt k\u00f6rnyezetv\u00e9delmi szak\u00e9rt\u0151k l\u00e1tj\u00e1k el, tov\u00e1bb\u00e1 k\u00fcls\u0151s ADR tan\u00e1csad\u00f3 seg\u00edti az oszt\u00e1ly munk\u00e1j\u00e1t.<\/p>\n<p>A K\u00f6rnyezetv\u00e9delmi Oszt\u00e1ly f\u0151 feladata a Semmelweis Egyetem oktat\u00f3, kutat\u00f3 \u00e9s gy\u00f3gy\u00edt\u00f3 tev\u00e9kenys\u00e9g\u00e9nek &#8211; a k\u00f6rnyezeti elemek v\u00e9delm\u00e9t, a k\u00f6rnyezet ig\u00e9nybev\u00e9tel\u00e9nek cs\u00f6kkent\u00e9s\u00e9t, az emberi eg\u00e9szs\u00e9g v\u00e9delm\u00e9t szolg\u00e1l\u00f3 &#8211; szab\u00e1lyoz\u00e1sa, a k\u00f6rnyezet v\u00e9delm\u00e9nek \u00e1ltal\u00e1nos szab\u00e1lyair\u00f3l sz\u00f3l\u00f3 1995. \u00e9vi LIII. t\u00f6rv\u00e9ny el\u0151\u00edr\u00e1sainak figyelembev\u00e9tel\u00e9vel. C\u00e9lja meghat\u00e1rozni a feladatokat \u00e9s a szab\u00e1lyokat, amelyek seg\u00edts\u00e9g\u00e9vel az Egyetem tev\u00e9kenys\u00e9ge v\u00e9gz\u00e9se sor\u00e1n fell\u00e9p\u0151 k\u00f6rnyezetterhel\u00e9s megel\u0151zhet\u0151, felt\u00e1rhat\u00f3, cs\u00f6kkenthet\u0151, illetve megsz\u00fcntethet\u0151, \u00edgy p\u00e9ld\u00e1ul:<\/p>\n<ul>\n<li>A K\u00f6rnyezetv\u00e9delmi Oszt\u00e1ly szakmai ir\u00e1ny\u00edt\u00e1sa mellett ker\u00fclnek gy\u0171jt\u00e9sre \u00e9s \u00e1tad\u00e1sra az Egyetem szervezeti egys\u00e9gei \u00e1ltal termelt nem vesz\u00e9lyes \u00e9s vesz\u00e9lyes hullad\u00e9kok (speci\u00e1lis eg\u00e9szs\u00e9g\u00fcgyi vesz\u00e9lyes \u00e9s a fizikai\/k\u00e9miai tulajdons\u00e1gai miatt vesz\u00e9lyes hullad\u00e9kok);<\/li>\n<li>A szervezeti egys\u00e9gek k\u00f6rnyezetv\u00e9delmi \u00e9s ADR szempont\u00fa ellen\u0151rz\u00e9se, oktat\u00e1sa \u00e9s szakmai t\u00e1mogat\u00e1sa;<\/li>\n<li>Folyamatos konzult\u00e1ci\u00f3 a szervezeti egys\u00e9gek k\u00f6rnyezetv\u00e9delmi megb\u00edzottjaival.<\/li>\n<li>Rendszeres ismeretterjeszt\u00e9s \u00e9s t\u00e1j\u00e9koztat\u00e1s a hullad\u00e9kok cs\u00f6kkent\u00e9se, a szelekt\u00edv hullad\u00e9kgy\u0171jt\u00e9s \u00e9s a munkav\u00e1llal\u00f3k k\u00f6rnyezettudatoss\u00e1g\u00e1nak fejleszt\u00e9se \u00e9rdek\u00e9ben.<\/li>\n<\/ul>\n","protected":false},"excerpt":{"rendered":"<p>Az Igazgat\u00f3s\u00e1g feladatk\u00f6re kiterjed a SE biztons\u00e1gszervez\u00e9s\u00e9re, vagyonv\u00e9delm\u00e9re, munkav\u00e9delm\u00e9re, t\u0171zv\u00e9delm\u00e9re, k\u00f6rnyezetv\u00e9delm\u00e9re, a Min\u0151s\u00e9gir\u00e1ny\u00edt\u00e1si Rendszerrel p\u00e1rhuzamos K\u00f6rnyezetalap\u00fa Ir\u00e1ny\u00edt\u00e1si Rendszer kialak\u00edt\u00e1s\u00e1ra, valamint a Katasztr\u00f3fav\u00e9delmi \u00e9s Polg\u00e1ri v\u00e9delmi oktat\u00e1si ter\u00fcletre, a kapcsol\u00f3d\u00f3 oktat\u00e1sokra.<\/p>\n","protected":false},"author":8,"featured_media":1359,"parent":0,"menu_order":0,"comment_status":"closed","ping_status":"closed","template":"","meta":{"_acf_changed":false,"footnotes":""},"categories":[],"tags":[],"class_list":["post-5","page","type-page","status-publish","has-post-thumbnail","hentry"],"acf":[],"_links":{"self":[{"href":"https:\/\/semmelweis.hu\/biztonsag\/wp-json\/wp\/v2\/pages\/5","targetHints":{"allow":["GET"]}}],"collection":[{"href":"https:\/\/semmelweis.hu\/biztonsag\/wp-json\/wp\/v2\/pages"}],"about":[{"href":"https:\/\/semmelweis.hu\/biztonsag\/wp-json\/wp\/v2\/types\/page"}],"author":[{"embeddable":true,"href":"https:\/\/semmelweis.hu\/biztonsag\/wp-json\/wp\/v2\/users\/8"}],"replies":[{"embeddable":true,"href":"https:\/\/semmelweis.hu\/biztonsag\/wp-json\/wp\/v2\/comments?post=5"}],"version-history":[{"count":11,"href":"https:\/\/semmelweis.hu\/biztonsag\/wp-json\/wp\/v2\/pages\/5\/revisions"}],"predecessor-version":[{"id":2174,"href":"https:\/\/semmelweis.hu\/biztonsag\/wp-json\/wp\/v2\/pages\/5\/revisions\/2174"}],"wp:featuredmedia":[{"embeddable":true,"href":"https:\/\/semmelweis.hu\/biztonsag\/wp-json\/wp\/v2\/media\/1359"}],"wp:attachment":[{"href":"https:\/\/semmelweis.hu\/biztonsag\/wp-json\/wp\/v2\/media?parent=5"}],"wp:term":[{"taxonomy":"category","embeddable":true,"href":"https:\/\/semmelweis.hu\/biztonsag\/wp-json\/wp\/v2\/categories?post=5"},{"taxonomy":"post_tag","embeddable":true,"href":"https:\/\/semmelweis.hu\/biztonsag\/wp-json\/wp\/v2\/tags?post=5"}],"curies":[{"name":"wp","href":"https:\/\/api.w.org\/{rel}","templated":true}]}}