{"id":2557,"date":"2025-07-29T10:15:26","date_gmt":"2025-07-29T08:15:26","guid":{"rendered":"https:\/\/semmelweis.hu\/biztonsag\/?page_id=2557"},"modified":"2025-08-26T14:59:11","modified_gmt":"2025-08-26T12:59:11","slug":"uj-belepo-munkatarsak-kotelezo-oktatasa","status":"publish","type":"page","link":"https:\/\/semmelweis.hu\/biztonsag\/uj-belepo-munkatarsak-kotelezo-oktatasa\/","title":{"rendered":"\u00daj bel\u00e9p\u0151 munkat\u00e1rsak k\u00f6telez\u0151 oktat\u00e1sa"},"content":{"rendered":"<div class=\"keretes w-100\">\n<p style=\"text-align: justify;\"><img loading=\"lazy\" decoding=\"async\" class=\"wp-image-2561 alignright\" src=\"https:\/\/semmelweis.hu\/biztonsag\/files\/2025\/07\/KEP_Online-oktatas_BTI_2025-400x330.jpg\" alt=\"\" width=\"230\" height=\"190\" srcset=\"https:\/\/semmelweis.hu\/biztonsag\/files\/2025\/07\/KEP_Online-oktatas_BTI_2025-400x330.jpg 400w, https:\/\/semmelweis.hu\/biztonsag\/files\/2025\/07\/KEP_Online-oktatas_BTI_2025-1024x845.jpg 1024w, https:\/\/semmelweis.hu\/biztonsag\/files\/2025\/07\/KEP_Online-oktatas_BTI_2025-768x634.jpg 768w, https:\/\/semmelweis.hu\/biztonsag\/files\/2025\/07\/KEP_Online-oktatas_BTI_2025-753x622.jpg 753w, https:\/\/semmelweis.hu\/biztonsag\/files\/2025\/07\/KEP_Online-oktatas_BTI_2025.jpg 1169w\" sizes=\"auto, (max-width: 230px) 100vw, 230px\" \/><strong>Az \u00faj bel\u00e9p\u0151 munkav\u00e1llal\u00f3k &#8211; biztons\u00e1gtechnikai <\/strong>(munka-, t\u0171z-, vagyon-, k\u00f6rnyezet-, polg\u00e1ri \u00e9s katasztr\u00f3fav\u00e9delmi)<strong> infekci\u00f3kontroll,<\/strong> valamint az integr\u00e1lt ir\u00e1ny\u00edt\u00e1si rendszerhez kapcsol\u00f3d\u00f3 <strong>min\u0151s\u00e9gir\u00e1ny\u00edt\u00e1si <\/strong>(MIR) \u00e9s<strong> energiair\u00e1ny\u00edt\u00e1si <\/strong>(EIR) &#8211;<strong> oktat\u00e1sa k\u00f6telez\u0151,<\/strong> ezt jogszab\u00e1lyok \u00e9s bels\u0151 szab\u00e1lyzatok (SE Munkahelyi Biztons\u00e1gszervez\u00e9si Szab\u00e1lyzat) is r\u00f6gz\u00edtik, ennek megt\u00f6rt\u00e9nte a munk\u00e1ltat\u00f3i jogk\u00f6r gyakorl\u00f3j\u00e1nak a felel\u0151ss\u00e9ge.<\/p>\n<\/div>\n<p><strong>Az oktat\u00e1s elv\u00e9gz\u00e9se valamennyi \u00faj bel\u00e9p\u0151 munkav\u00e1llal\u00f3, rezidens, PhD hallgat\u00f3 r\u00e9sz\u00e9re k\u00f6telez\u0151, f\u00fcggetlen\u00fcl a munkak\u00f6r\u00e9t\u0151l, beoszt\u00e1s\u00e1t\u00f3l.<\/strong><\/p>\n<p style=\"text-align: justify;\">Azonban ez <strong>az oktat\u00e1si k\u00f6telezetts\u00e9g nem csup\u00e1n az el\u0151\u00edr\u00e1soknak val\u00f3 megfelel\u00e9st szolg\u00e1lja<\/strong> \u2013 els\u0151dleges c\u00e9lja, hogy a Semmelweis Egyetemen munk\u00e1t v\u00e9gz\u0151 egyetemi polg\u00e1rok az itt tart\u00f3zkod\u00e1suk teljes ideje alatt tiszt\u00e1ban legyenek az \u0151ket \u00e9rint\u0151 \u00e9s <strong>biztons\u00e1g<\/strong>uk <strong>szempontj\u00e1b\u00f3l l\u00e9nyeges, alapvet\u0151 tudnival\u00f3k<\/strong>kal. Ezen inform\u00e1ci\u00f3k \u00e9s szab\u00e1lyok megismer\u00e9se \u00e9s betart\u00e1sa, nem csak saj\u00e1t, hanem a k\u00f6rnyezet\u00fcnkben tart\u00f3zkod\u00f3k v\u00e9delm\u00e9t is szolg\u00e1lja.<\/p>\n<h3 style=\"text-align: justify;\">A k\u00f6telez\u0151 oktat\u00e1s elv\u00e9gz\u00e9s\u00e9nek m\u00f3djai:<\/h3>\n<p style=\"padding-left: 40px;\"><strong>1. online oktat\u00e1s \u00f6n\u00e1ll\u00f3 felk\u00e9sz\u00fcl\u00e9s<\/strong> mellett <strong>online vizsg\u00e1z\u00e1ssal<br \/>\n<\/strong>vagy<br \/>\n<strong>2. szem\u00e9lyes<\/strong> (jelenl\u00e9ti) <strong>oktat\u00e1s, vizsg\u00e1z\u00e1s n\u00e9lk\u00fcl<\/strong>.<\/p>\n<div class=\"fontos_div\">\n<p style=\"text-align: justify;\">Az \u00faj bel\u00e9p\u0151 munkav\u00e1llal\u00f3nak az 1., vagy a 2. pont szerinti oktat\u00e1sa javasolt, hogy <strong>a munk\u00e1ba \u00e1ll\u00e1s\u00e1t k\u00f6vet\u0151 egy h\u00e9ten bel\u00fcl megval\u00f3suljon.<\/strong><\/p>\n<\/div>\n<p style=\"text-align: justify;\">Az \u00faj bel\u00e9p\u0151k sz\u00e1m\u00e1ra szervezett oktat\u00e1s \u00e9s az \u00e9ves ism\u00e9tl\u0151d\u0151 oktat\u00e1s nem helyettes\u00edti egym\u00e1st.<\/p>\n<hr \/>\n<h3 style=\"text-align: justify;\">1. Online oktat\u00e1s<\/h3>\n<p>Az <strong>online oktat\u00e1s<\/strong> eset\u00e9n az \u00faj bel\u00e9p\u0151 munkav\u00e1llal\u00f3 egy\u00e9nileg k\u00e9sz\u00fcl fel, nem jelenik meg szem\u00e9lyesen az oktat\u00e1son. Ez\u00e9rt annak igazol\u00e1s\u00e1ra, hogy val\u00f3ban meg\u00e9rtette az oktat\u00e1si anyag tartalm\u00e1t vizsg\u00e1znia sz\u00fcks\u00e9ges online fel\u00fcleten. Minden sz\u00fcks\u00e9ges ismeretanyagot a <strong>\u201e<em>Biztons\u00e1gi alapismeretek<\/em>\u201d <\/strong> kiadv\u00e1ny tartalmaz, ebben tal\u00e1lhat\u00f3ak meg a <strong>felk\u00e9sz\u00fcl\u00e9st seg\u00edt\u0151 vide\u00f3k<\/strong> \u00e9s a <strong>vizsgafel\u00fclet el\u00e9rhet\u0151s\u00e9ge<\/strong>i is.<\/p>\n<div class=\"fontos_div\" style=\"text-align: justify;\">\n<p><strong>Felk\u00e9sz\u00fcl\u00e9st seg\u00edt\u0151 vide\u00f3k<\/strong> \u00e9s a <strong>vizsgafel\u00fclet el\u00e9rhet\u0151s\u00e9ge<\/strong>i: <strong><a href=\"https:\/\/app.redmenta.com\/hu\/solve?ks_id=2097057779&amp;utm_source=redmenta&amp;utm_medium=worksheet&amp;utm_campaign=worksheet_share\" target=\"_blank\" rel=\"noopener\">LINK<\/a><\/strong><br \/>\nAz oktat\u00e1si anyag itt \u00e9rhet\u0151 el: <a href=\"https:\/\/semmelweis.hu\/biztonsag\/files\/2025\/07\/Biztonsagi-alapismeretek-oktatasi-anyag.pdf\"><strong>LINK<\/strong><\/a><strong style=\"font-size: 1rem;\">\u00a0 \u00a0 \u00a0 \u00a0 \u00a0 \u00a0\u00a0<\/strong><\/p>\n<p>Seg\u00e9dlet a vizsgafel\u00fclet haszn\u00e1lat\u00e1hoz: <a href=\"https:\/\/semmelweis.hu\/biztonsag\/files\/2025\/07\/Uj-belepo-munkavallalok-vizsgazas-SEGEDLET.pdf\"><strong>LINK<\/strong><\/a><\/p>\n<\/div>\n<h3 style=\"text-align: justify;\">2. Szem\u00e9lyes oktat\u00e1s<\/h3>\n<p>Az \u00faj bel\u00e9p\u0151k <strong>szem\u00e9lyes oktat\u00e1s<\/strong>\u00e1t a Biztons\u00e1gszervez\u00e9si Oszt\u00e1ly (BSZO) szervezi, el\u0151re meghat\u00e1rozott helysz\u00ednen \u00e9s id\u0151pontban, heti rendszeress\u00e9ggel. A szem\u00e9lyes oktat\u00e1sra <strong>a munkav\u00e1llal\u00f3knak el\u0151zetesen regisztr\u00e1lniuk kell<\/strong> (a f\u00e9r\u0151helyek korl\u00e1tozott sz\u00e1ma miatt). A szem\u00e9lyes oktat\u00e1s sor\u00e1n a munkat\u00e1rsak el\u0151re r\u00f6gz\u00edtett oktat\u00e1si anyagot tekintenek meg.<\/p>\n<p style=\"padding-left: 40px;\"><strong>Oktat\u00e1s rendszeres id\u0151pontja:<\/strong> keddenk\u00e9nt 12:00 \u2013 15:00<\/p>\n<p style=\"padding-left: 40px;\"><strong>Helysz\u00edn<\/strong>: <strong>1083 Budapest, Ill\u00e9s utca 15. (a <\/strong><strong>Biztons\u00e1gtechnikai Igazgat\u00f3s\u00e1g oktat\u00f3terme)<\/strong><\/p>\n<p style=\"padding-left: 40px;\"><strong>El\u0151zetes regisztr\u00e1ci\u00f3: <\/strong>az oktat\u00e1si id\u0151pont el\u0151tti h\u00e9t p\u00e9ntek 09:00-ig a <strong><a href=\"https:\/\/semmelweis.hu\/biztonsag\/oktatas-urlap\/\" target=\"_blank\" rel=\"noopener\">regisztr\u00e1ci\u00f3s \u0171rlap<\/a><\/strong> kit\u00f6lt\u00e9s\u00e9vel, \u00e9s megk\u00fcld\u00e9s\u00e9vel.\u00a0<\/p>\n<p style=\"padding-left: 40px;\">A tov\u00e1bbi teend\u0151kr\u0151l a megadott e-mail c\u00edmre \u00e9rkezik t\u00e1j\u00e9koztat\u00e1s.<\/p>\n<div class=\"fontos_div\" style=\"text-align: justify;\">\n<p style=\"text-align: justify;\"><em>K\u00e9rj\u00fck, hogy a r\u00e9sztvev\u0151 hozzon mag\u00e1val \u00edr\u00f3eszk\u00f6zt, pap\u00edrt \u2013 amennyiben sz\u00fcks\u00e9ges \u2013 szem\u00fcveget!<\/em><\/p>\n<\/div>\n","protected":false},"excerpt":{"rendered":"<p>Az \u00faj bel\u00e9p\u0151 munkav\u00e1llal\u00f3k &#8211; biztons\u00e1gtechnikai (munka-, t\u0171z-, vagyon-, k\u00f6rnyezet-, polg\u00e1ri \u00e9s katasztr\u00f3fav\u00e9delmi) infekci\u00f3kontroll, valamint az integr\u00e1lt ir\u00e1ny\u00edt\u00e1si rendszerhez kapcsol\u00f3d\u00f3 min\u0151s\u00e9gir\u00e1ny\u00edt\u00e1si (MIR) \u00e9s energiair\u00e1ny\u00edt\u00e1si (EIR) &#8211; oktat\u00e1sa k\u00f6telez\u0151, ezt jogszab\u00e1lyok \u00e9s bels\u0151 szab\u00e1lyzatok (SE Munkahelyi Biztons\u00e1gszervez\u00e9si Szab\u00e1lyzat) is r\u00f6gz\u00edtik, ennek megt\u00f6rt\u00e9nte a munk\u00e1ltat\u00f3i jogk\u00f6r gyakorl\u00f3j\u00e1nak a felel\u0151ss\u00e9ge. Az oktat\u00e1s elv\u00e9gz\u00e9se valamennyi \u00faj bel\u00e9p\u0151 munkav\u00e1llal\u00f3, rezidens, &hellip;<\/p>\n","protected":false},"author":102027,"featured_media":2561,"parent":0,"menu_order":0,"comment_status":"closed","ping_status":"closed","template":"template-fullwidth.php","meta":{"_acf_changed":false,"footnotes":""},"categories":[],"tags":[],"class_list":["post-2557","page","type-page","status-publish","has-post-thumbnail","hentry"],"acf":[],"_links":{"self":[{"href":"https:\/\/semmelweis.hu\/biztonsag\/wp-json\/wp\/v2\/pages\/2557","targetHints":{"allow":["GET"]}}],"collection":[{"href":"https:\/\/semmelweis.hu\/biztonsag\/wp-json\/wp\/v2\/pages"}],"about":[{"href":"https:\/\/semmelweis.hu\/biztonsag\/wp-json\/wp\/v2\/types\/page"}],"author":[{"embeddable":true,"href":"https:\/\/semmelweis.hu\/biztonsag\/wp-json\/wp\/v2\/users\/102027"}],"replies":[{"embeddable":true,"href":"https:\/\/semmelweis.hu\/biztonsag\/wp-json\/wp\/v2\/comments?post=2557"}],"version-history":[{"count":10,"href":"https:\/\/semmelweis.hu\/biztonsag\/wp-json\/wp\/v2\/pages\/2557\/revisions"}],"predecessor-version":[{"id":2578,"href":"https:\/\/semmelweis.hu\/biztonsag\/wp-json\/wp\/v2\/pages\/2557\/revisions\/2578"}],"wp:featuredmedia":[{"embeddable":true,"href":"https:\/\/semmelweis.hu\/biztonsag\/wp-json\/wp\/v2\/media\/2561"}],"wp:attachment":[{"href":"https:\/\/semmelweis.hu\/biztonsag\/wp-json\/wp\/v2\/media?parent=2557"}],"wp:term":[{"taxonomy":"category","embeddable":true,"href":"https:\/\/semmelweis.hu\/biztonsag\/wp-json\/wp\/v2\/categories?post=2557"},{"taxonomy":"post_tag","embeddable":true,"href":"https:\/\/semmelweis.hu\/biztonsag\/wp-json\/wp\/v2\/tags?post=2557"}],"curies":[{"name":"wp","href":"https:\/\/api.w.org\/{rel}","templated":true}]}}