{"id":2356,"date":"2023-05-22T14:55:45","date_gmt":"2023-05-22T12:55:45","guid":{"rendered":"https:\/\/semmelweis.hu\/biztonsag\/?page_id=2356"},"modified":"2023-05-23T13:52:22","modified_gmt":"2023-05-23T11:52:22","slug":"kulfoldi-phd-hallgatok-es-munkavallalok-oktatasa","status":"publish","type":"page","link":"https:\/\/semmelweis.hu\/biztonsag\/kulfoldi-phd-hallgatok-es-munkavallalok-oktatasa\/","title":{"rendered":"K\u00fclf\u00f6ldi PhD hallgat\u00f3k \u00e9s munkav\u00e1llal\u00f3k oktat\u00e1sa"},"content":{"rendered":"<p style=\"text-align: justify\">T\u00e1j\u00e9koztatom, hogy a k\u00fclf\u00f6ldi PhD hallgat\u00f3k \u00e9s munkav\u00e1llal\u00f3k r\u00e9sz\u00e9re elk\u00e9sz\u00fclt az angol nyelv\u0171 E-learning tananyag, mely a Moodle rendszerbe ker\u00fclt felt\u00f6lt\u00e9sre.<\/p>\n<p style=\"text-align: justify\">Az Egyetem\u00fcnk bels\u0151 szab\u00e1lyzatai, illetve a hat\u00e1lyos jogszab\u00e1lyok el\u0151\u00edr\u00e1sai alapj\u00e1n, minden \u00faj bel\u00e9p\u0151 munkav\u00e1llal\u00f3nak biztons\u00e1gtechnikai (munka-, t\u0171z-, vagyon-, k\u00f6rnyezet-, polg\u00e1ri v\u00e9delmi \u00e9s katasztr\u00f3fav\u00e9delmi, illetve vagyonv\u00e9delmi) oktat\u00e1sokon kell r\u00e9szt vennie f\u00fcggetlen\u00fcl a munkav\u00e1llal\u00f3 munkak\u00f6r\u00e9t\u0151l, beoszt\u00e1s\u00e1t\u00f3l.<\/p>\n<p style=\"text-align: justify\">Felh\u00edvom sz\u00edves figyelm\u00e9t, hogy a hat\u00e1lyos jogszab\u00e1lyok alapj\u00e1n az \u00faj bel\u00e9p\u0151 munkav\u00e1llal\u00f3 csak az e-learning tananyag elv\u00e9gz\u00e9s\u00e9t k\u00f6vet\u0151en kezdheti meg a munkav\u00e9gz\u00e9st.<\/p>\n<p style=\"text-align: justify\">Az oktat\u00e1si anyag a Moodle rendszerben \u00e9rhet\u0151 el:<\/p>\n<p style=\"text-align: justify\"><a href=\"https:\/\/itc.semmelweis.hu\/moodle\/course\/view.php?id=4722\">https:\/\/itc.semmelweis.hu\/moodle\/course\/view.php?id=4722<\/a><\/p>\n<p style=\"text-align: justify\">A fel\u00fcleten a fenti 5 t\u00e9mak\u00f6rben tal\u00e1lhat\u00f3 tananyag, valamint minden tananyaghoz tartozik 1-1 teszt. A tanfolyam sikeres elv\u00e9gz\u00e9s\u00e9hez sz\u00fcks\u00e9ges minden teszt kit\u00f6lt\u00e9se \u00e9s tesztenk\u00e9nt legal\u00e1bb 80%-os eredm\u00e9ny el\u00e9r\u00e9se.<\/p>\n<p style=\"text-align: center\"><iframe loading=\"lazy\" src=\"\/\/www.youtube.com\/embed\/Oi42vfvzmsw\" width=\"560\" height=\"314\"><\/iframe><\/p>\n<p style=\"text-align: justify\">A bel\u00e9p\u00e9s SEKA azonos\u00edt\u00f3val t\u00f6rt\u00e9nik, ehhez a levelez\u0151rendszerhez (Outlook) haszn\u00e1lt felhaszn\u00e1l\u00f3n\u00e9v \u00e9s jelsz\u00f3 sz\u00fcks\u00e9ges.<\/p>\n<p><img loading=\"lazy\" decoding=\"async\" class=\"size-medium wp-image-2367 aligncenter\" src=\"https:\/\/semmelweis.hu\/biztonsag\/files\/2023\/05\/SEKA-logo-300x179.png\" alt=\"\" width=\"300\" height=\"179\" srcset=\"https:\/\/semmelweis.hu\/biztonsag\/files\/2023\/05\/SEKA-logo-300x179.png 300w, https:\/\/semmelweis.hu\/biztonsag\/files\/2023\/05\/SEKA-logo.png 415w\" sizes=\"auto, (max-width: 300px) 100vw, 300px\" \/><\/p>\n<p style=\"text-align: justify\">Amennyiben a Koll\u00e9ga probl\u00e9m\u00e1ba \u00fctk\u00f6zik a bejelentkez\u00e9s sor\u00e1n, az al\u00e1bbi linken tal\u00e1l seg\u00edts\u00e9get: <a href=\"https:\/\/seka.semmelweis.hu\/en\">https:\/\/seka.semmelweis.hu\/en<\/a><\/p>\n<p>Sikeres teljes\u00edt\u00e9st k\u00edv\u00e1nunk!<\/p>\n","protected":false},"excerpt":{"rendered":"<p>T\u00e1j\u00e9koztatom, hogy a k\u00fclf\u00f6ldi PhD hallgat\u00f3k \u00e9s munkav\u00e1llal\u00f3k r\u00e9sz\u00e9re elk\u00e9sz\u00fclt az angol nyelv\u0171 E-learning tananyag, mely a Moodle rendszerbe ker\u00fclt felt\u00f6lt\u00e9sre. Az Egyetem\u00fcnk bels\u0151 szab\u00e1lyzatai, illetve a hat\u00e1lyos jogszab\u00e1lyok el\u0151\u00edr\u00e1sai alapj\u00e1n, minden \u00faj bel\u00e9p\u0151 munkav\u00e1llal\u00f3nak biztons\u00e1gtechnikai (munka-, t\u0171z-, vagyon-, k\u00f6rnyezet-, polg\u00e1ri v\u00e9delmi \u00e9s katasztr\u00f3fav\u00e9delmi, illetve vagyonv\u00e9delmi) oktat\u00e1sokon kell r\u00e9szt vennie f\u00fcggetlen\u00fcl a munkav\u00e1llal\u00f3 munkak\u00f6r\u00e9t\u0151l, beoszt\u00e1s\u00e1t\u00f3l. &hellip;<\/p>\n","protected":false},"author":102027,"featured_media":0,"parent":0,"menu_order":0,"comment_status":"closed","ping_status":"closed","template":"","meta":{"_acf_changed":false,"footnotes":""},"categories":[11],"tags":[],"class_list":["post-2356","page","type-page","status-publish","hentry","category-biztonsagtechnikai-igazgatosag"],"acf":[],"_links":{"self":[{"href":"https:\/\/semmelweis.hu\/biztonsag\/wp-json\/wp\/v2\/pages\/2356","targetHints":{"allow":["GET"]}}],"collection":[{"href":"https:\/\/semmelweis.hu\/biztonsag\/wp-json\/wp\/v2\/pages"}],"about":[{"href":"https:\/\/semmelweis.hu\/biztonsag\/wp-json\/wp\/v2\/types\/page"}],"author":[{"embeddable":true,"href":"https:\/\/semmelweis.hu\/biztonsag\/wp-json\/wp\/v2\/users\/102027"}],"replies":[{"embeddable":true,"href":"https:\/\/semmelweis.hu\/biztonsag\/wp-json\/wp\/v2\/comments?post=2356"}],"version-history":[{"count":7,"href":"https:\/\/semmelweis.hu\/biztonsag\/wp-json\/wp\/v2\/pages\/2356\/revisions"}],"predecessor-version":[{"id":2372,"href":"https:\/\/semmelweis.hu\/biztonsag\/wp-json\/wp\/v2\/pages\/2356\/revisions\/2372"}],"wp:attachment":[{"href":"https:\/\/semmelweis.hu\/biztonsag\/wp-json\/wp\/v2\/media?parent=2356"}],"wp:term":[{"taxonomy":"category","embeddable":true,"href":"https:\/\/semmelweis.hu\/biztonsag\/wp-json\/wp\/v2\/categories?post=2356"},{"taxonomy":"post_tag","embeddable":true,"href":"https:\/\/semmelweis.hu\/biztonsag\/wp-json\/wp\/v2\/tags?post=2356"}],"curies":[{"name":"wp","href":"https:\/\/api.w.org\/{rel}","templated":true}]}}