{"id":2346,"date":"2023-05-12T08:13:35","date_gmt":"2023-05-12T06:13:35","guid":{"rendered":"https:\/\/semmelweis.hu\/biztonsag\/?page_id=2346"},"modified":"2023-05-25T14:46:33","modified_gmt":"2023-05-25T12:46:33","slug":"kozossegi-parkolas","status":"publish","type":"page","link":"https:\/\/semmelweis.hu\/biztonsag\/kozossegi-parkolas\/","title":{"rendered":"Dolgoz\u00f3i k\u00f6z\u00f6ss\u00e9gi parkol\u00e1s"},"content":{"rendered":"<h1 style=\"text-align: center\"><strong>DOLGOZ\u00d3I K\u00f6z\u00f6ss\u00e9gi parkol\u00e1s <br \/>\na Fut\u00f3 utca 52-ben<\/strong><\/h1>\n<p style=\"text-align: justify\">A Semmelweis Egyetem Biztons\u00e1gtechnikai Igazgat\u00f3s\u00e1ga lehet\u0151s\u00e9get biztos\u00edt k\u00f6z\u00f6ss\u00e9gi parkol\u00e1sra a Fut\u00f3 utca 52. sz\u00e1m alatt tal\u00e1lhat\u00f3 b\u00e9rlem\u00e9nybe. Ez a lehet\u0151s\u00e9g a szervezeti egys\u00e9gekt\u0151l f\u00fcggetlen. C\u00e9lja, hogy azok a Koll\u00e9g\u00e1k is lehet\u0151s\u00e9get kapjanak az alkalomszer\u0171 parkol\u00e1sra, akik nem rendelkeznek dedik\u00e1lt parkol\u00f3hellyel.<\/p>\n<p style=\"text-align: justify\">A parkol\u00f3h\u00e1zban \u201eOkos\u201d parkol\u00e1si rendszer \u00fczemel, ez\u00e9rt okostelefon mindenk\u00e9ppen sz\u00fcks\u00e9ges a parkol\u00f3h\u00e1z haszn\u00e1lat\u00e1hoz. A soromp\u00f3 rendsz\u00e1mfelismer\u0151 kamer\u00e1val van ell\u00e1tva, \u00edgy a sz\u00fcks\u00e9ges applik\u00e1ci\u00f3 helyes be\u00e1ll\u00edt\u00e1sa ut\u00e1n automatikusan ny\u00edlik. Fontos, hogy mindenkinek saj\u00e1t mag\u00e1nak kell lefoglalni a parkol\u00f3helyet, amely sor\u00e1n meg kell hat\u00e1rozni a parkol\u00f3ba \u00e9rkez\u00e9s\u00fcnket \u00e9s tart\u00f3zkod\u00e1si id\u0151nket<strong><em>. Egyszerre egy foglal\u00e1s lehets\u00e9ges. Amennyiben nem \u00e9rkez\u00fcnk meg az \u00e1ltalunk megadott id\u0151ben, a foglalt id\u0151pontt\u00f3l sz\u00e1m\u00edtva a rendszer egy \u00f3ra ut\u00e1n a foglal\u00e1st t\u00f6rli, ezzel lehet\u0151s\u00e9get biztos\u00edtva m\u00e1soknak is a parkol\u00e1sra.<\/em><\/strong><\/p>\n<p style=\"text-align: justify\">Az \u201eOkos\u201d m\u00e1sn\u00e9ven ParkL rendszer nem az Egyetem \u00f6n\u00e1ll\u00f3 rendszere, hanem teljes Budapest ter\u00fclet\u00e9t beh\u00e1l\u00f3z\u00f3 parkol\u00e1si rendszer<strong><em>. M\u00e1s parkol\u00f3h\u00e1zakban is ki van \u00e9p\u00edtve.<\/em><\/strong> Az applik\u00e1ci\u00f3 seg\u00edts\u00e9g\u00e9vel ezeket is ig\u00e9nybe vehetj\u00fck, de FONTOS kiemelni, hogy <strong><em>annak d\u00edja a parkol\u00e1st ig\u00e9nybe vev\u0151 koll\u00e9g\u00e1t terheli.\u00a0 <\/em><\/strong><\/p>\n<p style=\"text-align: justify\">A parkol\u00e1s felt\u00e9telei:<\/p>\n<ul style=\"text-align: justify\">\n<li>Semmelweis Egyetem munkav\u00e1llal\u00f3j\u00e1nak kell lenni<\/li>\n<li>A parkol\u00e1s kiz\u00e1r\u00f3lag munk\u00e1ba j\u00e1r\u00e1sra haszn\u00e1lhat\u00f3.<\/li>\n<li>A regisztr\u00e1ci\u00f3 kiz\u00e1r\u00f3lag egyetemi e-mail c\u00edmre lehets\u00e9ges<\/li>\n<li>A parkol\u00e1s a parkol\u00f3h\u00e1z 4-5-6 emelet\u00e9n t\u00f6rt\u00e9nhet<\/li>\n<li>A g\u00e9pj\u00e1rm\u0171 hossz\u00fa t\u00e1v\u00fa parkoltat\u00e1sa nem megengedett.<\/li>\n<li>A g\u00e9pj\u00e1rm\u0171vekben t\u00f6rt\u00e9n\u0151 esetleges k\u00e1rok\u00e9rt sem az Egyetem, sem az \u00fczemeltet\u0151 nem felel.<\/li>\n<\/ul>\n<p style=\"text-align: justify\">Parkol\u00f3 c\u00edme:<\/p>\n<p style=\"text-align: justify\"><em><strong>Fut\u00f3 utca 52. Parkol\u00f3<\/strong><\/em><br \/>\n<a href=\"https:\/\/www.google.hu\/maps\/place\/Budapest,+Fut%C3%B3+u.+52,+1082\/@47.4849504,19.0725967,17z\/data=!3m1!4b1!4m5!3m4!1s0x4741dcf780ee88c7:0xec4103c048f384bd!8m2!3d47.4849504!4d19.0747854\">C\u00edm: H-1082 Budapest, Fut\u00f3 utca 52.<\/a><\/p>\n<h3><span style=\"font-size: 14pt\">Regisztr\u00e1ci\u00f3 menet\u00e9r\u0151l itt t\u00e1j\u00e9koz\u00f3dhat: <a href=\"https:\/\/semmelweis.hu\/biztonsag\/files\/2023\/05\/Kozossegi-parkolas-regisztravio-menete.pdf\" target=\"_blank\" rel=\"noopener\">ITT<\/a><\/span><\/h3>\n<p style=\"text-align: justify\"><strong>A parkol\u00f3h\u00e1z h\u00e1zirendj\u00e9nek \u00e9s a felsorolt felt\u00e9telek betart\u00e1sa k\u00f6telez\u0151. Megszeg\u00e9s\u00fck eset\u00e9n a parkol\u00e1si enged\u00e9ly azonnal visszavon\u00e1sra ker\u00fcl! (A letiltott e-mail c\u00edm \u00fajra aktiv\u00e1l\u00e1sra nincs lehet\u0151s\u00e9g!)<\/strong><\/p>\n","protected":false},"excerpt":{"rendered":"<p>DOLGOZ\u00d3I K\u00f6z\u00f6ss\u00e9gi parkol\u00e1s a Fut\u00f3 utca 52-ben A Semmelweis Egyetem Biztons\u00e1gtechnikai Igazgat\u00f3s\u00e1ga lehet\u0151s\u00e9get biztos\u00edt k\u00f6z\u00f6ss\u00e9gi parkol\u00e1sra a Fut\u00f3 utca 52. sz\u00e1m alatt tal\u00e1lhat\u00f3 b\u00e9rlem\u00e9nybe. Ez a lehet\u0151s\u00e9g a szervezeti egys\u00e9gekt\u0151l f\u00fcggetlen. C\u00e9lja, hogy azok a Koll\u00e9g\u00e1k is lehet\u0151s\u00e9get kapjanak az alkalomszer\u0171 parkol\u00e1sra, akik nem rendelkeznek dedik\u00e1lt parkol\u00f3hellyel. A parkol\u00f3h\u00e1zban \u201eOkos\u201d parkol\u00e1si rendszer \u00fczemel, ez\u00e9rt okostelefon &hellip;<\/p>\n","protected":false},"author":102027,"featured_media":0,"parent":0,"menu_order":0,"comment_status":"closed","ping_status":"closed","template":"","meta":{"_acf_changed":false,"footnotes":""},"categories":[],"tags":[8,29,30],"class_list":["post-2346","page","type-page","status-publish","hentry","tag-bti","tag-parkolas","tag-parkolo-foglalas"],"acf":[],"_links":{"self":[{"href":"https:\/\/semmelweis.hu\/biztonsag\/wp-json\/wp\/v2\/pages\/2346","targetHints":{"allow":["GET"]}}],"collection":[{"href":"https:\/\/semmelweis.hu\/biztonsag\/wp-json\/wp\/v2\/pages"}],"about":[{"href":"https:\/\/semmelweis.hu\/biztonsag\/wp-json\/wp\/v2\/types\/page"}],"author":[{"embeddable":true,"href":"https:\/\/semmelweis.hu\/biztonsag\/wp-json\/wp\/v2\/users\/102027"}],"replies":[{"embeddable":true,"href":"https:\/\/semmelweis.hu\/biztonsag\/wp-json\/wp\/v2\/comments?post=2346"}],"version-history":[{"count":8,"href":"https:\/\/semmelweis.hu\/biztonsag\/wp-json\/wp\/v2\/pages\/2346\/revisions"}],"predecessor-version":[{"id":2383,"href":"https:\/\/semmelweis.hu\/biztonsag\/wp-json\/wp\/v2\/pages\/2346\/revisions\/2383"}],"wp:attachment":[{"href":"https:\/\/semmelweis.hu\/biztonsag\/wp-json\/wp\/v2\/media?parent=2346"}],"wp:term":[{"taxonomy":"category","embeddable":true,"href":"https:\/\/semmelweis.hu\/biztonsag\/wp-json\/wp\/v2\/categories?post=2346"},{"taxonomy":"post_tag","embeddable":true,"href":"https:\/\/semmelweis.hu\/biztonsag\/wp-json\/wp\/v2\/tags?post=2346"}],"curies":[{"name":"wp","href":"https:\/\/api.w.org\/{rel}","templated":true}]}}