{"id":23,"date":"2012-01-29T14:32:46","date_gmt":"2012-01-29T13:32:46","guid":{"rendered":"http:\/\/semmelweis-egyetem.hu\/biztonsag\/?page_id=23"},"modified":"2025-09-19T12:37:46","modified_gmt":"2025-09-19T10:37:46","slug":"biztonsagszervezesi-osztaly","status":"publish","type":"page","link":"https:\/\/semmelweis.hu\/biztonsag\/altalanos-informaciok\/biztonsagszervezesi-osztaly\/","title":{"rendered":"Biztons\u00e1gszervez\u00e9si Oszt\u00e1ly"},"content":{"rendered":"<h4>Oszt\u00e1lyvezet\u0151: Dr. K\u00e1tai-Urb\u00e1n Maxim<\/h4>\n<h2>A BIZTONS\u00c1GSZERVEZ\u00c9SI OSZT\u00c1LY FELADATAI:<\/h2>\n<p style=\"text-align: justify\">Az oszt\u00e1ly f\u0151 feladata ir\u00e1ny\u00edtani, szervezni, koordin\u00e1lni \u00e9s vizsg\u00e1lni az Egyetem munka-, t\u0171z- \u00e9s polg\u00e1ri v\u00e9delmi tev\u00e9kenys\u00e9g\u00e9t. Az Egyetem munkav\u00e1llal\u00f3inak, valamint az els\u0151 \u00e9ves hallgat\u00f3inak munka-, t\u0171z- \u00e9s polg\u00e1ri v\u00e9delmi oktat\u00e1st tartani, ehhez az oktat\u00e1si anyagot \u00f6ssze\u00e1ll\u00edtani, folyamatosan aktualiz\u00e1lni. \u00d6ssze\u00e1ll\u00edtani, aktualiz\u00e1lni az Egyetem munka-, t\u0171z-, katasztr\u00f3fav\u00e9delmi \u00e9s polg\u00e1ri v\u00e9delmi, \u00e9s rendezv\u00e9nybiztos\u00edt\u00e1si szab\u00e1lyzat\u00e1t.<\/p>\n<h5>\u00a0<\/h5>\n<h5 style=\"text-align: justify\">MUNKAV\u00c9DELMI-, T\u0170ZV\u00c9DELMI-, POLG\u00c1RI- \u00c9S KATASZT\u00d3FAV\u00c9DELMI SZAKMAI VEZET\u0150K<\/h5>\n<p style=\"text-align: justify\">A szakter\u00fcleti szakmai vezet\u0151k felel\u0151sek az Egyetemen foly\u00f3 szaktev\u00e9kenys\u00e9gek ir\u00e1ny\u00edt\u00e1s\u00e1\u00e9rt. Szervezik \u00e9s vezetik a Biztons\u00e1gszervez\u00e9si Oszt\u00e1ly szakir\u00e1ny\u00fa v\u00e9gzets\u00e9ggel rendelkez\u0151 munkat\u00e1rsainak tev\u00e9kenys\u00e9g\u00e9t, \u00f6sszefogj\u00e1k \u00e9s ir\u00e1ny\u00edtj\u00e1k az adott szakmai ter\u00fcletet.<\/p>\n<h5>\u00a0<\/h5>\n<h5 style=\"text-align: justify\">T\u0170ZV\u00c9DELMI OPERAT\u00cdV IR\u00c1NY\u00cdT\u00d3<\/h5>\n<p style=\"text-align: justify\">Az Egyetemen foly\u00f3 t\u0171zv\u00e9delmi feladatokat operat\u00edvan ir\u00e1ny\u00edtja \u2013 ezen bel\u00fcl k\u00fcl\u00f6n\u00f6sen a t\u0171zv\u00e9delmi ter\u00fcletet \u00e9rint\u0151 gyakorlati jelleg\u0171 szaktev\u00e9kenys\u00e9get. A Biztons\u00e1gszervez\u00e9si Oszt\u00e1ly t\u0171zv\u00e9delmi k\u00e9pzetts\u00e9ggel rendelkez\u0151 munkat\u00e1rsainak gyakorlati szempont\u00fa tev\u00e9kenys\u00e9g\u00e9t ellen\u0151rzi \u00e9s seg\u00edti, az Egyetemmel szerz\u0151d\u00e9sben \u00e1ll\u00f3 t\u0171zv\u00e9delmi szolg\u00e1ltat\u00f3k munk\u00e1j\u00e1nak szerz\u0151d\u00e9sszer\u0171 teljes\u00edt\u00e9st ellen\u0151rzi.<\/p>\n<h5>\u00a0<\/h5>\n<h5>BIZTONS\u00c1GTECHNIKAI KOORDIN\u00c1TOROK \u00c9S SZAK\u00c9RT\u0150K<\/h5>\n<p style=\"text-align: justify\">\u00c9ves munkaterv alapj\u00e1n egy\u00fcttes munka- \u00e9s t\u0171zv\u00e9delmi ellen\u0151rz\u00e9st tartanak az Egyetem szervezeti egys\u00e9gein\u00e9l, mely sor\u00e1n ellen\u0151rz\u00e9sre ker\u00fcl, hogy az oktat\u00e1si, gy\u00f3gy\u00edt\u00e1si \u00e9s kutat\u00e1si tev\u00e9kenys\u00e9g v\u00e9gz\u00e9sekor a munka- \u00e9s t\u0171zv\u00e9delmi jogszab\u00e1lyokban foglaltak \u00e9rv\u00e9nyre jutnak-e. Szakmai ir\u00e1ny\u00edt\u00e1st, tan\u00e1csad\u00e1st adnak a szervezeti egys\u00e9gek kijel\u00f6lt munka- \u00e9s t\u0171zv\u00e9delmi megb\u00edzottjainak. Hi\u00e1nyoss\u00e1g eset\u00e9n int\u00e9zked\u00e9si javaslatot tesznek, illetve int\u00e9zked\u00e9st kezdem\u00e9nyeznek.<\/p>\n<p style=\"text-align: justify\">Szakmailag ir\u00e1ny\u00edtj\u00e1k, illetve ellen\u0151rzik a ter\u00fcletileg illet\u00e9kes hat\u00f3s\u00e1gok r\u00e9sz\u00e9re jogszab\u00e1lyban el\u0151\u00edrt bejelent\u00e9si k\u00f6telezetts\u00e9gek hat\u00e1rid\u0151re t\u00f6rt\u00e9n\u0151 teljes\u00edt\u00e9s\u00e9t.<\/p>\n<p style=\"text-align: justify\">Seg\u00edts\u00e9get ny\u00fajtanak a hat\u00f3s\u00e1gi elj\u00e1r\u00e1sok, enged\u00e9lyez\u00e9sek lebonyol\u00edt\u00e1s\u00e1ban. El\u0151zetes ki\u00e9rtes\u00edt\u00e9s alapj\u00e1n r\u00e9szt vesznek az egyetem szervezeti egys\u00e9gein\u00e9l tartand\u00f3 hat\u00f3s\u00e1gi ellen\u0151rz\u00e9seken.<\/p>\n<p style=\"text-align: justify\">Az Egyetemen foly\u00f3 \u00a0oktat\u00e1si,\u00a0gy\u00f3gy\u00edt\u00e1si \u00e9s kutat\u00e1si tev\u00e9kenys\u00e9ggel \u00f6sszef\u00fcgg\u0151 munka- \u00e9s t\u0171zv\u00e9delmi feladatokat koordin\u00e1lj\u00e1k, ellen\u0151rzik, a felmer\u00fcl\u0151 probl\u00e9m\u00e1kkal kapcsolatos bejelent\u00e9seket fogadj\u00e1k, r\u00f6gz\u00edtik, ki\u00e9rt\u00e9kelik, \u2013 adott esetben \u2013 elh\u00e1r\u00edtj\u00e1k.<\/p>\n<p style=\"text-align: justify\">V\u00e9gzik az egyetem ter\u00fclet\u00e9n a Munkav\u00e9delmi t\u00f6rv\u00e9nyben le\u00edrtak alapj\u00e1n munkabiztons\u00e1gi szaktev\u00e9kenys\u00e9gnek min\u0151s\u00edtett feladatokat, valamint a t\u0171zv\u00e9delmi szakfeladatokat.<\/p>\n<p style=\"text-align: justify\">Felk\u00e9r\u00e9s eset\u00e9n r\u00e9szt vesznek az egyetem szervezeti egys\u00e9gein\u00e9l a l\u00e9tes\u00edtm\u00e9nyek, g\u00e9pek \u00e9s berendez\u00e9sek \u00fczembe helyez\u00e9si elj\u00e1r\u00e1sain.<\/p>\n<p style=\"text-align: justify\">Az Egyetem szervezeti egys\u00e9gein\u00e9l bek\u00f6vetkezett \u2013 \u00e9s az Igazgat\u00f3s\u00e1gra bejelentett \u2013 munkabalesetekr\u0151l nyilv\u00e1ntart\u00e1st vezetnek, a sz\u00fcks\u00e9ges kivizsg\u00e1l\u00e1sokat elv\u00e9gzik, k\u00f6zrem\u0171k\u00f6dnek a dolgoz\u00f3i k\u00e1rt\u00e9r\u00edt\u00e9sekkel kapcsolatban.<\/p>\n<p style=\"text-align: justify\">R\u00e9szt vesztnek az egyetem ter\u00fclet\u00e9n keletkezett t\u0171zesetek, munkabalesetek, foglalkoz\u00e1si megbeteged\u00e9sek kivizsg\u00e1l\u00e1s\u00e1ban.<\/p>\n<p style=\"text-align: justify\">Heti rendszeress\u00e9ggel v\u00e9gzik az \u00faj bel\u00e9p\u0151 munkav\u00e1llal\u00f3k k\u00f6zponti oktat\u00e1s\u00e1t, azok dokument\u00e1l\u00e1s\u00e1t. Tan\u00e9vkezd\u00e9skor r\u00e9szt vesznek az els\u0151 \u00e9ves egyetemi hallgat\u00f3k munka- \u00e9s t\u0171zv\u00e9delmi oktat\u00e1s\u00e1ban.<\/p>\n<p style=\"text-align: justify\">Egyedi oktat\u00e1si feladatk\u00e9nt felk\u00e9r\u00e9sre elv\u00e9gzik a g\u00e1zpalack kezel\u0151k k\u00e9pz\u00e9s\u00e9t \u00e9s vizsg\u00e1ztat\u00e1s\u00e1t.<\/p>\n<p style=\"text-align: justify\">Az Egyetem t\u0171zv\u00e9delmi helyzet\u00e9nek jav\u00edt\u00e1sa az adott gazdas\u00e1gi lehet\u0151s\u00e9gek figyelembe v\u00e9tel\u00e9vel, folyamatos korszer\u0171s\u00edt\u00e9s\u00e9nek megszervez\u00e9se, szakmai koordin\u00e1l\u00e1sa.<\/p>\n<p style=\"text-align: justify\">Az Egyetemen t\u00f6rt\u00e9n\u0151 beruh\u00e1z\u00e1sok, fel\u00faj\u00edt\u00e1sok, b\u0151v\u00edt\u00e9sek, \u00e1talak\u00edt\u00e1sok el\u0151k\u00e9sz\u00edt\u00e9se \u00e9s megval\u00f3s\u00edt\u00e1sa sor\u00e1n el\u0151seg\u00edtik \u00e9s ellen\u0151rzik a munka- \u00e9s t\u0171zv\u00e9delmi szab\u00e1lyok \u00e9rv\u00e9nyes\u00fcl\u00e9s\u00e9t.<\/p>\n<p style=\"text-align: justify\">A t\u0171zv\u00e9delmi szolg\u00e1ltat\u00e1st ny\u00fajt\u00f3 c\u00e9gek tev\u00e9kenys\u00e9g\u00e9t rendszeresen monitorozz\u00e1k.<\/p>\n<p style=\"text-align: justify\">Fel\u00fcgyelik a T\u0171zriad\u00f3 Tervben foglaltak gyakoroltat\u00e1s\u00e1t, k\u00e9r\u00e9sre a lebonyol\u00edt\u00e1shoz seg\u00edts\u00e9get ny\u00fajtanak.<\/p>\n<p style=\"text-align: justify\">Folyamatos szakmai kapcsolatot tartanak a hat\u00f3s\u00e1gokkal.<\/p>\n<h5>\u00a0<\/h5>\n<h5>BIZTONS\u00c1GTECHNIKAI TER\u00dcLETI KOORDIN\u00c1TOROK<\/h5>\n<p style=\"text-align: justify\">Az el\u0151z\u0151 bekezd\u00e9sben foglaltakat az Egyetem t\u00f6mbszer\u0171en m\u0171k\u00f6d\u0151 szervezeti egys\u00e9gein\u00e9l kihelyezve v\u00e9gzik. Munkav\u00e9gz\u00e9s\u00fck sor\u00e1n szorosan egy\u00fcttm\u0171k\u00f6dnek a t\u00f6mbszer\u0171en m\u0171k\u00f6d\u0151 szervezeti egys\u00e9gek vezet\u0151ivel.<\/p>\n<h5>\u00a0<\/h5>\n<h5>KATASZTR\u00d3FAV\u00c9DELMI \u00c9S POLG\u00c1RI V\u00c9DELMI CSOPORT\u00a0<\/h5>\n<p style=\"text-align: justify\">Az Egyetem Tanulm\u00e1nyi \u00e9s Vizsgaszab\u00e1lyzata el\u0151\u00edr\u00e1sainak megfelel\u0151en v\u00e9gzik a Gy\u00f3gyszer\u00e9sztudom\u00e1nyi Karon a &#8222;Polg\u00e1ri v\u00e9delmi \u00e9s katasztr\u00f3fav\u00e9delmi ismeretek&#8221; c. tant\u00e1rgy oktat\u00e1s\u00e1t az I. \u00e9s II. \u00e9vfolyamon magyar nyelven. az \u00c1OK-n \u00e9s \u2013 a 2016\/2017-es tan\u00e9vt\u0151l \u2013 a FOK-on \u201cA katasztr\u00f3fa-felsz\u00e1mol\u00e1s eg\u00e9szs\u00e9g\u00fcgyi alapjai\u201d c. tant\u00e1rgy oktat\u00e1s\u00e1t a III. \u00e9vfolyam hallgat\u00f3inak angol \u00e9s n\u00e9met nyelven. Az \u00c1OK-on a 2021\/22\/1 szemesztert\u0151l csak angol nyelv\u0171 oktat\u00e1s van. Az ETK (8 szakir\u00e1ny\u00e1n) II. \u00e9vfolyamos r\u00e9szid\u0151s \u00e9s nappali tagozatos hallgat\u00f3i r\u00e9sz\u00e9re &#8222;A katasztr\u00f3fa-felsz\u00e1mol\u00e1s eg\u00e9szs\u00e9g\u00fcgyi alapja&#8221; c. tant\u00e1rgy 1-2 modul oktat\u00e1sa folyik magyar nyelven.<\/p>\n<p style=\"text-align: justify\">A polg\u00e1ri v\u00e9delmi \u2013 katasztr\u00f3fav\u00e9delmi felk\u00e9sz\u00edt\u00e9shez \u00e9s oktat\u00e1shoz sz\u00fcks\u00e9ges oktat\u00e1si \u00e9s seg\u00e9danyagokat az oktat\u00f3kkal egyeztetve \u00f6ssze\u00e1ll\u00edtj\u00e1k a tant\u00e1rgy programj\u00e1nak megfelel\u0151en. Kapcsolatot tartanak akarok D\u00e9k\u00e1ni Hivatalaival, az Oktat\u00e1sigazgat\u00e1si Hivatallal,, valamint a karok Tanulm\u00e1nyi Oszt\u00e1lyaival az \u00f3rarendek egyeztet\u00e9se, valamint az el\u0151ad\u00e1sok id\u0151pontjainak, helysz\u00edneinek, el\u0151ad\u00f3termek kijel\u00f6l\u00e9s\u00e9nek \u00e9s berendez\u00e9s\u00e9nek koordin\u00e1l\u00e1sa \u00e9rdek\u00e9ben.<\/p>\n<p style=\"text-align: justify\">V\u00e9gzik az Egyetem munkav\u00e1llal\u00f3inak polg\u00e1ri-, \u00e9s katasztr\u00f3fav\u00e9delmi oktat\u00e1s\u00e1t, valamint \u00e9ves rendszeress\u00e9ggel a szervezeti egys\u00e9gekn\u00e9l megb\u00edzott katasztr\u00f3fav\u00e9delmi felel\u0151s\u00f6k k\u00e9pz\u00e9s\u00e9t.K\u00f6zrem\u0171k\u00f6dnek a katasztr\u00f3fav\u00e9delmi tervek (Integr\u00e1lt Eg\u00e9szs\u00e9g\u00fcgyi V\u00e1ls\u00e1ghelyzeti \u00e9s Honv\u00e9delmi Int\u00e9zked\u00e9si Terv, \u00dczemeltet\u0151i biztons\u00e1gi terv) elk\u00e9sz\u00edt\u00e9s\u00e9ben, aktualiz\u00e1l\u00e1s\u00e1ban.<\/p>\n<p style=\"text-align: justify\">A k\u00f6zponti \u00e9s munkahelyi polg\u00e1ri v\u00e9delmi szervezetek megalak\u00edt\u00e1sa sor\u00e1n gondoskodnak arr\u00f3l, hogy a szervezet tagjai megismerj\u00e9k a katasztr\u00f3fa eset\u00e9n a ment\u00e9sre, valamint a k\u00e1rok enyh\u00edt\u00e9s\u00e9re vonatkoz\u00f3 rendszab\u00e1lyokat.<\/p>\n<h5>\u00a0<\/h5>\n<h5>RENDEZV\u00c9NYBIZTOS\u00cdT\u00c1SI CSOPORT<\/h5>\n<p style=\"text-align: justify\">Kiz\u00e1r\u00f3lagosan v\u00e9gzik az Egyetem rendezv\u00e9nyeivel kapcsolatos hat\u00f3s\u00e1gi bejelent\u00e9seket, enged\u00e9lyeztet\u00e9seket.<\/p>\n<p style=\"text-align: justify\">A megadott adatok alapj\u00e1n elv\u00e9gzik a kapcsol\u00f3d\u00f3 sz\u00e1m\u00edt\u00e1sokat, kidolgozz\u00e1k a rendezv\u00e9nyek biztons\u00e1gi terveit.<\/p>\n<p style=\"text-align: justify\">Az el\u0151k\u00e9sz\u00edt\u00e9si munk\u00e1latokon k\u00edv\u00fcl ellen\u0151rzik a rendezv\u00e9nyek lebonyol\u00edt\u00e1s\u00e1t.<\/p>\n\r\n        [slb_exclude]\r\n        <div class=\"row galeria-wrapper mx-0 h-auto\">\r\n            <div class=\"col-9 pl-0 pr-2\">\r\n            <span class=\"gallery-item frame\">\r\n\t\t\t\t<div class=\"galeria-left-img\"><a href=\"https:\/\/semmelweis.hu\/biztonsag\/files\/2019\/01\/RS54093_KA-20161012-IMG_0552-scr.jpg\"><img src=https:\/\/semmelweis.hu\/biztonsag\/files\/2019\/01\/RS54093_KA-20161012-IMG_0552-scr.jpg  \r\n                            alt=\"Elz\u00e1rk\u00f3z\u00e1si gyakorlat\" \r\n                            class=\"attachment-sote-gallery-big size-sote-gallery-big\" \r\n                            srcset=\"https:\/\/semmelweis.hu\/biztonsag\/files\/2019\/01\/RS54093_KA-20161012-IMG_0552-scr-300x200.jpg 300w, https:\/\/semmelweis.hu\/biztonsag\/files\/2019\/01\/RS54093_KA-20161012-IMG_0552-scr-768x512.jpg 768w, https:\/\/semmelweis.hu\/biztonsag\/files\/2019\/01\/RS54093_KA-20161012-IMG_0552-scr-450x300.jpg 450w, https:\/\/semmelweis.hu\/biztonsag\/files\/2019\/01\/RS54093_KA-20161012-IMG_0552-scr.jpg 950w\" ><\/a><\/div>\r\n            <\/span>\r\n\r\n            <\/div>\r\n\r\n\t\t\t<div class=\"col-3 pl-0 pr-0\">\r\n\t\t\t\t<div class=\"galeria-right-img d-flex justify-content-between flex-column h-100 w-100 px-0 mx-0 \">\r\n                <div class=\"galeria-box\">\r\n\t\t\t\t\t<h3 class=\"galeria-title\">Gal\u00e9ria<\/h3>\r\n\t\t\t\t\t<div class=\"galeria-subtitle\">\r\n\r\n\t\t\t\t\t\t<div class=\"galeria-page-counter\"><span>12<\/span>k\u00e9p<\/div>\r\n                    <\/div> <\/div>\r\n                    <span class=\"gallery-item frame d-none d-md-flex\">\r\n\t\t\t\t\t<div class=\"galeria-small-img mt-0\"><a href=\"https:\/\/semmelweis.hu\/biztonsag\/files\/2019\/01\/RS54097_KA-20161012-IMG_0539-scr.jpg\"><img src=https:\/\/semmelweis.hu\/biztonsag\/files\/2019\/01\/RS54097_KA-20161012-IMG_0539-scr.jpg \r\n                                alt=\"Elz\u00e1rk\u00f3z\u00e1si gyakorlat\"  \r\n                                class=\"attachment-sote-gallery-small size-sote-gallery-small\" \r\n                                srcset=\"https:\/\/semmelweis.hu\/biztonsag\/files\/2019\/01\/RS54097_KA-20161012-IMG_0539-scr-300x200.jpg 300w, https:\/\/semmelweis.hu\/biztonsag\/files\/2019\/01\/RS54097_KA-20161012-IMG_0539-scr-768x512.jpg 768w, https:\/\/semmelweis.hu\/biztonsag\/files\/2019\/01\/RS54097_KA-20161012-IMG_0539-scr-450x300.jpg 450w, https:\/\/semmelweis.hu\/biztonsag\/files\/2019\/01\/RS54097_KA-20161012-IMG_0539-scr.jpg 950w\" ><\/a><\/div>\r\n                    <\/span>\r\n                    <span class=\"gallery-item frame d-none d-md-flex\">\r\n\t\t\t\t\t<div class=\"galeria-small-img mt-0\"><a href=\"https:\/\/semmelweis.hu\/biztonsag\/files\/2019\/01\/RS54126_KA-20161012-IMG_0463-scr.jpg\"><img src=https:\/\/semmelweis.hu\/biztonsag\/files\/2019\/01\/RS54126_KA-20161012-IMG_0463-scr.jpg \r\n                                alt=\"T\u0171zv\u00e9delmi gyakorlat\" \r\n                                class=\"attachment-sote-gallery-small size-sote-gallery-small\" \r\n                                srcset=\"https:\/\/semmelweis.hu\/biztonsag\/files\/2019\/01\/RS54126_KA-20161012-IMG_0463-scr-300x200.jpg 300w, https:\/\/semmelweis.hu\/biztonsag\/files\/2019\/01\/RS54126_KA-20161012-IMG_0463-scr-768x512.jpg 768w, https:\/\/semmelweis.hu\/biztonsag\/files\/2019\/01\/RS54126_KA-20161012-IMG_0463-scr-450x300.jpg 450w, https:\/\/semmelweis.hu\/biztonsag\/files\/2019\/01\/RS54126_KA-20161012-IMG_0463-scr.jpg 950w\" ><\/a><\/div>\r\n                    <\/span>\r\n\r\n                <\/div>\r\n\r\n            <\/div>\r\n\r\n            <span class=\"gallery-item\"><div class=\"hidden\"><a href=\"https:\/\/semmelweis.hu\/biztonsag\/files\/2019\/01\/RS62564_IMG_4463-scr.jpg\">\r\n        <img src=https:\/\/semmelweis.hu\/biztonsag\/files\/2019\/01\/RS62564_IMG_4463-scr.jpg alt=\"T\u0171zv\u00e9delmi gyakorlat\" class=\"attachment-sote-gallery-big size-sote-gallery-big\" srcset=\"https:\/\/semmelweis.hu\/biztonsag\/files\/2019\/01\/RS62564_IMG_4463-scr-300x200.jpg 300w, https:\/\/semmelweis.hu\/biztonsag\/files\/2019\/01\/RS62564_IMG_4463-scr-768x512.jpg 768w, https:\/\/semmelweis.hu\/biztonsag\/files\/2019\/01\/RS62564_IMG_4463-scr-450x300.jpg 450w, https:\/\/semmelweis.hu\/biztonsag\/files\/2019\/01\/RS62564_IMG_4463-scr.jpg 950w\" >\r\n        <\/a><\/div><\/span><span class=\"gallery-item\"><div class=\"hidden\"><a href=\"https:\/\/semmelweis.hu\/biztonsag\/files\/2019\/01\/RS62569_IMG_4452-scr.jpg\">\r\n        <img src=https:\/\/semmelweis.hu\/biztonsag\/files\/2019\/01\/RS62569_IMG_4452-scr.jpg alt=\"T\u0171zv\u00e9delmi gyakorlat\" class=\"attachment-sote-gallery-big size-sote-gallery-big\" srcset=\"https:\/\/semmelweis.hu\/biztonsag\/files\/2019\/01\/RS62569_IMG_4452-scr-300x200.jpg 300w, https:\/\/semmelweis.hu\/biztonsag\/files\/2019\/01\/RS62569_IMG_4452-scr-768x512.jpg 768w, https:\/\/semmelweis.hu\/biztonsag\/files\/2019\/01\/RS62569_IMG_4452-scr-450x300.jpg 450w, https:\/\/semmelweis.hu\/biztonsag\/files\/2019\/01\/RS62569_IMG_4452-scr.jpg 950w\" >\r\n        <\/a><\/div><\/span><span class=\"gallery-item\"><div class=\"hidden\"><a href=\"https:\/\/semmelweis.hu\/biztonsag\/files\/2019\/01\/RS62573_IMG_4430-scr.jpg\">\r\n        <img src=https:\/\/semmelweis.hu\/biztonsag\/files\/2019\/01\/RS62573_IMG_4430-scr.jpg alt=\"T\u0171zv\u00e9delmi gyakorlat\" class=\"attachment-sote-gallery-big size-sote-gallery-big\" srcset=\"https:\/\/semmelweis.hu\/biztonsag\/files\/2019\/01\/RS62573_IMG_4430-scr-300x200.jpg 300w, https:\/\/semmelweis.hu\/biztonsag\/files\/2019\/01\/RS62573_IMG_4430-scr-768x512.jpg 768w, https:\/\/semmelweis.hu\/biztonsag\/files\/2019\/01\/RS62573_IMG_4430-scr-450x300.jpg 450w, https:\/\/semmelweis.hu\/biztonsag\/files\/2019\/01\/RS62573_IMG_4430-scr.jpg 950w\" >\r\n        <\/a><\/div><\/span><span class=\"gallery-item\"><div class=\"hidden\"><a href=\"https:\/\/semmelweis.hu\/biztonsag\/files\/2019\/01\/RS62578_IMG_4402-scr.jpg\">\r\n        <img src=https:\/\/semmelweis.hu\/biztonsag\/files\/2019\/01\/RS62578_IMG_4402-scr.jpg alt=\"T\u0171zv\u00e9delmi gyakorlat\" class=\"attachment-sote-gallery-big size-sote-gallery-big\" srcset=\"https:\/\/semmelweis.hu\/biztonsag\/files\/2019\/01\/RS62578_IMG_4402-scr-300x200.jpg 300w, https:\/\/semmelweis.hu\/biztonsag\/files\/2019\/01\/RS62578_IMG_4402-scr-768x512.jpg 768w, https:\/\/semmelweis.hu\/biztonsag\/files\/2019\/01\/RS62578_IMG_4402-scr-450x300.jpg 450w, https:\/\/semmelweis.hu\/biztonsag\/files\/2019\/01\/RS62578_IMG_4402-scr.jpg 950w\" >\r\n        <\/a><\/div><\/span><span class=\"gallery-item\"><div class=\"hidden\"><a href=\"https:\/\/semmelweis.hu\/biztonsag\/files\/2019\/01\/RS62587_IMG_4363-scr.jpg\">\r\n        <img src=https:\/\/semmelweis.hu\/biztonsag\/files\/2019\/01\/RS62587_IMG_4363-scr.jpg alt=\"T\u0171zv\u00e9delmi gyakorlat\" class=\"attachment-sote-gallery-big size-sote-gallery-big\" srcset=\"https:\/\/semmelweis.hu\/biztonsag\/files\/2019\/01\/RS62587_IMG_4363-scr-300x200.jpg 300w, https:\/\/semmelweis.hu\/biztonsag\/files\/2019\/01\/RS62587_IMG_4363-scr-768x512.jpg 768w, https:\/\/semmelweis.hu\/biztonsag\/files\/2019\/01\/RS62587_IMG_4363-scr-450x300.jpg 450w, https:\/\/semmelweis.hu\/biztonsag\/files\/2019\/01\/RS62587_IMG_4363-scr.jpg 950w\" >\r\n        <\/a><\/div><\/span><span class=\"gallery-item\"><div class=\"hidden\"><a href=\"https:\/\/semmelweis.hu\/biztonsag\/files\/2019\/01\/RS62635_IMG_4208-scr.jpg\">\r\n        <img src=https:\/\/semmelweis.hu\/biztonsag\/files\/2019\/01\/RS62635_IMG_4208-scr.jpg alt=\"T\u0171zv\u00e9delmi gyakorlat\" class=\"attachment-sote-gallery-big size-sote-gallery-big\" srcset=\"https:\/\/semmelweis.hu\/biztonsag\/files\/2019\/01\/RS62635_IMG_4208-scr-300x200.jpg 300w, https:\/\/semmelweis.hu\/biztonsag\/files\/2019\/01\/RS62635_IMG_4208-scr-768x512.jpg 768w, https:\/\/semmelweis.hu\/biztonsag\/files\/2019\/01\/RS62635_IMG_4208-scr-450x300.jpg 450w, https:\/\/semmelweis.hu\/biztonsag\/files\/2019\/01\/RS62635_IMG_4208-scr.jpg 950w\" >\r\n        <\/a><\/div><\/span><span class=\"gallery-item\"><div class=\"hidden\"><a href=\"https:\/\/semmelweis.hu\/biztonsag\/files\/2019\/01\/RS62660_IMG_4147-scr.jpg\">\r\n        <img src=https:\/\/semmelweis.hu\/biztonsag\/files\/2019\/01\/RS62660_IMG_4147-scr.jpg alt=\"T\u0171zv\u00e9delmi gyakorlat\" class=\"attachment-sote-gallery-big size-sote-gallery-big\" srcset=\"https:\/\/semmelweis.hu\/biztonsag\/files\/2019\/01\/RS62660_IMG_4147-scr-300x200.jpg 300w, https:\/\/semmelweis.hu\/biztonsag\/files\/2019\/01\/RS62660_IMG_4147-scr-768x512.jpg 768w, https:\/\/semmelweis.hu\/biztonsag\/files\/2019\/01\/RS62660_IMG_4147-scr-450x300.jpg 450w, https:\/\/semmelweis.hu\/biztonsag\/files\/2019\/01\/RS62660_IMG_4147-scr.jpg 950w\" >\r\n        <\/a><\/div><\/span><span class=\"gallery-item\"><div class=\"hidden\"><a href=\"https:\/\/semmelweis.hu\/biztonsag\/files\/2019\/01\/RS66158_DA_20170906_9660-scr.jpg\">\r\n        <img src=https:\/\/semmelweis.hu\/biztonsag\/files\/2019\/01\/RS66158_DA_20170906_9660-scr.jpg alt=\"Port\u00e1 tov\u00e1bbk\u00e9pz\u00e9s - Z\u00e1gr\u00e1bi \u00fat\" class=\"attachment-sote-gallery-big size-sote-gallery-big\" srcset=\"https:\/\/semmelweis.hu\/biztonsag\/files\/2019\/01\/RS66158_DA_20170906_9660-scr-300x200.jpg 300w, https:\/\/semmelweis.hu\/biztonsag\/files\/2019\/01\/RS66158_DA_20170906_9660-scr-768x512.jpg 768w, https:\/\/semmelweis.hu\/biztonsag\/files\/2019\/01\/RS66158_DA_20170906_9660-scr-450x300.jpg 450w, https:\/\/semmelweis.hu\/biztonsag\/files\/2019\/01\/RS66158_DA_20170906_9660-scr.jpg 950w\" >\r\n        <\/a><\/div><\/span><span class=\"gallery-item\"><div class=\"hidden\"><a href=\"https:\/\/semmelweis.hu\/biztonsag\/files\/2019\/01\/RS66160_DA_20170906_9678-scr.jpg\">\r\n        <img src=https:\/\/semmelweis.hu\/biztonsag\/files\/2019\/01\/RS66160_DA_20170906_9678-scr.jpg alt=\"Port\u00e1 tov\u00e1bbk\u00e9pz\u00e9s - Z\u00e1gr\u00e1bi \u00fat\" class=\"attachment-sote-gallery-big size-sote-gallery-big\" srcset=\"https:\/\/semmelweis.hu\/biztonsag\/files\/2019\/01\/RS66160_DA_20170906_9678-scr-300x200.jpg 300w, https:\/\/semmelweis.hu\/biztonsag\/files\/2019\/01\/RS66160_DA_20170906_9678-scr-768x512.jpg 768w, https:\/\/semmelweis.hu\/biztonsag\/files\/2019\/01\/RS66160_DA_20170906_9678-scr-450x300.jpg 450w, https:\/\/semmelweis.hu\/biztonsag\/files\/2019\/01\/RS66160_DA_20170906_9678-scr.jpg 950w\" >\r\n        <\/a><\/div><\/span>\r\n            <\/div>\r\n\r\n            [\/slb_exclude]\r\n\t\n","protected":false},"excerpt":{"rendered":"<p>Oszt\u00e1lyvezet\u0151: Dr. K\u00e1tai-Urb\u00e1n Maxim A BIZTONS\u00c1GSZERVEZ\u00c9SI OSZT\u00c1LY FELADATAI: Az oszt\u00e1ly f\u0151 feladata ir\u00e1ny\u00edtani, szervezni, koordin\u00e1lni \u00e9s vizsg\u00e1lni az Egyetem munka-, t\u0171z- \u00e9s polg\u00e1ri v\u00e9delmi tev\u00e9kenys\u00e9g\u00e9t. Az Egyetem munkav\u00e1llal\u00f3inak, valamint az els\u0151 \u00e9ves hallgat\u00f3inak munka-, t\u0171z- \u00e9s polg\u00e1ri v\u00e9delmi oktat\u00e1st tartani, ehhez az oktat\u00e1si anyagot \u00f6ssze\u00e1ll\u00edtani, folyamatosan aktualiz\u00e1lni. \u00d6ssze\u00e1ll\u00edtani, aktualiz\u00e1lni az Egyetem munka-, t\u0171z-, katasztr\u00f3fav\u00e9delmi \u00e9s &hellip;<\/p>\n","protected":false},"author":8,"featured_media":0,"parent":5,"menu_order":1,"comment_status":"closed","ping_status":"closed","template":"","meta":{"_acf_changed":false,"footnotes":""},"categories":[],"tags":[],"class_list":["post-23","page","type-page","status-publish","hentry"],"acf":[],"_links":{"self":[{"href":"https:\/\/semmelweis.hu\/biztonsag\/wp-json\/wp\/v2\/pages\/23","targetHints":{"allow":["GET"]}}],"collection":[{"href":"https:\/\/semmelweis.hu\/biztonsag\/wp-json\/wp\/v2\/pages"}],"about":[{"href":"https:\/\/semmelweis.hu\/biztonsag\/wp-json\/wp\/v2\/types\/page"}],"author":[{"embeddable":true,"href":"https:\/\/semmelweis.hu\/biztonsag\/wp-json\/wp\/v2\/users\/8"}],"replies":[{"embeddable":true,"href":"https:\/\/semmelweis.hu\/biztonsag\/wp-json\/wp\/v2\/comments?post=23"}],"version-history":[{"count":11,"href":"https:\/\/semmelweis.hu\/biztonsag\/wp-json\/wp\/v2\/pages\/23\/revisions"}],"predecessor-version":[{"id":2594,"href":"https:\/\/semmelweis.hu\/biztonsag\/wp-json\/wp\/v2\/pages\/23\/revisions\/2594"}],"up":[{"embeddable":true,"href":"https:\/\/semmelweis.hu\/biztonsag\/wp-json\/wp\/v2\/pages\/5"}],"wp:attachment":[{"href":"https:\/\/semmelweis.hu\/biztonsag\/wp-json\/wp\/v2\/media?parent=23"}],"wp:term":[{"taxonomy":"category","embeddable":true,"href":"https:\/\/semmelweis.hu\/biztonsag\/wp-json\/wp\/v2\/categories?post=23"},{"taxonomy":"post_tag","embeddable":true,"href":"https:\/\/semmelweis.hu\/biztonsag\/wp-json\/wp\/v2\/tags?post=23"}],"curies":[{"name":"wp","href":"https:\/\/api.w.org\/{rel}","templated":true}]}}