{"id":2271,"date":"2022-07-13T09:04:48","date_gmt":"2022-07-13T07:04:48","guid":{"rendered":"https:\/\/semmelweis.hu\/biztonsag\/?page_id=2271"},"modified":"2022-07-13T09:10:07","modified_gmt":"2022-07-13T07:10:07","slug":"net-tuzvedelmi-oktato-video-menekulesi-utvonalak","status":"publish","type":"page","link":"https:\/\/semmelweis.hu\/biztonsag\/net-tuzvedelmi-oktato-video-menekulesi-utvonalak\/","title":{"rendered":"NET t\u0171zv\u00e9delmi oktat\u00f3 vide\u00f3 &#8211; Menek\u00fcl\u00e9si \u00fatvonalak"},"content":{"rendered":"<h3 style=\"text-align: justify\">Egyetemi polg\u00e1rok, hallgat\u00f3k, tanul\u00f3k, l\u00e1togat\u00f3k r\u00e9sz\u00e9re k\u00e9sz\u00edtett t\u0171zv\u00e9delmi oktat\u00f3 vide\u00f3 a Nagyv\u00e1rad t\u00e9ri Elm\u00e9leti T\u00f6mb (NET) menek\u00fcl\u00e9si \u00fatvonalair\u00f3l \u00e9s a biztons\u00e1gos ki\u00fcr\u00edt\u00e9s rendj\u00e9r\u0151l.<\/h3>\n<p><iframe loading=\"lazy\" title=\"T\u0171zv\u00e9delmi oktat\u00f3film al\u00e1mond\u00e1ssal - NET\" width=\"753\" height=\"424\" src=\"https:\/\/www.youtube.com\/embed\/w04ceZIRJ7M?feature=oembed\" frameborder=\"0\" allow=\"accelerometer; autoplay; clipboard-write; encrypted-media; gyroscope; picture-in-picture\" allowfullscreen><\/iframe><\/p>\n<p>Amennyiben tov\u00e1bbi k\u00e9rd\u00e9se mer\u00fclne fel, akkor a Biztons\u00e1gtechnikai Igazgat\u00f3s\u00e1g munkat\u00e1rsai sz\u00edvesen \u00e1llnak rendelkez\u00e9s\u00e9re!<\/p>\n","protected":false},"excerpt":{"rendered":"<p>Egyetemi polg\u00e1rok, hallgat\u00f3k, tanul\u00f3k, l\u00e1togat\u00f3k r\u00e9sz\u00e9re k\u00e9sz\u00edtett t\u0171zv\u00e9delmi oktat\u00f3 vide\u00f3 a Nagyv\u00e1rad t\u00e9ri Elm\u00e9leti T\u00f6mb (NET) menek\u00fcl\u00e9si \u00fatvonalair\u00f3l \u00e9s a biztons\u00e1gos ki\u00fcr\u00edt\u00e9s rendj\u00e9r\u0151l.<\/p>\n<p>Amennyiben tov\u00e1bbi k\u00e9rd\u00e9se mer\u00fclne fel, akkor a Biztons\u00e1gtechnikai Igazgat\u00f3s\u00e1g munkat\u00e1rsai sz\u00edvesen \u00e1llnak rendelkez\u00e9s\u00e9re!<\/p>\n","protected":false},"author":102027,"featured_media":2274,"parent":0,"menu_order":0,"comment_status":"closed","ping_status":"closed","template":"","meta":{"_acf_changed":false,"footnotes":""},"categories":[],"tags":[17,19,18],"class_list":["post-2271","page","type-page","status-publish","has-post-thumbnail","hentry","tag-biztonsagtechnikai-oktatas","tag-menekulesi-utvonalak","tag-net"],"acf":[],"_links":{"self":[{"href":"https:\/\/semmelweis.hu\/biztonsag\/wp-json\/wp\/v2\/pages\/2271","targetHints":{"allow":["GET"]}}],"collection":[{"href":"https:\/\/semmelweis.hu\/biztonsag\/wp-json\/wp\/v2\/pages"}],"about":[{"href":"https:\/\/semmelweis.hu\/biztonsag\/wp-json\/wp\/v2\/types\/page"}],"author":[{"embeddable":true,"href":"https:\/\/semmelweis.hu\/biztonsag\/wp-json\/wp\/v2\/users\/102027"}],"replies":[{"embeddable":true,"href":"https:\/\/semmelweis.hu\/biztonsag\/wp-json\/wp\/v2\/comments?post=2271"}],"version-history":[{"count":2,"href":"https:\/\/semmelweis.hu\/biztonsag\/wp-json\/wp\/v2\/pages\/2271\/revisions"}],"predecessor-version":[{"id":2273,"href":"https:\/\/semmelweis.hu\/biztonsag\/wp-json\/wp\/v2\/pages\/2271\/revisions\/2273"}],"wp:featuredmedia":[{"embeddable":true,"href":"https:\/\/semmelweis.hu\/biztonsag\/wp-json\/wp\/v2\/media\/2274"}],"wp:attachment":[{"href":"https:\/\/semmelweis.hu\/biztonsag\/wp-json\/wp\/v2\/media?parent=2271"}],"wp:term":[{"taxonomy":"category","embeddable":true,"href":"https:\/\/semmelweis.hu\/biztonsag\/wp-json\/wp\/v2\/categories?post=2271"},{"taxonomy":"post_tag","embeddable":true,"href":"https:\/\/semmelweis.hu\/biztonsag\/wp-json\/wp\/v2\/tags?post=2271"}],"curies":[{"name":"wp","href":"https:\/\/api.w.org\/{rel}","templated":true}]}}