{"id":2251,"date":"2022-06-27T10:39:37","date_gmt":"2022-06-27T08:39:37","guid":{"rendered":"https:\/\/semmelweis.hu\/biztonsag\/?page_id=2251"},"modified":"2022-06-27T10:54:28","modified_gmt":"2022-06-27T08:54:28","slug":"altalanos-tajekoztatas-hosegriasztasrol","status":"publish","type":"page","link":"https:\/\/semmelweis.hu\/biztonsag\/altalanos-tajekoztatas-hosegriasztasrol\/","title":{"rendered":"\u00c1ltal\u00e1nos t\u00e1j\u00e9koztat\u00e1s II. \u00e9s III. fok\u00fa h\u0151s\u00e9griaszt\u00e1sr\u00f3l \u00e9s a kapcsol\u00f3d\u00f3 szervez\u00e9si int\u00e9zked\u00e9sekr\u0151l"},"content":{"rendered":"<p style=\"text-align: justify\">T\u00e1j\u00e9koztatjuk a Semmelweis Egyetem szervezeti egys\u00e9geinek vezet\u0151it, hogy az Orsz\u00e1gos Meteorol\u00f3giai Szolg\u00e1lat el\u0151rejelz\u00e9si adatait, valamint a Nemzeti N\u00e9peg\u00e9szs\u00e9g\u00fcgyi K\u00f6zpont szakmai aj\u00e1nl\u00e1s\u00e1t figyelembe v\u00e9ve az orsz\u00e1gos tisztif\u0151orvos m\u00e1sod illetve harmadfok\u00fa h\u0151s\u00e9griad\u00f3t adhat ki az orsz\u00e1g egy r\u00e9sz\u00e9re, vagy ak\u00e1r eg\u00e9sz ter\u00fclet\u00e9re.<\/p>\n<p style=\"text-align: justify\">Az aktu\u00e1lis h\u0151s\u00e9griaszt\u00e1sr\u00f3l a Nemzeti N\u00e9peg\u00e9szs\u00e9g\u00fcgyi K\u00f6zpont a hivatalos weboldal\u00e1n ad t\u00e1j\u00e9koztat\u00e1st: <a href=\"https:\/\/www.nnk.gov.hu\/index.php\/kozlemenyek\">INNEN<\/a><\/p>\n<div class=\"fontos_div\">\n<p style=\"text-align: justify\">A h\u0151s\u00e9griad\u00f3 idej\u00e9re szervez\u00e9si int\u00e9zked\u00e9seket kell tenni a Semmelweis Egyetem Munkav\u00e9delmi Szab\u00e1lyzat\u00e1nak 2. fejezet 2.5.2. pontja, illetve a 3\/2002. (II. 8.) SzCsM-E\u00fcM rendelet 7. \u00a7-ban megfogalmazottak alapj\u00e1n.<\/p>\n<\/div>\n<p style=\"text-align: justify\">Fel kell h\u00edvni a munkav\u00e1llal\u00f3k \u00e9s a hallgat\u00f3k figyelm\u00e9t, hogy a nagy melegben \u00fcgyeljenek a fokozott folyad\u00e9kbevitelre. A folyad\u00e9kvesztes\u00e9get \u00e1ltal\u00e1ban 14\u201316 \u00b0C h\u0151m\u00e9rs\u00e9klet\u0171 iv\u00f3v\u00edzzel kell p\u00f3tolni. E c\u00e9lra alkalmas az azonos h\u0151m\u00e9rs\u00e9klet\u0171 \u00edzes\u00edtett, alkoholmentes ital is, amelynek cukortartalma az ital 4 s\u00falysz\u00e1zal\u00e9k\u00e1t nem haladja meg, vagy amely mesters\u00e9ges \u00e9des\u00edt\u0151szerrel \u00edzes\u00edtett. Ker\u00fclni kell a k\u00e1v\u00e9, a magas koffein \u00e9s cukortartalm\u00fa \u00fcd\u00edt\u0151k \u00e9s zs\u00edros \u00e9telek fogyaszt\u00e1s\u00e1t.<\/p>\n<p style=\"text-align: justify\">Az \u00e1tlagosn\u00e1l melegebb id\u0151j\u00e1r\u00e1s megterhel\u0151 az eg\u00e9szs\u00e9ges szervezetre is, okozhat eg\u00e9szs\u00e9g\u00fcgyi panaszokat, dekoncentr\u00e1ci\u00f3t &#8211; az aut\u00f3val k\u00f6zleked\u0151kre kedvez\u0151tlen hat\u00e1ssal lehet.<\/p>\n<p style=\"text-align: justify\">K\u00fcl\u00f6n\u00f6s figyelmet kell ford\u00edtani a szabad t\u00e9ren dolgoz\u00f3kra \u2013 gondoskodni kell a b\u0151r v\u00e9delm\u00e9r\u0151l, 11 \u00e9s 15 \u00f3ra k\u00f6z\u00f6tt lehet\u0151s\u00e9g szerint \u00e1rny\u00e9kba kell h\u00faz\u00f3dni. Gondoskodni kell azon helys\u00e9gekben dolgoz\u00f3kr\u00f3l, ahol nincs l\u00e9gkondicion\u00e1l\u00f3 berendez\u00e9s, az ilyen munkav\u00e1llal\u00f3k r\u00e9sz\u00e9re biztos\u00edtani kell a l\u00e9gkondicion\u00e1lt helys\u00e9gekbe t\u00f6rt\u00e9n\u0151 bejut\u00e1st, id\u0151szakos tart\u00f3zkod\u00e1s felt\u00e9teleinek kialak\u00edt\u00e1s\u00e1t.<\/p>\n<p style=\"text-align: justify\">A l\u00e9gkondicion\u00e1l\u00f3 berendez\u00e9st javasolt szakaszosan \u00fczemeltetni, a h\u0151m\u00e9rs\u00e9kletet nem javasolt 27 fok al\u00e1 h\u0171teni, valamint figyelni kell arra is, hogy a hideg leveg\u0151 bef\u00fav\u00e1sa ne legyen t\u00fal er\u0151s, ellenkez\u0151 esetben megf\u00e1jdulhatnak az adott helyis\u00e9gben tart\u00f3zkod\u00f3k \u00edz\u00fcletei. A ventil\u00e1tort \u2013 amennyiben rendelkez\u00e9sre \u00e1ll \u2013 szint\u00e9n szakaszosan kell \u00fczemeltetni.<\/p>\n<div class=\"lead\" style=\"text-align: justify\"><strong>K\u00e9rem, a fent le\u00edrtak figyelembev\u00e9tel\u00e9vel biztos\u00edts\u00e1k valamennyi \u00e9rintett munkav\u00e1llal\u00f3 r\u00e9sz\u00e9re a biztons\u00e1gos, eg\u00e9szs\u00e9get nem vesz\u00e9lyeztet\u0151 munkak\u00f6r\u00fclm\u00e9nyek megteremt\u00e9s\u00e9t.<\/strong><\/div>\n<p style=\"text-align: justify\">Amennyiben a t\u00e9m\u00e1val kapcsolatban k\u00e9rd\u00e9s\u00fck van, Igazgat\u00f3s\u00e1gunk munkat\u00e1rsai k\u00e9szs\u00e9ggel \u00e1llnak rendelkez\u00e9s\u00fckre.<\/p>\n<p><strong>\u00a0<\/strong><\/p>\n<p>Budapest, 2022. j\u00fanius 27.<\/p>\n<p><strong>Tisztelettel:<\/strong><\/p>\n<p><strong>Simon M\u00e1ty\u00e1s<\/strong><\/p>\n<p>igazgat\u00f3<\/p>\n","protected":false},"excerpt":{"rendered":"<p>T\u00e1j\u00e9koztatjuk a Semmelweis Egyetem szervezeti egys\u00e9geinek vezet\u0151it, hogy az Orsz\u00e1gos Meteorol\u00f3giai Szolg\u00e1lat el\u0151rejelz\u00e9si adatait, valamint a Nemzeti N\u00e9peg\u00e9szs\u00e9g\u00fcgyi K\u00f6zpont szakmai aj\u00e1nl\u00e1s\u00e1t figyelembe v\u00e9ve az orsz\u00e1gos tisztif\u0151orvos m\u00e1sod illetve harmadfok\u00fa h\u0151s\u00e9griad\u00f3t adhat ki az orsz\u00e1g egy r\u00e9sz\u00e9re, vagy ak\u00e1r eg\u00e9sz ter\u00fclet\u00e9re. Az aktu\u00e1lis h\u0151s\u00e9griaszt\u00e1sr\u00f3l a Nemzeti N\u00e9peg\u00e9szs\u00e9g\u00fcgyi K\u00f6zpont a hivatalos weboldal\u00e1n ad t\u00e1j\u00e9koztat\u00e1st: <a href=\"https:\/\/www.nnk.gov.hu\/index.php\/kozlemenyek\">INNEN<\/a> A h\u0151s\u00e9griad\u00f3 idej\u00e9re &hellip;<\/p>\n","protected":false},"author":102027,"featured_media":2257,"parent":0,"menu_order":0,"comment_status":"closed","ping_status":"closed","template":"","meta":{"_acf_changed":false,"footnotes":""},"categories":[11],"tags":[],"class_list":["post-2251","page","type-page","status-publish","has-post-thumbnail","hentry","category-biztonsagtechnikai-igazgatosag"],"acf":[],"_links":{"self":[{"href":"https:\/\/semmelweis.hu\/biztonsag\/wp-json\/wp\/v2\/pages\/2251","targetHints":{"allow":["GET"]}}],"collection":[{"href":"https:\/\/semmelweis.hu\/biztonsag\/wp-json\/wp\/v2\/pages"}],"about":[{"href":"https:\/\/semmelweis.hu\/biztonsag\/wp-json\/wp\/v2\/types\/page"}],"author":[{"embeddable":true,"href":"https:\/\/semmelweis.hu\/biztonsag\/wp-json\/wp\/v2\/users\/102027"}],"replies":[{"embeddable":true,"href":"https:\/\/semmelweis.hu\/biztonsag\/wp-json\/wp\/v2\/comments?post=2251"}],"version-history":[{"count":3,"href":"https:\/\/semmelweis.hu\/biztonsag\/wp-json\/wp\/v2\/pages\/2251\/revisions"}],"predecessor-version":[{"id":2254,"href":"https:\/\/semmelweis.hu\/biztonsag\/wp-json\/wp\/v2\/pages\/2251\/revisions\/2254"}],"wp:featuredmedia":[{"embeddable":true,"href":"https:\/\/semmelweis.hu\/biztonsag\/wp-json\/wp\/v2\/media\/2257"}],"wp:attachment":[{"href":"https:\/\/semmelweis.hu\/biztonsag\/wp-json\/wp\/v2\/media?parent=2251"}],"wp:term":[{"taxonomy":"category","embeddable":true,"href":"https:\/\/semmelweis.hu\/biztonsag\/wp-json\/wp\/v2\/categories?post=2251"},{"taxonomy":"post_tag","embeddable":true,"href":"https:\/\/semmelweis.hu\/biztonsag\/wp-json\/wp\/v2\/tags?post=2251"}],"curies":[{"name":"wp","href":"https:\/\/api.w.org\/{rel}","templated":true}]}}