{"id":2225,"date":"2022-06-02T09:59:28","date_gmt":"2022-06-02T07:59:28","guid":{"rendered":"https:\/\/semmelweis.hu\/biztonsag\/?page_id=2225"},"modified":"2026-02-02T08:20:49","modified_gmt":"2026-02-02T07:20:49","slug":"se-kornyezetvedelmi-politika","status":"publish","type":"page","link":"https:\/\/semmelweis.hu\/biztonsag\/altalanos-informaciok\/se-kornyezetvedelmi-politika\/","title":{"rendered":"K\u00f6rnyezetv\u00e9delmi Politika"},"content":{"rendered":"<h4 style=\"text-align: left\"><strong>A Semmelweis Egyetem K\u00f6rnyezetv\u00e9delmi Politik\u00e1ja<\/strong><\/h4>\n<p style=\"text-align: justify\">A Semmelweis Egyetem vezet\u0151s\u00e9ge \u00e9s valamennyi polg\u00e1ra elk\u00f6telezett a kl\u00edmav\u00e9delem, illetve az annak \u00e9rdek\u00e9ben tett konkr\u00e9t akci\u00f3tervek kidolgoz\u00e1sa \u00e9s v\u00e9ghezvitele mellett. Kiemelten kezeli a m\u0171k\u00f6d\u00e9se sor\u00e1n felmer\u00fcl\u0151 k\u00f6rnyezetre gyakorolt hat\u00e1sait, t\u00f6bbek k\u00f6z\u00f6tt az energiafelhaszn\u00e1l\u00e1ssal \u00f6sszef\u00fcgg\u0151 k\u00e1ros anyag kibocs\u00e1t\u00e1si terhel\u00e9sek cs\u00f6kkent\u00e9s\u00e9t, a hat\u00e9kony energiagazd\u00e1lkod\u00e1s m\u0171k\u00f6dtet\u00e9s\u00e9t, illetve kiemelten foglalkozik a hullad\u00e9kgazd\u00e1lkod\u00e1ssal, a hullad\u00e9kok mennyis\u00e9g\u00e9nek cs\u00f6kkent\u00e9s\u00e9vel. Az Egyetem \u00e9s vezet\u0151s\u00e9ge k\u00f6telezetts\u00e9get v\u00e1llal arra, hogy Energiapolitik\u00e1j\u00e1t, illetve K\u00f6rnyezetpolitik\u00e1j\u00e1t rendszeresen fel\u00fclvizsg\u00e1lja \u00e9s aktualiz\u00e1lja, a kit\u0171z\u00f6tt c\u00e9lok el\u00e9r\u00e9s\u00e9t kiemelten kezeli. Ennek az elk\u00f6telezetts\u00e9gnek megfelelve, m\u0171k\u00f6d\u00e9s\u00fcnk sor\u00e1n folyamatosan t\u00f6reksz\u00fcnk arra, hogy megel\u0151zz\u00fck, illetve minimaliz\u00e1ljuk az int\u00e9zm\u00e9nyeink tev\u00e9kenys\u00e9geib\u0151l ered\u0151 k\u00e1ros k\u00f6rnyezeti hat\u00e1sokat, ez\u00e9rt c\u00e9lunk olyan int\u00e9zm\u00e9nyszint\u0171 strat\u00e9gia bevezet\u00e9se, amely a szervezet k\u00f6zvetlen \u00e9s k\u00f6zvetett \u00f6kol\u00f3giai l\u00e1bnyom\u00e1nak minimaliz\u00e1l\u00e1s\u00e1t is c\u00e9lul t\u0171zi ki.<\/p>\n<p style=\"text-align: justify\">Elk\u00f6telezetts\u00e9get v\u00e1llalunk az al\u00e1bbi pontok megval\u00f3s\u00edt\u00e1s\u00e1\u00e9rt:<\/p>\n<ul style=\"text-align: justify\">\n<li>Az ISO 14001 szabv\u00e1nynak megfelel\u0151 k\u00f6rnyezetk\u00f6zpont\u00fa ir\u00e1ny\u00edt\u00e1si rendszer m\u0171k\u00f6dtet\u00e9se.<\/li>\n<li>Az ISO 50001 szabv\u00e1nynak megfelel\u0151 energiair\u00e1ny\u00edt\u00e1si rendszer alkalmaz\u00e1sa.<\/li>\n<li>A tev\u00e9kenys\u00e9g\u00fcnkb\u0151l sz\u00e1rmaz\u00f3 k\u00f6rnyezeti terhel\u00e9st folyamatosan nyomon k\u00f6vetj\u00fck, a k\u00e1ros k\u00f6rnyezeti hat\u00e1sokat fel\u00fclvizsg\u00e1ljuk, \u00e9s a lehet\u0151s\u00e9gekhez k\u00e9pest cs\u00f6kkentj\u00fck.<\/li>\n<li>K\u00f6rnyezetpolitik\u00e1nk megval\u00f3sul\u00e1sa \u00e9rdek\u00e9ben konkr\u00e9t terveket, egyetemi szab\u00e1lyzatot \u00e9s a szervezeti egys\u00e9gek szintj\u00e9n haszn\u00e1latos egyedi szab\u00e1lyoz\u00e1sokat vezet\u00fcnk be \u00e9s tartatunk be az egyetemi polg\u00e1rokkal.<\/li>\n<li>A k\u00f6rnyezeti hat\u00e1sainkat rendszeresen elemezz\u00fck \u00e9s fel\u00fclvizsg\u00e1ljuk, amelyek alapj\u00e1n folyamatosan fejlesztj\u00fck k\u00f6rnyezeti teljes\u00edtm\u00e9ny\u00fcnket.<\/li>\n<li>T\u00e1mogatjuk a k\u00f6rnyezetbar\u00e1t term\u00e9kek beszerz\u00e9s\u00e9t, haszn\u00e1lat\u00e1t, az el\u00e9rhet\u0151 legjobb technika (BAT) alkalmaz\u00e1s\u00e1t. El\u0151nyben r\u00e9szes\u00edtj\u00fck az ISO 14001 tan\u00fas\u00edtv\u00e1nnyal rendelkez\u0151 szolg\u00e1ltat\u00f3kat \u00e9s besz\u00e1ll\u00edt\u00f3kat.<\/li>\n<li>Tev\u00e9kenys\u00e9g\u00fcnk sor\u00e1n t\u00f6reksz\u00fcnk a rendelkez\u00e9sre \u00e1ll\u00f3 energia-, \u00e9s er\u0151forr\u00e1sok min\u00e9l hat\u00e9konyabb \u00e9s sz\u00fcks\u00e9gszer\u0171 mennyis\u00e9g\u00e9nek felhaszn\u00e1l\u00e1s\u00e1ra.<\/li>\n<li>Az Egyetem fejleszt\u00e9si, beruh\u00e1z\u00e1si d\u00f6nt\u00e9sein\u00e9l a k\u00f6rnyezetv\u00e9delmi szempontokat \u00e9rv\u00e9nyre juttatjuk \u00e9s alkalmazzuk.<\/li>\n<li>Az Egyetem minden munkav\u00e1llal\u00f3ja \u00e9s hallgat\u00f3ja t\u00f6rekszik a keletkez\u0151 hullad\u00e9kok mennyis\u00e9g\u00e9nek cs\u00f6kkent\u00e9s\u00e9re. Ahol ez nem megval\u00f3s\u00edthat\u00f3, ott az anyag\u00e1ban t\u00f6rt\u00e9n\u0151 hasznos\u00edt\u00e1st helyezz\u00fck el\u0151t\u00e9rbe, ennek \u00e9rdek\u00e9ben valamennyi telephely\u00fcnk\u00f6n m\u0171k\u00f6dik a szelekt\u00edv hullad\u00e9kgy\u0171jt\u00e9s.<\/li>\n<li>Szab\u00e1lyozzunk \u00e9s ellen\u0151rizz\u00fck a vesz\u00e9lyes hullad\u00e9kok gy\u0171jt\u00e9s\u00e9nek, szakc\u00e9gnek t\u00f6rt\u00e9n\u0151 \u00e1tad\u00e1s\u00e1nak folyamat\u00e1t. Eleget tesz\u00fcnk a mindenkori ADR k\u00f6vetelm\u00e9nyeinek. Ezen tev\u00e9kenys\u00e9geket a Magyarorsz\u00e1gon hat\u00e1lyban l\u00e9v\u0151 jogszab\u00e1lyokban foglaltaknak megfelel\u0151en hajtjuk v\u00e9gre.<\/li>\n<li>Valamennyi egyetemi polg\u00e1r k\u00f6rnyezetv\u00e9delmi oktat\u00e1sban r\u00e9szes\u00fcl, saj\u00e1t ter\u00fclet\u00fck\u00f6n elv\u00e1rjuk t\u0151l\u00fck a k\u00f6rnyezetv\u00e9delmi k\u00f6vetelm\u00e9nyek betart\u00e1s\u00e1t. T\u00f6reksz\u00fcnk a k\u00f6rnyezettudatos szeml\u00e9let \u00e9s magatart\u00e1s elterjeszt\u00e9s\u00e9re j\u00f3 p\u00e9ld\u00e1k k\u00f6zz\u00e9t\u00e9tel\u00e9vel, k\u00e9pz\u00e9sben \u00e9s fenntarthat\u00f3s\u00e1gi kamp\u00e1nyokban val\u00f3 r\u00e9szv\u00e9tellel.<\/li>\n<li>K\u00f6rnyezeti v\u00e9szhelyzet, hav\u00e1ria bek\u00f6vetkez\u00e9se eset\u00e9n az \u00e9rv\u00e9nyben l\u00e9v\u0151 Eg\u00e9szs\u00e9g\u00fcgyi V\u00e1ls\u00e1ghelyzeti Tervben \u00e9s az Ellen\u00e1ll\u00f3 K\u00e9pess\u00e9gi Tervben foglaltakkal \u00f6sszhangban j\u00e1runk el. T\u00f6reksz\u00fcnk a hav\u00e1ria bek\u00f6vetkez\u00e9s\u00e9nek lehet\u0151s\u00e9g\u00e9t minimaliz\u00e1lni, k\u00f6rnyezeti hat\u00e1s\u00e1t a megfelel\u0151 k\u00f6zbel\u00e9p\u00e9sekkel cs\u00f6kkenteni.<\/li>\n<li>Az Egyetem telephelyein munk\u00e1t v\u00e9gz\u0151 v\u00e1llalkoz\u00f3kat t\u00e1j\u00e9koztatjuk az Egyetem ter\u00fclet\u00e9n \u00e9rv\u00e9nyben l\u00e9v\u0151 k\u00f6rnyezetv\u00e9delmi szab\u00e1lyokr\u00f3l \u00e9s azok betart\u00e1s\u00e1t elv\u00e1rjuk.<\/li>\n<li>A k\u00f6rnyezetv\u00e9delmi \u00e9s fenntarthat\u00f3s\u00e1gi c\u00e9lok valamennyi vezet\u0151 munkat\u00e1rsunk p\u00e9lda\u00e9rt\u00e9k\u0171en k\u00f6zvet\u00edti munkat\u00e1rsainak. A munkav\u00e1llal\u00f3k \u00e9s a hallgat\u00f3k \u00e1ltal szervezett ezen c\u00e9l \u00e9rdek\u00e9ben tett aj\u00e1nl\u00e1sok, kezdem\u00e9nyez\u00e9sek az Egyetem vezet\u0151i \u00e1ltal is t\u00e1mogatottak \u00e9s megval\u00f3s\u00edtand\u00f3k.<\/li>\n<li>A strat\u00e9giai c\u00e9lok meghat\u00e1roz\u00e1sra ker\u00fclnek a Semmelweis Egyetem Kl\u00edmav\u00e9delmi Akci\u00f3terve k\u00f6z\u00e9p- \u00e9s hossz\u00fat\u00e1v\u00fa javaslatok \u00e9s a Z\u00f6ld Egyetem Program c\u00edm\u0171 dokumentumokban.<\/li>\n<li>Az Egyetem vezet\u00e9se elk\u00f6telezetten t\u00e1mogatja e K\u00f6rnyezetpolitika megval\u00f3s\u00edt\u00e1s\u00e1t, biztos\u00edtja a sz\u00fcks\u00e9ges er\u0151forr\u00e1sokat \u00e9s az el\u0151\u00edr\u00e1soknak \u00e9s szab\u00e1lyzatoknak t\u00f6rt\u00e9n\u0151 megfelel\u00e9s mellett a k\u00f6rnyezetv\u00e9delmi tev\u00e9kenys\u00e9g\u00e9t folyamatosan tov\u00e1bbfejleszti. Kit\u0171z\u00f6tt c\u00e9ljaink el\u00e9r\u00e9s\u00e9hez fontos eszk\u00f6znek tekintj\u00fck a mindenkori ISO 14001-es szabv\u00e1nynak megfelel\u0151 szab\u00e1lyozott \u00e9s dokument\u00e1lt integr\u00e1lt ir\u00e1ny\u00edt\u00e1si rendszer kialak\u00edt\u00e1s\u00e1t, m\u0171k\u00f6dtet\u00e9s\u00e9t \u00e9s folyamatos fejleszt\u00e9s\u00e9t.<\/li>\n<\/ul>\n<p>&nbsp;<\/p>\n<p>Budapest, 2025. december 18.<\/p>\n<p>&nbsp;<\/p>\n<table style=\"border-collapse: collapse;width: 100%\">\n<tbody>\n<tr>\n<td style=\"width: 50%;text-align: center\">Prof. Dr. Merkely B\u00e9la<br \/>\nrektor<\/td>\n<td style=\"width: 50%;text-align: center\">Dr. Pavlik L\u00edvia<br \/>\nkancell\u00e1r<\/td>\n<\/tr>\n<\/tbody>\n<\/table>\n<p>&nbsp;<\/p>\n<p style=\"text-align: left\"><em>Mell\u00e9klet:<br \/>\n<\/em><a href=\"https:\/\/semmelweis.hu\/biztonsag\/files\/2026\/01\/Kornyezetpolitika_2025.pdf\" target=\"_blank\" rel=\"noopener\">Semmelweis Egyetem K\u00f6rnyezetv\u00e9delmi Politik\u00e1ja al\u00e1\u00edrt dokumentuma<\/a><\/p>\n","protected":false},"excerpt":{"rendered":"<p>A Semmelweis Egyetem K\u00f6rnyezetv\u00e9delmi Politik\u00e1ja A Semmelweis Egyetem vezet\u0151s\u00e9ge \u00e9s valamennyi polg\u00e1ra elk\u00f6telezett a kl\u00edmav\u00e9delem, illetve az annak \u00e9rdek\u00e9ben tett konkr\u00e9t akci\u00f3tervek kidolgoz\u00e1sa \u00e9s v\u00e9ghezvitele mellett. Kiemelten kezeli a m\u0171k\u00f6d\u00e9se sor\u00e1n felmer\u00fcl\u0151 k\u00f6rnyezetre gyakorolt hat\u00e1sait, t\u00f6bbek k\u00f6z\u00f6tt az energiafelhaszn\u00e1l\u00e1ssal \u00f6sszef\u00fcgg\u0151 k\u00e1ros anyag kibocs\u00e1t\u00e1si terhel\u00e9sek cs\u00f6kkent\u00e9s\u00e9t, a hat\u00e9kony energiagazd\u00e1lkod\u00e1s m\u0171k\u00f6dtet\u00e9s\u00e9t, illetve kiemelten foglalkozik a hullad\u00e9kgazd\u00e1lkod\u00e1ssal, a &hellip;<\/p>\n","protected":false},"author":102027,"featured_media":0,"parent":5,"menu_order":0,"comment_status":"closed","ping_status":"closed","template":"","meta":{"_acf_changed":false,"footnotes":""},"categories":[],"tags":[],"class_list":["post-2225","page","type-page","status-publish","hentry"],"acf":[],"_links":{"self":[{"href":"https:\/\/semmelweis.hu\/biztonsag\/wp-json\/wp\/v2\/pages\/2225","targetHints":{"allow":["GET"]}}],"collection":[{"href":"https:\/\/semmelweis.hu\/biztonsag\/wp-json\/wp\/v2\/pages"}],"about":[{"href":"https:\/\/semmelweis.hu\/biztonsag\/wp-json\/wp\/v2\/types\/page"}],"author":[{"embeddable":true,"href":"https:\/\/semmelweis.hu\/biztonsag\/wp-json\/wp\/v2\/users\/102027"}],"replies":[{"embeddable":true,"href":"https:\/\/semmelweis.hu\/biztonsag\/wp-json\/wp\/v2\/comments?post=2225"}],"version-history":[{"count":9,"href":"https:\/\/semmelweis.hu\/biztonsag\/wp-json\/wp\/v2\/pages\/2225\/revisions"}],"predecessor-version":[{"id":2612,"href":"https:\/\/semmelweis.hu\/biztonsag\/wp-json\/wp\/v2\/pages\/2225\/revisions\/2612"}],"up":[{"embeddable":true,"href":"https:\/\/semmelweis.hu\/biztonsag\/wp-json\/wp\/v2\/pages\/5"}],"wp:attachment":[{"href":"https:\/\/semmelweis.hu\/biztonsag\/wp-json\/wp\/v2\/media?parent=2225"}],"wp:term":[{"taxonomy":"category","embeddable":true,"href":"https:\/\/semmelweis.hu\/biztonsag\/wp-json\/wp\/v2\/categories?post=2225"},{"taxonomy":"post_tag","embeddable":true,"href":"https:\/\/semmelweis.hu\/biztonsag\/wp-json\/wp\/v2\/tags?post=2225"}],"curies":[{"name":"wp","href":"https:\/\/api.w.org\/{rel}","templated":true}]}}