{"id":2199,"date":"2022-05-19T09:22:13","date_gmt":"2022-05-19T07:22:13","guid":{"rendered":"https:\/\/semmelweis.hu\/biztonsag\/?page_id=2199"},"modified":"2022-05-19T09:22:35","modified_gmt":"2022-05-19T07:22:35","slug":"biztonsagtechnikai-igazgatosag-tortenelmi-attekintese","status":"publish","type":"page","link":"https:\/\/semmelweis.hu\/biztonsag\/biztonsagtechnikai-igazgatosag-tortenelmi-attekintese\/","title":{"rendered":"Biztons\u00e1gtechnikai Igazgat\u00f3s\u00e1g t\u00f6rt\u00e9nelmi \u00e1ttekint\u00e9se"},"content":{"rendered":"<h1 style=\"text-align: center\"><img loading=\"lazy\" decoding=\"async\" class=\"alignnone size-medium wp-image-1359\" src=\"https:\/\/semmelweis.hu\/biztonsag\/files\/2019\/02\/N\u00e9vtelen-300x206.png\" alt=\"\" width=\"300\" height=\"206\" srcset=\"https:\/\/semmelweis.hu\/biztonsag\/files\/2019\/02\/N\u00e9vtelen-300x206.png 300w, https:\/\/semmelweis.hu\/biztonsag\/files\/2019\/02\/N\u00e9vtelen-768x527.png 768w, https:\/\/semmelweis.hu\/biztonsag\/files\/2019\/02\/N\u00e9vtelen-175x120.png 175w, https:\/\/semmelweis.hu\/biztonsag\/files\/2019\/02\/N\u00e9vtelen-753x517.png 753w, https:\/\/semmelweis.hu\/biztonsag\/files\/2019\/02\/N\u00e9vtelen.png 785w\" sizes=\"auto, (max-width: 300px) 100vw, 300px\" \/><\/h1>\n<h1 style=\"text-align: center\">Biztons\u00e1gtechnikai Igazgat\u00f3s\u00e1g t\u00f6rt\u00e9nelmi \u00e1ttekint\u00e9se<\/h1>\n<p>A szakmai ter\u00fcletre utal\u00f3 els\u0151 megnevez\u00e9st 1960-as tan\u00e9vk\u00f6nyvben tal\u00e1ltam meg, mint <strong>L\u00e9goltalmi Parancsnoks\u00e1g<\/strong>, mint a Rektori Hivatal al\u00e1 tartoz\u00f3 szervezeti egys\u00e9g, ami az \u00dcll\u0151i \u00fat 26. \u00e9p\u00fcletben ker\u00fclt elhelyez\u00e9sre.<\/p>\n<p><img loading=\"lazy\" decoding=\"async\" class=\"size-medium wp-image-2202 aligncenter\" src=\"https:\/\/semmelweis.hu\/biztonsag\/files\/2022\/05\/Legoltalmi-Paracsnoksag-300x70.jpg\" alt=\"\" width=\"300\" height=\"70\" srcset=\"https:\/\/semmelweis.hu\/biztonsag\/files\/2022\/05\/Legoltalmi-Paracsnoksag-300x70.jpg 300w, https:\/\/semmelweis.hu\/biztonsag\/files\/2022\/05\/Legoltalmi-Paracsnoksag.jpg 492w\" sizes=\"auto, (max-width: 300px) 100vw, 300px\" \/><\/p>\n<p style=\"text-align: justify\">1981-as \u00e9vt\u0151l <strong>Polg\u00e1ri v\u00e9delmi T\u00f6rzsparancsnoks\u00e1g<\/strong>g\u00e1 alakult \u00e9s mellette l\u00e9tre j\u00f6tt a <strong>Munka \u00e9s T\u0171zv\u00e9delmi Iroda<\/strong> is, ami az Ill\u00e9s utca 15. \u00e9p\u00fcletben kezdte meg m\u0171k\u00f6d\u00e9s\u00e9t.<\/p>\n<p style=\"text-align: center\"><img loading=\"lazy\" decoding=\"async\" class=\"alignnone size-medium wp-image-2210\" src=\"https:\/\/semmelweis.hu\/biztonsag\/files\/2022\/05\/Polgari-Vedelmi-Torzsparancsnoksag-300x171.jpg\" alt=\"\" width=\"300\" height=\"171\" srcset=\"https:\/\/semmelweis.hu\/biztonsag\/files\/2022\/05\/Polgari-Vedelmi-Torzsparancsnoksag-300x171.jpg 300w, https:\/\/semmelweis.hu\/biztonsag\/files\/2022\/05\/Polgari-Vedelmi-Torzsparancsnoksag.jpg 648w\" sizes=\"auto, (max-width: 300px) 100vw, 300px\" \/><\/p>\n<p style=\"text-align: justify\">1985-ben Munka \u00e9s T\u0171zv\u00e9delmi Iroda szakmai feladata kieg\u00e9sz\u00fclt a rend\u00e9szeti feladatokkal, \u00edgy l\u00e9trej\u00f6tt a <strong>Munkav\u00e9delmi, T\u0171zv\u00e9delmi \u00e9s Rend\u00e9szeti Iroda<\/strong>, ami ekkor \u00e1tk\u00f6lt\u00f6z\u00f6tt a H\u0151gyes Endre utcai \u00e9p\u00fcletbe.<\/p>\n<p style=\"text-align: justify\">1987-ben Munkav\u00e9delmi, T\u0171zv\u00e9delmi \u00e9s Rend\u00e9szeti Iroda visszak\u00f6lt\u00f6z\u00f6tt az Ill\u00e9s utca telephelyre, tov\u00e1bb\u00e1 a k\u00f6rnyezetv\u00e9delmi szakter\u00fclet ell\u00e1t\u00e1sa is a feladatai k\u00f6z\u00e9 ker\u00fclt, \u00edgy l\u00e9trej\u00f6tt a <strong>Munka, T\u0171z, K\u00f6rnyezetv\u00e9delmi \u00e9s Rend\u00e9szeti Iroda<\/strong>.<\/p>\n<p style=\"text-align: justify\">1990. \u00e9vben a Munka, T\u0171z, K\u00f6rnyezetv\u00e9delmi \u00e9s Rend\u00e9szeti Iroda 2 k\u00fcl\u00f6n szervezeti egys\u00e9gg\u00e9 v\u00e1lt sz\u00e9t, \u00edgy l\u00e9trej\u00f6tt a <strong>Munka-, T\u0171z-, K\u00f6rnyezetv\u00e9delmi Iroda<\/strong>, valamint a <strong>Rend\u00e9szeti Iroda<\/strong>, tov\u00e1bb\u00e1 a Polg\u00e1ri v\u00e9delmi T\u00f6rzsparancsnoks\u00e1g <strong>Polg\u00e1ri v\u00e9delmi Iroda<\/strong> elnevez\u00e9st kapta meg.<\/p>\n<p style=\"text-align: justify\">1991-ben a Rend\u00e9szeti Iroda \u00e1talakult \u00e9s l\u00e9tre j\u00f6tt a <strong>Vagyonv\u00e9delmi Iroda<\/strong>.<\/p>\n<p style=\"text-align: justify\">1993-ban megsz\u0171nt Polg\u00e1ri v\u00e9delmi Iroda \u00e9s helyette l\u00e9trej\u00f6tt a <strong>Polg\u00e1ri v\u00e9delmi csoport<\/strong><\/p>\n<p style=\"text-align: justify\">1995-ben l\u00e9trej\u00f6tt a <strong>Biztons\u00e1gv\u00e9delmi Iroda<\/strong>, amely a Munkav\u00e9delmi Csoportb\u00f3l, T\u0171zv\u00e9delmi csoportb\u00f3l, K\u00f6rnyezetv\u00e9delmi csoportb\u00f3l, valamint ezid\u00e1ig k\u00fcl\u00f6n \u00e1ll\u00f3 Polg\u00e1ri v\u00e9delmi Csoportb\u00f3l ker\u00fclt megalak\u00edt\u00e1sra. A Vagyonv\u00e9delmi Iroda k\u00fcl\u00f6n szervezeti egys\u00e9gk\u00e9nt tov\u00e1bb m\u0171k\u00f6d\u00f6tt.<\/p>\n<p style=\"text-align: justify\">2006-ban l\u00e9tre j\u00f6tt a Gazdas\u00e1gi-M\u0171szaki F\u0151igazgat\u00f3s\u00e1g al\u00e1 tartoz\u00f3 <strong>Biztons\u00e1gtechnikai F\u0151oszt\u00e1ly<\/strong>, amely kett\u0151 oszt\u00e1lyb\u00f3l \u00e9s egy csoportb\u00f3l \u00e9p\u00fclt fel, \u00edgy a Vagyonv\u00e9delmi Oszt\u00e1ly, a Munka-, T\u0171z-, \u00e9s K\u00f6rnyezetv\u00e9delmi Oszt\u00e1ly, valamint a Polg\u00e1ri v\u00e9delmi Csoport alkotta.<\/p>\n<p style=\"text-align: justify\">2008-ban a Biztons\u00e1gtechnikai F\u0151oszt\u00e1ly <strong>Biztons\u00e1gtechnikai Igazgat\u00f3s\u00e1g<\/strong>g\u00e1 alakul, tov\u00e1bb\u00e1 az Igazgat\u00f3s\u00e1gon l\u00e9trej\u00f6n a K\u00f6rnyezetv\u00e9delmi Oszt\u00e1ly, ezzel oszt\u00e1lyok sz\u00e1ma h\u00e1romra b\u0151v\u00fcl.<\/p>\n<p style=\"text-align: justify\">2008-ban a Biztons\u00e1gtechnikai Igazgat\u00f3s\u00e1ghoz csatolj\u00e1k a K\u00f6zponti Logisztikai Oszt\u00e1lyt, \u00edgy l\u00e9trej\u00f6n a <strong>Biztons\u00e1gtechnikai \u00e9s Logisztikai Igazgat\u00f3s\u00e1g<\/strong>.<\/p>\n<p style=\"text-align: justify\">2013-ban a Biztons\u00e1gtechnikai \u00e9s Logisztikai Igazgat\u00f3s\u00e1ghoz a szolg\u00e1ltat\u00e1si ter\u00fclet csatol\u00e1sa is megt\u00f6rt\u00e9nik, \u00edgy l\u00e9trej\u00f6n a <strong>Biztons\u00e1gtechnikai, Logisztikai \u00e9s Szolg\u00e1ltat\u00e1si Igazgat\u00f3s\u00e1g<\/strong>.<\/p>\n<p style=\"text-align: justify\">2015-ben a Biztons\u00e1gtechnikai, Logisztikai \u00e9s Szolg\u00e1ltat\u00e1si Igazgat\u00f3s\u00e1gb\u00f3l kiv\u00e1lik a Szolg\u00e1ltat\u00e1si Igazgat\u00f3s\u00e1g \u00e9s ezzel egy\u00fctt a Logisztikai Oszt\u00e1ly is, \u00edgy ism\u00e9t l\u00e9trej\u00f6tt a <strong>Biztons\u00e1gtechnikai Igazgat\u00f3s\u00e1g<\/strong>, ami a mai napig ell\u00e1tja az Egyetem vagyon-, munka-, t\u0171z-, k\u00f6rnyezet-, katasztr\u00f3fa- \u00e9s polg\u00e1ri v\u00e9delmi szakmai feladatokat.<\/p>\n<p style=\"text-align: justify\">Az Igazgat\u00f3s\u00e1g jelenleg mintegy 331 f\u0151s \u00e1llom\u00e1nnyal l\u00e1tja el feladatait, amely \u00e1llom\u00e1nyb\u00f3l 268 f\u0151 k\u00f6zalkalmazott port\u00e1s, 21 f\u0151 a K\u00f6zponti Diszp\u00e9cser \u00e9s J\u00e1r\u0151rszolg\u00e1laton teljes\u00edt feladatot, tov\u00e1bb\u00e1 42 f\u0151s k\u00f6zponti feladatokat ell\u00e1t\u00f3 \u00e1llom\u00e1nnyal rendelkezik.<\/p>\n\r\n        [slb_exclude]\r\n        <div class=\"row galeria-wrapper mx-0 h-auto\">\r\n            <div class=\"col-9 pl-0 pr-2\">\r\n            <span class=\"gallery-item frame\">\r\n\t\t\t\t<div class=\"galeria-left-img\"><a href=\"https:\/\/semmelweis.hu\/biztonsag\/files\/2022\/05\/Munka-Tuz-Kornyezetvedelmi-es-Rendeszeti-Iroda.jpg\"><img src=https:\/\/semmelweis.hu\/biztonsag\/files\/2022\/05\/Munka-Tuz-Kornyezetvedelmi-es-Rendeszeti-Iroda.jpg  \r\n                            alt=\"\" \r\n                            class=\"attachment-sote-gallery-big size-sote-gallery-big\" \r\n                            srcset=\"https:\/\/semmelweis.hu\/biztonsag\/files\/2022\/05\/Munka-Tuz-Kornyezetvedelmi-es-Rendeszeti-Iroda-300x211.jpg 300w, https:\/\/semmelweis.hu\/biztonsag\/files\/2022\/05\/Munka-Tuz-Kornyezetvedelmi-es-Rendeszeti-Iroda-768x540.jpg 768w, https:\/\/semmelweis.hu\/biztonsag\/files\/2022\/05\/Munka-Tuz-Kornyezetvedelmi-es-Rendeszeti-Iroda-753x529.jpg 753w, https:\/\/semmelweis.hu\/biztonsag\/files\/2022\/05\/Munka-Tuz-Kornyezetvedelmi-es-Rendeszeti-Iroda.jpg 800w\" ><\/a><\/div>\r\n            <\/span>\r\n\r\n            <\/div>\r\n\r\n\t\t\t<div class=\"col-3 pl-0 pr-0\">\r\n\t\t\t\t<div class=\"galeria-right-img d-flex justify-content-between flex-column h-100 w-100 px-0 mx-0 \">\r\n                <div class=\"galeria-box\">\r\n\t\t\t\t\t<h3 class=\"galeria-title\">Gal\u00e9ria<\/h3>\r\n\t\t\t\t\t<div class=\"galeria-subtitle\">\r\n\r\n\t\t\t\t\t\t<div class=\"galeria-page-counter\"><span>10<\/span>k\u00e9p<\/div>\r\n                    <\/div> <\/div>\r\n                    <span class=\"gallery-item frame d-none d-md-flex\">\r\n\t\t\t\t\t<div class=\"galeria-small-img mt-0\"><a href=\"https:\/\/semmelweis.hu\/biztonsag\/files\/2022\/05\/Legoltalmi-Paracsnoksag.jpg\"><img src=https:\/\/semmelweis.hu\/biztonsag\/files\/2022\/05\/Legoltalmi-Paracsnoksag.jpg \r\n                                alt=\"\"  \r\n                                class=\"attachment-sote-gallery-small size-sote-gallery-small\" \r\n                                srcset=\"https:\/\/semmelweis.hu\/biztonsag\/files\/2022\/05\/Legoltalmi-Paracsnoksag-300x70.jpg 300w, https:\/\/semmelweis.hu\/biztonsag\/files\/2022\/05\/Legoltalmi-Paracsnoksag.jpg 492w\" ><\/a><\/div>\r\n                    <\/span>\r\n                    <span class=\"gallery-item frame d-none d-md-flex\">\r\n\t\t\t\t\t<div class=\"galeria-small-img mt-0\"><a href=\"https:\/\/semmelweis.hu\/biztonsag\/files\/2022\/05\/Munka-Tuz-Kornyezetvedelmi-Iroda-es-Rendeszeti-Iroda.jpg\"><img src=https:\/\/semmelweis.hu\/biztonsag\/files\/2022\/05\/Munka-Tuz-Kornyezetvedelmi-Iroda-es-Rendeszeti-Iroda.jpg \r\n                                alt=\"\" \r\n                                class=\"attachment-sote-gallery-small size-sote-gallery-small\" \r\n                                srcset=\"https:\/\/semmelweis.hu\/biztonsag\/files\/2022\/05\/Munka-Tuz-Kornyezetvedelmi-Iroda-es-Rendeszeti-Iroda-252x300.jpg 252w, https:\/\/semmelweis.hu\/biztonsag\/files\/2022\/05\/Munka-Tuz-Kornyezetvedelmi-Iroda-es-Rendeszeti-Iroda.jpg 438w\" ><\/a><\/div>\r\n                    <\/span>\r\n\r\n                <\/div>\r\n\r\n            <\/div>\r\n\r\n            <span class=\"gallery-item\"><div class=\"hidden\"><a href=\"https:\/\/semmelweis.hu\/biztonsag\/files\/2022\/05\/Biztonsagtechnikai-Foosztaly.jpg\">\r\n        <img src=https:\/\/semmelweis.hu\/biztonsag\/files\/2022\/05\/Biztonsagtechnikai-Foosztaly.jpg alt=\"\" class=\"attachment-sote-gallery-big size-sote-gallery-big\" srcset=\"https:\/\/semmelweis.hu\/biztonsag\/files\/2022\/05\/Biztonsagtechnikai-Foosztaly-137x300.jpg 137w, https:\/\/semmelweis.hu\/biztonsag\/files\/2022\/05\/Biztonsagtechnikai-Foosztaly.jpg 326w\" >\r\n        <\/a><\/div><\/span><span class=\"gallery-item\"><div class=\"hidden\"><a href=\"https:\/\/semmelweis.hu\/biztonsag\/files\/2022\/05\/Biztonsagvedelmi-Iroda-es-Rendeszeti-Iroda.jpg\">\r\n        <img src=https:\/\/semmelweis.hu\/biztonsag\/files\/2022\/05\/Biztonsagvedelmi-Iroda-es-Rendeszeti-Iroda.jpg alt=\"\" class=\"attachment-sote-gallery-big size-sote-gallery-big\" srcset=\"https:\/\/semmelweis.hu\/biztonsag\/files\/2022\/05\/Biztonsagvedelmi-Iroda-es-Rendeszeti-Iroda-192x300.jpg 192w, https:\/\/semmelweis.hu\/biztonsag\/files\/2022\/05\/Biztonsagvedelmi-Iroda-es-Rendeszeti-Iroda.jpg 380w\" >\r\n        <\/a><\/div><\/span><span class=\"gallery-item\"><div class=\"hidden\"><a href=\"https:\/\/semmelweis.hu\/biztonsag\/files\/2022\/05\/Polgari-Vedelmi-Csoport.jpg\">\r\n        <img src=https:\/\/semmelweis.hu\/biztonsag\/files\/2022\/05\/Polgari-Vedelmi-Csoport.jpg alt=\"\" class=\"attachment-sote-gallery-big size-sote-gallery-big\" srcset=\"https:\/\/semmelweis.hu\/biztonsag\/files\/2022\/05\/Polgari-Vedelmi-Csoport-300x94.jpg 300w, https:\/\/semmelweis.hu\/biztonsag\/files\/2022\/05\/Polgari-Vedelmi-Csoport.jpg 543w\" >\r\n        <\/a><\/div><\/span><span class=\"gallery-item\"><div class=\"hidden\"><a href=\"https:\/\/semmelweis.hu\/biztonsag\/files\/2022\/05\/Munkavedelmi-Tuzvedelmi-es-Rendeszeti-Iroda.jpg\">\r\n        <img src=https:\/\/semmelweis.hu\/biztonsag\/files\/2022\/05\/Munkavedelmi-Tuzvedelmi-es-Rendeszeti-Iroda.jpg alt=\"\" class=\"attachment-sote-gallery-big size-sote-gallery-big\" srcset=\"https:\/\/semmelweis.hu\/biztonsag\/files\/2022\/05\/Munkavedelmi-Tuzvedelmi-es-Rendeszeti-Iroda-300x195.jpg 300w, https:\/\/semmelweis.hu\/biztonsag\/files\/2022\/05\/Munkavedelmi-Tuzvedelmi-es-Rendeszeti-Iroda.jpg 581w\" >\r\n        <\/a><\/div><\/span><span class=\"gallery-item\"><div class=\"hidden\"><a href=\"https:\/\/semmelweis.hu\/biztonsag\/files\/2022\/05\/Munka-Tuz-Kornyezetvedelmi-Iroda-Rendeszeti-Iroda-es-Polgari-Vedelmi-Iroda-2.jpg\">\r\n        <img src=https:\/\/semmelweis.hu\/biztonsag\/files\/2022\/05\/Munka-Tuz-Kornyezetvedelmi-Iroda-Rendeszeti-Iroda-es-Polgari-Vedelmi-Iroda-2.jpg alt=\"\" class=\"attachment-sote-gallery-big size-sote-gallery-big\" srcset=\"https:\/\/semmelweis.hu\/biztonsag\/files\/2022\/05\/Munka-Tuz-Kornyezetvedelmi-Iroda-Rendeszeti-Iroda-es-Polgari-Vedelmi-Iroda-2-213x300.jpg 213w, https:\/\/semmelweis.hu\/biztonsag\/files\/2022\/05\/Munka-Tuz-Kornyezetvedelmi-Iroda-Rendeszeti-Iroda-es-Polgari-Vedelmi-Iroda-2.jpg 498w\" >\r\n        <\/a><\/div><\/span><span class=\"gallery-item\"><div class=\"hidden\"><a href=\"https:\/\/semmelweis.hu\/biztonsag\/files\/2022\/05\/Munka-Tuz-Kornyezetvedelmi-Iroda-Rendeszeti-Iroda-es-Polgari-Vedelmi-Iroda.jpg\">\r\n        <img src=https:\/\/semmelweis.hu\/biztonsag\/files\/2022\/05\/Munka-Tuz-Kornyezetvedelmi-Iroda-Rendeszeti-Iroda-es-Polgari-Vedelmi-Iroda.jpg alt=\"\" class=\"attachment-sote-gallery-big size-sote-gallery-big\" srcset=\"https:\/\/semmelweis.hu\/biztonsag\/files\/2022\/05\/Munka-Tuz-Kornyezetvedelmi-Iroda-Rendeszeti-Iroda-es-Polgari-Vedelmi-Iroda-203x300.jpg 203w, https:\/\/semmelweis.hu\/biztonsag\/files\/2022\/05\/Munka-Tuz-Kornyezetvedelmi-Iroda-Rendeszeti-Iroda-es-Polgari-Vedelmi-Iroda.jpg 428w\" >\r\n        <\/a><\/div><\/span><span class=\"gallery-item\"><div class=\"hidden\"><a href=\"https:\/\/semmelweis.hu\/biztonsag\/files\/2022\/05\/Polgari-Vedelmi-Torzsparancsnoksag.jpg\">\r\n        <img src=https:\/\/semmelweis.hu\/biztonsag\/files\/2022\/05\/Polgari-Vedelmi-Torzsparancsnoksag.jpg alt=\"\" class=\"attachment-sote-gallery-big size-sote-gallery-big\" srcset=\"https:\/\/semmelweis.hu\/biztonsag\/files\/2022\/05\/Polgari-Vedelmi-Torzsparancsnoksag-300x171.jpg 300w, https:\/\/semmelweis.hu\/biztonsag\/files\/2022\/05\/Polgari-Vedelmi-Torzsparancsnoksag.jpg 648w\" >\r\n        <\/a><\/div><\/span>\r\n            <\/div>\r\n\r\n            [\/slb_exclude]\r\n\t\n<p>&nbsp;<\/p>\n","protected":false},"excerpt":{"rendered":"<p>Biztons\u00e1gtechnikai Igazgat\u00f3s\u00e1g t\u00f6rt\u00e9nelmi \u00e1ttekint\u00e9se A szakmai ter\u00fcletre utal\u00f3 els\u0151 megnevez\u00e9st 1960-as tan\u00e9vk\u00f6nyvben tal\u00e1ltam meg, mint L\u00e9goltalmi Parancsnoks\u00e1g, mint a Rektori Hivatal al\u00e1 tartoz\u00f3 szervezeti egys\u00e9g, ami az \u00dcll\u0151i \u00fat 26. \u00e9p\u00fcletben ker\u00fclt elhelyez\u00e9sre. 1981-as \u00e9vt\u0151l Polg\u00e1ri v\u00e9delmi T\u00f6rzsparancsnoks\u00e1gg\u00e1 alakult \u00e9s mellette l\u00e9tre j\u00f6tt a Munka \u00e9s T\u0171zv\u00e9delmi Iroda is, ami az Ill\u00e9s utca 15. \u00e9p\u00fcletben &hellip;<\/p>\n","protected":false},"author":102027,"featured_media":0,"parent":0,"menu_order":0,"comment_status":"closed","ping_status":"closed","template":"","meta":{"_acf_changed":false,"footnotes":""},"categories":[],"tags":[],"class_list":["post-2199","page","type-page","status-publish","hentry"],"acf":[],"_links":{"self":[{"href":"https:\/\/semmelweis.hu\/biztonsag\/wp-json\/wp\/v2\/pages\/2199","targetHints":{"allow":["GET"]}}],"collection":[{"href":"https:\/\/semmelweis.hu\/biztonsag\/wp-json\/wp\/v2\/pages"}],"about":[{"href":"https:\/\/semmelweis.hu\/biztonsag\/wp-json\/wp\/v2\/types\/page"}],"author":[{"embeddable":true,"href":"https:\/\/semmelweis.hu\/biztonsag\/wp-json\/wp\/v2\/users\/102027"}],"replies":[{"embeddable":true,"href":"https:\/\/semmelweis.hu\/biztonsag\/wp-json\/wp\/v2\/comments?post=2199"}],"version-history":[{"count":10,"href":"https:\/\/semmelweis.hu\/biztonsag\/wp-json\/wp\/v2\/pages\/2199\/revisions"}],"predecessor-version":[{"id":2221,"href":"https:\/\/semmelweis.hu\/biztonsag\/wp-json\/wp\/v2\/pages\/2199\/revisions\/2221"}],"wp:attachment":[{"href":"https:\/\/semmelweis.hu\/biztonsag\/wp-json\/wp\/v2\/media?parent=2199"}],"wp:term":[{"taxonomy":"category","embeddable":true,"href":"https:\/\/semmelweis.hu\/biztonsag\/wp-json\/wp\/v2\/categories?post=2199"},{"taxonomy":"post_tag","embeddable":true,"href":"https:\/\/semmelweis.hu\/biztonsag\/wp-json\/wp\/v2\/tags?post=2199"}],"curies":[{"name":"wp","href":"https:\/\/api.w.org\/{rel}","templated":true}]}}