{"id":2184,"date":"2022-05-05T11:18:33","date_gmt":"2022-05-05T09:18:33","guid":{"rendered":"https:\/\/semmelweis.hu\/biztonsag\/?page_id=2184"},"modified":"2022-05-05T11:25:36","modified_gmt":"2022-05-05T09:25:36","slug":"elindult-az-online-baleset-bejelento-obb","status":"publish","type":"page","link":"https:\/\/semmelweis.hu\/biztonsag\/tajekoztatok\/elindult-az-online-baleset-bejelento-obb\/","title":{"rendered":"Elindult az Online Baleset Bejelent\u0151 (OBB)"},"content":{"rendered":"<div>\n<div>\n<h1 style=\"text-align: center\"><a href=\"https:\/\/baleset.semmelweis.hu\/\"><img loading=\"lazy\" decoding=\"async\" class=\"aligncenter wp-image-2185 size-medium\" src=\"https:\/\/semmelweis.hu\/biztonsag\/files\/2022\/05\/OBB-logo-color-300x206.jpg\" alt=\"Online Baleset Bejelent\u0151\" width=\"300\" height=\"206\" srcset=\"https:\/\/semmelweis.hu\/biztonsag\/files\/2022\/05\/OBB-logo-color-300x206.jpg 300w, https:\/\/semmelweis.hu\/biztonsag\/files\/2022\/05\/OBB-logo-color-175x120.jpg 175w, https:\/\/semmelweis.hu\/biztonsag\/files\/2022\/05\/OBB-logo-color.jpg 727w\" sizes=\"auto, (max-width: 300px) 100vw, 300px\" \/><\/a><\/h1>\n<p>Az Informatikai F\u0151igazgat\u00f3s\u00e1g \u00e9s a Biztons\u00e1gtechnikai Igazgat\u00f3s\u00e1g egy\u00fcttm\u0171k\u00f6d\u00e9s\u00e9nek k\u00f6sz\u00f6nhet\u0151en, 2022 janu\u00e1rj\u00e1t\u00f3l lehet\u0151s\u00e9g van a munkav\u00e1llal\u00f3kat, hallgat\u00f3kat \u00e9r\u0151 &#8211; munkav\u00e9gz\u00e9ssel \u00f6sszef\u00fcgg\u0151 &#8211; balesetek online rendszeren t\u00f6rt\u00e9n\u0151 bejelent\u00e9s\u00e9re. Az oldal el\u00e9rhet\u0151s\u00e9ge: <a href=\"https:\/\/baleset.semmelweis.hu\/\">https:\/\/baleset.semmelweis.hu\/<\/a><\/p>\n<p>A bejelent\u00e9ssel kapcsolatos seg\u00e9dlet megtal\u00e1lhat\u00f3 a Biztons\u00e1gtechnikai Igazgat\u00f3s\u00e1g honlapj\u00e1n vagy <a href=\"https:\/\/semmelweis.hu\/biztonsag\/files\/2022\/04\/0_Online-Baleset-Bejelento_Felhasznaloi-segedlet.pdf\">innen let\u00f6lthet\u0151<\/a>.<\/p>\n<\/div>\n<\/div>\n","protected":false},"excerpt":{"rendered":"<p><a href=\"https:\/\/baleset.semmelweis.hu\/\"><\/a><br \/>\nAz Informatikai F\u0151igazgat\u00f3s\u00e1g \u00e9s a Biztons\u00e1gtechnikai Igazgat\u00f3s\u00e1g egy\u00fcttm\u0171k\u00f6d\u00e9s\u00e9nek k\u00f6sz\u00f6nhet\u0151en, 2022 janu\u00e1rj\u00e1t\u00f3l lehet\u0151s\u00e9g van a munkav\u00e1llal\u00f3kat, hallgat\u00f3kat \u00e9r\u0151 &#8211; munkav\u00e9gz\u00e9ssel \u00f6sszef\u00fcgg\u0151 &#8211; balesetek online rendszeren t\u00f6rt\u00e9n\u0151 bejelent\u00e9s\u00e9re. Az oldal el\u00e9rhet\u0151s\u00e9ge: <a href=\"https:\/\/baleset.semmelweis.hu\/\">https:\/\/baleset.semmelweis.hu\/<\/a><br \/>\nA bejelent\u00e9ssel kapcsolatos seg\u00e9dlet megtal\u00e1lhat\u00f3 a Biztons\u00e1gtechnikai Igazgat\u00f3s\u00e1g honlapj\u00e1n vagy <a href=\"https:\/\/semmelweis.hu\/biztonsag\/files\/2022\/04\/0_Online-Baleset-Bejelento_Felhasznaloi-segedlet.pdf\">innen let\u00f6lthet\u0151<\/a>.<\/p>\n","protected":false},"author":102027,"featured_media":2185,"parent":32,"menu_order":0,"comment_status":"closed","ping_status":"closed","template":"","meta":{"_acf_changed":false,"footnotes":""},"categories":[11],"tags":[9,8],"class_list":["post-2184","page","type-page","status-publish","has-post-thumbnail","hentry","category-biztonsagtechnikai-igazgatosag","tag-biztonsag","tag-bti"],"acf":[],"_links":{"self":[{"href":"https:\/\/semmelweis.hu\/biztonsag\/wp-json\/wp\/v2\/pages\/2184","targetHints":{"allow":["GET"]}}],"collection":[{"href":"https:\/\/semmelweis.hu\/biztonsag\/wp-json\/wp\/v2\/pages"}],"about":[{"href":"https:\/\/semmelweis.hu\/biztonsag\/wp-json\/wp\/v2\/types\/page"}],"author":[{"embeddable":true,"href":"https:\/\/semmelweis.hu\/biztonsag\/wp-json\/wp\/v2\/users\/102027"}],"replies":[{"embeddable":true,"href":"https:\/\/semmelweis.hu\/biztonsag\/wp-json\/wp\/v2\/comments?post=2184"}],"version-history":[{"count":5,"href":"https:\/\/semmelweis.hu\/biztonsag\/wp-json\/wp\/v2\/pages\/2184\/revisions"}],"predecessor-version":[{"id":2191,"href":"https:\/\/semmelweis.hu\/biztonsag\/wp-json\/wp\/v2\/pages\/2184\/revisions\/2191"}],"up":[{"embeddable":true,"href":"https:\/\/semmelweis.hu\/biztonsag\/wp-json\/wp\/v2\/pages\/32"}],"wp:featuredmedia":[{"embeddable":true,"href":"https:\/\/semmelweis.hu\/biztonsag\/wp-json\/wp\/v2\/media\/2185"}],"wp:attachment":[{"href":"https:\/\/semmelweis.hu\/biztonsag\/wp-json\/wp\/v2\/media?parent=2184"}],"wp:term":[{"taxonomy":"category","embeddable":true,"href":"https:\/\/semmelweis.hu\/biztonsag\/wp-json\/wp\/v2\/categories?post=2184"},{"taxonomy":"post_tag","embeddable":true,"href":"https:\/\/semmelweis.hu\/biztonsag\/wp-json\/wp\/v2\/tags?post=2184"}],"curies":[{"name":"wp","href":"https:\/\/api.w.org\/{rel}","templated":true}]}}