{"id":2104,"date":"2022-01-26T12:26:31","date_gmt":"2022-01-26T11:26:31","guid":{"rendered":"https:\/\/semmelweis.hu\/biztonsag\/?page_id=2104"},"modified":"2024-07-29T12:04:00","modified_gmt":"2024-07-29T10:04:00","slug":"kotelezo-eves-adr-kornyezet-tuz-munka-es-pogari-vedelem-oktatas","status":"publish","type":"page","link":"https:\/\/semmelweis.hu\/biztonsag\/kotelezo-eves-adr-kornyezet-tuz-munka-es-pogari-vedelem-oktatas\/","title":{"rendered":"K\u00f6telez\u0151 \u00e9ves ADR-, k\u00f6rnyezet-, t\u0171z-, munka-, \u00e9s pog\u00e1ri v\u00e9delem oktat\u00e1s"},"content":{"rendered":"<p style=\"text-align: justify\">\u00a0<\/p>\n<p>T\u00e1j\u00e9koztatom, hogy a Vesz\u00e9lyes \u00c1ruk Nemzetk\u00f6zi K\u00f6z\u00fati Sz\u00e1ll\u00edt\u00e1s\u00e1r\u00f3l sz\u00f3l\u00f3 Eur\u00f3pai Meg\u00e1llapod\u00e1s, valamint az Egyetem 65\/2022. (IX.02.) sz\u00e1m\u00fa K\u00f6rnyezetv\u00e9delmi Szab\u00e1lyzata \u00e1ltal el\u0151\u00edrt<strong>\u00a0k\u00f6telez\u0151, dokument\u00e1lt, ismeretfel\u00faj\u00edt\u00f3 ADR oktat\u00e1s megtart\u00e1sa<\/strong>\u00a0sz\u00fcks\u00e9ges az Egyetem vesz\u00e9lyes \u00e1ru- \u00e9s vesz\u00e9lyes hullad\u00e9ksz\u00e1ll\u00edt\u00e1ssal \u00e9rintett szervezeti egys\u00e9geiben dolgoz\u00f3 munkat\u00e1rsak r\u00e9sz\u00e9re. Az ADR oktat\u00e1ssal egybek\u00f6tve megtart\u00e1sra ker\u00fclhet a 1996. \u00e9vi XXXI. t\u00f6rv\u00e9ny \u00e9s az Egyetem 65\/2022. (IX.02.) sz\u00e1m\u00fa T\u0171zv\u00e9delmi Szab\u00e1lyzata alapj\u00e1n k\u00f6telez\u0151en el\u0151\u00edrt ism\u00e9tl\u0151d\u0151 t\u0171zv\u00e9delmi oktat\u00e1s \u00e9s a 1993. \u00e9vi XCIII. t\u00f6rv\u00e9ny \u00e9s az Egyetem 65\/2022. (IX.02.) sz\u00e1m\u00fa Munkav\u00e9delmi Szab\u00e1lyzata alapj\u00e1n k\u00f6telez\u0151en el\u0151\u00edrt ism\u00e9tl\u0151d\u0151 munkav\u00e9delmi oktat\u00e1s is. Az oktat\u00e1sok hat\u00e9konyabb lebonyol\u00edt\u00e1sa \u00e9rdek\u00e9ben a Biztons\u00e1gtechnikai Igazgat\u00f3s\u00e1g a mell\u00e9kelt \u00e9ves oktat\u00e1si \u00fctemtervet k\u00e9sz\u00edtette.<\/p>\n<p>Az \u00e9ves ism\u00e9tl\u0151 oktat\u00e1s megtart\u00e1s\u00e1ra 3 f\u00e9le oktat\u00e1si forma k\u00f6z\u00fcl lehet v\u00e1lasztani.<\/p>\n<p>Az oktat\u00e1shoz melynek id\u0151tartama kb. 80 perc, az oktat\u00e1si form\u00e1t\u00f3l f\u00fcgg\u0151en a k\u00f6vetkez\u0151ket k\u00e9rem sz\u00edveskedjen biztos\u00edtani:<\/p>\n<ol>\n<li><u>Szem\u00e9lyes oktat\u00e1s eset\u00e9n:<\/u><\/li>\n<\/ol>\n<ul>\n<li>oktat\u00e1si helysz\u00edn (tanterem, egy\u00e9b terem),<\/li>\n<li>oktat\u00e1si seg\u00e9deszk\u00f6z (projektor, sz\u00e1m\u00edt\u00f3g\u00e9p\/laptop),<\/li>\n<li>valamint az \u00e9rintett munkav\u00e1llal\u00f3k \u00e9rtes\u00edt\u00e9se, r\u00e9szv\u00e9tel\u00fck biztos\u00edt\u00e1sa.<\/li>\n<\/ul>\n<ol start=\"2\">\n<li><u>Online oktat\u00e1s<\/u><\/li>\n<\/ol>\n<p>Amennyiben a szem\u00e9lyes oktat\u00e1s felt\u00e9telei nem biztos\u00edthat\u00f3k, lehet\u0151s\u00e9g van online, ZOOM program\/Teams seg\u00edts\u00e9g\u00e9vel megtartani az oktat\u00e1st. Az online oktat\u00e1son t\u00f6rt\u00e9n\u0151 r\u00e9szv\u00e9telhez sz\u00fcks\u00e9ges az alkalmaz\u00e1s let\u00f6lt\u00e9se lehet\u0151leg kamer\u00e1val rendelkez\u0151 okos eszk\u00f6zre vagy PC-re.<\/p>\n<ol start=\"3\">\n<li><u>Hibrid oktat\u00e1s<\/u><\/li>\n<\/ol>\n<p>Amennyiben nem megoldhat\u00f3 minden munkav\u00e1llal\u00f3 r\u00e9sz\u00e9r\u0151l az online oktat\u00e1si forma, \u00fagy lehet\u0151s\u00e9g van hibrid oktat\u00e1s megtart\u00e1s\u00e1ra. Ez azt jelenti, hogy a munkav\u00e1llal\u00f3k egy r\u00e9sze online vesz r\u00e9szt az oktat\u00e1son, egy r\u00e9sze pedig \u00e9l\u0151ben, az el\u0151re egyeztetett oktat\u00e1si helysz\u00ednen.<\/p>\n<p><strong>Az oktat\u00e1s elv\u00e9gz\u00e9s\u00e9t a tematika megjel\u00f6l\u00e9s\u00e9vel \u00e9s a r\u00e9szvev\u0151k al\u00e1\u00edr\u00e1s\u00e1val ell\u00e1tva \u00edr\u00e1sban kell r\u00f6gz\u00edteni, a r\u00e9sztvev\u0151k al\u00e1\u00edr\u00e1sa n\u00e9lk\u00fcl nem \u00e9rv\u00e9nyes az oktat\u00e1s.<\/strong><\/p>\n<p><strong>Az oktat\u00e1sr\u00f3l k\u00e9sz\u00fclt dokument\u00e1ci\u00f3t hat\u00f3s\u00e1gi ellen\u0151rz\u00e9s sor\u00e1n az ellen\u0151rz\u00e9st v\u00e9gz\u0151k bemutat\u00e1sra k\u00e9rik, hi\u00e1nya eset\u00e9n t\u00f6bb sz\u00e1zezer forintig terjed\u0151en b\u00edrs\u00e1golhatnak.<\/strong><\/p>\n<p>Az el\u0151\u00edrt oktat\u00e1si k\u00f6telezetts\u00e9g teljes\u00edt\u00e9se \u00e9rdek\u00e9ben k\u00e9rem sz\u00edves egy\u00fcttm\u0171k\u00f6d\u00e9s\u00e9t<strong>.\u00a0<\/strong>Amennyiben az oktat\u00e1sokkal, valamint a kijel\u00f6lt id\u0151ponttal kapcsolatban tov\u00e1bbi \u00e9szrev\u00e9tele van, k\u00e9rem forduljon munkat\u00e1rsaim fel\u00e9.<\/p>\n<p>Budapest, 2024. janu\u00e1r<\/p>\n<p>&nbsp;<\/p>\n<p><strong>Tisztelettel:<\/strong><\/p>\n<p><strong>\u00a0<\/strong>Simon M\u00e1ty\u00e1s<\/p>\n<p>&nbsp;<\/p>\n<p>&nbsp;<\/p>\n<p>Eredeti dokumentum let\u00f6lt\u00e9se:<\/p>\n<p><a href=\"https:\/\/semmelweis.hu\/mfi\/files\/2024\/01\/Kotelezo-eves-ADR_kornyezet_tuz_munka-es-polgari-vedelmi-oktatas_2024.pdf\">Kotelezo_ADR_Tuz_Munka_Oktatas<\/a><\/p>\n<p>Oktat\u00e1si tematik\u00e1k:<\/p>\n<ul>\n<li><a href=\"https:\/\/semmelweis.hu\/biztonsag\/files\/2024\/04\/Ismetlodo-munkavedelmi-oktatas-iroda-tematika.pdf\">Ism\u00e9tl\u0151d\u0151 munkav\u00e9delmi oktat\u00e1s (iroda) tematika<\/a><\/li>\n<li><a href=\"https:\/\/semmelweis.hu\/biztonsag\/files\/2024\/04\/Ismetlodo-munkavedelmi-oktatas-kutatas-betegellatas-tematika.pdf\">Ism\u00e9tl\u0151d\u0151 munkav\u00e9delmi oktat\u00e1s (kutat\u00e1s-betegell\u00e1t\u00e1s) tematika<\/a><\/li>\n<li><a href=\"https:\/\/semmelweis.hu\/biztonsag\/files\/2024\/04\/Ismetlodo-tuzvedelmi-oktatasi-tematika.pdf\">Ism\u00e9tl\u0151d\u0151 t\u0171zv\u00e9delmi oktat\u00e1si tematika<\/a><\/li>\n<li><a href=\"https:\/\/semmelweis.hu\/biztonsag\/files\/2024\/04\/Ismetlodo-polgari-vedelmi-oktatasi-tematika.pdf\">Ism\u00e9tl\u0151d\u0151 polg\u00e1ri v\u00e9delmi oktat\u00e1si tematika<\/a><\/li>\n<li><a href=\"https:\/\/semmelweis.hu\/biztonsag\/files\/2024\/04\/Ismetlodo-ADR-es-kornyezetvedelmi-oktatasi-tematika.pdf\">Ism\u00e9tl\u0151d\u0151 ADR \u00e9s k\u00f6rnyezetv\u00e9delmi oktat\u00e1si tematika<\/a><\/li>\n<\/ul>\n","protected":false},"excerpt":{"rendered":"<p>\u00a0 T\u00e1j\u00e9koztatom, hogy a Vesz\u00e9lyes \u00c1ruk Nemzetk\u00f6zi K\u00f6z\u00fati Sz\u00e1ll\u00edt\u00e1s\u00e1r\u00f3l sz\u00f3l\u00f3 Eur\u00f3pai Meg\u00e1llapod\u00e1s, valamint az Egyetem 65\/2022. (IX.02.) sz\u00e1m\u00fa K\u00f6rnyezetv\u00e9delmi Szab\u00e1lyzata \u00e1ltal el\u0151\u00edrt\u00a0k\u00f6telez\u0151, dokument\u00e1lt, ismeretfel\u00faj\u00edt\u00f3 ADR oktat\u00e1s megtart\u00e1sa\u00a0sz\u00fcks\u00e9ges az Egyetem vesz\u00e9lyes \u00e1ru- \u00e9s vesz\u00e9lyes hullad\u00e9ksz\u00e1ll\u00edt\u00e1ssal \u00e9rintett szervezeti egys\u00e9geiben dolgoz\u00f3 munkat\u00e1rsak r\u00e9sz\u00e9re. Az ADR oktat\u00e1ssal egybek\u00f6tve megtart\u00e1sra ker\u00fclhet a 1996. \u00e9vi XXXI. t\u00f6rv\u00e9ny \u00e9s az Egyetem 65\/2022. &hellip;<\/p>\n","protected":false},"author":102027,"featured_media":2194,"parent":0,"menu_order":0,"comment_status":"closed","ping_status":"closed","template":"","meta":{"_acf_changed":false,"footnotes":""},"categories":[11],"tags":[],"class_list":["post-2104","page","type-page","status-publish","has-post-thumbnail","hentry","category-biztonsagtechnikai-igazgatosag"],"acf":[],"_links":{"self":[{"href":"https:\/\/semmelweis.hu\/biztonsag\/wp-json\/wp\/v2\/pages\/2104","targetHints":{"allow":["GET"]}}],"collection":[{"href":"https:\/\/semmelweis.hu\/biztonsag\/wp-json\/wp\/v2\/pages"}],"about":[{"href":"https:\/\/semmelweis.hu\/biztonsag\/wp-json\/wp\/v2\/types\/page"}],"author":[{"embeddable":true,"href":"https:\/\/semmelweis.hu\/biztonsag\/wp-json\/wp\/v2\/users\/102027"}],"replies":[{"embeddable":true,"href":"https:\/\/semmelweis.hu\/biztonsag\/wp-json\/wp\/v2\/comments?post=2104"}],"version-history":[{"count":10,"href":"https:\/\/semmelweis.hu\/biztonsag\/wp-json\/wp\/v2\/pages\/2104\/revisions"}],"predecessor-version":[{"id":2488,"href":"https:\/\/semmelweis.hu\/biztonsag\/wp-json\/wp\/v2\/pages\/2104\/revisions\/2488"}],"wp:featuredmedia":[{"embeddable":true,"href":"https:\/\/semmelweis.hu\/biztonsag\/wp-json\/wp\/v2\/media\/2194"}],"wp:attachment":[{"href":"https:\/\/semmelweis.hu\/biztonsag\/wp-json\/wp\/v2\/media?parent=2104"}],"wp:term":[{"taxonomy":"category","embeddable":true,"href":"https:\/\/semmelweis.hu\/biztonsag\/wp-json\/wp\/v2\/categories?post=2104"},{"taxonomy":"post_tag","embeddable":true,"href":"https:\/\/semmelweis.hu\/biztonsag\/wp-json\/wp\/v2\/tags?post=2104"}],"curies":[{"name":"wp","href":"https:\/\/api.w.org\/{rel}","templated":true}]}}