{"id":2086,"date":"2022-01-06T13:17:51","date_gmt":"2022-01-06T12:17:51","guid":{"rendered":"https:\/\/semmelweis.hu\/biztonsag\/?page_id=2086"},"modified":"2022-05-05T12:16:30","modified_gmt":"2022-05-05T10:16:30","slug":"kornyezetvedelmi-adatszolgaltatasok-a-2021-es-evrol","status":"publish","type":"page","link":"https:\/\/semmelweis.hu\/biztonsag\/kornyezetvedelmi-adatszolgaltatasok-a-2021-es-evrol\/","title":{"rendered":"K\u00f6rnyezetv\u00e9delmi adatszolg\u00e1ltat\u00e1sok a 2021-es \u00e9vr\u0151l"},"content":{"rendered":"<h3 style=\"text-align: center\"><strong>T\u00e1j\u00e9koztat\u00e1s<\/strong><\/h3>\n<h4 style=\"text-align: center\"><strong>Valamennyi szervezeti egys\u00e9g k\u00f6rnyezetv\u00e9delmi\/hullad\u00e9kgazd\u00e1lkod\u00e1si megb\u00edzottja r\u00e9sz\u00e9re<\/strong><strong>\u00a0<\/strong><\/h4>\n<p><strong>\u00a0<\/strong><strong>\u00a0<\/strong><\/p>\n<p style=\"text-align: center\"><strong><em>Tisztelt K\u00f6rnyezetv\u00e9delmi\/Hullad\u00e9kgazd\u00e1lkod\u00e1si Megb\u00edzott!<\/em><\/strong><\/p>\n<p>&nbsp;<\/p>\n<p style=\"text-align: justify\">Ez\u00faton t\u00e1j\u00e9koztatom az \u00e9v elej\u00e9n esed\u00e9kes hullad\u00e9kgazd\u00e1lkod\u00e1si teend\u0151kr\u0151l.<\/p>\n<p style=\"text-align: justify\"><strong>Felh\u00edvom a figyelmet a 2021. \u00e9vben termelt vesz\u00e9lyes hullad\u00e9k \u00e1tad\u00e1si adatoknak az egyetemi Hullad\u00e9kgazd\u00e1lkod\u00e1si Adatszolg\u00e1ltat\u00e1si Rendszerbe (HUGA) t\u00f6rt\u00e9n\u0151 miel\u0151bbi bevitel\u00e9re.<\/strong> Ez az adatszolg\u00e1ltat\u00e1sok hat\u00e1rid\u0151re t\u00f6rt\u00e9n\u0151 elk\u00e9sz\u00edt\u00e9s\u00e9hez sz\u00fcks\u00e9ges.<\/p>\n<p style=\"text-align: justify\"><strong>Az adatok r\u00f6gz\u00edt\u00e9s\u00e9nek hat\u00e1rideje: 2022. janu\u00e1r 21.<\/strong><\/p>\n<p style=\"text-align: justify\">\u00a0<\/p>\n<p>&nbsp;<\/p>\n<p style=\"text-align: justify\"><strong><u>I. Hullad\u00e9kkezel\u00e9si nyilv\u00e1ntart\u00f3 lap<\/u><\/strong><\/p>\n<p style=\"text-align: justify\">T\u00e1j\u00e9koztatom, hogy <strong>az eg\u00e9szs\u00e9g\u00fcgyi szolg\u00e1ltat\u00f3n\u00e1l k\u00e9pz\u0151d\u0151 hullad\u00e9kkal kapcsolatos hullad\u00e9kgazd\u00e1lkod\u00e1si tev\u00e9kenys\u00e9gekr\u0151l<\/strong> sz\u00f3l\u00f3 <strong>12\/2017. (VI. 12.) EMMI rendelet<\/strong> szerint minden eg\u00e9szs\u00e9g\u00fcgyi int\u00e9zm\u00e9nynek, ahol fekv\u0151beteg-szakell\u00e1t\u00e1st ny\u00fajtanak; h\u00e1rom vagy enn\u00e9l t\u00f6bb eg\u00e9szs\u00e9g\u00fcgyi dolgoz\u00f3 foglalkoztat\u00e1s\u00e1val j\u00e1r\u00f3beteg-szakell\u00e1t\u00e1st illetve alapell\u00e1t\u00e1st ny\u00fajtanak; vagy a k\u00e9pz\u0151d\u0151 eg\u00e9szs\u00e9g\u00fcgyi hullad\u00e9k az \u00e9vi 1000 kg mennyis\u00e9get meghaladja, nyilv\u00e1n kell tartania a keletkez\u0151 hullad\u00e9k\u00e1t. Az \u00edgy kapott adatokat a rendelet 4. sz\u00e1m\u00fa mell\u00e9klet\u00e9ben megadott nyilv\u00e1ntart\u00f3 lapon <strong>2022. febru\u00e1r 1-ig<\/strong> <strong>meg kell k\u00fcldeni Budapest F\u0151v\u00e1ros Korm\u00e1nyhivatal illet\u00e9kes Ker\u00fcleti Hivatal N\u00e9peg\u00e9szs\u00e9g\u00fcgyi Oszt\u00e1ly\u00e1nak.<\/strong><\/p>\n<p style=\"text-align: justify\">A t\u00e1j\u00e9koztat\u00f3 mell\u00e9kletek\u00e9nt megtal\u00e1lhat\u00f3 az <strong>\u00e1ltal\u00e1nos<\/strong> <strong>adatokkal el\u0151re kit\u00f6lt\u00f6tt Hullad\u00e9kkezel\u00e9si nyilv\u00e1ntart\u00f3 lap, <\/strong>a<strong> kit\u00f6lt\u00e9si \u00fatmutat\u00f3, <\/strong>valamint a<strong> N\u00e9peg\u00e9szs\u00e9g\u00fcgyi Oszt\u00e1lyok list\u00e1ja.<\/strong><\/p>\n<p style=\"text-align: justify\">Sz\u00fcks\u00e9g eset\u00e9n a K\u00f6rnyezetv\u00e9delmi Oszt\u00e1ly munkat\u00e1rsaival egyeztetheti a hullad\u00e9kok mennyis\u00e9gi adatait.<\/p>\n<p style=\"text-align: justify\">A kit\u00f6lt\u00f6tt nyilv\u00e1ntart\u00f3 lapokat al\u00e1\u00edrva, post\u00e1n vagy elektronikusan sz\u00edveskedjen az illet\u00e9kes Ker\u00fcleti Hivatal N\u00e9peg\u00e9szs\u00e9g\u00fcgyi Oszt\u00e1lya r\u00e9sz\u00e9re eljuttatni <strong>2022. febru\u00e1r 1-ig.<\/strong><\/p>\n<p style=\"text-align: justify\"><strong>\u00a0<\/strong><\/p>\n<p style=\"text-align: justify\"><strong>\u00a0II. <\/strong><strong style=\"font-size: 1rem\"><u>Az Orsz\u00e1gos K\u00f6rnyezetv\u00e9delmi Inform\u00e1ci\u00f3s Rendszeren t\u00f6rt\u00e9n\u0151 hullad\u00e9k bevall\u00e1s elk\u00e9sz\u00edt\u00e9se<\/u><\/strong><\/p>\n<p style=\"text-align: justify\">A hullad\u00e9kkal kapcsolatos nyilv\u00e1ntart\u00e1si \u00e9s adatszolg\u00e1ltat\u00e1si k\u00f6telezetts\u00e9gekr\u0151l sz\u00f3l\u00f3 309\/2014. (XII. 11.) Korm\u00e1nyrendelet alapj\u00e1n hullad\u00e9kkal kapcsolatos adatszolg\u00e1ltat\u00e1si k\u00f6telezetts\u00e9get kell teljes\u00edteni <strong>2022. m\u00e1rcius 1-ig<\/strong> a ter\u00fcletileg illet\u00e9kes K\u00f6rnyezetv\u00e9delmi \u00e9s Term\u00e9szetv\u00e9delmi F\u0151oszt\u00e1ly fel\u00e9.<\/p>\n<p style=\"text-align: justify\"><strong>Az adatszolg\u00e1ltat\u00e1st a 2021. \u00e9vr\u0151l &#8211; az el\u0151z\u0151 \u00e9vekhez hasonl\u00f3an &#8211; a BTI K\u00f6rnyezetv\u00e9delmi Oszt\u00e1lya k\u00e9sz\u00edti el. <\/strong>A Hullad\u00e9kgazd\u00e1lkod\u00e1si Adatszolg\u00e1ltat\u00e1si Rendszer adatai alapj\u00e1n az OKIRKapu online adatszolg\u00e1ltat\u00f3 fel\u00fcleten ker\u00fcl kit\u00f6lt\u00e9sre \u00e9s megk\u00fcld\u00e9sre a ter\u00fcletileg illet\u00e9kes K\u00f6rnyezetv\u00e9delmi \u00e9s Term\u00e9szetv\u00e9delmi F\u0151oszt\u00e1ly fel\u00e9.<\/p>\n<p style=\"text-align: justify\">\u00a0<\/p>\n<p style=\"text-align: justify\"><strong>\u00a0<\/strong><strong>III. <u>Oktat\u00e1s<\/u><\/strong><\/p>\n<p style=\"text-align: justify\">K\u00e9rem, hogy a 2022. \u00e9vben is ford\u00edtson figyelmet a <strong>helyi Hullad\u00e9kkezel\u00e9si Utas\u00edt\u00e1sban foglaltak oktat\u00e1s\u00e1ra<\/strong>:<\/p>\n<ul style=\"text-align: justify\">\n<li>egyr\u00e9szt az <strong>\u00faj bel\u00e9p\u0151 dolgoz\u00f3k r\u00e9sz\u00e9re<\/strong> tartott, helyi hullad\u00e9kkezel\u00e9si el\u0151\u00edr\u00e1sokat ismertet\u0151,<\/li>\n<li>m\u00e1sr\u00e9szt az <strong>\u00e9vente ism\u00e9tl\u0151d\u0151<\/strong> hullad\u00e9kkezel\u00e9si ismeretekr\u0151l sz\u00f3l\u00f3 (c\u00e9lszer\u0171 a szint\u00e9n \u00e9vente ism\u00e9tl\u0151d\u0151 munka- \u00e9s t\u0171zv\u00e9delmi oktat\u00e1ssal egy\u00fctt megtartani) oktat\u00e1sok <strong><u>dokument\u00e1lt<\/u> <\/strong>megtart\u00e1s\u00e1ra.<\/li>\n<\/ul>\n<p style=\"text-align: justify\">Ez\u00faton is k\u00f6sz\u00f6n\u00f6m a k\u00f6rnyezetv\u00e9delem ter\u00e9n 2021. \u00e9vben v\u00e9gzett munk\u00e1j\u00e1t!<\/p>\n<p style=\"text-align: justify\">Budapest, 2022. janu\u00e1r 05.<\/p>\n<p style=\"text-align: justify\"><strong>Tisztelettel:<br \/>\n<\/strong><\/p>\n<p style=\"text-align: center\"><strong>Simon M\u00e1ty\u00e1s<br \/>\n<\/strong>igazgat\u00f3<\/p>\n<p>&nbsp;<\/p>\n<p><a href=\"https:\/\/semmelweis.hu\/biztonsag\/files\/2022\/01\/2475_kornyezetvedelmi_adatszolgaltatas_2021.pdf\">Eredeti dokumentum let\u00f6lt\u00e9se<\/a><\/p>\n<p><a href=\"https:\/\/semmelweis.hu\/biztonsag\/files\/2022\/01\/Kornyezetvedelmi_adatszolgaltatas_2021_melleklet_1.docx\">Kornyezetvedelmi_adatszolgaltatas_2021_melleklet_1<\/a><br \/>\n<a href=\"https:\/\/semmelweis.hu\/biztonsag\/files\/2022\/01\/Kornyezetvedelmi_adatszolgaltatas_2021_melleklet_2.docx\">Kornyezetvedelmi_adatszolgaltatas_2021_melleklet_2<\/a> <br \/>\n<a href=\"https:\/\/semmelweis.hu\/biztonsag\/files\/2022\/01\/Kornyezetvedelmi_adatszolgaltatas_2021_melleklet_3.docx\">Kornyezetvedelmi_adatszolgaltatas_2021_melleklet_3<\/a>\u00a0<\/p>\n","protected":false},"excerpt":{"rendered":"<p>T\u00e1j\u00e9koztat\u00e1s Valamennyi szervezeti egys\u00e9g k\u00f6rnyezetv\u00e9delmi\/hullad\u00e9kgazd\u00e1lkod\u00e1si megb\u00edzottja r\u00e9sz\u00e9re\u00a0 \u00a0\u00a0 Tisztelt K\u00f6rnyezetv\u00e9delmi\/Hullad\u00e9kgazd\u00e1lkod\u00e1si Megb\u00edzott! &nbsp; Ez\u00faton t\u00e1j\u00e9koztatom az \u00e9v elej\u00e9n esed\u00e9kes hullad\u00e9kgazd\u00e1lkod\u00e1si teend\u0151kr\u0151l. Felh\u00edvom a figyelmet a 2021. \u00e9vben termelt vesz\u00e9lyes hullad\u00e9k \u00e1tad\u00e1si adatoknak az egyetemi Hullad\u00e9kgazd\u00e1lkod\u00e1si Adatszolg\u00e1ltat\u00e1si Rendszerbe (HUGA) t\u00f6rt\u00e9n\u0151 miel\u0151bbi bevitel\u00e9re. Ez az adatszolg\u00e1ltat\u00e1sok hat\u00e1rid\u0151re t\u00f6rt\u00e9n\u0151 elk\u00e9sz\u00edt\u00e9s\u00e9hez sz\u00fcks\u00e9ges. Az adatok r\u00f6gz\u00edt\u00e9s\u00e9nek hat\u00e1rideje: 2022. janu\u00e1r 21. \u00a0 &hellip;<\/p>\n","protected":false},"author":288,"featured_media":2197,"parent":0,"menu_order":0,"comment_status":"closed","ping_status":"closed","template":"","meta":{"_acf_changed":false,"footnotes":""},"categories":[11],"tags":[],"class_list":["post-2086","page","type-page","status-publish","has-post-thumbnail","hentry","category-biztonsagtechnikai-igazgatosag"],"acf":[],"_links":{"self":[{"href":"https:\/\/semmelweis.hu\/biztonsag\/wp-json\/wp\/v2\/pages\/2086","targetHints":{"allow":["GET"]}}],"collection":[{"href":"https:\/\/semmelweis.hu\/biztonsag\/wp-json\/wp\/v2\/pages"}],"about":[{"href":"https:\/\/semmelweis.hu\/biztonsag\/wp-json\/wp\/v2\/types\/page"}],"author":[{"embeddable":true,"href":"https:\/\/semmelweis.hu\/biztonsag\/wp-json\/wp\/v2\/users\/288"}],"replies":[{"embeddable":true,"href":"https:\/\/semmelweis.hu\/biztonsag\/wp-json\/wp\/v2\/comments?post=2086"}],"version-history":[{"count":5,"href":"https:\/\/semmelweis.hu\/biztonsag\/wp-json\/wp\/v2\/pages\/2086\/revisions"}],"predecessor-version":[{"id":2097,"href":"https:\/\/semmelweis.hu\/biztonsag\/wp-json\/wp\/v2\/pages\/2086\/revisions\/2097"}],"wp:featuredmedia":[{"embeddable":true,"href":"https:\/\/semmelweis.hu\/biztonsag\/wp-json\/wp\/v2\/media\/2197"}],"wp:attachment":[{"href":"https:\/\/semmelweis.hu\/biztonsag\/wp-json\/wp\/v2\/media?parent=2086"}],"wp:term":[{"taxonomy":"category","embeddable":true,"href":"https:\/\/semmelweis.hu\/biztonsag\/wp-json\/wp\/v2\/categories?post=2086"},{"taxonomy":"post_tag","embeddable":true,"href":"https:\/\/semmelweis.hu\/biztonsag\/wp-json\/wp\/v2\/tags?post=2086"}],"curies":[{"name":"wp","href":"https:\/\/api.w.org\/{rel}","templated":true}]}}