{"id":2070,"date":"2021-12-20T01:52:56","date_gmt":"2021-12-20T00:52:56","guid":{"rendered":"https:\/\/semmelweis.hu\/biztonsag\/?page_id=2070"},"modified":"2022-05-05T12:19:01","modified_gmt":"2022-05-05T10:19:01","slug":"tajekoztato-uj-belepo-oktatas-ev-vegi-rendjerol","status":"publish","type":"page","link":"https:\/\/semmelweis.hu\/biztonsag\/tajekoztato-uj-belepo-oktatas-ev-vegi-rendjerol\/","title":{"rendered":"T\u00e1j\u00e9koztat\u00f3 \u00faj bel\u00e9p\u0151 oktat\u00e1s \u00e9v v\u00e9gi rendj\u00e9r\u0151l"},"content":{"rendered":"<h3 style=\"text-align: center\"><strong><u>T\u00c1J\u00c9KOZTAT\u00d3<br \/>\n<\/u><\/strong><\/h3>\n<h3 style=\"text-align: center\"><strong>Az \u00faj bel\u00e9p\u0151 munkav\u00e1llal\u00f3k, rezidensek \u00e9s PhD hallgat\u00f3k k\u00f6telez\u0151 biztons\u00e1gtechnikai oktat\u00e1s\u00e1nak 2021. \u00e9v v\u00e9gi, 2022. \u00e9v eleji rendj\u00e9r\u0151l<\/strong><\/h3>\n<p>&nbsp;<\/p>\n<p style=\"text-align: justify\">Ez\u00faton t\u00e1j\u00e9koztatjuk a Semmelweis Egyetemre \u00fajonnan bel\u00e9p\u0151 munkav\u00e1llal\u00f3kat, hogy a k\u00f6telez\u0151en elv\u00e9gzend\u0151 biztons\u00e1gtechnikai (munka-, t\u0171z-, vagyon-, k\u00f6rnyezet-, polg\u00e1ri \u00e9s katasztr\u00f3fav\u00e9delmi) infekci\u00f3kontroll, valamint az integr\u00e1lt ir\u00e1ny\u00edt\u00e1si rendszerhez kapcsol\u00f3d\u00f3 min\u0151s\u00e9gir\u00e1ny\u00edt\u00e1si (MIR) \u00e9s energiair\u00e1ny\u00edt\u00e1si (EIR) oktat\u00e1sok rendje a 2021. december 20-t\u00f3l 2022. janu\u00e1r 31-ig terjed\u0151 id\u0151szakban az al\u00e1bbiak szerint alakul:<\/p>\n<p>\u00a0\u00a0\u00a0\u00a0\u00a0\u00a0\u00a0\u00a0\u00a0\u00a0\u00a0 <u>Helysz\u00edn<\/u>: \u00a0\u00a0\u00a0\u00a0\u00a0\u00a0\u00a0 <strong>Nagyv\u00e1rad T\u00e9ri Elm\u00e9leti T\u00f6mb <\/strong>(1089 Budapest, Nagyv\u00e1rad t\u00e9r 4.)<\/p>\n<p>\u00a0\u00a0\u00a0\u00a0\u00a0\u00a0\u00a0\u00a0\u00a0\u00a0\u00a0 <u>Id\u0151pont<\/u>: \u00a0\u00a0\u00a0\u00a0\u00a0\u00a0\u00a0\u00a0 <strong>keddi napokon 12:00-15:00<\/strong>\u00a0<\/p>\n<ul>\n<li>2021. december 21.\u00a0\u00a0\u00a0\u00a0\u00a0\u00a0\u00a0\u00a0\u00a0\u00a0\u00a0\u00a0\u00a0 NET Z\u00f6ld el\u0151ad\u00f3terem<\/li>\n<li><strong style=\"color: #ff0000;font-size: 1rem\">2021. december 28. \u00a0\u00a0\u00a0\u00a0\u00a0\u00a0\u00a0\u00a0\u00a0\u00a0\u00a0 Az oktat\u00e1s nem ker\u00fcl megtart\u00e1sra<\/strong><\/li>\n<li>2022. janu\u00e1r 4. \u00a0\u00a0\u00a0\u00a0\u00a0\u00a0\u00a0\u00a0\u00a0\u00a0\u00a0\u00a0\u00a0\u00a0\u00a0\u00a0\u00a0\u00a0\u00a0\u00a0 NET Z\u00f6ld el\u0151ad\u00f3terem<\/li>\n<li>2022. janu\u00e1r 11. \u00a0\u00a0\u00a0\u00a0\u00a0\u00a0\u00a0\u00a0\u00a0\u00a0\u00a0\u00a0\u00a0\u00a0\u00a0\u00a0\u00a0\u00a0 NET Z\u00f6ld el\u0151ad\u00f3terem<\/li>\n<li>2022. janu\u00e1r 18.\u00a0\u00a0\u00a0\u00a0\u00a0\u00a0\u00a0\u00a0\u00a0\u00a0\u00a0\u00a0\u00a0\u00a0\u00a0\u00a0\u00a0\u00a0\u00a0 NET Z\u00f6ld el\u0151ad\u00f3terem<\/li>\n<li>2022. janu\u00e1r 25. \u00a0\u00a0\u00a0\u00a0\u00a0\u00a0\u00a0\u00a0\u00a0\u00a0\u00a0\u00a0\u00a0\u00a0\u00a0\u00a0\u00a0\u00a0 NET Z\u00f6ld el\u0151ad\u00f3terem<\/li>\n<\/ul>\n<p style=\"text-align: justify\">A m\u00e1r kor\u00e1bban kiadott t\u00e1j\u00e9koztat\u00f3 szerint el\u0151zetes regisztr\u00e1ci\u00f3t k\u00f6vet\u0151en, lehet\u0151s\u00e9g van online keretek k\u00f6z\u00f6tt is r\u00e9szt venni az \u00faj bel\u00e9p\u0151k r\u00e9sz\u00e9re szervezett oktat\u00e1son. Amennyiben k\u00e9rd\u00e9s mer\u00fcl fel az oktat\u00e1ssal kapcsolatban, Girusn\u00e9 Lov\u00e1sz Erzs\u00e9bet- polg\u00e1ri v\u00e9delmi szak\u00e9rt\u0151 ( +36 20 663-2917, vagy bels\u0151 mell\u00e9k: 60579) k\u00e9szs\u00e9ggel \u00e1ll rendelkez\u00e9sre.<\/p>\n<p>&nbsp;<\/p>\n<p>Budapest, 2021. december 17.<\/p>\n<p>&nbsp;<\/p>\n<p>\u00a0\u00a0\u00a0\u00a0\u00a0\u00a0\u00a0\u00a0\u00a0\u00a0\u00a0\u00a0\u00a0\u00a0\u00a0\u00a0\u00a0\u00a0\u00a0\u00a0\u00a0\u00a0\u00a0\u00a0\u00a0\u00a0\u00a0\u00a0\u00a0\u00a0\u00a0\u00a0\u00a0\u00a0\u00a0\u00a0\u00a0\u00a0\u00a0\u00a0\u00a0\u00a0\u00a0\u00a0\u00a0\u00a0\u00a0\u00a0\u00a0\u00a0\u00a0\u00a0\u00a0\u00a0\u00a0\u00a0\u00a0\u00a0\u00a0\u00a0\u00a0\u00a0\u00a0\u00a0\u00a0\u00a0\u00a0\u00a0\u00a0\u00a0\u00a0\u00a0\u00a0\u00a0\u00a0\u00a0\u00a0\u00a0\u00a0\u00a0\u00a0\u00a0\u00a0\u00a0\u00a0\u00a0\u00a0\u00a0\u00a0\u00a0\u00a0\u00a0\u00a0\u00a0\u00a0\u00a0\u00a0\u00a0\u00a0\u00a0\u00a0\u00a0\u00a0\u00a0\u00a0\u00a0\u00a0\u00a0\u00a0\u00a0 \u00a0<strong>Simon M\u00e1ty\u00e1s<br \/>\n<\/strong><strong>\u00a0 \u00a0 \u00a0 \u00a0 \u00a0 \u00a0 \u00a0 \u00a0 \u00a0 \u00a0 \u00a0 \u00a0 \u00a0 \u00a0 \u00a0 \u00a0 \u00a0 \u00a0 \u00a0 \u00a0 \u00a0 \u00a0 \u00a0 \u00a0 \u00a0 \u00a0 \u00a0 \u00a0 \u00a0 \u00a0 \u00a0 \u00a0 \u00a0 \u00a0 \u00a0 \u00a0 \u00a0 \u00a0 \u00a0 \u00a0 \u00a0 \u00a0 \u00a0 \u00a0 \u00a0 \u00a0 \u00a0 \u00a0 \u00a0 \u00a0 \u00a0 \u00a0 \u00a0 \u00a0 \u00a0 \u00a0 \u00a0 \u00a0 \u00a0igazgat\u00f3<\/strong><\/p>\n","protected":false},"excerpt":{"rendered":"<p>T\u00c1J\u00c9KOZTAT\u00d3 Az \u00faj bel\u00e9p\u0151 munkav\u00e1llal\u00f3k, rezidensek \u00e9s PhD hallgat\u00f3k k\u00f6telez\u0151 biztons\u00e1gtechnikai oktat\u00e1s\u00e1nak 2021. \u00e9v v\u00e9gi, 2022. \u00e9v eleji rendj\u00e9r\u0151l &nbsp; Ez\u00faton t\u00e1j\u00e9koztatjuk a Semmelweis Egyetemre \u00fajonnan bel\u00e9p\u0151 munkav\u00e1llal\u00f3kat, hogy a k\u00f6telez\u0151en elv\u00e9gzend\u0151 biztons\u00e1gtechnikai (munka-, t\u0171z-, vagyon-, k\u00f6rnyezet-, polg\u00e1ri \u00e9s katasztr\u00f3fav\u00e9delmi) infekci\u00f3kontroll, valamint az integr\u00e1lt ir\u00e1ny\u00edt\u00e1si rendszerhez kapcsol\u00f3d\u00f3 min\u0151s\u00e9gir\u00e1ny\u00edt\u00e1si (MIR) \u00e9s energiair\u00e1ny\u00edt\u00e1si (EIR) oktat\u00e1sok rendje a &hellip;<\/p>\n","protected":false},"author":288,"featured_media":0,"parent":0,"menu_order":0,"comment_status":"closed","ping_status":"closed","template":"","meta":{"_acf_changed":false,"footnotes":""},"categories":[11],"tags":[],"class_list":["post-2070","page","type-page","status-publish","hentry","category-biztonsagtechnikai-igazgatosag"],"acf":[],"_links":{"self":[{"href":"https:\/\/semmelweis.hu\/biztonsag\/wp-json\/wp\/v2\/pages\/2070","targetHints":{"allow":["GET"]}}],"collection":[{"href":"https:\/\/semmelweis.hu\/biztonsag\/wp-json\/wp\/v2\/pages"}],"about":[{"href":"https:\/\/semmelweis.hu\/biztonsag\/wp-json\/wp\/v2\/types\/page"}],"author":[{"embeddable":true,"href":"https:\/\/semmelweis.hu\/biztonsag\/wp-json\/wp\/v2\/users\/288"}],"replies":[{"embeddable":true,"href":"https:\/\/semmelweis.hu\/biztonsag\/wp-json\/wp\/v2\/comments?post=2070"}],"version-history":[{"count":5,"href":"https:\/\/semmelweis.hu\/biztonsag\/wp-json\/wp\/v2\/pages\/2070\/revisions"}],"predecessor-version":[{"id":2077,"href":"https:\/\/semmelweis.hu\/biztonsag\/wp-json\/wp\/v2\/pages\/2070\/revisions\/2077"}],"wp:attachment":[{"href":"https:\/\/semmelweis.hu\/biztonsag\/wp-json\/wp\/v2\/media?parent=2070"}],"wp:term":[{"taxonomy":"category","embeddable":true,"href":"https:\/\/semmelweis.hu\/biztonsag\/wp-json\/wp\/v2\/categories?post=2070"},{"taxonomy":"post_tag","embeddable":true,"href":"https:\/\/semmelweis.hu\/biztonsag\/wp-json\/wp\/v2\/tags?post=2070"}],"curies":[{"name":"wp","href":"https:\/\/api.w.org\/{rel}","templated":true}]}}