{"id":2059,"date":"2021-12-13T02:11:51","date_gmt":"2021-12-13T01:11:51","guid":{"rendered":"https:\/\/semmelweis.hu\/biztonsag\/?page_id=2059"},"modified":"2022-05-05T12:19:26","modified_gmt":"2022-05-05T10:19:26","slug":"tuzjelzo-rendszer-karbantartasi-szerzodes","status":"publish","type":"page","link":"https:\/\/semmelweis.hu\/biztonsag\/tuzjelzo-rendszer-karbantartasi-szerzodes\/","title":{"rendered":"T\u0171zjelz\u0151 rendszer karbantart\u00e1si szerz\u0151d\u00e9s"},"content":{"rendered":"<h3 style=\"text-align: center\"><strong>BE\u00c9P\u00cdTETT T\u0170ZJELZ\u0150 BERENDEZ\u00c9S KARBANTART\u00c1SI SZERZ\u0150D\u00c9S<br \/>\nT\u00c1J\u00c9KOZTAT\u00d3<\/strong><\/h3>\n<h4 style=\"text-align: center\"><strong>\u00a0<\/strong><em>valamennyi szervezeti egys\u00e9g vezet\u0151je <br \/>\n\u00e9s <br \/>\ngazdas\u00e1gi vezet\u0151je r\u00e9sz\u00e9re<\/em><\/h4>\n<p style=\"text-align: justify\">A Semmelweis Egyetem \u2013 az Orsz\u00e1gos T\u0171zv\u00e9delmi Szab\u00e1lyzatr\u00f3l sz\u00f3l\u00f3 <strong>54\/2014. (XII. 05.) BM rendeletben<\/strong> r\u00f6gz\u00edtett \u2013 szervezeti egys\u00e9geiben \u00fczemben tartott be\u00e9p\u00edtett t\u0171zjelz\u0151 berendez\u00e9s, karbantart\u00e1sa \u00e9s fel\u00fclvizsg\u00e1lata t\u00e1rgy\u00e1ban \u00faj beszerz\u00e9si elj\u00e1r\u00e1st folytatott le. Az elj\u00e1r\u00e1ssal \u00e9rintett szerz\u0151d\u00f6tt partner a <strong>37669-11\/GFIBSZI\/2021<\/strong>, a <strong>37669-12\/GFIBSZI\/2021<\/strong> valamint a <strong>37669-14\/GFIBSZI\/2021<\/strong> iktat\u00f3sz\u00e1m\u00fa szerz\u0151d\u00e9s alapj\u00e1n a CIVIL Kft. lett.<\/p>\n<p style=\"text-align: justify\">A fenti karbantart\u00e1si\/fel\u00fclvizsg\u00e1lati munk\u00e1k fedezete k\u00f6zponti keretb\u0151l lesz biztos\u00edtva, amely kiterhel\u00e9sre ker\u00fcl az \u00e9rintett szervezeti egys\u00e9gekre. Szakmai szempontb\u00f3l a tev\u00e9kenys\u00e9get Biztons\u00e1gtechnikai Igazgat\u00f3s\u00e1g fogja fel\u00fcgyelni.\u00a0\u00a0<\/p>\n<p style=\"text-align: justify\">Az <strong>54\/2014. (XII. 05.) BM rendelet <\/strong>258. \u00a7 (4) pontja alapj\u00e1n, a be\u00e9p\u00edtett t\u0171zjelz\u0151 berendez\u00e9s teljes k\u00f6r\u0171 fel\u00fclvizsg\u00e1lat\u00e1t el kell v\u00e9gezni \u00faj karbantart\u00e1si szerz\u0151d\u00e9s al\u00e1\u00edr\u00e1s\u00e1t k\u00f6vet\u0151en.<\/p>\n<p style=\"text-align: justify\">A fel\u00fclvizsg\u00e1lati id\u0151pontok tekintet\u00e9ben a ter\u00fcletileg illet\u00e9kes koll\u00e9g\u00e1im felvett\u00e9k, a k\u00f6zelj\u00f6v\u0151ben felveszik a kapcsolatot az \u00e9rintett szervezeti egys\u00e9gek illet\u00e9keseivel. A kapcsolatfelv\u00e9tel sor\u00e1n leegyeztetik, hogy az \u00fctemterv szerinti id\u0151pontban milyen felt\u00e9telek mellett lehet az \u00e9rintett szervezeti egys\u00e9gn\u00e9l az \u00e9p\u00fcleten bel\u00fcl mozogni.<\/p>\n<p style=\"text-align: justify\">A Civil Kft. az al\u00e1bbi \u00fctemez\u00e9s szerint hajtj\u00e1k v\u00e9gre az \u00e9rintett szervezeti egys\u00e9gekn\u00e9l a soron k\u00edv\u00fcli fel\u00fclvizsg\u00e1latot.<\/p>\n<p>&nbsp;<\/p>\n<table>\n<tbody>\n<tr>\n<td width=\"340\">\n<p><strong>L\u00e9tes\u00edtm\u00e9ny neve, c\u00edme<\/strong><\/p>\n<\/td>\n<td width=\"159\">\n<p><strong>T\u0171zjelz\u0151 k\u00f6zpont <br \/>\nneve<\/strong><\/p>\n<\/td>\n<td width=\"185\">\n<p><strong>Rendk\u00edv\u00fcli fel\u00fclvizsg\u00e1lat ideje<\/strong><\/p>\n<\/td>\n<td width=\"0\">\u00a0<\/td>\n<\/tr>\n<tr>\n<td width=\"340\">\n<p>Markusovszky Lajos Koll\u00e9gium<br \/>\n1089 Budapest, Rezs\u0151 t\u00e9r 16<\/p>\n<\/td>\n<td width=\"159\">\n<p>Siemens Cl 1115<\/p>\n<\/td>\n<td width=\"185\">\n<p>2021.11.30 9:00<\/p>\n<\/td>\n<td width=\"0\">\u00a0<\/td>\n<\/tr>\n<tr>\n<td width=\"340\">\n<p>Selye J\u00e1nos koll\u00e9gium <br \/>\n1085 Budapest, \u00dcll\u0151i \u00fat 22<\/p>\n<\/td>\n<td width=\"159\">\n<p>Siemens Cl 1115<\/p>\n<\/td>\n<td width=\"185\">\n<p>2021.11.18 10:00-11:00<\/p>\n<\/td>\n<td width=\"0\">\u00a0<\/td>\n<\/tr>\n<tr>\n<td width=\"340\">\n<p>Kor\u00e1nyi Frigyes Szakkoll\u00e9gium\u00a0\u00a0\u00a0\u00a0\u00a0 <br \/>\n1074 Budapest, H\u00e1rsfa u. 59\/b<\/p>\n<\/td>\n<td width=\"159\">\n<p>Siemens Cl 1115<\/p>\n<\/td>\n<td width=\"185\">\n<p>2021.11.17 9:00<\/p>\n<\/td>\n<td width=\"0\">\u00a0<\/td>\n<\/tr>\n<tr>\n<td width=\"340\">\n<p>Balassa J\u00e1nos Koll\u00e9gium<br \/>\n1083 Budapest, T\u00f6m\u0151 u. 35-37<\/p>\n<\/td>\n<td width=\"159\">\n<p>Siemens FC2040<\/p>\n<\/td>\n<td width=\"185\">\n<p>2021.11.26 9:00<\/p>\n<\/td>\n<td width=\"0\">\u00a0<\/td>\n<\/tr>\n<tr>\n<td width=\"340\">\n<p>K\u00e1tai G\u00e1bor Koll\u00e9gium<br \/>\n1131 Budapest, Hajd\u00fa u. 44.<\/p>\n<\/td>\n<td width=\"159\">\n<p>Siemens Cl 1115<\/p>\n<\/td>\n<td width=\"185\">\n<p>2021.11.19 9:00<\/p>\n<\/td>\n<td width=\"0\">\u00a0<\/td>\n<\/tr>\n<tr>\n<td width=\"340\">\n<p>Anat\u00f3miai, Sz\u00f6vet-Fejl\u0151d\u00e9stani Int\u00e9zet\u00a0 <br \/>\n1094 Budapest, T\u0171zolt\u00f3 u. 58<\/p>\n<\/td>\n<td width=\"159\">\n<p>Siemens FC2020-AA<\/p>\n<\/td>\n<td width=\"185\">\n<p>2021.11.22 9:00<\/p>\n<\/td>\n<td width=\"0\">\u00a0<\/td>\n<\/tr>\n<tr>\n<td width=\"340\">\n<p>Arc-, \u00c1llcsont- \u00e9s Sz\u00e1jseb\u00e9szeti \u00e9s Fog\u00e1szati Klinika <br \/>\n1085 Budapest, M\u00e1ria u. 52.<\/p>\n<\/td>\n<td width=\"159\">\n<p>Fc-200<\/p>\n<\/td>\n<td width=\"185\">\n<p>2021.12.11-12 (2)<\/p>\n<\/td>\n<td width=\"0\">\u00a0<\/td>\n<\/tr>\n<tr>\n<td width=\"340\">\n<p>K\u00f6zponti Betegell\u00e1t\u00f3 \u00c9p\u00fclet<br \/>\n1082 Budapest, \u00dcll\u0151i \u00fat 78\/B<\/p>\n<\/td>\n<td width=\"159\">\n<p>Esser Flexes<\/p>\n<\/td>\n<td width=\"185\">\n<p>2021.11.19-2021.11.26 (6 nap)<\/p>\n<\/td>\n<td width=\"0\">\u00a0<\/td>\n<\/tr>\n<tr>\n<td width=\"340\">\n<p>Nagyv\u00e1rad t\u00e9ri Elm\u00e9leti T\u00f6mb<br \/>\n1089 Budapest, Nagyv\u00e1rad t\u00e9r 4.<\/p>\n<\/td>\n<td width=\"159\">\n<p>Esser IQ8<\/p>\n<\/td>\n<td width=\"185\">\n<p>2021.11.29-2021-12-03 (5)<\/p>\n<\/td>\n<td width=\"0\">\u00a0<\/td>\n<\/tr>\n<tr>\n<td width=\"340\">\n<p>N\u0151v\u00e9rsz\u00e1ll\u00f3<br \/>\n1083 Budapest, Ill\u00e9s utca 15.<\/p>\n<\/td>\n<td width=\"159\">\n<p>Esser IQ8<\/p>\n<\/td>\n<td width=\"185\">\n<p>2021.12.07<\/p>\n<\/td>\n<td width=\"0\">\u00a0<\/td>\n<\/tr>\n<tr>\n<td width=\"340\">\n<p>K\u00f6zponti Igazgat\u00e1si \u00c9p\u00fclet<br \/>\n1085 Budapest, \u00dcll\u0151i \u00fat 26.<\/p>\n<\/td>\n<td width=\"159\">\n<p>Esser IQ8<\/p>\n<\/td>\n<td width=\"185\">\n<p>2021.12.08<\/p>\n<\/td>\n<td width=\"0\">\u00a0<\/td>\n<\/tr>\n<tr>\n<td width=\"340\">\n<p>K\u00f6zponti K\u00f6nyvt\u00e1r<br \/>\n1083 Budapest, Miksz\u00e1th K\u00e1lm\u00e1n t\u00e9r 5.<\/p>\n<\/td>\n<td width=\"159\">\n<p>Esser IQ8<\/p>\n<\/td>\n<td width=\"185\">\n<p>2021.12.09<\/p>\n<\/td>\n<td width=\"0\">\u00a0<\/td>\n<\/tr>\n<tr>\n<td width=\"340\">\n<p>Liget utcai L\u00e9tes\u00edtm\u00e9ny<\/p>\n<\/td>\n<td width=\"159\">\n<p>Esser IQ8<\/p>\n<\/td>\n<td width=\"185\">\n<p>2021.12.10<\/p>\n<\/td>\n<td width=\"0\">\u00a0<\/td>\n<\/tr>\n<tr>\n<td width=\"340\">\n<p>Ern\u0151 utcai l\u00e9tes\u00edtm\u00e9ny (Informatikai Igazgat\u00f3s\u00e1g \u00e9s Szkill-\u00e9s Szimul\u00e1ci\u00f3s K\u00f6zpont)<br \/>\n1096 Budapest, Ern\u0151 utca 7.<\/p>\n<\/td>\n<td width=\"159\">\n<p>Esser IQ8<\/p>\n<\/td>\n<td width=\"185\">\n<p>2021.12.13<\/p>\n<\/td>\n<td width=\"0\">\u00a0<\/td>\n<\/tr>\n<tr>\n<td width=\"340\">\n<p>Eg\u00e9szs\u00e9g\u00fcgyi Menedzserk\u00e9pz\u0151 K\u00f6zpont<br \/>\n1125 Budapest, K\u00fatv\u00f6lgyi \u00fat 2.<\/p>\n<\/td>\n<td width=\"159\">\n<p>Notifier AM1000<\/p>\n<\/td>\n<td width=\"185\">\n<p>2021.12.21<\/p>\n<\/td>\n<td width=\"0\">\u00a0<\/td>\n<\/tr>\n<tr>\n<td width=\"340\">\n<p>Sz\u00fcl\u00e9szeti \u00e9s N\u0151gy\u00f3gy\u00e1szati Klinika <br \/>\n1082 Budapest, \u00dcll\u0151i \u00fat 78\/A.<\/p>\n<\/td>\n<td width=\"159\">\n<p>Notifier AM1000<\/p>\n<\/td>\n<td width=\"185\">\n<p>2021.12.05<\/p>\n<\/td>\n<td width=\"0\">\u00a0<\/td>\n<\/tr>\n<tr>\n<td width=\"340\">\n<p>V\u00e1rosmajori Sz\u00edv- \u00e9s \u00c9rgy\u00f3gy\u00e1szati Klinika<br \/>\n1122 Budapest, V\u00e1rosmajor u. 68.<\/p>\n<\/td>\n<td width=\"159\">\n<p>Notifier ID1000<\/p>\n<\/td>\n<td width=\"185\">\n<p>2021.12.04<\/p>\n<\/td>\n<td width=\"0\">\u00a0<\/td>\n<\/tr>\n<tr>\n<td width=\"340\">\n<p>Transzplant\u00e1ci\u00f3s \u00e9s Seb\u00e9szeti Klinika<br \/>\n1082 Budapest, Baross u. 23-28-<\/p>\n<\/td>\n<td width=\"159\">\n<p>Zeta Premier- AL1<\/p>\n<\/td>\n<td width=\"185\">\n<p>2021.12.14<\/p>\n<\/td>\n<td width=\"0\">\u00a0<\/td>\n<\/tr>\n<tr>\n<td width=\"340\">\n<p>Napk\u00f6ziotthonos \u00d3voda<br \/>\n1089 Budapest, Eln\u00f6k utca 4.<\/p>\n<\/td>\n<td width=\"159\">\n<p>Zeta Simplicity Plus<\/p>\n<\/td>\n<td width=\"185\">\n<p>2021.12.15<\/p>\n<\/td>\n<td width=\"0\">\u00a0<\/td>\n<\/tr>\n<tr>\n<td width=\"340\">\n<p>id. B\u00f3kay J\u00e1nos Koll\u00e9gium<br \/>\n1046 Budapest, Erkel utca 26.<\/p>\n<\/td>\n<td width=\"159\">\n<p>Zeta Premier AD<\/p>\n<\/td>\n<td width=\"185\">\n<p>2021.12.16<\/p>\n<\/td>\n<td width=\"0\">\u00a0<\/td>\n<\/tr>\n<tr>\n<td width=\"340\">\n<p>I.sz. Gyermekgy\u00f3gy\u00e1szati Klinika<br \/>\n1083 Budapest, B\u00f3kay J\u00e1nos utca 53-54.<\/p>\n<\/td>\n<td width=\"159\">\n<p>Notifier AM4000N<\/p>\n<\/td>\n<td width=\"185\">\n<p>2021.11.27<\/p>\n<\/td>\n<td width=\"0\">\u00a0<\/td>\n<\/tr>\n<tr>\n<td rowspan=\"2\" width=\"340\">\n<p>Szent R\u00f3kus K\u00f3rh\u00e1z<br \/>\n1085 Budapest, Gyulai P\u00e1l u. 2.<\/p>\n<\/td>\n<td rowspan=\"2\" width=\"159\">\n<p>BMZ Integr\u00e1l<\/p>\n<\/td>\n<td rowspan=\"2\" width=\"185\">\n<p>2021.11.24-11.25<\/p>\n<\/td>\n<td width=\"0\">\u00a0<\/td>\n<\/tr>\n<tr>\n<td width=\"0\">\u00a0<\/td>\n<\/tr>\n<tr>\n<td rowspan=\"2\" width=\"340\">\n<p>Szem\u00e9szeti Klinika<br \/>\n1085 Budapest, M\u00e1ria u. 39.<\/p>\n<\/td>\n<td rowspan=\"2\" width=\"159\">\n<p>BMZ Integr\u00e1l<\/p>\n<\/td>\n<td rowspan=\"2\" width=\"185\">\n<p>2021.11.29-12.03<\/p>\n<\/td>\n<td width=\"0\">\u00a0<\/td>\n<\/tr>\n<tr>\n<td width=\"0\">\u00a0<\/td>\n<\/tr>\n<\/tbody>\n<\/table>\n<p>&nbsp;<\/p>\n<p style=\"text-align: justify\">Fenti t\u00e1bl\u00e1zatban nem szerepl\u0151 \u00e9s be\u00e9p\u00edtett t\u0171zjelz\u0151 rendszerrel rendelkez\u0151 szervezeti egys\u00e9gek tekintet\u00e9ben, a kor\u00e1bban szerz\u0151d\u00f6tt B Consulting Service Vagyonv\u00e9delmi Kft. l\u00e1tja el a rendszer karbantart\u00e1s\u00e1t, ellen\u0151rz\u00e9s\u00e9t. Ezen k\u00f6telezetts\u00e9get a <strong>37669-13\/GFIBSZI\/2021 <\/strong>sz\u00e1m\u00fa szerz\u0151d\u00e9s alapj\u00e1n teljes\u00edtik.<\/p>\n<p style=\"text-align: justify\">Amennyiben a lev\u00e9l tartalm\u00e1val kapcsolatban k\u00e9rd\u00e9s\u00fck lenne, vagy seg\u00edts\u00e9gre van sz\u00fcks\u00e9g\u00fck, forduljanak bizalommal el\u0151ad\u00f3k\u00e9nt megjel\u00f6lt koll\u00e9g\u00e1mhoz.<\/p>\n<p>&nbsp;<\/p>\n<p>Budapest, 2021. december\u00a0 \u00a009.<\/p>\n<p>&nbsp;<\/p>\n<p><strong>Tisztelettel:<\/strong><\/p>\n<p style=\"text-align: center\"><strong>Simon M\u00e1ty\u00e1s<br \/>\n<\/strong>igazgat\u00f3<\/p>\n<p>&nbsp;<\/p>\n<p>Eredeti dokumentum let\u00f6lt\u00e9se:<\/p>\n<p><a href=\"https:\/\/semmelweis.hu\/biztonsag\/files\/2021\/12\/Beepitett-tuzjelzo-berendezes-karbantartas-tajekoztato.pdf\">Beepitett tuzjelzo berendezes karbantartas tajekoztato<\/a><\/p>\n","protected":false},"excerpt":{"rendered":"<p>BE\u00c9P\u00cdTETT T\u0170ZJELZ\u0150 BERENDEZ\u00c9S KARBANTART\u00c1SI SZERZ\u0150D\u00c9S T\u00c1J\u00c9KOZTAT\u00d3 \u00a0valamennyi szervezeti egys\u00e9g vezet\u0151je \u00e9s gazdas\u00e1gi vezet\u0151je r\u00e9sz\u00e9re A Semmelweis Egyetem \u2013 az Orsz\u00e1gos T\u0171zv\u00e9delmi Szab\u00e1lyzatr\u00f3l sz\u00f3l\u00f3 54\/2014. (XII. 05.) BM rendeletben r\u00f6gz\u00edtett \u2013 szervezeti egys\u00e9geiben \u00fczemben tartott be\u00e9p\u00edtett t\u0171zjelz\u0151 berendez\u00e9s, karbantart\u00e1sa \u00e9s fel\u00fclvizsg\u00e1lata t\u00e1rgy\u00e1ban \u00faj beszerz\u00e9si elj\u00e1r\u00e1st folytatott le. Az elj\u00e1r\u00e1ssal \u00e9rintett szerz\u0151d\u00f6tt partner a 37669-11\/GFIBSZI\/2021, a 37669-12\/GFIBSZI\/2021 &hellip;<\/p>\n","protected":false},"author":288,"featured_media":0,"parent":0,"menu_order":0,"comment_status":"closed","ping_status":"closed","template":"","meta":{"_acf_changed":false,"footnotes":""},"categories":[11],"tags":[],"class_list":["post-2059","page","type-page","status-publish","hentry","category-biztonsagtechnikai-igazgatosag"],"acf":[],"_links":{"self":[{"href":"https:\/\/semmelweis.hu\/biztonsag\/wp-json\/wp\/v2\/pages\/2059","targetHints":{"allow":["GET"]}}],"collection":[{"href":"https:\/\/semmelweis.hu\/biztonsag\/wp-json\/wp\/v2\/pages"}],"about":[{"href":"https:\/\/semmelweis.hu\/biztonsag\/wp-json\/wp\/v2\/types\/page"}],"author":[{"embeddable":true,"href":"https:\/\/semmelweis.hu\/biztonsag\/wp-json\/wp\/v2\/users\/288"}],"replies":[{"embeddable":true,"href":"https:\/\/semmelweis.hu\/biztonsag\/wp-json\/wp\/v2\/comments?post=2059"}],"version-history":[{"count":6,"href":"https:\/\/semmelweis.hu\/biztonsag\/wp-json\/wp\/v2\/pages\/2059\/revisions"}],"predecessor-version":[{"id":2198,"href":"https:\/\/semmelweis.hu\/biztonsag\/wp-json\/wp\/v2\/pages\/2059\/revisions\/2198"}],"wp:attachment":[{"href":"https:\/\/semmelweis.hu\/biztonsag\/wp-json\/wp\/v2\/media?parent=2059"}],"wp:term":[{"taxonomy":"category","embeddable":true,"href":"https:\/\/semmelweis.hu\/biztonsag\/wp-json\/wp\/v2\/categories?post=2059"},{"taxonomy":"post_tag","embeddable":true,"href":"https:\/\/semmelweis.hu\/biztonsag\/wp-json\/wp\/v2\/tags?post=2059"}],"curies":[{"name":"wp","href":"https:\/\/api.w.org\/{rel}","templated":true}]}}