{"id":2010,"date":"2021-10-22T12:39:13","date_gmt":"2021-10-22T10:39:13","guid":{"rendered":"https:\/\/semmelweis.hu\/biztonsag\/?page_id=2010"},"modified":"2022-05-05T12:24:01","modified_gmt":"2022-05-05T10:24:01","slug":"tajekoztato-fkf-arvaltozasrol","status":"publish","type":"page","link":"https:\/\/semmelweis.hu\/biztonsag\/tajekoztato-fkf-arvaltozasrol\/","title":{"rendered":"T\u00e1j\u00e9koztat\u00f3 FKF \u00e1rv\u00e1ltoz\u00e1sr\u00f3l"},"content":{"rendered":"<h2 style=\"text-align: center\"><strong>T\u00c1J\u00c9KOZTAT\u00d3<br \/>\nHullad\u00e9kgazd\u00e1lkod\u00e1si k\u00f6zszolg\u00e1ltat\u00e1s d\u00edjainak v\u00e1ltoz\u00e1s\u00e1r\u00f3l<\/strong><\/h2>\n<h2><strong>\u00a0<\/strong><\/h2>\n<h3><strong>Valamennyi szervezeti egys\u00e9g gazdas\u00e1gi vezet\u0151je r\u00e9sz\u00e9re<\/strong><\/h3>\n<h3><strong>\u00a0<\/strong><\/h3>\n<h5><strong>Tisztelt Gazdas\u00e1gi Vezet\u0151 \/ Igazgat\u00f3 Asszony \/ \u00dar!<\/strong><\/h5>\n<h5><strong>\u00a0<\/strong><\/h5>\n<p style=\"text-align: justify\">T\u00e1j\u00e9koztatom, hogy 2021. augusztus 1 napj\u00e1t\u00f3l, \u2013 mivel a Semmelweis Egyetem jogi form\u00e1ja m\u00e1r nem k\u00f6zponti k\u00f6lts\u00e9gvet\u00e9si szerv \u2013 a tov\u00e1bbiakban nem jogosult a hullad\u00e9kgazd\u00e1lkod\u00e1si k\u00f6zszolg\u00e1ltat\u00e1s eset\u00e9ben a rezsics\u00f6kkentett k\u00f6zszolg\u00e1ltat\u00e1si d\u00edjra. \u00cdgy 2021. augusztus 1-t\u0151l a Semmelweis Egyetem telephelyein a telep\u00fcl\u00e9si szil\u00e1rd hullad\u00e9k \u00e1rtalmatlan\u00edt\u00e1si d\u00edjai a k\u00f6vetkez\u0151k\u00e9ppen m\u00f3dosulnak:<\/p>\n<ul style=\"text-align: justify\">\n<li>t\u00f6m\u00f6r\u00edtett hullad\u00e9kkezel\u00e9s d\u00edja: nett\u00f3 <strong>19.726 Ft\/m<sup>3<\/sup><\/strong><\/li>\n<li>telep\u00fcl\u00e9si szil\u00e1rd hullad\u00e9kkezel\u00e9si d\u00edj: nett\u00f3 <strong>5.636 Ft\/m<sup>3<\/sup><\/strong><\/li>\n<li>szelekt\u00edv hullad\u00e9kkezel\u00e9s d\u00edja: nett\u00f3 <strong>3.702 Ft\/m<sup>3<\/sup><\/strong><\/li>\n<\/ul>\n<p style=\"text-align: justify\">A 2022 \u00e9vi hullad\u00e9kgazd\u00e1lkod\u00e1si k\u00f6zszolg\u00e1ltat\u00e1s d\u00edjak kiterhel\u00e9se \u00e9s a GMSZ tervek elk\u00e9sz\u00edt\u00e9se is az \u00faj d\u00edjszab\u00e1s alapj\u00e1n t\u00f6rt\u00e9nik.<\/p>\n<p style=\"text-align: justify\">\u00a0<\/p>\n<p style=\"text-align: justify\">Budapest, 2021. okt\u00f3ber 22.<\/p>\n<p><strong>Tisztelettel:\u00a0 \u00a0 \u00a0 \u00a0 \u00a0 \u00a0 \u00a0 \u00a0 \u00a0 \u00a0 \u00a0 \u00a0 \u00a0 \u00a0 \u00a0 \u00a0 \u00a0 \u00a0 \u00a0 \u00a0 \u00a0 \u00a0 \u00a0 \u00a0 \u00a0<\/strong><strong style=\"font-size: 1rem\">\u00a0 \u00a0 \u00a0 \u00a0 \u00a0 \u00a0 \u00a0 \u00a0 \u00a0 \u00a0 \u00a0 \u00a0 \u00a0 \u00a0 \u00a0 \u00a0 \u00a0 \u00a0 \u00a0 \u00a0 \u00a0 \u00a0 \u00a0 \u00a0 \u00a0 \u00a0 \u00a0 \u00a0 \u00a0 \u00a0 \u00a0 \u00a0 \u00a0 \u00a0 \u00a0 \u00a0 \u00a0 \u00a0 \u00a0 \u00a0 \u00a0 \u00a0 \u00a0 \u00a0 \u00a0 \u00a0 \u00a0\u00a0<\/strong><\/p>\n<p style=\"text-align: center\"><strong>Simon M\u00e1ty\u00e1s<br \/>\n<\/strong>igazgat\u00f3<\/p>\n<p>&nbsp;<\/p>\n<p>&nbsp;<\/p>\n<p><a href=\"https:\/\/semmelweis.hu\/biztonsag\/files\/2021\/10\/Tajekoztato_FKF_arvaltozasrol.pdf\">Eredeti dokumentum let\u00f6lt\u00e9se<\/a><\/p>\n","protected":false},"excerpt":{"rendered":"<p>T\u00c1J\u00c9KOZTAT\u00d3 Hullad\u00e9kgazd\u00e1lkod\u00e1si k\u00f6zszolg\u00e1ltat\u00e1s d\u00edjainak v\u00e1ltoz\u00e1s\u00e1r\u00f3l \u00a0 Valamennyi szervezeti egys\u00e9g gazdas\u00e1gi vezet\u0151je r\u00e9sz\u00e9re \u00a0 Tisztelt Gazdas\u00e1gi Vezet\u0151 \/ Igazgat\u00f3 Asszony \/ \u00dar! \u00a0 T\u00e1j\u00e9koztatom, hogy 2021. augusztus 1 napj\u00e1t\u00f3l, \u2013 mivel a Semmelweis Egyetem jogi form\u00e1ja m\u00e1r nem k\u00f6zponti k\u00f6lts\u00e9gvet\u00e9si szerv \u2013 a tov\u00e1bbiakban nem jogosult a hullad\u00e9kgazd\u00e1lkod\u00e1si k\u00f6zszolg\u00e1ltat\u00e1s eset\u00e9ben a rezsics\u00f6kkentett k\u00f6zszolg\u00e1ltat\u00e1si d\u00edjra. \u00cdgy 2021. &hellip;<\/p>\n","protected":false},"author":288,"featured_media":0,"parent":0,"menu_order":0,"comment_status":"closed","ping_status":"closed","template":"","meta":{"_acf_changed":false,"footnotes":""},"categories":[11],"tags":[],"class_list":["post-2010","page","type-page","status-publish","hentry","category-biztonsagtechnikai-igazgatosag"],"acf":[],"_links":{"self":[{"href":"https:\/\/semmelweis.hu\/biztonsag\/wp-json\/wp\/v2\/pages\/2010","targetHints":{"allow":["GET"]}}],"collection":[{"href":"https:\/\/semmelweis.hu\/biztonsag\/wp-json\/wp\/v2\/pages"}],"about":[{"href":"https:\/\/semmelweis.hu\/biztonsag\/wp-json\/wp\/v2\/types\/page"}],"author":[{"embeddable":true,"href":"https:\/\/semmelweis.hu\/biztonsag\/wp-json\/wp\/v2\/users\/288"}],"replies":[{"embeddable":true,"href":"https:\/\/semmelweis.hu\/biztonsag\/wp-json\/wp\/v2\/comments?post=2010"}],"version-history":[{"count":8,"href":"https:\/\/semmelweis.hu\/biztonsag\/wp-json\/wp\/v2\/pages\/2010\/revisions"}],"predecessor-version":[{"id":2022,"href":"https:\/\/semmelweis.hu\/biztonsag\/wp-json\/wp\/v2\/pages\/2010\/revisions\/2022"}],"wp:attachment":[{"href":"https:\/\/semmelweis.hu\/biztonsag\/wp-json\/wp\/v2\/media?parent=2010"}],"wp:term":[{"taxonomy":"category","embeddable":true,"href":"https:\/\/semmelweis.hu\/biztonsag\/wp-json\/wp\/v2\/categories?post=2010"},{"taxonomy":"post_tag","embeddable":true,"href":"https:\/\/semmelweis.hu\/biztonsag\/wp-json\/wp\/v2\/tags?post=2010"}],"curies":[{"name":"wp","href":"https:\/\/api.w.org\/{rel}","templated":true}]}}