{"id":1996,"date":"2021-10-04T15:22:12","date_gmt":"2021-10-04T13:22:12","guid":{"rendered":"https:\/\/semmelweis.hu\/biztonsag\/?page_id=1996"},"modified":"2022-05-05T12:24:24","modified_gmt":"2022-05-05T10:24:24","slug":"hulladekmentes-etel-elvitel","status":"publish","type":"page","link":"https:\/\/semmelweis.hu\/biztonsag\/hulladekmentes-etel-elvitel\/","title":{"rendered":"Hullad\u00e9kmentes \u00e9tel elvitel"},"content":{"rendered":"<h1 style=\"text-align: center\"><span style=\"color: #339966\"><strong>Hullad\u00e9kmentes \u00e9tel elvitel \u00e9s h\u00e1zhoz rendel\u00e9s<\/strong><\/span><\/h1>\n<p><a href=\"https:\/\/semmelweis.hu\/biztonsag\/files\/2021\/10\/Hulladekmentes_elvitel_kep.png\"><img loading=\"lazy\" decoding=\"async\" class=\"alignnone size-full wp-image-2002\" src=\"https:\/\/semmelweis.hu\/biztonsag\/files\/2021\/10\/Hulladekmentes_elvitel_kep.png\" alt=\"\" width=\"1388\" height=\"846\" srcset=\"https:\/\/semmelweis.hu\/biztonsag\/files\/2021\/10\/Hulladekmentes_elvitel_kep.png 1388w, https:\/\/semmelweis.hu\/biztonsag\/files\/2021\/10\/Hulladekmentes_elvitel_kep-300x183.png 300w, https:\/\/semmelweis.hu\/biztonsag\/files\/2021\/10\/Hulladekmentes_elvitel_kep-1024x624.png 1024w, https:\/\/semmelweis.hu\/biztonsag\/files\/2021\/10\/Hulladekmentes_elvitel_kep-768x468.png 768w, https:\/\/semmelweis.hu\/biztonsag\/files\/2021\/10\/Hulladekmentes_elvitel_kep-753x459.png 753w\" sizes=\"auto, (max-width: 1388px) 100vw, 1388px\" \/><\/a><\/p>\n<p style=\"text-align: justify\">A magyarorsz\u00e1gi z\u00f6ld egyetemek k\u00f6z\u00f6tt folyamatos az egy\u00fcttm\u0171k\u00f6d\u00e9s, sz\u00e1mos kamp\u00e1nyban vesz\u00fcnk r\u00e9szt k\u00f6z\u00f6sen. Most a P\u00e9csi Tudom\u00e1nyegyetem Rakun projektj\u00e9hez\u00a0csatlakozott a\u00a0Semmelweis Egyetem is, a m\u0171anyag hullad\u00e9kok cs\u00f6kkent\u00e9se \u00e9rdek\u00e9ben.\u00a0<\/p>\n<p style=\"text-align: justify\">A Rakun projekt c\u00e9lja, hogy az egyszer haszn\u00e1latos elviteles dobozokat egy \u00fajrat\u00f6lthet\u0151 alternat\u00edv\u00e1val v\u00e1ltsuk fel. M\u00e1r orsz\u00e1gszerte k\u00f6zel hatvan vend\u00e9gl\u00e1t\u00f3helyen rozsdamentes ac\u00e9l Rakun dobozba k\u00e9rhetj\u00fck az \u00e9tel\u00fcnket, vagy rendelhetj\u00fck h\u00e1zhoz. Itt n\u00e9zheti meg az egy\u00fcttm\u0171k\u00f6d\u0151 partner \u00e9ttermek teljes list\u00e1j\u00e1t: <strong><a href=\"https:\/\/www.rakun.hu\/helyek\">https:\/\/www.rakun.hu\/helyek<\/a><\/strong><\/p>\n<p style=\"text-align: justify\"><strong>A PTE \u00e9s a RAKUN egy\u00fcttm\u0171k\u00f6d\u00e9s keret\u00e9ben most okt\u00f3ber 10-ig minden magyarorsz\u00e1gi Z\u00f6ld Egyetemi polg\u00e1r 50%-os kedvezm\u00e9nnyel rakunozhat egy h\u00f3napon kereszt\u00fcl, a list\u00e1ban szerepl\u0151 \u00e9ttermekben b\u00e1rhol Magyarorsz\u00e1gon, a k\u00f6vetkez\u0151 kuponk\u00f3d felhaszn\u00e1l\u00e1s\u00e1val: PTECSOMIMENTES<\/strong><strong>\u00a0<\/strong><\/p>\n<p style=\"text-align: justify\">Regisztr\u00e1ci\u00f3 a weboldalon: <strong><a href=\"https:\/\/mail.semmelweis-univ.hu\/gw\/www.rakun.hu\">www.rakun.hu<\/a><\/strong><\/p>\n<p style=\"text-align: justify\">Pr\u00f3b\u00e1lja ki a hullad\u00e9kmentes \u00e9tel elvitelt \u00e9s h\u00e1zhoz rendel\u00e9st!<\/p>\n<p style=\"text-align: justify\">Ha van javaslata, mely \u00e9tteremb\u0151l rendelne m\u00e9g sz\u00edvesen csomagol\u00e1smentesen, \u00edrja meg nek\u00fcnk, erre az e-mail c\u00edmre: <strong><a href=\"mailto:zoldegyetem@semmelweis-univ.hu\">zoldegyetem@semmelweis-univ.hu<\/a><\/strong><\/p>\n<p style=\"text-align: justify\">\u00a0<\/p>\n<p>Budapest, 2021. okt\u00f3ber 4.<\/p>\n<p>&nbsp;<\/p>\n<p><strong>Tisztelettel:<\/strong><\/p>\n<p style=\"text-align: center\"><strong>Simon M\u00e1ty\u00e1s<br \/>\n<\/strong>igazgat\u00f3<\/p>\n<p><a href=\"https:\/\/semmelweis.hu\/biztonsag\/files\/2021\/10\/Hulladekmentes_etel_elvitel.pdf\">Eredeti dokumentum let\u00f6lt\u00e9se.<\/a><\/p>\n","protected":false},"excerpt":{"rendered":"<p>Hullad\u00e9kmentes \u00e9tel elvitel \u00e9s h\u00e1zhoz rendel\u00e9s <a href=\"https:\/\/semmelweis.hu\/biztonsag\/files\/2021\/10\/Hulladekmentes_elvitel_kep.png\"><\/a> A magyarorsz\u00e1gi z\u00f6ld egyetemek k\u00f6z\u00f6tt folyamatos az egy\u00fcttm\u0171k\u00f6d\u00e9s, sz\u00e1mos kamp\u00e1nyban vesz\u00fcnk r\u00e9szt k\u00f6z\u00f6sen. Most a P\u00e9csi Tudom\u00e1nyegyetem Rakun projektj\u00e9hez\u00a0csatlakozott a\u00a0Semmelweis Egyetem is, a m\u0171anyag hullad\u00e9kok cs\u00f6kkent\u00e9se \u00e9rdek\u00e9ben.\u00a0 A Rakun projekt c\u00e9lja, hogy az egyszer haszn\u00e1latos elviteles dobozokat egy \u00fajrat\u00f6lthet\u0151 alternat\u00edv\u00e1val v\u00e1ltsuk fel. M\u00e1r orsz\u00e1gszerte k\u00f6zel hatvan vend\u00e9gl\u00e1t\u00f3helyen rozsdamentes ac\u00e9l &hellip;<\/p>\n","protected":false},"author":288,"featured_media":0,"parent":0,"menu_order":0,"comment_status":"closed","ping_status":"closed","template":"","meta":{"_acf_changed":false,"footnotes":""},"categories":[11],"tags":[],"class_list":["post-1996","page","type-page","status-publish","hentry","category-biztonsagtechnikai-igazgatosag"],"acf":[],"_links":{"self":[{"href":"https:\/\/semmelweis.hu\/biztonsag\/wp-json\/wp\/v2\/pages\/1996","targetHints":{"allow":["GET"]}}],"collection":[{"href":"https:\/\/semmelweis.hu\/biztonsag\/wp-json\/wp\/v2\/pages"}],"about":[{"href":"https:\/\/semmelweis.hu\/biztonsag\/wp-json\/wp\/v2\/types\/page"}],"author":[{"embeddable":true,"href":"https:\/\/semmelweis.hu\/biztonsag\/wp-json\/wp\/v2\/users\/288"}],"replies":[{"embeddable":true,"href":"https:\/\/semmelweis.hu\/biztonsag\/wp-json\/wp\/v2\/comments?post=1996"}],"version-history":[{"count":8,"href":"https:\/\/semmelweis.hu\/biztonsag\/wp-json\/wp\/v2\/pages\/1996\/revisions"}],"predecessor-version":[{"id":2008,"href":"https:\/\/semmelweis.hu\/biztonsag\/wp-json\/wp\/v2\/pages\/1996\/revisions\/2008"}],"wp:attachment":[{"href":"https:\/\/semmelweis.hu\/biztonsag\/wp-json\/wp\/v2\/media?parent=1996"}],"wp:term":[{"taxonomy":"category","embeddable":true,"href":"https:\/\/semmelweis.hu\/biztonsag\/wp-json\/wp\/v2\/categories?post=1996"},{"taxonomy":"post_tag","embeddable":true,"href":"https:\/\/semmelweis.hu\/biztonsag\/wp-json\/wp\/v2\/tags?post=1996"}],"curies":[{"name":"wp","href":"https:\/\/api.w.org\/{rel}","templated":true}]}}