{"id":1982,"date":"2021-10-01T12:37:46","date_gmt":"2021-10-01T10:37:46","guid":{"rendered":"https:\/\/semmelweis.hu\/biztonsag\/?page_id=1982"},"modified":"2022-05-05T12:24:38","modified_gmt":"2022-05-05T10:24:38","slug":"talcatuzoltas-beszamolo","status":"publish","type":"page","link":"https:\/\/semmelweis.hu\/biztonsag\/talcatuzoltas-beszamolo\/","title":{"rendered":"T\u00e1lcat\u0171zolt\u00e1s besz\u00e1mol\u00f3"},"content":{"rendered":"<h1 style=\"text-align: center\"><strong><u>BESZ\u00c1MOL\u00d3<\/u><\/strong><\/h1>\n<h2 style=\"text-align: center\"><strong>A t\u00e1lcat\u0171z olt\u00e1si- \u00e9s f\u00fcsts\u00e1tor szimul\u00e1ci\u00f3s gyakorlatr\u00f3l<\/strong><\/h2>\n<p style=\"text-align: justify\">A Semmelweis Egyetem Biztons\u00e1gtechnikai Igazgat\u00f3s\u00e1ga az el\u0151z\u0151 \u00e9vekhez hasonl\u00f3an 2021-ben is megtartotta a portaszolg\u00e1lat \u00e9ves ism\u00e9tl\u0151d\u0151 oktat\u00e1s keretein bel\u00fcl a t\u0171zolt\u00e1si gyakorlatot az Egyetem Z\u00e1gr\u00e1bi \u00fati Sporttelep\u00e9n. Az oktat\u00e1s a port\u00e1s \u00e1llom\u00e1ny k\u00f6zel 300 f\u0151s l\u00e9tsz\u00e1ma miatt id\u00e9n is h\u00e1rom napon \u00e1t (2021. augusztus 30. \u2013 szeptember 1.) zajlott. A k\u00fcl\u00f6nb\u00f6z\u0151 szakir\u00e1ny\u00fa elm\u00e9leti oktat\u00e1s mellett legal\u00e1bb akkora hangs\u00falyt kapott a gyakorlati oktat\u00e1s is, mely sor\u00e1n t\u00e1lcat\u00fczet olthattak \u00e9s id\u00e9n el\u0151sz\u00f6r egy f\u00fcsts\u00e1trat is kipr\u00f3b\u00e1lhattak, melyben f\u00fcstg\u00e9p seg\u00edts\u00e9g\u00e9vel szimul\u00e1ltak egy esetleges t\u0171zeset k\u00f6r\u00fclm\u00e9nyeit.<\/p>\n<p style=\"text-align: justify\">Az esem\u00e9nyen a portaszolg\u00e1lat \u00e1llom\u00e1ny\u00e1b\u00f3l 193 f\u0151, m\u00e1s szervezeti egys\u00e9gek r\u00e9sz\u00e9r\u0151l 79 f\u0151 vett r\u00e9szt.<\/p>\n<p style=\"text-align: justify\">A gyakorlati k\u00e9pz\u00e9s l\u00e9nyege, hogy a kolleg\u00e1k a k\u00e9s\u0151bbiekben egy esetleges t\u0171zeset sor\u00e1n felhaszn\u00e1lhass\u00e1k a gyakorlaton szerzett tud\u00e1sukat, \u00e9s tapasztalataiknak k\u00f6sz\u00f6nhet\u0151en ne f\u00e9ljenek megk\u00f6zel\u00edteni a t\u0171zf\u00e9szket, illetve megkezdeni az olt\u00e1st \u00e9s a helysz\u00ednen l\u00e9v\u0151k menek\u00edt\u00e9s\u00e9t, koordin\u00e1l\u00e1s\u00e1t.<\/p>\n<p style=\"text-align: justify\"><a href=\"https:\/\/semmelweis.hu\/biztonsag\/files\/2021\/10\/Ego_talcatuz_kep.png\"><img loading=\"lazy\" decoding=\"async\" class=\"alignnone  wp-image-1987\" src=\"https:\/\/semmelweis.hu\/biztonsag\/files\/2021\/10\/Ego_talcatuz_kep.png\" alt=\"\" width=\"256\" height=\"256\" srcset=\"https:\/\/semmelweis.hu\/biztonsag\/files\/2021\/10\/Ego_talcatuz_kep.png 624w, https:\/\/semmelweis.hu\/biztonsag\/files\/2021\/10\/Ego_talcatuz_kep-300x300.png 300w, https:\/\/semmelweis.hu\/biztonsag\/files\/2021\/10\/Ego_talcatuz_kep-150x150.png 150w\" sizes=\"auto, (max-width: 256px) 100vw, 256px\" \/><\/a><a href=\"https:\/\/semmelweis.hu\/biztonsag\/files\/2021\/10\/Oltas_talcatuz_kep.png\"><img loading=\"lazy\" decoding=\"async\" class=\"alignnone  wp-image-1988\" src=\"https:\/\/semmelweis.hu\/biztonsag\/files\/2021\/10\/Oltas_talcatuz_kep.png\" alt=\"\" width=\"355\" height=\"266\" srcset=\"https:\/\/semmelweis.hu\/biztonsag\/files\/2021\/10\/Oltas_talcatuz_kep.png 2048w, https:\/\/semmelweis.hu\/biztonsag\/files\/2021\/10\/Oltas_talcatuz_kep-300x225.png 300w, https:\/\/semmelweis.hu\/biztonsag\/files\/2021\/10\/Oltas_talcatuz_kep-1024x768.png 1024w, https:\/\/semmelweis.hu\/biztonsag\/files\/2021\/10\/Oltas_talcatuz_kep-768x576.png 768w, https:\/\/semmelweis.hu\/biztonsag\/files\/2021\/10\/Oltas_talcatuz_kep-1536x1152.png 1536w, https:\/\/semmelweis.hu\/biztonsag\/files\/2021\/10\/Oltas_talcatuz_kep-753x565.png 753w\" sizes=\"auto, (max-width: 355px) 100vw, 355px\" \/><\/a><\/p>\n<p style=\"text-align: justify\">Az elm\u00e9leti oktat\u00e1sokat k\u00f6vet\u0151en Szab\u00f3 Lajos t\u0171zolt\u00f3 \u0151rnagy bemutatta a k\u00e9zi t\u0171zolt\u00f3k\u00e9sz\u00fcl\u00e9kek fel\u00e9p\u00edt\u00e9s\u00e9t, m\u0171k\u00f6d\u00e9s\u00e9t, alkalmaz\u00e1s\u00e1t, illetve megosztotta a munk\u00e1ja sor\u00e1n szerzett tapasztalatait megt\u00f6rt\u00e9nt esetekr\u0151l. Ezut\u00e1n a megjelentek t\u00e1lcat\u0171z olt\u00e1s\u00e1val gyakorolhatt\u00e1k a t\u0171zolt\u00f3k\u00e9sz\u00fcl\u00e9k megfelel\u0151 haszn\u00e1lat\u00e1t \u00e9s a hat\u00e9kony, helyes olt\u00e1si technik\u00e1t. Emellett a f\u00fcsts\u00e1torban megtapasztalhatt\u00e1k, hogy milyenek a l\u00e1t\u00e1si viszonyok, valamint a menek\u00fcl\u00e9s \u00e9s menek\u00edt\u00e9s k\u00f6r\u00fclm\u00e9nyei egy f\u00fcsttel teli, b\u00fatorokkal \u00e9leth\u0171en berendezett helyis\u00e9gben. A s\u00e1torban elhelyez\u00e9sre ker\u00fclt egy b\u00e1bu is, melyet a r\u00e9sztvev\u0151knek meg kellett tal\u00e1lniuk \u00e9s ki kellett hozniuk a s\u00e1torb\u00f3l. A szimul\u00e1lt ment\u00e9s sor\u00e1n megtapasztalhatt\u00e1k, hogy mekkora akad\u00e1lyt jelentenek a f\u00fcstben nem \u00e9szrevehet\u0151 berendez\u00e9si t\u00e1rgyak \u00e9s mi\u00e9rt nem szabad eltorlaszolni, lesz\u0171k\u00edteni a menek\u00fcl\u00e9si \u00fatvonalakat. A gyakorlaton szerzett tapasztalataik nagy seg\u00edts\u00e9get jelentenek majd munk\u00e1juk sor\u00e1n, ha esetleg egy val\u00f3s t\u0171zzel tal\u00e1lj\u00e1k majd szemben magukat.<\/p>\n<p style=\"text-align: justify\">Az esem\u00e9nyt az Egyetem valamennyi szervezeti egys\u00e9g\u00e9ben meghirdett\u00fck, \u00edgy \u00f6nk\u00e9ntes alapon, el\u0151zetes regisztr\u00e1ci\u00f3 ut\u00e1n minden jelentkez\u0151nek lehet\u0151s\u00e9get biztos\u00edtottunk arra, hogy kipr\u00f3b\u00e1lja mag\u00e1t t\u0171zolt\u00e1sban \u00e9s menek\u00edt\u00e9sben. Az id\u00e9n f\u00fcsts\u00e1torral kieg\u00e9sz\u00fclt kezdem\u00e9nyez\u00e9snek ism\u00e9telten nagy sikere \u00e9s sok \u00e9rdekl\u0151d\u0151je volt, hamar tel\u00edt\u0151dtek az \u00fcres helyek. V\u00e9g\u00fcl 79 egyetemi munkav\u00e1llal\u00f3 jelent meg az oktat\u00e1ssal egybek\u00f6t\u00f6tt gyakorlaton. Az \u00f6nk\u00e9nt jelentkez\u0151k gyakorlatait a fent eml\u00edtett h\u00e1rom nap d\u00e9lel\u0151tti \u00f3r\u00e1iban, a port\u00e1sok gyakorlatait pedig a d\u00e9lut\u00e1ni \u00f3r\u00e1kban bonyol\u00edtottuk le. A gyakorlat folyamatoss\u00e1g\u00e1t, g\u00f6rd\u00fcl\u00e9kenys\u00e9g\u00e9t nagyban seg\u00edtette az is, hogy a r\u00e9sztvev\u0151k \u00f3r\u00e1s bont\u00e1sok szerinti id\u0151pontokra tudt\u00e1k leadni el\u0151zetes regisztr\u00e1ci\u00f3jukat. Az \u00edgy kialakult kisebb csoportoknak k\u00f6sz\u00f6nhet\u0151en a r\u00e9sztvev\u0151knek arra is ad\u00f3dott lehet\u0151s\u00e9g\u00fck, hogy feltegy\u00e9k felmer\u00fclt k\u00e9rd\u00e9seiket, melyekre \u0151rnagy \u00far hasznos v\u00e1laszokkal \u00e9s \u00e9rdekes inform\u00e1ci\u00f3kkal szolg\u00e1lt.<\/p>\n<p style=\"text-align: justify\"><a href=\"https:\/\/semmelweis.hu\/biztonsag\/files\/2021\/10\/Fustsator_menekites_kep.png\"><img loading=\"lazy\" decoding=\"async\" class=\"alignnone  wp-image-1989\" src=\"https:\/\/semmelweis.hu\/biztonsag\/files\/2021\/10\/Fustsator_menekites_kep.png\" alt=\"\" width=\"304\" height=\"304\" srcset=\"https:\/\/semmelweis.hu\/biztonsag\/files\/2021\/10\/Fustsator_menekites_kep.png 728w, https:\/\/semmelweis.hu\/biztonsag\/files\/2021\/10\/Fustsator_menekites_kep-300x300.png 300w, https:\/\/semmelweis.hu\/biztonsag\/files\/2021\/10\/Fustsator_menekites_kep-150x150.png 150w\" sizes=\"auto, (max-width: 304px) 100vw, 304px\" \/><\/a><a href=\"https:\/\/semmelweis.hu\/biztonsag\/files\/2021\/10\/Fustsator_mekeites2_kep.png\"><img loading=\"lazy\" decoding=\"async\" class=\"alignnone  wp-image-1990\" src=\"https:\/\/semmelweis.hu\/biztonsag\/files\/2021\/10\/Fustsator_mekeites2_kep.png\" alt=\"\" width=\"306\" height=\"306\" srcset=\"https:\/\/semmelweis.hu\/biztonsag\/files\/2021\/10\/Fustsator_mekeites2_kep.png 727w, https:\/\/semmelweis.hu\/biztonsag\/files\/2021\/10\/Fustsator_mekeites2_kep-300x300.png 300w, https:\/\/semmelweis.hu\/biztonsag\/files\/2021\/10\/Fustsator_mekeites2_kep-150x150.png 150w\" sizes=\"auto, (max-width: 306px) 100vw, 306px\" \/><\/a><\/p>\n<p style=\"text-align: justify\">Az\u00f3ta is sz\u00e1mos pozit\u00edv visszajelz\u00e9s \u00e9rkezett, melyek szerint a r\u00e9sztvev\u0151k \u00e9lvezt\u00e9k \u00e9s ugyanakkor hasznosnak is tal\u00e1lt\u00e1k a gyakorlatot, b\u00edznak benne, hogy j\u00f6v\u0151re ism\u00e9t megszervezz\u00fck, \u00e9s \u00fajb\u00f3l r\u00e9szt vehetnek rajta. A gyakorlatot teljes\u00edt\u0151k elismer\u0151 oklevelet vehettek \u00e1t a Biztons\u00e1gtechnikai Igazgat\u00f3s\u00e1g Biztons\u00e1gszervez\u00e9si oszt\u00e1ly munkat\u00e1rsait\u00f3l.<\/p>\n<p style=\"text-align: justify\">A visszajelz\u00e9sek alapj\u00e1n dolgozni fogunk azon, hogy 2022-ben is min\u00e9l nagyobb sz\u00e1mban gazdag\u00edthassuk tapasztalattal \u00e9s kellemes \u00e9lm\u00e9nnyel az Egyetemi dolgoz\u00f3kat.<\/p>\n<p style=\"text-align: justify\">Budapest, 2021. szeptember 14.<\/p>\n<p>\u00a0\u00a0\u00a0\u00a0\u00a0\u00a0\u00a0\u00a0\u00a0\u00a0\u00a0\u00a0\u00a0\u00a0\u00a0\u00a0\u00a0\u00a0\u00a0\u00a0\u00a0\u00a0\u00a0\u00a0\u00a0\u00a0\u00a0\u00a0\u00a0\u00a0\u00a0\u00a0\u00a0\u00a0\u00a0\u00a0\u00a0\u00a0\u00a0\u00a0\u00a0\u00a0\u00a0\u00a0 \u00a0\u00a0\u00a0\u00a0\u00a0\u00a0\u00a0\u00a0\u00a0\u00a0\u00a0\u00a0\u00a0\u00a0\u00a0\u00a0\u00a0\u00a0\u00a0\u00a0\u00a0\u00a0\u00a0\u00a0\u00a0\u00a0\u00a0\u00a0\u00a0\u00a0\u00a0\u00a0\u00a0\u00a0\u00a0\u00a0\u00a0\u00a0\u00a0\u00a0\u00a0\u00a0\u00a0\u00a0\u00a0\u00a0\u00a0\u00a0\u00a0\u00a0\u00a0\u00a0\u00a0\u00a0\u00a0\u00a0\u00a0\u00a0\u00a0\u00a0\u00a0 Szab\u00f3 Bence<br \/>\n\u00a0\u00a0\u00a0\u00a0\u00a0\u00a0\u00a0\u00a0\u00a0\u00a0\u00a0\u00a0\u00a0\u00a0\u00a0\u00a0\u00a0\u00a0\u00a0\u00a0\u00a0\u00a0\u00a0\u00a0\u00a0\u00a0\u00a0\u00a0\u00a0\u00a0\u00a0\u00a0\u00a0\u00a0\u00a0\u00a0\u00a0\u00a0\u00a0\u00a0\u00a0\u00a0\u00a0\u00a0 \u00a0\u00a0\u00a0\u00a0\u00a0\u00a0\u00a0\u00a0\u00a0\u00a0\u00a0\u00a0\u00a0\u00a0\u00a0\u00a0\u00a0\u00a0\u00a0\u00a0\u00a0\u00a0\u00a0\u00a0\u00a0\u00a0\u00a0\u00a0\u00a0\u00a0\u00a0\u00a0\u00a0\u00a0\u00a0\u00a0\u00a0\u00a0\u00a0\u00a0\u00a0\u00a0\u00a0\u00a0\u00a0\u00a0\u00a0\u00a0\u00a0\u00a0\u00a0 biztons\u00e1gtechnikai el\u0151ad\u00f3<\/p>\n<p>&nbsp;<\/p>\n<p><a href=\"https:\/\/semmelweis.hu\/biztonsag\/files\/2021\/10\/Talcatuzoltas_beszamolo.pdf\">Eredeti dokumentum let\u00f6lt\u00e9se<\/a><\/p>\n","protected":false},"excerpt":{"rendered":"<p>BESZ\u00c1MOL\u00d3 A t\u00e1lcat\u0171z olt\u00e1si- \u00e9s f\u00fcsts\u00e1tor szimul\u00e1ci\u00f3s gyakorlatr\u00f3l A Semmelweis Egyetem Biztons\u00e1gtechnikai Igazgat\u00f3s\u00e1ga az el\u0151z\u0151 \u00e9vekhez hasonl\u00f3an 2021-ben is megtartotta a portaszolg\u00e1lat \u00e9ves ism\u00e9tl\u0151d\u0151 oktat\u00e1s keretein bel\u00fcl a t\u0171zolt\u00e1si gyakorlatot az Egyetem Z\u00e1gr\u00e1bi \u00fati Sporttelep\u00e9n. Az oktat\u00e1s a port\u00e1s \u00e1llom\u00e1ny k\u00f6zel 300 f\u0151s l\u00e9tsz\u00e1ma miatt id\u00e9n is h\u00e1rom napon \u00e1t (2021. augusztus 30. \u2013 szeptember &hellip;<\/p>\n","protected":false},"author":288,"featured_media":0,"parent":0,"menu_order":0,"comment_status":"closed","ping_status":"closed","template":"","meta":{"_acf_changed":false,"footnotes":""},"categories":[11],"tags":[],"class_list":["post-1982","page","type-page","status-publish","hentry","category-biztonsagtechnikai-igazgatosag"],"acf":[],"_links":{"self":[{"href":"https:\/\/semmelweis.hu\/biztonsag\/wp-json\/wp\/v2\/pages\/1982","targetHints":{"allow":["GET"]}}],"collection":[{"href":"https:\/\/semmelweis.hu\/biztonsag\/wp-json\/wp\/v2\/pages"}],"about":[{"href":"https:\/\/semmelweis.hu\/biztonsag\/wp-json\/wp\/v2\/types\/page"}],"author":[{"embeddable":true,"href":"https:\/\/semmelweis.hu\/biztonsag\/wp-json\/wp\/v2\/users\/288"}],"replies":[{"embeddable":true,"href":"https:\/\/semmelweis.hu\/biztonsag\/wp-json\/wp\/v2\/comments?post=1982"}],"version-history":[{"count":6,"href":"https:\/\/semmelweis.hu\/biztonsag\/wp-json\/wp\/v2\/pages\/1982\/revisions"}],"predecessor-version":[{"id":1995,"href":"https:\/\/semmelweis.hu\/biztonsag\/wp-json\/wp\/v2\/pages\/1982\/revisions\/1995"}],"wp:attachment":[{"href":"https:\/\/semmelweis.hu\/biztonsag\/wp-json\/wp\/v2\/media?parent=1982"}],"wp:term":[{"taxonomy":"category","embeddable":true,"href":"https:\/\/semmelweis.hu\/biztonsag\/wp-json\/wp\/v2\/categories?post=1982"},{"taxonomy":"post_tag","embeddable":true,"href":"https:\/\/semmelweis.hu\/biztonsag\/wp-json\/wp\/v2\/tags?post=1982"}],"curies":[{"name":"wp","href":"https:\/\/api.w.org\/{rel}","templated":true}]}}