{"id":1973,"date":"2021-09-22T13:06:48","date_gmt":"2021-09-22T11:06:48","guid":{"rendered":"https:\/\/semmelweis.hu\/biztonsag\/?page_id=1973"},"modified":"2022-05-05T12:25:01","modified_gmt":"2022-05-05T10:25:01","slug":"passzold-vissza-teso","status":"publish","type":"page","link":"https:\/\/semmelweis.hu\/biztonsag\/passzold-vissza-teso\/","title":{"rendered":"Passzold vissza, Tes\u00f3!"},"content":{"rendered":"<h1 style=\"text-align: center\"><strong>\u201ePasszold vissza, Tes\u00f3!\u201d \u2013 haszn\u00e1lt mobiltelefon visszagy\u0171jt\u0151 kamp\u00e1ny<\/strong><\/h1>\n<p>&nbsp;<\/p>\n<p><a href=\"https:\/\/semmelweis.hu\/biztonsag\/files\/2021\/09\/Passzold-vissza-Teso_Hirdetmeny.png\"><img loading=\"lazy\" decoding=\"async\" class=\"alignnone size-full wp-image-1978\" src=\"https:\/\/semmelweis.hu\/biztonsag\/files\/2021\/09\/Passzold-vissza-Teso_Hirdetmeny.png\" alt=\"\" width=\"1282\" height=\"1770\" srcset=\"https:\/\/semmelweis.hu\/biztonsag\/files\/2021\/09\/Passzold-vissza-Teso_Hirdetmeny.png 1282w, https:\/\/semmelweis.hu\/biztonsag\/files\/2021\/09\/Passzold-vissza-Teso_Hirdetmeny-217x300.png 217w, https:\/\/semmelweis.hu\/biztonsag\/files\/2021\/09\/Passzold-vissza-Teso_Hirdetmeny-742x1024.png 742w, https:\/\/semmelweis.hu\/biztonsag\/files\/2021\/09\/Passzold-vissza-Teso_Hirdetmeny-768x1060.png 768w, https:\/\/semmelweis.hu\/biztonsag\/files\/2021\/09\/Passzold-vissza-Teso_Hirdetmeny-1113x1536.png 1113w, https:\/\/semmelweis.hu\/biztonsag\/files\/2021\/09\/Passzold-vissza-Teso_Hirdetmeny-753x1040.png 753w\" sizes=\"auto, (max-width: 1282px) 100vw, 1282px\" \/><\/a><\/p>\n<p style=\"text-align: justify\">A<strong> \u201ePasszold vissza, Tes\u00f3!\u201d<\/strong> elnevez\u00e9s\u0171 akci\u00f3 egy <strong>haszn\u00e1lt mobiltelefon visszagy\u0171jt\u0151 kamp\u00e1ny, <\/strong>melynek m\u00e1sodik szakasz\u00e1hoz m\u00e1s k\u00f6rnyezettudatos fels\u0151oktat\u00e1si int\u00e9zm\u00e9nyekkel egy\u00fctt a Semmelweis Egyetem is csatlakozik. Miut\u00e1n kik\u00fcld\u00e9sre ker\u00fclt a t\u00e1j\u00e9koztat\u00f3, az Egyetem r\u00e9sz\u00e9r\u0151l \u00f6sszesen 23 szervezeti egys\u00e9g jelezte r\u00e9szv\u00e9teli sz\u00e1nd\u00e9k\u00e1t.<\/p>\n<p style=\"text-align: justify\">Mir\u0151l is sz\u00f3l ez a kamp\u00e1ny tulajdonk\u00e9ppen? A K\u00d6VET Egyes\u00fclet mobiltelefon visszagy\u0171jt\u0151 kamp\u00e1nya a Jane Goodall Int\u00e9zet, az Afrik\u00e1\u00e9rt Alap\u00edtv\u00e1ny \u00e9s a V\u00e9degylet Egyes\u00fclet k\u00f6z\u00f6s \u201ePasszold Vissza Tes\u00f3!\u201d c\u00edm\u0171 kamp\u00e1ny\u00e1hoz kapcsol\u00f3dik. A c\u00e9lja, hogy a magyar h\u00e1ztart\u00e1sokban haszn\u00e1lt, de haszn\u00e1laton k\u00edv\u00fclre ker\u00fclt mobiltelefonokat visszagy\u0171jts\u00fck min\u00e9l nagyobb mennyis\u00e9gben. A haszn\u00e1lt k\u00e9sz\u00fcl\u00e9kek kincset rejtenek, t\u00f6bbek k\u00f6z\u00f6tt 17 f\u00e9le f\u00e9met lehet visszanyerni bel\u0151l\u00fck, p\u00e9ld\u00e1ul aranyat, ez\u00fcst\u00f6t, pall\u00e1diumot, rezet. A mobiltelefonok el\u0151\u00e1ll\u00edt\u00e1s\u00e1hoz sz\u00fcks\u00e9ges nyersanyagok, p\u00e9ld\u00e1ul a kolt\u00e1n b\u00e1ny\u00e1szata Afrik\u00e1ban vesz\u00e9lyeztetett fajok (pl. gorill\u00e1k, bonob\u00f3k \u00e9s csimp\u00e1nzok) \u00e9l\u0151hely\u00e9t, fennmarad\u00e1s\u00e1t \u00e9s a helyi k\u00f6z\u00f6ss\u00e9gek \u00e9rdekeit fenyegetik. Ezt a folyamatot szeretn\u00e9nk megf\u00e9kezni, ha ugyanis a haszn\u00e1lt mobiltelefonokban tal\u00e1lhat\u00f3 f\u00e9mek \u00fajrahasznos\u00edt\u00e1sa nagyobb mennyis\u00e9gben val\u00f3sul meg, akkor az el\u0151\u00e1ll\u00edt\u00e1sukhoz sz\u00fcks\u00e9ges \u00e9rcek b\u00e1ny\u00e1szata v\u00e1rhat\u00f3an cs\u00f6kkenni fog.<\/p>\n<p style=\"text-align: center\"><a href=\"https:\/\/semmelweis.hu\/biztonsag\/files\/2021\/09\/Kovet_Passzold-vissza-Teso_kampany_logo-v3-03-300x300-1.png\"><img loading=\"lazy\" decoding=\"async\" class=\"alignnone size-full wp-image-1979\" src=\"https:\/\/semmelweis.hu\/biztonsag\/files\/2021\/09\/Kovet_Passzold-vissza-Teso_kampany_logo-v3-03-300x300-1.png\" alt=\"\" width=\"300\" height=\"300\" srcset=\"https:\/\/semmelweis.hu\/biztonsag\/files\/2021\/09\/Kovet_Passzold-vissza-Teso_kampany_logo-v3-03-300x300-1.png 300w, https:\/\/semmelweis.hu\/biztonsag\/files\/2021\/09\/Kovet_Passzold-vissza-Teso_kampany_logo-v3-03-300x300-1-150x150.png 150w\" sizes=\"auto, (max-width: 300px) 100vw, 300px\" \/><\/a><\/p>\n<p style=\"text-align: justify\">Az Egyetem csatlakozott szervezeti egys\u00e9gei v\u00e1llalj\u00e1k, hogy az \u00fajrahaszn\u00e1lat jegy\u00e9ben elk\u00e9sz\u00edtik maguknak a gy\u0171jt\u0151dobozt egy egyszer\u0171 kartondobozb\u00f3l \u00e9s n\u00e9pszer\u0171s\u00edtik a programot a munkav\u00e1llal\u00f3k \u00e9s a hallgat\u00f3k k\u00f6r\u00e9ben. A gy\u0171jt\u0151dobozba adatmentes \u00e9s haszn\u00e1laton k\u00edv\u00fcli mobiltelefont, GPS-t, t\u00e1blag\u00e9pet lehet elhelyezni. A c\u00e9l term\u00e9szetesen az, hogy min\u00e9l t\u00f6bb haszn\u00e1lt mobiltelefon \u00fajrahasznos\u00edt\u00e1sra ker\u00fclj\u00f6n.<\/p>\n<p style=\"text-align: justify\">\u00c9ppen ez\u00e9rt arra k\u00e9r\u00fcnk mindenkit, hogy n\u00e9zzen k\u00f6r\u00fcl otthon, vegye el\u0151 haszn\u00e1lt mobiltelefonj\u00e1t, keressen egy \u00e1ltalunk l\u00e9tes\u00edtett gy\u0171jt\u0151pontot, \u00e9s dobja be a kihelyezett dobozunkba!<\/p>\n<p style=\"text-align: justify\"><em><strong>Semmelweis Egyetem csatlakozott szervezeti egys\u00e9gei:<\/strong><\/em><\/p>\n<ul>\n<li>Sz. Patol\u00f3giai Int\u00e9zet<\/li>\n<li>Gy\u00f3gyszer\u00e9szi K\u00e9miai Int\u00e9zet<\/li>\n<li>Kor\u00e1nyi Frigyes Szakkoll\u00e9gium<\/li>\n<li>Szerves Vegytani Int\u00e9zet<\/li>\n<li>Napk\u00f6ziotthonos \u00d3voda<\/li>\n<li>Belgy\u00f3gy\u00e1szati \u00e9s Onkol\u00f3giai Klinika<\/li>\n<li>Neurol\u00f3giai Klinika<\/li>\n<li>Urol\u00f3giai Klinika<\/li>\n<li>Sz. Gyermekgy\u00f3gy\u00e1szati Klinika<\/li>\n<li>Sz. Gyermekgy\u00f3gy\u00e1szati Klinika<\/li>\n<li>Arc-\u00c1llcsont-Sz\u00e1jseb\u00e9szeti \u00e9s Fog\u00e1szati Klinika<\/li>\n<li>\u00c1ltal\u00e1nos Orvostudom\u00e1nyi Kar D\u00e9k\u00e1ni Hivatal<\/li>\n<li>Folyamatszervez\u00e9si \u00e9s B\u00e9rgazd\u00e1lkod\u00e1si Igazgat\u00f3s\u00e1g<\/li>\n<li>K\u00f6zponti K\u00f6nyvt\u00e1r<\/li>\n<li>Semmelweis Egyetem B\u00f3kay J\u00e1nos T\u00f6bbc\u00e9l\u00fa Szakk\u00e9pz\u0151 Int\u00e9zm\u00e9nye<\/li>\n<li>Farmakol\u00f3giai \u00e9s Farmakoter\u00e1pi\u00e1s Int\u00e9zet<\/li>\n<li>Elm\u00e9leti Orvostudom\u00e1nyi K\u00f6zpont<\/li>\n<li>Eg\u00e9szs\u00e9gtudom\u00e1nyi Kar<\/li>\n<li>N\u00e9peg\u00e9szs\u00e9gtani Int\u00e9zet<\/li>\n<li>Fogorvostudom\u00e1nyi Kar Oktat\u00e1si Centrum<\/li>\n<li>Biztons\u00e1gtechnikai Igazgat\u00f3s\u00e1g<\/li>\n<li>Pet\u0151 Andr\u00e1s Kar <strong>Kondukt\u00edv Gyakorl\u00f3 \u00c1ltal\u00e1nos Iskola \u00e9s Koll\u00e9gium<\/strong><\/li>\n<li>Sz. Patol\u00f3giai \u00e9s K\u00eds\u00e9rleti R\u00e1kkutat\u00f3 Int\u00e9zet<\/li>\n<\/ul>\n","protected":false},"excerpt":{"rendered":"<p>\u201ePasszold vissza, Tes\u00f3!\u201d \u2013 haszn\u00e1lt mobiltelefon visszagy\u0171jt\u0151 kamp\u00e1ny &nbsp; <a href=\"https:\/\/semmelweis.hu\/biztonsag\/files\/2021\/09\/Passzold-vissza-Teso_Hirdetmeny.png\"><\/a> A \u201ePasszold vissza, Tes\u00f3!\u201d elnevez\u00e9s\u0171 akci\u00f3 egy haszn\u00e1lt mobiltelefon visszagy\u0171jt\u0151 kamp\u00e1ny, melynek m\u00e1sodik szakasz\u00e1hoz m\u00e1s k\u00f6rnyezettudatos fels\u0151oktat\u00e1si int\u00e9zm\u00e9nyekkel egy\u00fctt a Semmelweis Egyetem is csatlakozik. Miut\u00e1n kik\u00fcld\u00e9sre ker\u00fclt a t\u00e1j\u00e9koztat\u00f3, az Egyetem r\u00e9sz\u00e9r\u0151l \u00f6sszesen 23 szervezeti egys\u00e9g jelezte r\u00e9szv\u00e9teli sz\u00e1nd\u00e9k\u00e1t. Mir\u0151l is sz\u00f3l ez a kamp\u00e1ny tulajdonk\u00e9ppen? &hellip;<\/p>\n","protected":false},"author":288,"featured_media":0,"parent":0,"menu_order":0,"comment_status":"closed","ping_status":"closed","template":"","meta":{"_acf_changed":false,"footnotes":""},"categories":[11],"tags":[],"class_list":["post-1973","page","type-page","status-publish","hentry","category-biztonsagtechnikai-igazgatosag"],"acf":[],"_links":{"self":[{"href":"https:\/\/semmelweis.hu\/biztonsag\/wp-json\/wp\/v2\/pages\/1973","targetHints":{"allow":["GET"]}}],"collection":[{"href":"https:\/\/semmelweis.hu\/biztonsag\/wp-json\/wp\/v2\/pages"}],"about":[{"href":"https:\/\/semmelweis.hu\/biztonsag\/wp-json\/wp\/v2\/types\/page"}],"author":[{"embeddable":true,"href":"https:\/\/semmelweis.hu\/biztonsag\/wp-json\/wp\/v2\/users\/288"}],"replies":[{"embeddable":true,"href":"https:\/\/semmelweis.hu\/biztonsag\/wp-json\/wp\/v2\/comments?post=1973"}],"version-history":[{"count":3,"href":"https:\/\/semmelweis.hu\/biztonsag\/wp-json\/wp\/v2\/pages\/1973\/revisions"}],"predecessor-version":[{"id":1980,"href":"https:\/\/semmelweis.hu\/biztonsag\/wp-json\/wp\/v2\/pages\/1973\/revisions\/1980"}],"wp:attachment":[{"href":"https:\/\/semmelweis.hu\/biztonsag\/wp-json\/wp\/v2\/media?parent=1973"}],"wp:term":[{"taxonomy":"category","embeddable":true,"href":"https:\/\/semmelweis.hu\/biztonsag\/wp-json\/wp\/v2\/categories?post=1973"},{"taxonomy":"post_tag","embeddable":true,"href":"https:\/\/semmelweis.hu\/biztonsag\/wp-json\/wp\/v2\/tags?post=1973"}],"curies":[{"name":"wp","href":"https:\/\/api.w.org\/{rel}","templated":true}]}}