{"id":1929,"date":"2021-09-07T18:53:51","date_gmt":"2021-09-07T16:53:51","guid":{"rendered":"https:\/\/semmelweis.hu\/biztonsag\/?page_id=1929"},"modified":"2022-04-27T16:28:46","modified_gmt":"2022-04-27T14:28:46","slug":"impresszum-2","status":"publish","type":"page","link":"https:\/\/semmelweis.hu\/biztonsag\/impresszum-2\/","title":{"rendered":"Impresszum"},"content":{"rendered":"<p><b>Felel\u0151s kiad\u00f3:<\/b>\u00a0Semmelweis Egyetem<\/p>\n<p><b>Egys\u00e9g neve:<\/b> M\u0171szaki F\u0151igazgat\u00f3s\u00e1g Biztons\u00e1gtechnikai Igazgat\u00f3s\u00e1g<\/p>\n<p><b>Egys\u00e9g vezet\u0151je:<\/b> Simon M\u00e1ty\u00e1s, igazgat\u00f3<\/p>\n<p><b>A honlap szerkeszt\u0151je: <\/b>Simon M\u00e1ty\u00e1s, igazgat\u00f3<\/p>\n<p><b>E-mail a honlap szerkeszt\u0151j\u00e9nek: <\/b><a href=\"mailto:titkarsag.biztonsagtechnika@semmelweis-univ.hu\">titkarsag.biztonsagtechnika@semmelweis-univ.hu<\/a><\/p>\n","protected":false},"excerpt":{"rendered":"<p>Felel\u0151s kiad\u00f3:\u00a0Semmelweis Egyetem<br \/>\nEgys\u00e9g neve: M\u0171szaki F\u0151igazgat\u00f3s\u00e1g Biztons\u00e1gtechnikai Igazgat\u00f3s\u00e1g<br \/>\nEgys\u00e9g vezet\u0151je: Simon M\u00e1ty\u00e1s, igazgat\u00f3<br \/>\nA honlap szerkeszt\u0151je: Simon M\u00e1ty\u00e1s, igazgat\u00f3<br \/>\nE-mail a honlap szerkeszt\u0151j\u00e9nek: <a href=\"mailto:titkarsag.biztonsagtechnika@semmelweis-univ.hu\">titkarsag.biztonsagtechnika@semmelweis-univ.hu<\/a><\/p>\n","protected":false},"author":288,"featured_media":0,"parent":0,"menu_order":0,"comment_status":"closed","ping_status":"closed","template":"","meta":{"_acf_changed":false,"footnotes":""},"categories":[],"tags":[],"class_list":["post-1929","page","type-page","status-publish","hentry"],"acf":[],"_links":{"self":[{"href":"https:\/\/semmelweis.hu\/biztonsag\/wp-json\/wp\/v2\/pages\/1929","targetHints":{"allow":["GET"]}}],"collection":[{"href":"https:\/\/semmelweis.hu\/biztonsag\/wp-json\/wp\/v2\/pages"}],"about":[{"href":"https:\/\/semmelweis.hu\/biztonsag\/wp-json\/wp\/v2\/types\/page"}],"author":[{"embeddable":true,"href":"https:\/\/semmelweis.hu\/biztonsag\/wp-json\/wp\/v2\/users\/288"}],"replies":[{"embeddable":true,"href":"https:\/\/semmelweis.hu\/biztonsag\/wp-json\/wp\/v2\/comments?post=1929"}],"version-history":[{"count":5,"href":"https:\/\/semmelweis.hu\/biztonsag\/wp-json\/wp\/v2\/pages\/1929\/revisions"}],"predecessor-version":[{"id":2164,"href":"https:\/\/semmelweis.hu\/biztonsag\/wp-json\/wp\/v2\/pages\/1929\/revisions\/2164"}],"wp:attachment":[{"href":"https:\/\/semmelweis.hu\/biztonsag\/wp-json\/wp\/v2\/media?parent=1929"}],"wp:term":[{"taxonomy":"category","embeddable":true,"href":"https:\/\/semmelweis.hu\/biztonsag\/wp-json\/wp\/v2\/categories?post=1929"},{"taxonomy":"post_tag","embeddable":true,"href":"https:\/\/semmelweis.hu\/biztonsag\/wp-json\/wp\/v2\/tags?post=1929"}],"curies":[{"name":"wp","href":"https:\/\/api.w.org\/{rel}","templated":true}]}}