{"id":1894,"date":"2021-08-09T12:14:56","date_gmt":"2021-08-09T10:14:56","guid":{"rendered":"https:\/\/semmelweis.hu\/biztonsag\/?page_id=1894"},"modified":"2022-05-05T12:25:45","modified_gmt":"2022-05-05T10:25:45","slug":"tuzoltasi-es-fustsator-szimulacios-gyakorlat","status":"publish","type":"page","link":"https:\/\/semmelweis.hu\/biztonsag\/tuzoltasi-es-fustsator-szimulacios-gyakorlat\/","title":{"rendered":"T\u0171zolt\u00e1si \u00e9s f\u00fcsts\u00e1tor szimul\u00e1ci\u00f3s gyakorlat"},"content":{"rendered":"<p><strong>Tisztelt Egyetemi Polg\u00e1r!<\/strong><\/p>\n<p style=\"text-align: justify\"><strong>\u00a0<\/strong>T\u00e1j\u00e9koztatom, hogy \u2013 az elm\u00falt \u00e9vhez hasonl\u00f3an \u2013 id\u00e9n is megrendez\u00e9sre ker\u00fcl a Biztons\u00e1gtechnikai Igazgat\u00f3s\u00e1g \u00e1ltal szervezett t\u00e1lcat\u0171z olt\u00e1si gyakorlat. A gyakorlat sor\u00e1n a munkat\u00e1rsak elm\u00e9leti oktat\u00e1sban r\u00e9szes\u00fclnek, majd 6 kg-os ABC porral olt\u00f3 k\u00e9sz\u00fcl\u00e9k haszn\u00e1lat\u00e1val t\u00e1lcat\u0171z elolt\u00e1s\u00e1ra van lehet\u0151s\u00e9g. A t\u00e1lcat\u0171z olt\u00e1sa mellett lehet\u0151s\u00e9g lesz f\u00fcsts\u00e1tor pr\u00f3b\u00e1j\u00e1ra is, mely egy esetleges \u00e9p\u00fclett\u0171z eset\u00e9n adott helyis\u00e9g f\u00fcsttel t\u00f6rt\u00e9n\u0151 tel\u00edt\u0151d\u00e9s\u00e9t, \u00e9s az azon bel\u00fcli l\u00e1t\u00e1si, t\u00e1j\u00e9koz\u00f3d\u00e1si viszonyokat hivatott szimul\u00e1lni ellen\u0151rz\u00f6tt k\u00f6r\u00fclm\u00e9nyek k\u00f6z\u00f6tt.<\/p>\n<p style=\"text-align: justify\">Az esem\u00e9ny valamennyi munkav\u00e1llal\u00f3 sz\u00e1m\u00e1ra ingyenesen l\u00e1togathat\u00f3, azonban el\u0151zetes regisztr\u00e1ci\u00f3 sz\u00fcks\u00e9ges. A regisztr\u00e1ci\u00f3s lapot mell\u00e9kletk\u00e9nt k\u00fcld\u00f6m; a kit\u00f6lt\u00f6tt \u00e9s al\u00e1\u00edrt adatlapot elektronikus form\u00e1ban a <a href=\"mailto:tuzvedelem@semmelweis-univ.hu\"><em>tuzvedelem@semmelweis-univ.hu<\/em><\/a> e-mail c\u00edmre sz\u00edveskedjenek eljuttatni.<\/p>\n<p style=\"text-align: justify\">A gyakorlat tervezett id\u0151pontjai:<\/p>\n<table style=\"height: 240px;width: 59.4487%\" border=\"1\">\n<tbody>\n<tr style=\"height: 81px\">\n<td style=\"height: 81px;width: 31.5075%;text-align: center\" width=\"228\">\n<p><strong>2021. augusztus 30.<br \/>\n<\/strong><em>(h\u00e9tf\u0151)<\/em><\/p>\n<\/td>\n<td style=\"height: 81px;width: 33.5766%;text-align: center\" width=\"228\">\n<p><strong>2021. augusztus 31.<br \/>\n<\/strong><em>(kedd)<\/em><\/p>\n<\/td>\n<td style=\"height: 81px;width: 65.1656%;text-align: center\" width=\"228\">\n<p><strong>2021. szeptember 01.<br \/>\n<\/strong><em>(szerda)<\/em><\/p>\n<\/td>\n<\/tr>\n<tr style=\"height: 53px\">\n<td style=\"height: 53px;width: 31.5075%;text-align: center\" width=\"228\">\n<p>9<sup>00<\/sup>-10<sup>00<\/sup> <em>(20 f\u0151)<\/em><\/p>\n<\/td>\n<td style=\"height: 53px;width: 33.5766%;text-align: center\" width=\"228\">\n<p>9<sup>00<\/sup>-10<sup>00<\/sup> <em>(20 f\u0151)<\/em><\/p>\n<\/td>\n<td style=\"height: 53px;width: 65.1656%;text-align: center\" width=\"228\">\n<p>9<sup>00<\/sup>-10<sup>00<\/sup> <em>(20 f\u0151)<\/em><\/p>\n<\/td>\n<\/tr>\n<tr style=\"height: 53px\">\n<td style=\"height: 53px;width: 31.5075%;text-align: center\" width=\"228\">\n<p>10<sup>00<\/sup>-11<sup>00<\/sup> <em>(20 f\u0151)<\/em><\/p>\n<\/td>\n<td style=\"height: 53px;width: 33.5766%;text-align: center\" width=\"228\">\n<p>10<sup>00<\/sup>-11<sup>00<\/sup> <em>(20 f\u0151)<\/em><\/p>\n<\/td>\n<td style=\"height: 53px;width: 65.1656%;text-align: center\" width=\"228\">\n<p>10<sup>00<\/sup>-11<sup>00<\/sup> <em>(20 f\u0151)<\/em><\/p>\n<\/td>\n<\/tr>\n<tr style=\"height: 53px\">\n<td style=\"height: 53px;width: 31.5075%;text-align: center\" width=\"228\">\n<p>11<sup>00<\/sup>-12<sup>00<\/sup> <em>(20 f\u0151)<\/em><\/p>\n<\/td>\n<td style=\"height: 53px;width: 33.5766%;text-align: center\" width=\"228\">\n<p>11<sup>00<\/sup>-12<sup>00<\/sup> <em>(20 f\u0151)<\/em><\/p>\n<\/td>\n<td style=\"height: 53px;width: 65.1656%;text-align: center\" width=\"228\">\n<p>11<sup>00<\/sup>-12<sup>00<\/sup> <em>(20 f\u0151)<\/em><\/p>\n<\/td>\n<\/tr>\n<\/tbody>\n<\/table>\n<p style=\"text-align: justify\"><strong>A gyakorlaton \u00f6sszesen 180 f\u0151 tud r\u00e9szt venni \u2013 a fenti bont\u00e1s szerint, ez\u00e9rt a jelentkez\u00e9seket a regisztr\u00e1ci\u00f3s adatlapok be\u00e9rkez\u00e9s\u00e9nek sorrendj\u00e9ben tudjuk elfogadni a maxim\u00e1lis l\u00e9tsz\u00e1m el\u00e9r\u00e9s\u00e9ig.<\/strong><\/p>\n<p style=\"text-align: justify\">A gyakorlatok helysz\u00edne: SE Testnevel\u00e9si \u00e9s Sportk\u00f6zpont, 1107 Budapest, Z\u00e1gr\u00e1bi u. 14.<\/p>\n<p style=\"text-align: justify\"><strong><u>Regisztr\u00e1ci\u00f3 megk\u00fcld\u00e9s\u00e9nek hat\u00e1rideje: 2021. augusztus 24. (kedd) 16<sup>00<\/sup><\/u><\/strong><\/p>\n<p style=\"text-align: justify\">Amennyiben a t\u00e9m\u00e1val kapcsolatban k\u00e9rd\u00e9se mer\u00fclne fel, Igazgat\u00f3s\u00e1gunk munkat\u00e1rsai k\u00e9szs\u00e9ggel \u00e1llnak rendelkez\u00e9s\u00e9re.<\/p>\n<p style=\"text-align: justify\">\u00a0<\/p>\n<p style=\"text-align: justify\">Budapest, 2021. augusztus 06.<\/p>\n<p>&nbsp;<\/p>\n<p><strong>Tisztelettel:\u00a0\u00a0\u00a0\u00a0\u00a0\u00a0\u00a0\u00a0\u00a0\u00a0\u00a0\u00a0\u00a0\u00a0\u00a0\u00a0\u00a0\u00a0\u00a0\u00a0\u00a0\u00a0\u00a0\u00a0\u00a0\u00a0\u00a0 <\/strong><\/p>\n<p style=\"text-align: center\"><strong>Simon M\u00e1ty\u00e1s<br \/>\n<\/strong>igazgat\u00f3<\/p>\n<p>&nbsp;<\/p>\n<p><em><u>Mell\u00e9klet:<br \/>\n<\/u> <a href=\"https:\/\/semmelweis.hu\/biztonsag\/files\/2021\/08\/Tuzoltasi_gyakorlat_regisztracios_adatlap.pdf\">Regisztr\u00e1ci\u00f3s adatlap<\/a><br \/>\n<\/em><\/p>\n<p>&nbsp;<\/p>\n<p>&nbsp;<\/p>\n<p><em><a href=\"https:\/\/semmelweis.hu\/biztonsag\/files\/2021\/08\/Tuzoltasi_gyakorlat_felhivas_level.pdf\">Eredeti dokumentum<\/a><\/em><\/p>\n","protected":false},"excerpt":{"rendered":"<p>Tisztelt Egyetemi Polg\u00e1r! \u00a0T\u00e1j\u00e9koztatom, hogy \u2013 az elm\u00falt \u00e9vhez hasonl\u00f3an \u2013 id\u00e9n is megrendez\u00e9sre ker\u00fcl a Biztons\u00e1gtechnikai Igazgat\u00f3s\u00e1g \u00e1ltal szervezett t\u00e1lcat\u0171z olt\u00e1si gyakorlat. A gyakorlat sor\u00e1n a munkat\u00e1rsak elm\u00e9leti oktat\u00e1sban r\u00e9szes\u00fclnek, majd 6 kg-os ABC porral olt\u00f3 k\u00e9sz\u00fcl\u00e9k haszn\u00e1lat\u00e1val t\u00e1lcat\u0171z elolt\u00e1s\u00e1ra van lehet\u0151s\u00e9g. A t\u00e1lcat\u0171z olt\u00e1sa mellett lehet\u0151s\u00e9g lesz f\u00fcsts\u00e1tor pr\u00f3b\u00e1j\u00e1ra is, mely egy esetleges &hellip;<\/p>\n","protected":false},"author":288,"featured_media":0,"parent":0,"menu_order":0,"comment_status":"closed","ping_status":"closed","template":"","meta":{"_acf_changed":false,"footnotes":""},"categories":[11],"tags":[],"class_list":["post-1894","page","type-page","status-publish","hentry","category-biztonsagtechnikai-igazgatosag"],"acf":[],"_links":{"self":[{"href":"https:\/\/semmelweis.hu\/biztonsag\/wp-json\/wp\/v2\/pages\/1894","targetHints":{"allow":["GET"]}}],"collection":[{"href":"https:\/\/semmelweis.hu\/biztonsag\/wp-json\/wp\/v2\/pages"}],"about":[{"href":"https:\/\/semmelweis.hu\/biztonsag\/wp-json\/wp\/v2\/types\/page"}],"author":[{"embeddable":true,"href":"https:\/\/semmelweis.hu\/biztonsag\/wp-json\/wp\/v2\/users\/288"}],"replies":[{"embeddable":true,"href":"https:\/\/semmelweis.hu\/biztonsag\/wp-json\/wp\/v2\/comments?post=1894"}],"version-history":[{"count":9,"href":"https:\/\/semmelweis.hu\/biztonsag\/wp-json\/wp\/v2\/pages\/1894\/revisions"}],"predecessor-version":[{"id":1907,"href":"https:\/\/semmelweis.hu\/biztonsag\/wp-json\/wp\/v2\/pages\/1894\/revisions\/1907"}],"wp:attachment":[{"href":"https:\/\/semmelweis.hu\/biztonsag\/wp-json\/wp\/v2\/media?parent=1894"}],"wp:term":[{"taxonomy":"category","embeddable":true,"href":"https:\/\/semmelweis.hu\/biztonsag\/wp-json\/wp\/v2\/categories?post=1894"},{"taxonomy":"post_tag","embeddable":true,"href":"https:\/\/semmelweis.hu\/biztonsag\/wp-json\/wp\/v2\/tags?post=1894"}],"curies":[{"name":"wp","href":"https:\/\/api.w.org\/{rel}","templated":true}]}}