{"id":1850,"date":"2021-07-08T16:09:41","date_gmt":"2021-07-08T14:09:41","guid":{"rendered":"https:\/\/semmelweis.hu\/biztonsag\/?page_id=1850"},"modified":"2021-07-08T16:16:46","modified_gmt":"2021-07-08T14:16:46","slug":"harmadfoku-hosegriado","status":"publish","type":"page","link":"https:\/\/semmelweis.hu\/biztonsag\/harmadfoku-hosegriado\/","title":{"rendered":"Harmadfok\u00fa h\u0151s\u00e9griad\u00f3"},"content":{"rendered":"<p style=\"text-align: center\"><strong>Az Egyetem valamennyi szervezeti egys\u00e9g\u00e9nek r\u00e9sz\u00e9re<\/strong><\/p>\n<p><strong>Tisztelt Igazgat\u00f3 Asszony!<br \/>\n<\/strong><strong>Tisztelt Igazgat\u00f3 \u00dar<\/strong>!<\/p>\n<p>T\u00e1j\u00e9koztatjuk a Semmelweis Egyetem szervezeti egys\u00e9geinek vezet\u0151it, hogy az Orsz\u00e1gos Meteorol\u00f3giai Szolg\u00e1lat el\u0151rejelz\u00e9si adatait, valamint a Nemzeti N\u00e9peg\u00e9szs\u00e9g\u00fcgyi K\u00f6zpont szakmai aj\u00e1nl\u00e1s\u00e1t figyelembe v\u00e9ve az orsz\u00e1gos tisztif\u0151orvos harmadfok\u00fa h\u0151s\u00e9griad\u00f3t adott ki az orsz\u00e1g eg\u00e9sz ter\u00fclet\u00e9re 2021. j\u00falius 7-\u00e9n (szerda) 0:00 \u00f3r\u00e1t\u00f3l 2021. j\u00falius 9-\u00e9n (p\u00e9ntek) 24:00 \u00f3r\u00e1ig.<\/p>\n<p>A h\u0151s\u00e9griad\u00f3 idej\u00e9re szervez\u00e9si int\u00e9zked\u00e9seket kell tenni a Semmelweis Egyetem Munkav\u00e9delmi Szab\u00e1lyzat\u00e1nak 2. fejezet 2.5.2. pontja, illetve a 3\/2002. (II. 8.) SzCsM-E\u00fcM rendelet 7. \u00a7-ban megfogalmazottak alapj\u00e1n.<\/p>\n<p>A folyad\u00e9kvesztes\u00e9get \u00e1ltal\u00e1ban 14\u201316 \u00b0C h\u0151m\u00e9rs\u00e9klet\u0171 iv\u00f3v\u00edzzel kell p\u00f3tolni. E c\u00e9lra alkalmas azonos h\u0151m\u00e9rs\u00e9klet\u0171 \u00edzes\u00edtett, alkoholmentes ital is, amelynek cukortartalma az ital 4 s\u00falysz\u00e1zal\u00e9k\u00e1t nem haladja meg, vagy amely mesters\u00e9ges \u00e9des\u00edt\u0151szerrel \u00edzes\u00edtett.<\/p>\n<p>K\u00fcl\u00f6n\u00f6s figyelmet kell ford\u00edtani azon a helys\u00e9gekben dolgoz\u00f3kra, ahol nincs l\u00e9gkondicion\u00e1l\u00f3 berendez\u00e9s. Az ilyen munkav\u00e1llal\u00f3k r\u00e9sz\u00e9re biztos\u00edtani kell a l\u00e9gkondicion\u00e1lt helys\u00e9gekbe t\u00f6rt\u00e9n\u0151 bejut\u00e1st, id\u0151szakos tart\u00f3zkod\u00e1s felt\u00e9teleinek kialak\u00edt\u00e1s\u00e1t.<\/p>\n<p><strong>K\u00e9rem, a fent le\u00edrtak figyelembev\u00e9tel\u00e9vel biztos\u00edts\u00e1k valamennyi \u00e9rintett munkav\u00e1llal\u00f3 r\u00e9sz\u00e9re a biztons\u00e1gos, eg\u00e9szs\u00e9get nem vesz\u00e9lyeztet\u0151 munkak\u00f6r\u00fclm\u00e9nyek megteremt\u00e9s\u00e9t.<\/strong><\/p>\n<p>Amennyiben a t\u00e9m\u00e1val kapcsolatban k\u00e9rd\u00e9s\u00fck van, Igazgat\u00f3s\u00e1gunk munkat\u00e1rsai k\u00e9szs\u00e9ggel \u00e1llnak rendelkez\u00e9s\u00fckre.<\/p>\n<p>&nbsp;<\/p>\n<p>Budapest, 2021. j\u00falius 07.<\/p>\n<p>&nbsp;<\/p>\n<p style=\"text-align: center\"><strong>Simon M\u00e1ty\u00e1s<\/strong><br \/>\nigazgat\u00f3<\/p>\n","protected":false},"excerpt":{"rendered":"<p>Az Egyetem valamennyi szervezeti egys\u00e9g\u00e9nek r\u00e9sz\u00e9re Tisztelt Igazgat\u00f3 Asszony! Tisztelt Igazgat\u00f3 \u00dar! T\u00e1j\u00e9koztatjuk a Semmelweis Egyetem szervezeti egys\u00e9geinek vezet\u0151it, hogy az Orsz\u00e1gos Meteorol\u00f3giai Szolg\u00e1lat el\u0151rejelz\u00e9si adatait, valamint a Nemzeti N\u00e9peg\u00e9szs\u00e9g\u00fcgyi K\u00f6zpont szakmai aj\u00e1nl\u00e1s\u00e1t figyelembe v\u00e9ve az orsz\u00e1gos tisztif\u0151orvos harmadfok\u00fa h\u0151s\u00e9griad\u00f3t adott ki az orsz\u00e1g eg\u00e9sz ter\u00fclet\u00e9re 2021. j\u00falius 7-\u00e9n (szerda) 0:00 \u00f3r\u00e1t\u00f3l 2021. j\u00falius 9-\u00e9n &hellip;<\/p>\n","protected":false},"author":288,"featured_media":0,"parent":0,"menu_order":0,"comment_status":"closed","ping_status":"closed","template":"","meta":{"_acf_changed":false,"footnotes":""},"categories":[],"tags":[],"class_list":["post-1850","page","type-page","status-publish","hentry"],"acf":[],"_links":{"self":[{"href":"https:\/\/semmelweis.hu\/biztonsag\/wp-json\/wp\/v2\/pages\/1850","targetHints":{"allow":["GET"]}}],"collection":[{"href":"https:\/\/semmelweis.hu\/biztonsag\/wp-json\/wp\/v2\/pages"}],"about":[{"href":"https:\/\/semmelweis.hu\/biztonsag\/wp-json\/wp\/v2\/types\/page"}],"author":[{"embeddable":true,"href":"https:\/\/semmelweis.hu\/biztonsag\/wp-json\/wp\/v2\/users\/288"}],"replies":[{"embeddable":true,"href":"https:\/\/semmelweis.hu\/biztonsag\/wp-json\/wp\/v2\/comments?post=1850"}],"version-history":[{"count":3,"href":"https:\/\/semmelweis.hu\/biztonsag\/wp-json\/wp\/v2\/pages\/1850\/revisions"}],"predecessor-version":[{"id":1856,"href":"https:\/\/semmelweis.hu\/biztonsag\/wp-json\/wp\/v2\/pages\/1850\/revisions\/1856"}],"wp:attachment":[{"href":"https:\/\/semmelweis.hu\/biztonsag\/wp-json\/wp\/v2\/media?parent=1850"}],"wp:term":[{"taxonomy":"category","embeddable":true,"href":"https:\/\/semmelweis.hu\/biztonsag\/wp-json\/wp\/v2\/categories?post=1850"},{"taxonomy":"post_tag","embeddable":true,"href":"https:\/\/semmelweis.hu\/biztonsag\/wp-json\/wp\/v2\/tags?post=1850"}],"curies":[{"name":"wp","href":"https:\/\/api.w.org\/{rel}","templated":true}]}}