{"id":1816,"date":"2021-05-20T22:26:35","date_gmt":"2021-05-20T20:26:35","guid":{"rendered":"https:\/\/semmelweis.hu\/biztonsag\/?page_id=1816"},"modified":"2026-03-10T09:33:53","modified_gmt":"2026-03-10T08:33:53","slug":"parkolas","status":"publish","type":"page","link":"https:\/\/semmelweis.hu\/biztonsag\/parkolas\/","title":{"rendered":"Parkol\u00e1s"},"content":{"rendered":"<h1 style=\"text-align: center\"><a href=\"https:\/\/semmelweis.hu\/biztonsag\/files\/2021\/05\/parkolas_tabla.png\"><img loading=\"lazy\" decoding=\"async\" class=\"alignnone  wp-image-1822\" src=\"https:\/\/semmelweis.hu\/biztonsag\/files\/2021\/05\/parkolas_tabla.png\" alt=\"\" width=\"107\" height=\"84\" srcset=\"https:\/\/semmelweis.hu\/biztonsag\/files\/2021\/05\/parkolas_tabla.png 488w, https:\/\/semmelweis.hu\/biztonsag\/files\/2021\/05\/parkolas_tabla-300x235.png 300w\" sizes=\"auto, (max-width: 107px) 100vw, 107px\" \/><\/a>Semmelweis Egyetem Parkol\u00e1si T\u00e1j\u00e9koztat\u00f3<\/h1>\n<p style=\"text-align: justify\">A rektori-, \u00e9s a kancell\u00e1ri egyeztet\u00e9s alapj\u00e1n a Semmelweis Egyetem ter\u00fclet\u00e9n 2021. janu\u00e1r 1-t\u0151l egys\u00e9ges parkol\u00e1si koncepci\u00f3 van \u00e9rv\u00e9nyben, melyek a k\u00f6vetkez\u0151k:<\/p>\n<ul style=\"text-align: justify\">\n<li>A T\u00f6mb\u00f6k m\u0171k\u00f6d\u00e9s\u00e9hez sz\u00fcks\u00e9ges forgalom biztos\u00edt\u00e1sa (sz\u00e1ll\u00edt\u00f3, ment\u0151, betegsz\u00e1ll\u00edt\u00f3, szerviz).<\/li>\n<li>A T\u00f6mb\u00f6k VIP forgalm\u00e1nak folyamatos biztos\u00edt\u00e1sa, a k\u00fcl\u00f6nb\u00f6z\u0151 t\u00e1rgyal\u00e1sokra, \u00e9rtekezletekre stb. \u00e9rkez\u0151 vend\u00e9gk\u00f6r fogad\u00e1sa.<\/li>\n<li>A fennmarad\u00f3 parkol\u00f3helyek kihaszn\u00e1l\u00e1sa, kioszt\u00e1sa a szervezeti egys\u00e9gek k\u00f6z\u00f6tt.<\/li>\n<\/ul>\n<p style=\"text-align: justify\"><strong>A parkol\u00f3helyek<\/strong> <strong>l\u00e9tsz\u00e1mar\u00e1nyosan ker\u00fcltek kioszt\u00e1sra<\/strong> a T\u00f6mb ter\u00fclet\u00e9n megtal\u00e1lhat\u00f3<strong> \u00f6sszes szervezeti egys\u00e9g k\u00f6z\u00f6tt.<\/strong> A rendelkez\u00e9sre \u00e1ll\u00f3 parkol\u00f3helyek sz\u00e1m\u00e1r\u00f3l \u00e9s annak hely\u00e9r\u0151l a szervezeti egys\u00e9gek vezet\u0151i, kijel\u00f6lt \u00fcgyint\u00e9z\u0151i t\u00e1j\u00e9koztat\u00e1st kaptak. A szervezeti egys\u00e9gek parkol\u00f3helyeinek kioszt\u00e1s\u00e1t minden esetben az adott szervezet vezet\u0151je hat\u00e1rozta meg. A parkol\u00e1si rend betart\u00e1s\u00e1\u00e9rt a Biztons\u00e1gtechnikai Igazgat\u00f3s\u00e1g a felel\u0151s.<\/p>\n<p style=\"text-align: justify\"><strong>A parkol\u00f3helyeket kiz\u00e1r\u00f3lag parkol\u00f3k\u00e1rty\u00e1kkal haszn\u00e1lhatj\u00e1k a szervezeti egys\u00e9gek.<\/strong> A ter\u00fcletekre t\u00f6rt\u00e9n\u0151 behajt\u00e1s:<\/p>\n<ul>\n<li style=\"text-align: justify\">az ide ki\u00e1ll\u00edtott <strong>\u00e9rv\u00e9nyes sz\u00e1mozott<\/strong> parkol\u00f3k\u00e1rty\u00e1val,<\/li>\n<li style=\"text-align: justify\">\u00fcgyeleti id\u0151ben <strong>\u00fcgyeleti<\/strong> k\u00e1rty\u00e1val lehets\u00e9ges.<\/li>\n<\/ul>\n<p style=\"text-align: justify\">\u00a0A ter\u00fcletre a bel\u00e9p\u00e9s a parkol\u00e1si jogosults\u00e1ggal rendelkez\u0151knek a sz\u00e1mozott parkol\u00f3k\u00e1rty\u00e1juk haszn\u00e1lat\u00e1val lehets\u00e9ges. Bel\u00e9p\u00e9s ut\u00e1n a parkol\u00e1s \u00e9s be\u00e1ll\u00e1s csak a parkol\u00f3k\u00e1rty\u00e1n felt\u00fcntetett sz\u00e1mozott helyre t\u00f6rt\u00e9nhet. A k\u00e1rty\u00e1t a g\u00e9pj\u00e1rm\u0171ben egy j\u00f3l l\u00e1that\u00f3 helyen kell elhelyezni a sz\u00e9lv\u00e9d\u0151 m\u00f6g\u00f6tt.<\/p>\n<p style=\"text-align: justify\">Az eg\u00e9szs\u00e9g\u00fcgyi ell\u00e1t\u00e1s biztos\u00edt\u00e1s\u00e1hoz minden szervezeti egys\u00e9g tov\u00e1bbi, \u00fagynevezett \u201e<strong>\u00fcgyeleti k\u00e1rty\u00e1t<\/strong>\u201d kapott, mellyel munkaid\u0151n k\u00edv\u00fcl kiz\u00e1r\u00f3lag a <strong>szervezeti egys\u00e9g saj\u00e1t helyeire lehet be\u00e1llni<\/strong>, amennyiben nem tal\u00e1lnak ilyen helyet, \u00fagy a ter\u00fcletet el kell hagyni, m\u00e1s szervezeti egys\u00e9g sz\u00e1m\u00e1ra kijel\u00f6lt helyre nem szabad parkolni.<\/p>\n<p style=\"text-align: justify\"><a href=\"https:\/\/semmelweis.hu\/biztonsag\/files\/2021\/05\/Parkolokartya_kep.png\"><img loading=\"lazy\" decoding=\"async\" class=\" wp-image-1812 aligncenter\" src=\"https:\/\/semmelweis.hu\/biztonsag\/files\/2021\/05\/Parkolokartya_kep.png\" alt=\"\" width=\"691\" height=\"433\" srcset=\"https:\/\/semmelweis.hu\/biztonsag\/files\/2021\/05\/Parkolokartya_kep.png 850w, https:\/\/semmelweis.hu\/biztonsag\/files\/2021\/05\/Parkolokartya_kep-300x188.png 300w, https:\/\/semmelweis.hu\/biztonsag\/files\/2021\/05\/Parkolokartya_kep-768x482.png 768w, https:\/\/semmelweis.hu\/biztonsag\/files\/2021\/05\/Parkolokartya_kep-753x472.png 753w\" sizes=\"auto, (max-width: 691px) 100vw, 691px\" \/><\/a><\/p>\n<p style=\"text-align: center\"><span style=\"font-size: 12pt\"><strong>Parkol\u00f3k\u00e1rtya minta<\/strong><\/span><\/p>\n<p class=\"x_MsoNormal\"><b>\u00c9jszakai parkol\u00e1s:<\/b><\/p>\n<p class=\"x_MsoNormal\" style=\"text-align: justify\">A szervezeti egys\u00e9gek ig\u00e9nyelhetnek \u201e\u00c9jszakai parkol\u00f3k\u00e1rty\u00e1kat\u201d. <span data-ogsc=\"rgb(34, 34, 34)\">Ezekkel a k\u00e1rty\u00e1kkal minden munkav\u00e1llal\u00f3 a saj\u00e1t egys\u00e9ge sz\u00e1m\u00e1ra kijel\u00f6lt parkol\u00f3kat foglalhatja el, <\/span><span data-ogsc=\"rgb(34, 34, 34)\">17:00-t\u00f3l reggel 7:00-ig. A k\u00e1rty\u00e1k id\u0151z\u00edtve vannak, teh\u00e1t a meghat\u00e1rozott id\u0151intervallumon k\u00edv\u00fcl nem nyitj\u00e1k ki a soromp\u00f3kat. \u00a0Fontos, hogy 7:00-ig hagyj\u00e1k el a <\/span><span data-ogsc=\"rgb(34, 34, 34)\">parkol\u00f3t k\u00fcl\u00f6nben a nappali id\u0151szakra \u00e9rkez\u0151 szakszem\u00e9lyzet nem tudja elfoglalni a sz\u00e1m\u00e1ra biztos\u00edtott parkol\u00f3helyeket.<\/span><\/p>\n<p>&nbsp;<\/p>\n<p style=\"text-align: justify\"><strong><span style=\"font-size: 18pt\"><a href=\"https:\/\/semmelweis.hu\/biztonsag\/files\/2021\/05\/mozgaskorlatozott_tabla.jpg\"><img loading=\"lazy\" decoding=\"async\" class=\"alignnone  wp-image-1832\" src=\"https:\/\/semmelweis.hu\/biztonsag\/files\/2021\/05\/mozgaskorlatozott_tabla.jpg\" alt=\"\" width=\"71\" height=\"71\" srcset=\"https:\/\/semmelweis.hu\/biztonsag\/files\/2021\/05\/mozgaskorlatozott_tabla.jpg 262w, https:\/\/semmelweis.hu\/biztonsag\/files\/2021\/05\/mozgaskorlatozott_tabla-150x150.jpg 150w\" sizes=\"auto, (max-width: 71px) 100vw, 71px\" \/><\/a>Mozg\u00e1skorl\u00e1tozott parkol\u00f3:<\/span><br \/>\n<\/strong><span style=\"font-size: 14pt\">A mozg\u00e1skorl\u00e1tozott parkol\u00f3helyeket az egyetemi dolgoz\u00f3k nem haszn\u00e1lhatj\u00e1k, azokat kiz\u00e1r\u00f3lag a Klinik\u00e1ra \u00e9rkez\u0151 \u00e9s \u00e9rv\u00e9nyes mozg\u00e1skorl\u00e1tozott k\u00e1rty\u00e1val rendelkez\u0151 l\u00e1togat\u00f3k vehetik ig\u00e9nybe.<\/span><\/p>\n<p style=\"text-align: justify\"><strong><span style=\"font-size: 18pt\">VIP parkol\u00f3:<\/span><br \/>\n<\/strong><span style=\"font-size: 14pt\">A VIP parkol\u00f3t kiz\u00e1r\u00f3lag parkol\u00e1si enged\u00e9llyel lehet haszn\u00e1lni. A parkol\u00e1shoz az enged\u00e9lyt:<\/span><\/p>\n<ul>\n<li style=\"text-align: justify\">a <strong>Bels\u0151 Kinikai T\u00f6mb<\/strong> ter\u00fclet\u00e9n a <strong>Rektori Titk\u00e1rs\u00e1g<\/strong>, illetve a <strong>M\u0171szaki F\u0151igazgat\u00f3s\u00e1g Titk\u00e1rs\u00e1g<\/strong>,<\/li>\n<li>a <strong>K\u00fcls\u0151 Klinikai T\u00f6mb<\/strong> ter\u00fclet\u00e9n a <strong>K\u00fcls\u0151 Klinikai T\u00f6mbigazgat\u00f3s\u00e1g<\/strong> adhatja meg.<\/li>\n<\/ul>\n<h1 style=\"text-align: center\"><a href=\"https:\/\/semmelweis.hu\/biztonsag\/files\/2021\/05\/parkcontrol-300-2.jpg\"><img loading=\"lazy\" decoding=\"async\" class=\"wp-image-1834 alignleft\" src=\"https:\/\/semmelweis.hu\/biztonsag\/files\/2021\/05\/parkcontrol-300-2.jpg\" alt=\"\" width=\"105\" height=\"77\" \/><\/a><\/h1>\n<p style=\"text-align: justify\"><strong><span style=\"font-size: 18pt\">Fizet\u0151s parkol\u00f3 &#8211; betegek, l\u00e1togat\u00f3k r\u00e9sz\u00e9re:<\/span><br \/>\n<\/strong><span style=\"font-size: 14pt\">A K\u00fcls\u0151 Klinikai T\u00f6mb ter\u00fclet\u00e9n kialak\u00edt\u00e1sra ker\u00fclt a fizet\u0151 parkol\u00f3 is. Melyeket kiz\u00e1r\u00f3lag a eg\u00e9szs\u00e9g\u00fcgyi ell\u00e1t\u00e1sba \u00e9rkez\u0151 betegek, hozz\u00e1tartoz\u00f3k haszn\u00e1lhatj\u00e1k, az egyetemi dolgoz\u00f3k nem. A T\u00f6mb ter\u00fclet\u00e9n val\u00f3 tart\u00f3zkod\u00e1s a bel\u00e9p\u00e9st\u0151l sz\u00e1m\u00edtott <strong>20 percig<\/strong> a\u00a0 ingyenes.\u00a0<br \/>\nA 20 perces t\u00fcrelmi id\u0151szakot k\u00f6vet\u0151 minden megkezdett \u00f3ra <strong>1000.- forint<\/strong>. A parkol\u00f3jegyet k\u00e9rj\u00fck a sz\u00e9lv\u00e9d\u0151 m\u00f6g\u00f6tt j\u00f3l l\u00e1that\u00f3 helyen elhelyezni. A g\u00e9pj\u00e1rm\u0171vekben t\u00f6rt\u00e9n\u0151 esetleges k\u00e1rok\u00e9rt az Egyetem felel\u0151ss\u00e9get nem v\u00e1llal. A g\u00e9pj\u00e1rm\u0171 vezet\u0151je k\u00f6teles betartani a parkol\u00f3ban \u00e9rv\u00e9nyes szab\u00e1lyokat, amelyek a bej\u00e1ratn\u00e1l ker\u00fcltek ki\u00edr\u00e1sra.<\/span><\/p>\n<p><img loading=\"lazy\" decoding=\"async\" class=\"size-medium wp-image-2615 aligncenter\" src=\"https:\/\/semmelweis.hu\/biztonsag\/files\/2026\/02\/Parkolasi_tajekoztato-modositott-288x400.jpg\" alt=\"\" width=\"288\" height=\"400\" srcset=\"https:\/\/semmelweis.hu\/biztonsag\/files\/2026\/02\/Parkolasi_tajekoztato-modositott-288x400.jpg 288w, https:\/\/semmelweis.hu\/biztonsag\/files\/2026\/02\/Parkolasi_tajekoztato-modositott.jpg 623w\" sizes=\"auto, (max-width: 288px) 100vw, 288px\" \/><\/p>\n<p><strong><span style=\"font-size: 18pt\">Parkol\u00f3hely ig\u00e9nyl\u00e9s:<\/span><br \/>\n<\/strong><span style=\"font-size: 14pt\">A parkol\u00f3hely ig\u00e9nyl\u00e9ssel kapcsolatban a fent le\u00edrtak alapj\u00e1n forduljon a <strong>munkahelyi vezet\u0151j\u00e9hez<\/strong>.<br \/>\nAmennyiben a parkol\u00e1ssal kapcsolatban tov\u00e1bbi inform\u00e1ci\u00f3ra lenne sz\u00fcks\u00e9ge, k\u00e9rd\u00e9se, vagy k\u00e9r\u00e9se mer\u00fcl fel, k\u00fcldj\u00f6n \u00fczenetet a <a href=\"mailto:parkolas@semmelweis.hu\"><strong>parkolas@semmelweis.hu<\/strong><\/a> e-mail c\u00edmre.<\/span><\/p>\n<p>&nbsp;<\/p>\n<p style=\"text-align: justify\"><span style=\"font-size: 18pt\"><strong>Semmelweis Egyetem parkol\u00f3i:<\/strong><\/span><\/p>\n<p><em><strong>Bels\u0151 Klinikai T\u00f6mb:<br \/>\n<\/strong><\/em><a href=\"https:\/\/www.google.hu\/maps\/place\/Budapest,+%C3%9Cll%C5%91i+%C3%BAt+26,+1085\/@47.4873756,19.0651879,17z\/data=!3m1!4b1!4m5!3m4!1s0x4741dc59ea752e89:0xb40ec86e08cebdbe!8m2!3d47.4873756!4d19.0673766\" target=\"_blank\" rel=\"noopener\">C\u00edm: H-1085 Budapest, \u00dcll\u0151i \u00fat 26.<\/a><\/p>\n<p><em><strong>M\u00e1ria utcai Parkol\u00f3:<br \/>\n<\/strong><\/em><a href=\"https:\/\/www.google.hu\/maps\/place\/Budapest,+M%C3%A1ria+u.+40,+1085\/@47.4887189,19.0665461,17z\/data=!3m1!4b1!4m5!3m4!1s0x4741dc5909663343:0x801685852f14d59c!8m2!3d47.4887189!4d19.0687348\" target=\"_blank\" rel=\"noopener\">C\u00edm: H-1085 Budapest, M\u00e1ria utca 40.<\/a><\/p>\n<p><strong><em>K\u00fcls\u0151 Klinikai T\u00f6mb:<br \/>\n<\/em><\/strong><a href=\"https:\/\/www.google.hu\/maps\/place\/Budapest,+%C3%9Cll%C5%91i+%C3%BAt+78,+1083\/@47.4836217,19.0810632,17z\/data=!3m1!4b1!4m5!3m4!1s0x4741dcfa5be744d1:0x4581d3aa787dd4e1!8m2!3d47.4836217!4d19.0832519\" target=\"_blank\" rel=\"noopener\">C\u00edm: H-1083 Budapest, \u00dcll\u0151i \u00fat 78.<\/a><\/p>\n<p><em><strong>Dugonics utcai Parkol\u00f3:<br \/>\n<\/strong><\/em><a href=\"https:\/\/maps.app.goo.gl\/rQa76Gi3EQJRr4Zc7\" target=\"_blank\" rel=\"noopener\">C\u00edm: H-1089 Budapest, Dugonics utca 12.\/B<\/a><\/p>\n<p><em><strong>Fut\u00f3 utca 52. Parkol\u00f3:<\/strong><\/em><br \/>\n<a href=\"https:\/\/www.google.hu\/maps\/place\/Budapest,+Fut%C3%B3+u.+52,+1082\/@47.4849504,19.0725967,17z\/data=!3m1!4b1!4m5!3m4!1s0x4741dcf780ee88c7:0xec4103c048f384bd!8m2!3d47.4849504!4d19.0747854\" target=\"_blank\" rel=\"noopener\">C\u00edm: H-1082 Budapest, Fut\u00f3 utca 52.<\/a><\/p>\n<p><em><strong>T\u00f6m\u0151 T\u00f6mb:<br \/>\n<\/strong><\/em><a href=\"https:\/\/www.google.hu\/maps\/place\/Budapest,+T%C3%B6m%C5%91+u.+25-29,+1083\/@47.4851322,19.0798051,17z\/data=!3m1!4b1!4m5!3m4!1s0x4741dcf0f3914981:0x2dcd62231198aa28!8m2!3d47.4851322!4d19.0819938\" target=\"_blank\" rel=\"noopener\">C\u00edm: H-1083 Budapest, T\u00f6m\u0151 utca 25-29.<\/a><\/p>\n<p><em><strong>Ap\u00e1thy Parkol\u00f3:<\/strong><\/em><br \/>\n<a href=\"https:\/\/www.google.hu\/maps\/place\/Budapest,+Ap%C3%A1thy+Istv%C3%A1n+u.+4,+1083\/@47.4842787,19.0771685,17z\/data=!3m1!4b1!4m5!3m4!1s0x4741dcf0a64a8c9b:0xa653eaa97e7ac3ea!8m2!3d47.4842787!4d19.0793572\" target=\"_blank\" rel=\"noopener\">C\u00edm: H-1083 Budapest, Ap\u00e1thy Istv\u00e1n utca 4.<\/a><\/p>\n<p><em><strong>Elm\u00e9leti Orvostudom\u00e1nyi K\u00f6zpont:<\/strong><\/em><br \/>\n<a href=\"https:\/\/www.google.hu\/maps\/place\/Elm%C3%A9leti+Orvostudom%C3%A1nyi+K%C3%B6zpont\/@47.4805881,19.0774171,17z\/data=!4m9!1m2!2m1!1sEOK!3m5!1s0x4741dcfbb9222085:0xcc0c6799aa475583!8m2!3d47.4811173!4d19.0776557!15sCgNFT0taCgoDZW9rIgNlb2uSAQp1bml2ZXJzaXR5\">C\u00edm: H-1094 Budapest, T\u0171zolt\u00f3 utca 37-47.<\/a><\/p>\n<p><em><strong>II. sz. Patol\u00f3giai Int\u00e9zet:<\/strong><\/em><br \/>\n<a href=\"https:\/\/www.google.hu\/maps\/place\/Budapest,+II.+Sz.+Patol%C3%B3giai+Int%C3%A9zet,+1096\/@47.4843565,19.080162,16.75z\/data=!4m13!1m7!3m6!1s0x4741dcfaff3441f9:0x8b250ce7ecd5cbb2!2sBudapest,+II.+Sz.+Patol%C3%B3giai+Int%C3%A9zet,+1096!3b1!8m2!3d47.4817007!4d19.0802506!3m4!1s0x4741dcfaff3441f9:0x8b250ce7ecd5cbb2!8m2!3d47.4817007!4d19.0802506\" target=\"_blank\" rel=\"noopener\">C\u00edm: H-1096 Budapest, \u00dcll\u0151i \u00fat 89-91.<\/a><\/p>\n<p><em><strong>Anat\u00f3miai Int\u00e9zet:<\/strong><\/em><br \/>\n<a href=\"https:\/\/www.google.hu\/maps\/place\/Semmelweis+Egyetem+Anat%C3%B3miai,+Sz%C3%B6vet-+%C3%A9s+Fejl%C5%91d%C3%A9stani+Int%C3%A9zet\/@47.4813438,19.0776252,17z\/data=!3m1!4b1!4m5!3m4!1s0x4741dcfbafba9f35:0x72f9a2bd27bbf484!8m2!3d47.4813407!4d19.0798195\" target=\"_blank\" rel=\"noopener\">C\u00edm: H-1094 Budapest, T\u0171zolt\u00f3 utca 58.<\/a><\/p>\n<p><em><strong>Nagyv\u00e1rad t\u00e9ri Elm\u00e9leti T\u00f6mb:<\/strong><\/em><br \/>\n<a href=\"https:\/\/www.google.hu\/maps\/place\/Budapest,+Nagyv%C3%A1rad+t%C3%A9r+4,+1089\/@47.4792435,19.0893901,17z\/data=!3m1!4b1!4m5!3m4!1s0x4741dce663d65943:0xf5391fc3337d063b!8m2!3d47.4792399!4d19.0915788\" target=\"_blank\" rel=\"noopener\">C\u00edm: H-1089 Budapest, Nagyv\u00e1rad t\u00e9r 4.<\/a><\/p>\n<p>&nbsp;<\/p>\n<p>Budapest, 2026. m\u00e1rcius 10.<\/p>\n<p style=\"text-align: center\"><strong>Simon M\u00e1ty\u00e1s<br \/>\n<\/strong>igazgat\u00f3<\/p>\n","protected":false},"excerpt":{"rendered":"<p><a href=\"https:\/\/semmelweis.hu\/biztonsag\/files\/2021\/05\/parkolas_tabla.png\"><\/a> Semmelweis Egyetem Parkol\u00e1si T\u00e1j\u00e9koztat\u00f3 A rektori-, \u00e9s a kancell\u00e1ri egyeztet\u00e9s alapj\u00e1n a Semmelweis Egyetem ter\u00fclet\u00e9n 2021. janu\u00e1r 1-t\u0151l egys\u00e9ges parkol\u00e1si koncepci\u00f3 van \u00e9rv\u00e9nyben, melyek a k\u00f6vetkez\u0151k: A T\u00f6mb\u00f6k m\u0171k\u00f6d\u00e9s\u00e9hez sz\u00fcks\u00e9ges forgalom biztos\u00edt\u00e1sa (sz\u00e1ll\u00edt\u00f3, ment\u0151, betegsz\u00e1ll\u00edt\u00f3, szerviz). A T\u00f6mb\u00f6k VIP forgalm\u00e1nak folyamatos biztos\u00edt\u00e1sa, a k\u00fcl\u00f6nb\u00f6z\u0151 t\u00e1rgyal\u00e1sokra, \u00e9rtekezletekre stb. \u00e9rkez\u0151 vend\u00e9gk\u00f6r fogad\u00e1sa. A fennmarad\u00f3 parkol\u00f3helyek kihaszn\u00e1l\u00e1sa, kioszt\u00e1sa &hellip;<\/p>\n","protected":false},"author":288,"featured_media":0,"parent":0,"menu_order":0,"comment_status":"closed","ping_status":"closed","template":"","meta":{"_acf_changed":false,"footnotes":""},"categories":[],"tags":[],"class_list":["post-1816","page","type-page","status-publish","hentry"],"acf":[],"_links":{"self":[{"href":"https:\/\/semmelweis.hu\/biztonsag\/wp-json\/wp\/v2\/pages\/1816","targetHints":{"allow":["GET"]}}],"collection":[{"href":"https:\/\/semmelweis.hu\/biztonsag\/wp-json\/wp\/v2\/pages"}],"about":[{"href":"https:\/\/semmelweis.hu\/biztonsag\/wp-json\/wp\/v2\/types\/page"}],"author":[{"embeddable":true,"href":"https:\/\/semmelweis.hu\/biztonsag\/wp-json\/wp\/v2\/users\/288"}],"replies":[{"embeddable":true,"href":"https:\/\/semmelweis.hu\/biztonsag\/wp-json\/wp\/v2\/comments?post=1816"}],"version-history":[{"count":10,"href":"https:\/\/semmelweis.hu\/biztonsag\/wp-json\/wp\/v2\/pages\/1816\/revisions"}],"predecessor-version":[{"id":2619,"href":"https:\/\/semmelweis.hu\/biztonsag\/wp-json\/wp\/v2\/pages\/1816\/revisions\/2619"}],"wp:attachment":[{"href":"https:\/\/semmelweis.hu\/biztonsag\/wp-json\/wp\/v2\/media?parent=1816"}],"wp:term":[{"taxonomy":"category","embeddable":true,"href":"https:\/\/semmelweis.hu\/biztonsag\/wp-json\/wp\/v2\/categories?post=1816"},{"taxonomy":"post_tag","embeddable":true,"href":"https:\/\/semmelweis.hu\/biztonsag\/wp-json\/wp\/v2\/tags?post=1816"}],"curies":[{"name":"wp","href":"https:\/\/api.w.org\/{rel}","templated":true}]}}