{"id":1799,"date":"2021-05-14T00:36:51","date_gmt":"2021-05-13T22:36:51","guid":{"rendered":"https:\/\/semmelweis.hu\/biztonsag\/?page_id=1799"},"modified":"2021-05-14T01:03:54","modified_gmt":"2021-05-13T23:03:54","slug":"csatornatisztito-csalok","status":"publish","type":"page","link":"https:\/\/semmelweis.hu\/biztonsag\/csatornatisztito-csalok\/","title":{"rendered":"Csatornatiszt\u00edt\u00f3 Csal\u00f3k"},"content":{"rendered":"<p style=\"text-align: center\"><strong>T\u00c1J\u00c9KOZTAT\u00d3<\/strong><\/p>\n<p><strong>\u00a0<\/strong><strong>Tisztelt Szervezeti Egys\u00e9g Vezet\u0151 H\u00f6lgy\/\u00dar!<\/strong><\/p>\n<p style=\"text-align: justify\">Ez\u00faton t\u00e1j\u00e9koztatom, hogy a kor\u00e1bbi \u00e9vekben Egyetem\u00fcnk\u00f6n t\u00f6bb alkalommal megjelentek csatornatiszt\u00edt\u00e1ssal foglalkoz\u00f3 csal\u00f3k. Ezekben az \u00fcgyekben a Biztons\u00e1gtechnikai Igazgat\u00f3s\u00e1g megtette a sz\u00fcks\u00e9ges l\u00e9p\u00e9seket a hat\u00f3s\u00e1gok fel\u00e9, illetve k\u00f6rlevelet, t\u00e1j\u00e9koztat\u00f3kat \u00edrtunk az egyetemi int\u00e9zm\u00e9nyek fel\u00e9, amelyekb\u0151l most is megtekinthet\u0151 egy p\u00e9ld\u00e1ny az Igazgat\u00f3s\u00e1g honlapj\u00e1n a h\u00edrek rovatban.<\/p>\n<p style=\"text-align: justify\">Sajn\u00e1latos m\u00f3don 2021.05.12-\u00e9n ism\u00e9telten hasonl\u00f3 eset t\u00f6rt\u00e9nt, amely sor\u00e1n a csatornatiszt\u00edt\u00e1ssal foglalkoz\u00f3 szem\u00e9lyek felaj\u00e1nlott\u00e1k szolg\u00e1lataikat egy szervezeti egys\u00e9g \u00fcgyint\u00e9z\u0151j\u00e9nek, aki a helysz\u00edni felm\u00e9r\u00e9st k\u00f6vet\u0151en a munk\u00e1t megrendelte.<\/p>\n<p style=\"text-align: justify\">A csal\u00f3k alapszint\u0171 munkav\u00e9gz\u00e9st k\u00f6vet\u0151en a megbesz\u00e9lt d\u00edjon fel\u00fcl jelent\u0151s \u00f6sszeget k\u00f6veteltek, amelyet az \u00fcgyint\u00e9z\u0151nek nem \u00e1llt m\u00f3dj\u00e1ban kifizetni. A kialakult heves vit\u00e1ban sz\u00fcks\u00e9g volt a K\u00f6zponti Diszp\u00e9cser- \u00e9s J\u00e1r\u0151rszolg\u00e1lat j\u00e1r\u0151reinek, illetve a Rend\u0151rs\u00e9g bevon\u00e1s\u00e1ra is. Az int\u00e9zm\u00e9ny v\u00e9g\u00fcl a d\u00edj egy r\u00e9sz\u00e9t kifizette a k\u00e9ts\u00e9ges szolg\u00e1ltat\u00e1s\u00e9rt.<\/p>\n<p style=\"text-align: justify\">Az Egyetemen az ilyen jelleg\u0171 munk\u00e1k elv\u00e9gz\u00e9se\/elv\u00e9geztet\u00e9se a L\u00e9tes\u00edtm\u00e9nyfejleszt\u00e9si \u00e9s \u00dczemeltet\u00e9si Igazgat\u00f3s\u00e1g hat\u00e1sk\u00f6r\u00e9be tartoznak. A m\u0171szaki probl\u00e9m\u00e1kkal kapcsolatos h\u00edv\u00e1sokat az Operat\u00edv Ir\u00e1ny\u00edt\u00f3 K\u00f6zpont 0-24 \u00f3r\u00e1ban fogadja, a 06\/20\u00a0666-3333-as telefonsz\u00e1mon.<\/p>\n<p style=\"text-align: justify\">Az elm\u00falt \u00e9vek tapasztalatai azt mutatj\u00e1k, hogy a csal\u00f3k t\u00f6bb alkalommal pr\u00f3b\u00e1lkoznak egy-egy ter\u00fcleten, ez\u00e9rt k\u00e9rem, a fentiekr\u0151l t\u00e1j\u00e9koztass\u00e1k munkat\u00e1rsaikat. A felaj\u00e1nlott hasonl\u00f3 szolg\u00e1ltat\u00e1sokat ne vegy\u00e9k ig\u00e9nybe, esetleges er\u0151szakos fell\u00e9p\u00e9s eset\u00e9n pedig \u00e9rtes\u00edts\u00e9k a K\u00f6zponti Diszp\u00e9cser- \u00e9s J\u00e1r\u0151rszolg\u00e1latot a 06\/20\u00a0663-2000-es sz\u00e1mon, illetve a 112-es seg\u00e9lyh\u00edv\u00f3t.<\/p>\n<p style=\"text-align: justify\">K\u00e9rem tov\u00e1bb\u00e1, hogy amennyiben \u00d6n\u00f6ket hasonl\u00f3 megkeres\u00e9s \u00e9ri a csal\u00f3k r\u00e9sz\u00e9r\u0151l, azt ak\u00e1r ut\u00f3lag is jelezz\u00e9k a Biztons\u00e1gtechnikai Igazgat\u00f3s\u00e1g fel\u00e9 a 06\/20\u00a0666-3783-as sz\u00e1mon, illetve e-mailben, a titkarsag.biztonsagtechnika@semmelweis-univ.hu c\u00edmen.<\/p>\n<p><strong>Budapest, 2021. m\u00e1jus 13.<\/strong><\/p>\n<p style=\"text-align: left\"><strong>Tisztelettel:<\/strong><\/p>\n<p style=\"text-align: center\"><strong>Simon M\u00e1ty\u00e1s<br \/>\n<\/strong>igazgat\u00f3<\/p>\n<p>&nbsp;<\/p>\n<p>&nbsp;<\/p>\n<p>Eredeti dokumentum let\u00f6lt\u00e9se: <strong><a href=\"https:\/\/semmelweis.hu\/biztonsag\/files\/2021\/05\/csatornatisztitas_csalo.pdf\">csatornatisztitas_csalo<\/a><\/strong><\/p>\n","protected":false},"excerpt":{"rendered":"<p>T\u00c1J\u00c9KOZTAT\u00d3 \u00a0Tisztelt Szervezeti Egys\u00e9g Vezet\u0151 H\u00f6lgy\/\u00dar! Ez\u00faton t\u00e1j\u00e9koztatom, hogy a kor\u00e1bbi \u00e9vekben Egyetem\u00fcnk\u00f6n t\u00f6bb alkalommal megjelentek csatornatiszt\u00edt\u00e1ssal foglalkoz\u00f3 csal\u00f3k. Ezekben az \u00fcgyekben a Biztons\u00e1gtechnikai Igazgat\u00f3s\u00e1g megtette a sz\u00fcks\u00e9ges l\u00e9p\u00e9seket a hat\u00f3s\u00e1gok fel\u00e9, illetve k\u00f6rlevelet, t\u00e1j\u00e9koztat\u00f3kat \u00edrtunk az egyetemi int\u00e9zm\u00e9nyek fel\u00e9, amelyekb\u0151l most is megtekinthet\u0151 egy p\u00e9ld\u00e1ny az Igazgat\u00f3s\u00e1g honlapj\u00e1n a h\u00edrek rovatban. Sajn\u00e1latos m\u00f3don 2021.05.12-\u00e9n &hellip;<\/p>\n","protected":false},"author":288,"featured_media":0,"parent":0,"menu_order":0,"comment_status":"closed","ping_status":"closed","template":"","meta":{"_acf_changed":false,"footnotes":""},"categories":[],"tags":[],"class_list":["post-1799","page","type-page","status-publish","hentry"],"acf":[],"_links":{"self":[{"href":"https:\/\/semmelweis.hu\/biztonsag\/wp-json\/wp\/v2\/pages\/1799","targetHints":{"allow":["GET"]}}],"collection":[{"href":"https:\/\/semmelweis.hu\/biztonsag\/wp-json\/wp\/v2\/pages"}],"about":[{"href":"https:\/\/semmelweis.hu\/biztonsag\/wp-json\/wp\/v2\/types\/page"}],"author":[{"embeddable":true,"href":"https:\/\/semmelweis.hu\/biztonsag\/wp-json\/wp\/v2\/users\/288"}],"replies":[{"embeddable":true,"href":"https:\/\/semmelweis.hu\/biztonsag\/wp-json\/wp\/v2\/comments?post=1799"}],"version-history":[{"count":5,"href":"https:\/\/semmelweis.hu\/biztonsag\/wp-json\/wp\/v2\/pages\/1799\/revisions"}],"predecessor-version":[{"id":1808,"href":"https:\/\/semmelweis.hu\/biztonsag\/wp-json\/wp\/v2\/pages\/1799\/revisions\/1808"}],"wp:attachment":[{"href":"https:\/\/semmelweis.hu\/biztonsag\/wp-json\/wp\/v2\/media?parent=1799"}],"wp:term":[{"taxonomy":"category","embeddable":true,"href":"https:\/\/semmelweis.hu\/biztonsag\/wp-json\/wp\/v2\/categories?post=1799"},{"taxonomy":"post_tag","embeddable":true,"href":"https:\/\/semmelweis.hu\/biztonsag\/wp-json\/wp\/v2\/tags?post=1799"}],"curies":[{"name":"wp","href":"https:\/\/api.w.org\/{rel}","templated":true}]}}