{"id":1790,"date":"2021-05-06T21:30:43","date_gmt":"2021-05-06T19:30:43","guid":{"rendered":"https:\/\/semmelweis.hu\/biztonsag\/?page_id=1790"},"modified":"2021-05-06T21:35:38","modified_gmt":"2021-05-06T19:35:38","slug":"tajekoztato-csomagolasi-hulladekok-kezeleserol-gyujteserol","status":"publish","type":"page","link":"https:\/\/semmelweis.hu\/biztonsag\/tajekoztato-csomagolasi-hulladekok-kezeleserol-gyujteserol\/","title":{"rendered":"T\u00e1j\u00e9koztat\u00f3 csomagol\u00e1si hullad\u00e9kok kezel\u00e9s\u00e9r\u0151l, gy\u0171jt\u00e9s\u00e9r\u0151l"},"content":{"rendered":"<p style=\"text-align: center\"><strong>T\u00e1j\u00e9koztat\u00f3<\/strong><\/p>\n<p style=\"text-align: center\"><strong>Az Egyetem szervezeti egys\u00e9geiben keletkez\u0151 csomagol\u00e1si hullad\u00e9kok kezel\u00e9s\u00e9r\u0151l, gy\u0171jt\u00e9s\u00e9r\u0151l<\/strong><\/p>\n<p style=\"text-align: justify\">Az Egyetem ter\u00fclet\u00e9n egyre t\u00f6bb csomagol\u00e1si hullad\u00e9k keletkezik, amely kezel\u00e9s\u00e9t k\u00fcl\u00f6n sz\u00fcks\u00e9ges v\u00e1lasztani a napi alaptev\u00e9kenys\u00e9g sor\u00e1n keletkez\u0151 kommun\u00e1lis hullad\u00e9kt\u00f3l. A csomagol\u00e1si f\u00f3lia-, \u00e9s pap\u00edrhullad\u00e9k gy\u0171jt\u00e9se \u00e9s sz\u00e1ll\u00edt\u00e1sa eset\u00e9n k\u00e9rem, az al\u00e1bbiak szerint sz\u00edveskedjen elj\u00e1rni.<\/p>\n<p style=\"text-align: justify\">A csomagol\u00e1sr\u00f3l \u00e9s a csomagol\u00e1si hullad\u00e9kkal kapcsolatos hullad\u00e9kgazd\u00e1lkod\u00e1si tev\u00e9kenys\u00e9gekr\u0151l sz\u00f3l\u00f3 442\/2012. (XII. 29.) Korm. rendelet 10 \u00a7 (1) \u00e9s (3) bekezd\u00e9se szerint:<\/p>\n<p style=\"text-align: justify\">\u201eA csomagolt term\u00e9k forgalmaz\u00f3ja, amely \u00fczletenk\u00e9nt legal\u00e1bb 500 m<sup>2<\/sup> alapter\u00fclet\u0171 \u00fczlethelyis\u00e9ggel rendelkezik<strong>, a fogyaszt\u00f3 \u00e1ltal felaj\u00e1nlott haszn\u00e1lt csomagol\u00f3szert visszaveszi, a hullad\u00e9kbirtokos \u00e1ltal felaj\u00e1nlott csomagol\u00e1si hullad\u00e9kot \u00e1tveszi<\/strong>.\u201d<\/p>\n<p style=\"text-align: justify\">\u201eA forgalmaz\u00f3 az (1) bekezd\u00e9s szerinti \u00e1tv\u00e9telt, visszav\u00e9telt a csomagolt term\u00e9k forgalmaz\u00e1s\u00e1nak felt\u00e9teleivel azonos m\u00f3don, folyamatosan, teljes nyitvatart\u00e1si id\u0151ben a csomagolt term\u00e9k forgalmaz\u00e1s\u00e1nak hely\u00e9n biztos\u00edtja.\u201d<\/p>\n<p style=\"text-align: justify\">A fenti rendelet alapj\u00e1n <strong>amen<\/strong><strong>nyiben nagyobb mennyis\u00e9gben t\u00f6rt\u00e9nik \u00e1rurendel\u00e9s, mely nagy mennyis\u00e9g\u0171 csomagol\u00e1si hullad\u00e9k keletkez\u00e9s\u00e9vel j\u00e1r, \u00fagy a forgalmaz\u00f3nak visszav\u00e9teli k\u00f6telezetts\u00e9ge van a csomagol\u00e1si hullad\u00e9kra vonatkoz\u00f3an.<\/strong><\/p>\n<p style=\"text-align: justify\"><u>A term\u00e9k megrendel\u00e9skor minden esetben egyeztetni sz\u00fcks\u00e9ges a csomagol\u00e1si hullad\u00e9k visszav\u00e9teli lehet\u0151s\u00e9geit \u00e9s t\u00f6rekedni arra, hogy \u00e1tv\u00e9tel ut\u00e1n r\u00f6gt\u00f6n visszaker\u00fclj\u00f6n a csomagol\u00e1s a sz\u00e1ll\u00edt\u00f3hoz\/forgalmaz\u00f3hoz.<\/u><\/p>\n<p style=\"text-align: justify\"><strong>Amennyiben nincs lehet\u0151s\u00e9g a forgalmaz\u00f3 \u00e1ltali visszav\u00e9telre \u00e9s nagyobb mennyis\u00e9gben keletkezik egyszerre csomagol\u00e1si hullad\u00e9k, \u00fagy gondoskodni sz\u00fcks\u00e9ges a kartondobozok lapra hajtogat\u00e1s\u00e1r\u00f3l, gy\u0171jt\u0151helyre sz\u00e1ll\u00edt\u00e1sr\u00f3l, k\u00f6tegel\u00e9s\u00e9r\u0151l \u00e9s elsz\u00e1ll\u00edt\u00e1s\u00e1r\u00f3l. <\/strong><\/p>\n<p style=\"text-align: justify\"><u>Beszerz\u00e9sek \u00e9s nagyobb term\u00e9kek megrendel\u00e9se eset\u00e9n ez nem kiz\u00e1r\u00f3lag a takar\u00edt\u00e1st v\u00e9gz\u0151 munkat\u00e1rsak feladata, hanem <strong>az al\u00e1bbi feladatmegoszt\u00e1s szerint sz\u00fcks\u00e9ges elj\u00e1rni<\/strong><\/u>:<\/p>\n<ul>\n<li style=\"text-align: justify\">A K\u00fcls\u0151 Klinikai T\u00f6mb \u00e9s a Bels\u0151 Klinikai T\u00f6mb ter\u00fclet\u00e9n tal\u00e1lhat\u00f3 szervezeti egys\u00e9gekben a beszerzett term\u00e9keket fogad\u00f3 \u00e9s kicsomagol\u00f3 <u>szervezeti egys\u00e9g munkat\u00e1rsainak\/megb\u00edzott szem\u00e9lyzet\u00e9nek feladata<\/u> a kartondobozok sz\u00e9tbont\u00e1sa, lapra hajtogat\u00e1sa \u00e9s a lapra hajtogatott csomagol\u00e1si hullad\u00e9k gy\u0171jt\u0151helyre sz\u00e1ll\u00edt\u00e1sa. <u>A Parkfenntart\u00e1si Oszt\u00e1ly feladata<\/u> a gy\u0171jt\u0151helyre sz\u00e1ll\u00edtott csomagol\u00e1si hullad\u00e9k k\u00f6tegel\u00e9se, valamint a lapj\u00e1ra hajtogatott, \u00f6sszek\u00f6tegelt kartondobozok sz\u00e1ll\u00edt\u00e1s\u00e1nak eseti megrendel\u00e9se a Logisztikai Oszt\u00e1lyt\u00f3l.<\/li>\n<li style=\"text-align: justify\">A KKT \u00e9s BKT ter\u00fclet\u00e9n k\u00edv\u00fcl tal\u00e1lhat\u00f3 szervezeti egys\u00e9gekben a beszerzett term\u00e9keket fogad\u00f3 \u00e9s kicsomagol\u00f3 <u>szervezeti egys\u00e9g, saj\u00e1t munkat\u00e1rsainak\/megb\u00edzott szem\u00e9lyzet\u00e9nek feladata<\/u> a kartondobozok sz\u00e9tbont\u00e1sa, lapra hajtogat\u00e1sa \u00e9s a lapra hajtogatott csomagol\u00e1si hullad\u00e9k gy\u0171jt\u0151helyre sz\u00e1ll\u00edt\u00e1sa, k\u00f6tegel\u00e9se, illetve a lapj\u00e1ra hajtogatott, \u00f6sszek\u00f6tegelt kartondobozok sz\u00e1ll\u00edt\u00e1s\u00e1nak eseti megrendel\u00e9se a Logisztikai Oszt\u00e1lyt\u00f3l.<\/li>\n<li style=\"text-align: justify\">A Logisztikai Oszt\u00e1ly munkat\u00e1rsai \u2013 eseti bejelent\u00e9st k\u00f6vet\u0151en \u2013 a gy\u0171jt\u0151helyr\u0151l az \u00f6sszek\u00f6tegelt pap\u00edrhullad\u00e9kot elsz\u00e1ll\u00edtj\u00e1k<strong>. Csak abban az esetben v\u00e1llalja a Logisztikai Oszt\u00e1ly az elsz\u00e1ll\u00edt\u00e1st, ha a csomagol\u00e1si anyagok rendezett, sz\u00e1ll\u00edthat\u00f3 form\u00e1ban, \u00f6sszek\u00f6tegelve a gy\u0171jt\u0151helyr\u0151l\/udvarr\u00f3l felvehet\u0151k!<\/strong><\/li>\n<\/ul>\n<p style=\"text-align: justify\">A mindennapi tev\u00e9kenys\u00e9gb\u0151l sz\u00e1rmaz\u00f3 kisebb m\u00e9ret\u0171 csomagol\u00e1si hullad\u00e9kot a takar\u00edt\u00f3 szem\u00e9lyzet kezeli, a kartondobozokat lapj\u00e1ra hajtogatva leviszi a legk\u00f6zelebbi pap\u00edrhullad\u00e9k gy\u0171jt\u00e9s\u00e9re szolg\u00e1l\u00f3 kont\u00e9nerbe. <strong>Fontos, hogy a kartondobozokat kilap\u00edtva sz\u00fcks\u00e9ges a gy\u0171jt\u0151eszk\u00f6zbe helyezni!<\/strong><\/p>\n<p style=\"text-align: justify\">A megn\u00f6vekedett kartonpap\u00edr hullad\u00e9k mennyis\u00e9ge t\u00f6bb helyen probl\u00e9m\u00e1t okoz, ez\u00e9rt a fentiekben le\u00edrt gy\u0171jt\u00e9si m\u00f3dokat mindenk\u00e9pp sz\u00fcks\u00e9ges alkalmazni. K\u00e9rem, minden esetben el\u0151zetesen meghat\u00e1rozni sz\u00edveskedjen, hogy szervezeti egys\u00e9genk\u00e9nt hogyan t\u00f6rt\u00e9nik a csomagol\u00e1si pap\u00edrhullad\u00e9k kezel\u00e9se, kik a felel\u0151s\u00f6k, kinek a feladata a kartondobozok hajtogat\u00e1sa \u00e9s a gy\u0171jt\u00e9si pontra t\u00f6rt\u00e9n\u0151 sz\u00e1ll\u00edt\u00e1sa.<\/p>\n<p>A hat\u00e9konyabb hullad\u00e9kkezel\u00e9s \u00e9rdek\u00e9ben k\u00e9rem egy\u00fcttm\u0171k\u00f6d\u00e9s\u00e9t!<\/p>\n<p>&nbsp;<\/p>\n<ol start=\"2021\">\n<li>m\u00e1jus 05.<\/li>\n<\/ol>\n<p style=\"text-align: center\"><strong>Simon M\u00e1ty\u00e1s<br \/>\n<\/strong>igazgat\u00f3<\/p>\n<p>&nbsp;<\/p>\n<p>Eredeti dokumentum let\u00f6lt\u00e9se:<\/p>\n<p><strong><a href=\"https:\/\/semmelweis.hu\/biztonsag\/files\/2021\/05\/Tajekoztato_csomagolasi_hulladekok.pdf\">Tajekoztato_csomagolasi_hulladekok<\/a><\/strong><\/p>\n","protected":false},"excerpt":{"rendered":"<p>T\u00e1j\u00e9koztat\u00f3 Az Egyetem szervezeti egys\u00e9geiben keletkez\u0151 csomagol\u00e1si hullad\u00e9kok kezel\u00e9s\u00e9r\u0151l, gy\u0171jt\u00e9s\u00e9r\u0151l Az Egyetem ter\u00fclet\u00e9n egyre t\u00f6bb csomagol\u00e1si hullad\u00e9k keletkezik, amely kezel\u00e9s\u00e9t k\u00fcl\u00f6n sz\u00fcks\u00e9ges v\u00e1lasztani a napi alaptev\u00e9kenys\u00e9g sor\u00e1n keletkez\u0151 kommun\u00e1lis hullad\u00e9kt\u00f3l. A csomagol\u00e1si f\u00f3lia-, \u00e9s pap\u00edrhullad\u00e9k gy\u0171jt\u00e9se \u00e9s sz\u00e1ll\u00edt\u00e1sa eset\u00e9n k\u00e9rem, az al\u00e1bbiak szerint sz\u00edveskedjen elj\u00e1rni. A csomagol\u00e1sr\u00f3l \u00e9s a csomagol\u00e1si hullad\u00e9kkal kapcsolatos hullad\u00e9kgazd\u00e1lkod\u00e1si tev\u00e9kenys\u00e9gekr\u0151l sz\u00f3l\u00f3 &hellip;<\/p>\n","protected":false},"author":288,"featured_media":0,"parent":0,"menu_order":0,"comment_status":"closed","ping_status":"closed","template":"","meta":{"_acf_changed":false,"footnotes":""},"categories":[],"tags":[],"class_list":["post-1790","page","type-page","status-publish","hentry"],"acf":[],"_links":{"self":[{"href":"https:\/\/semmelweis.hu\/biztonsag\/wp-json\/wp\/v2\/pages\/1790","targetHints":{"allow":["GET"]}}],"collection":[{"href":"https:\/\/semmelweis.hu\/biztonsag\/wp-json\/wp\/v2\/pages"}],"about":[{"href":"https:\/\/semmelweis.hu\/biztonsag\/wp-json\/wp\/v2\/types\/page"}],"author":[{"embeddable":true,"href":"https:\/\/semmelweis.hu\/biztonsag\/wp-json\/wp\/v2\/users\/288"}],"replies":[{"embeddable":true,"href":"https:\/\/semmelweis.hu\/biztonsag\/wp-json\/wp\/v2\/comments?post=1790"}],"version-history":[{"count":5,"href":"https:\/\/semmelweis.hu\/biztonsag\/wp-json\/wp\/v2\/pages\/1790\/revisions"}],"predecessor-version":[{"id":1798,"href":"https:\/\/semmelweis.hu\/biztonsag\/wp-json\/wp\/v2\/pages\/1790\/revisions\/1798"}],"wp:attachment":[{"href":"https:\/\/semmelweis.hu\/biztonsag\/wp-json\/wp\/v2\/media?parent=1790"}],"wp:term":[{"taxonomy":"category","embeddable":true,"href":"https:\/\/semmelweis.hu\/biztonsag\/wp-json\/wp\/v2\/categories?post=1790"},{"taxonomy":"post_tag","embeddable":true,"href":"https:\/\/semmelweis.hu\/biztonsag\/wp-json\/wp\/v2\/tags?post=1790"}],"curies":[{"name":"wp","href":"https:\/\/api.w.org\/{rel}","templated":true}]}}