{"id":1719,"date":"2021-03-25T15:04:54","date_gmt":"2021-03-25T14:04:54","guid":{"rendered":"https:\/\/semmelweis.hu\/biztonsag\/?page_id=1719"},"modified":"2024-01-09T15:30:35","modified_gmt":"2024-01-09T14:30:35","slug":"bti_kiadvanyok","status":"publish","type":"page","link":"https:\/\/semmelweis.hu\/biztonsag\/bti_kiadvanyok\/","title":{"rendered":"\u00c9ves Kiadv\u00e1ny"},"content":{"rendered":"<h3><a href=\"https:\/\/semmelweis.hu\/biztonsag\/files\/2024\/01\/BTI_Kiadvany_BSZO_KVO_VVO_vegleges_2022.pdf\" target=\"_blank\" rel=\"noopener\"><img loading=\"lazy\" decoding=\"async\" class=\"alignnone size-medium wp-image-2451\" src=\"https:\/\/semmelweis.hu\/biztonsag\/files\/2024\/01\/boritolap-BTI-kiadvany2-212x300.png\" alt=\"\" width=\"212\" height=\"300\" srcset=\"https:\/\/semmelweis.hu\/biztonsag\/files\/2024\/01\/boritolap-BTI-kiadvany2-212x300.png 212w, https:\/\/semmelweis.hu\/biztonsag\/files\/2024\/01\/boritolap-BTI-kiadvany2.png 646w\" sizes=\"auto, (max-width: 212px) 100vw, 212px\" \/><\/a><\/h3>\n<h3><strong>Kor\u00e1bbi \u00e9vek szakmai besz\u00e1mol\u00f3i:<\/strong><\/h3>\n<p><a href=\"https:\/\/www.semmelweiskiado.hu\/flipbook\/1705#1\"><img loading=\"lazy\" decoding=\"async\" class=\"alignnone size-medium wp-image-2145\" src=\"https:\/\/semmelweis.hu\/biztonsag\/files\/2022\/04\/Kiadvany-2021-boritolap-242x300.jpg\" alt=\"\" width=\"242\" height=\"300\" srcset=\"https:\/\/semmelweis.hu\/biztonsag\/files\/2022\/04\/Kiadvany-2021-boritolap-242x300.jpg 242w, https:\/\/semmelweis.hu\/biztonsag\/files\/2022\/04\/Kiadvany-2021-boritolap.jpg 666w\" sizes=\"auto, (max-width: 242px) 100vw, 242px\" \/><img loading=\"lazy\" decoding=\"async\" class=\"alignnone wp-image-1728 size-medium\" src=\"https:\/\/semmelweis.hu\/biztonsag\/files\/2021\/03\/Beszamolo_kep-231x300.jpg\" alt=\"\" width=\"231\" height=\"300\" srcset=\"https:\/\/semmelweis.hu\/biztonsag\/files\/2021\/03\/Beszamolo_kep-231x300.jpg 231w, https:\/\/semmelweis.hu\/biztonsag\/files\/2021\/03\/Beszamolo_kep.jpg 574w\" sizes=\"auto, (max-width: 231px) 100vw, 231px\" \/><\/a><\/p>\n<p><strong>A kiadv\u00e1nyokban szerepl\u0151 vide\u00f3kat al\u00e1bb megtekintheti:<\/strong><\/p>\n<p><iframe loading=\"lazy\" title=\"Vezet\u00e9stechnikai tr\u00e9ning a Semmelweis Egyetem j\u00e1r\u0151reinek \u00e9s v\u00e9rsz\u00e1ll\u00edt\u00f3inak\" width=\"753\" height=\"424\" src=\"https:\/\/www.youtube.com\/embed\/J3icT2tI4fU?feature=oembed\" frameborder=\"0\" allow=\"accelerometer; autoplay; clipboard-write; encrypted-media; gyroscope; picture-in-picture; web-share\" allowfullscreen><\/iframe><\/p>\n<p><iframe loading=\"lazy\" title=\"T\u0171zolt\u00e1si gyakorlat BTI\" width=\"753\" height=\"424\" src=\"https:\/\/www.youtube.com\/embed\/nOp7UOdY4sQ?feature=oembed\" frameborder=\"0\" allow=\"accelerometer; autoplay; clipboard-write; encrypted-media; gyroscope; picture-in-picture; web-share\" allowfullscreen><\/iframe><\/p>\n<p><iframe loading=\"lazy\" title=\"SEMMELWEIS EGYETEM K\u00f6rnyezetv\u00e9delmi kisfilm\" width=\"753\" height=\"424\" src=\"https:\/\/www.youtube.com\/embed\/QI4JJQ5p_3Q?feature=oembed\" frameborder=\"0\" allow=\"accelerometer; autoplay; clipboard-write; encrypted-media; gyroscope; picture-in-picture; web-share\" allowfullscreen><\/iframe><\/p>\n","protected":false},"excerpt":{"rendered":"<p><a href=\"https:\/\/semmelweis.hu\/biztonsag\/files\/2024\/01\/BTI_Kiadvany_BSZO_KVO_VVO_vegleges_2022.pdf\" target=\"_blank\" rel=\"noopener\"><\/a><br \/>\nKor\u00e1bbi \u00e9vek szakmai besz\u00e1mol\u00f3i:<br \/>\n<a href=\"https:\/\/www.semmelweiskiado.hu\/flipbook\/1705#1\"><\/a><br \/>\nA kiadv\u00e1nyokban szerepl\u0151 vide\u00f3kat al\u00e1bb megtekintheti:<\/p>\n","protected":false},"author":102027,"featured_media":0,"parent":0,"menu_order":0,"comment_status":"closed","ping_status":"closed","template":"","meta":{"_acf_changed":false,"footnotes":""},"categories":[],"tags":[],"class_list":["post-1719","page","type-page","status-publish","hentry"],"acf":[],"_links":{"self":[{"href":"https:\/\/semmelweis.hu\/biztonsag\/wp-json\/wp\/v2\/pages\/1719","targetHints":{"allow":["GET"]}}],"collection":[{"href":"https:\/\/semmelweis.hu\/biztonsag\/wp-json\/wp\/v2\/pages"}],"about":[{"href":"https:\/\/semmelweis.hu\/biztonsag\/wp-json\/wp\/v2\/types\/page"}],"author":[{"embeddable":true,"href":"https:\/\/semmelweis.hu\/biztonsag\/wp-json\/wp\/v2\/users\/102027"}],"replies":[{"embeddable":true,"href":"https:\/\/semmelweis.hu\/biztonsag\/wp-json\/wp\/v2\/comments?post=1719"}],"version-history":[{"count":11,"href":"https:\/\/semmelweis.hu\/biztonsag\/wp-json\/wp\/v2\/pages\/1719\/revisions"}],"predecessor-version":[{"id":2457,"href":"https:\/\/semmelweis.hu\/biztonsag\/wp-json\/wp\/v2\/pages\/1719\/revisions\/2457"}],"wp:attachment":[{"href":"https:\/\/semmelweis.hu\/biztonsag\/wp-json\/wp\/v2\/media?parent=1719"}],"wp:term":[{"taxonomy":"category","embeddable":true,"href":"https:\/\/semmelweis.hu\/biztonsag\/wp-json\/wp\/v2\/categories?post=1719"},{"taxonomy":"post_tag","embeddable":true,"href":"https:\/\/semmelweis.hu\/biztonsag\/wp-json\/wp\/v2\/tags?post=1719"}],"curies":[{"name":"wp","href":"https:\/\/api.w.org\/{rel}","templated":true}]}}