{"id":1714,"date":"2021-03-25T15:01:08","date_gmt":"2021-03-25T14:01:08","guid":{"rendered":"https:\/\/semmelweis.hu\/biztonsag\/?page_id=1714"},"modified":"2021-03-25T15:10:16","modified_gmt":"2021-03-25T14:10:16","slug":"kiadvanyok","status":"publish","type":"page","link":"https:\/\/semmelweis.hu\/biztonsag\/kiadvanyok\/","title":{"rendered":"Kiadv\u00e1nyok"},"content":{"rendered":"<p><a href=\"https:\/\/www.semmelweiskiado.hu\/flipbook\/1705#1\">BESZ\u00c1MOL\u00d3<\/a><\/p>\n<p><a href=\"https:\/\/www.youtube.com\/watch?v=J3icT2tI4fU\">G\u00e9pj\u00e1rm\u0171vezet\u0151i tr\u00e9ning<\/a><\/p>\n<p><a href=\"https:\/\/www.youtube.com\/watch?v=nOp7UOdY4sQ\">T\u0171zolt\u00e1si Gyakorlat<\/a><\/p>\n","protected":false},"excerpt":{"rendered":"<p><a href=\"https:\/\/www.semmelweiskiado.hu\/flipbook\/1705#1\">BESZ\u00c1MOL\u00d3<\/a><br \/>\n<a href=\"https:\/\/www.youtube.com\/watch?v=J3icT2tI4fU\">G\u00e9pj\u00e1rm\u0171vezet\u0151i tr\u00e9ning<\/a><br \/>\n<a href=\"https:\/\/www.youtube.com\/watch?v=nOp7UOdY4sQ\">T\u0171zolt\u00e1si Gyakorlat<\/a><\/p>\n","protected":false},"author":288,"featured_media":0,"parent":0,"menu_order":0,"comment_status":"closed","ping_status":"closed","template":"","meta":{"_acf_changed":false,"footnotes":""},"categories":[],"tags":[],"class_list":["post-1714","page","type-page","status-publish","hentry"],"acf":[],"_links":{"self":[{"href":"https:\/\/semmelweis.hu\/biztonsag\/wp-json\/wp\/v2\/pages\/1714","targetHints":{"allow":["GET"]}}],"collection":[{"href":"https:\/\/semmelweis.hu\/biztonsag\/wp-json\/wp\/v2\/pages"}],"about":[{"href":"https:\/\/semmelweis.hu\/biztonsag\/wp-json\/wp\/v2\/types\/page"}],"author":[{"embeddable":true,"href":"https:\/\/semmelweis.hu\/biztonsag\/wp-json\/wp\/v2\/users\/288"}],"replies":[{"embeddable":true,"href":"https:\/\/semmelweis.hu\/biztonsag\/wp-json\/wp\/v2\/comments?post=1714"}],"version-history":[{"count":3,"href":"https:\/\/semmelweis.hu\/biztonsag\/wp-json\/wp\/v2\/pages\/1714\/revisions"}],"predecessor-version":[{"id":1726,"href":"https:\/\/semmelweis.hu\/biztonsag\/wp-json\/wp\/v2\/pages\/1714\/revisions\/1726"}],"wp:attachment":[{"href":"https:\/\/semmelweis.hu\/biztonsag\/wp-json\/wp\/v2\/media?parent=1714"}],"wp:term":[{"taxonomy":"category","embeddable":true,"href":"https:\/\/semmelweis.hu\/biztonsag\/wp-json\/wp\/v2\/categories?post=1714"},{"taxonomy":"post_tag","embeddable":true,"href":"https:\/\/semmelweis.hu\/biztonsag\/wp-json\/wp\/v2\/tags?post=1714"}],"curies":[{"name":"wp","href":"https:\/\/api.w.org\/{rel}","templated":true}]}}