{"id":1651,"date":"2020-12-11T23:36:14","date_gmt":"2020-12-11T22:36:14","guid":{"rendered":"https:\/\/semmelweis.hu\/biztonsag\/?page_id=1651"},"modified":"2020-12-12T00:10:19","modified_gmt":"2020-12-11T23:10:19","slug":"uj-belepo-oktatas-unnepek-alatti-rendje","status":"publish","type":"page","link":"https:\/\/semmelweis.hu\/biztonsag\/uj-belepo-oktatas-unnepek-alatti-rendje\/","title":{"rendered":"\u00daj bel\u00e9p\u0151 oktat\u00e1sok \u00fcnnepek alatti rendje"},"content":{"rendered":"<p style=\"text-align: center\"><strong><u>T\u00c1J\u00c9KOZTAT\u00d3<br \/>\n<\/u><\/strong><strong>Az \u00faj bel\u00e9p\u0151 munkav\u00e1llal\u00f3k, rezidensek \u00e9s PhD hallgat\u00f3k k\u00f6telez\u0151 biztons\u00e1gtechnikai oktat\u00e1s\u00e1nak 2020. \u00e9v v\u00e9gi, 2021. \u00e9v eleji rendj\u00e9r\u0151l<\/strong><\/p>\n<p style=\"text-align: justify\">Ez\u00faton t\u00e1j\u00e9koztatjuk a Semmelweis Egyetemre \u00fajonnan bel\u00e9p\u0151 munkav\u00e1llal\u00f3kat, hogy a k\u00f6telez\u0151en elv\u00e9gzend\u0151 biztons\u00e1gtechnikai (munka-, t\u0171z-, vagyon-, k\u00f6rnyezet-, polg\u00e1ri \u00e9s katasztr\u00f3fav\u00e9delmi) infekci\u00f3kontroll, valamint az integr\u00e1lt ir\u00e1ny\u00edt\u00e1si rendszerhez kapcsol\u00f3d\u00f3 min\u0151s\u00e9gir\u00e1ny\u00edt\u00e1si (MIR) \u00e9s energiair\u00e1ny\u00edt\u00e1si (EIR) oktat\u00e1sok rendje a 2020. december 15-t\u0151l 2021. janu\u00e1r 31-ig terjed\u0151 id\u0151szakban az al\u00e1bbiak szerint alakul:<\/p>\n<p>&nbsp;<\/p>\n<p style=\"padding-left: 40px\"><u>Helysz\u00edn<\/u>: <strong>Nagyv\u00e1rad T\u00e9ri Elm\u00e9leti T\u00f6mb <\/strong>\u00a0(1089 Budapest, Nagyv\u00e1rad t\u00e9r 4.)<\/p>\n<p style=\"padding-left: 40px\"><u>Id\u0151pont<\/u>: <strong>keddi napokon 12:00-15:00<\/strong><strong>\u00a0<\/p>\n<p><\/strong><\/p>\n<p>&nbsp;<\/p>\n<ul>\n<li style=\"list-style-type: none\">\n<ul style=\"list-style-type: square\">\n<li>2020. december 15. \u00a0\u00a0\u00a0\u00a0\u00a0\u00a0\u00a0\u00a0\u00a0\u00a0\u00a0\u00a0 NET Sz06 terem (szemin\u00e1riumi terem)<\/li>\n<li>2020. december 22.\u00a0\u00a0\u00a0\u00a0\u00a0\u00a0\u00a0\u00a0\u00a0\u00a0\u00a0\u00a0\u00a0 NET D\u00edszterem<\/li>\n<li><span style=\"color: #ff0000\"><strong>2020. december 29. \u00a0\u00a0\u00a0\u00a0\u00a0\u00a0\u00a0\u00a0\u00a0\u00a0\u00a0 Az oktat\u00e1s nem ker\u00fcl megtart\u00e1sra<\/strong><\/span><\/li>\n<li>2021. janu\u00e1r 5. \u00a0\u00a0\u00a0\u00a0\u00a0\u00a0\u00a0\u00a0\u00a0\u00a0\u00a0\u00a0\u00a0\u00a0\u00a0\u00a0\u00a0\u00a0\u00a0\u00a0 NET Sz06 terem (szemin\u00e1riumi terem)<\/li>\n<li>2021. janu\u00e1r 12. \u00a0\u00a0\u00a0\u00a0\u00a0\u00a0\u00a0\u00a0\u00a0\u00a0\u00a0\u00a0\u00a0\u00a0\u00a0\u00a0\u00a0\u00a0 NET Sz05 terem (szemin\u00e1riumi terem)<\/li>\n<li>2021. janu\u00e1r 19.\u00a0\u00a0\u00a0\u00a0\u00a0\u00a0\u00a0\u00a0\u00a0\u00a0\u00a0\u00a0\u00a0\u00a0\u00a0\u00a0\u00a0\u00a0\u00a0 NET Sz06 terem (szemin\u00e1riumi terem)<\/li>\n<li>2021. janu\u00e1r 26. \u00a0\u00a0\u00a0\u00a0\u00a0\u00a0\u00a0\u00a0\u00a0\u00a0\u00a0\u00a0\u00a0\u00a0\u00a0\u00a0\u00a0\u00a0 NET D\u00edszterem<\/li>\n<\/ul>\n<\/li>\n<\/ul>\n<p style=\"padding-left: 40px\">\u00a0<\/p>\n<p style=\"text-align: justify\">A szemin\u00e1riumi termek a zsibong\u00f3 bal oldal\u00e1n tal\u00e1lhat\u00f3ak. A m\u00e1r kor\u00e1bban kiadott t\u00e1j\u00e9koztat\u00f3 szerint el\u0151zetes regisztr\u00e1ci\u00f3t k\u00f6vet\u0151en, lehet\u0151s\u00e9g van online keretek k\u00f6z\u00f6tt is r\u00e9szt venni az \u00faj bel\u00e9p\u0151k r\u00e9sz\u00e9re szervezett oktat\u00e1son. Amennyiben k\u00e9rd\u00e9s mer\u00fcl fel az oktat\u00e1ssal kapcsolatban, Ap\u00e1ti- Nagy Petra- biztons\u00e1gtechnikai el\u0151ad\u00f3\u00a0 \u00a0 \u00a0(+36 20 663 2332 , vagy bels\u0151 mell\u00e9k: 60578) k\u00e9szs\u00e9ggel \u00e1ll rendelkez\u00e9sre.<\/p>\n<p>&nbsp;<\/p>\n<p>Budapest, 2020. december 11.<\/p>\n<p>&nbsp;<\/p>\n<p style=\"text-align: center\"><strong>Simon M\u00e1ty\u00e1s<br \/>\n<\/strong>igazgat\u00f3<\/p>\n<p>&nbsp;<\/p>\n<p><a href=\"https:\/\/semmelweis.hu\/biztonsag\/files\/2020\/12\/Tajekoztato-ev-vegi-uj-belepos-oktatas-rendjerol.pdf\">Az eredeti dokumentum let\u00f6lt\u00e9se.<\/a><\/p>\n<p>&nbsp;<\/p>\n","protected":false},"excerpt":{"rendered":"<p>T\u00c1J\u00c9KOZTAT\u00d3 Az \u00faj bel\u00e9p\u0151 munkav\u00e1llal\u00f3k, rezidensek \u00e9s PhD hallgat\u00f3k k\u00f6telez\u0151 biztons\u00e1gtechnikai oktat\u00e1s\u00e1nak 2020. \u00e9v v\u00e9gi, 2021. \u00e9v eleji rendj\u00e9r\u0151l Ez\u00faton t\u00e1j\u00e9koztatjuk a Semmelweis Egyetemre \u00fajonnan bel\u00e9p\u0151 munkav\u00e1llal\u00f3kat, hogy a k\u00f6telez\u0151en elv\u00e9gzend\u0151 biztons\u00e1gtechnikai (munka-, t\u0171z-, vagyon-, k\u00f6rnyezet-, polg\u00e1ri \u00e9s katasztr\u00f3fav\u00e9delmi) infekci\u00f3kontroll, valamint az integr\u00e1lt ir\u00e1ny\u00edt\u00e1si rendszerhez kapcsol\u00f3d\u00f3 min\u0151s\u00e9gir\u00e1ny\u00edt\u00e1si (MIR) \u00e9s energiair\u00e1ny\u00edt\u00e1si (EIR) oktat\u00e1sok rendje a 2020. &hellip;<\/p>\n","protected":false},"author":288,"featured_media":0,"parent":0,"menu_order":0,"comment_status":"closed","ping_status":"closed","template":"","meta":{"_acf_changed":false,"footnotes":""},"categories":[],"tags":[],"class_list":["post-1651","page","type-page","status-publish","hentry"],"acf":[],"_links":{"self":[{"href":"https:\/\/semmelweis.hu\/biztonsag\/wp-json\/wp\/v2\/pages\/1651","targetHints":{"allow":["GET"]}}],"collection":[{"href":"https:\/\/semmelweis.hu\/biztonsag\/wp-json\/wp\/v2\/pages"}],"about":[{"href":"https:\/\/semmelweis.hu\/biztonsag\/wp-json\/wp\/v2\/types\/page"}],"author":[{"embeddable":true,"href":"https:\/\/semmelweis.hu\/biztonsag\/wp-json\/wp\/v2\/users\/288"}],"replies":[{"embeddable":true,"href":"https:\/\/semmelweis.hu\/biztonsag\/wp-json\/wp\/v2\/comments?post=1651"}],"version-history":[{"count":10,"href":"https:\/\/semmelweis.hu\/biztonsag\/wp-json\/wp\/v2\/pages\/1651\/revisions"}],"predecessor-version":[{"id":1664,"href":"https:\/\/semmelweis.hu\/biztonsag\/wp-json\/wp\/v2\/pages\/1651\/revisions\/1664"}],"wp:attachment":[{"href":"https:\/\/semmelweis.hu\/biztonsag\/wp-json\/wp\/v2\/media?parent=1651"}],"wp:term":[{"taxonomy":"category","embeddable":true,"href":"https:\/\/semmelweis.hu\/biztonsag\/wp-json\/wp\/v2\/categories?post=1651"},{"taxonomy":"post_tag","embeddable":true,"href":"https:\/\/semmelweis.hu\/biztonsag\/wp-json\/wp\/v2\/tags?post=1651"}],"curies":[{"name":"wp","href":"https:\/\/api.w.org\/{rel}","templated":true}]}}