{"id":1609,"date":"2020-12-01T12:01:33","date_gmt":"2020-12-01T11:01:33","guid":{"rendered":"https:\/\/semmelweis.hu\/biztonsag\/?page_id=1609"},"modified":"2020-12-01T12:55:10","modified_gmt":"2020-12-01T11:55:10","slug":"kornyezetvedelmi-szolgaltatasok-ev-vegi-rendje","status":"publish","type":"page","link":"https:\/\/semmelweis.hu\/biztonsag\/kornyezetvedelmi-szolgaltatasok-ev-vegi-rendje\/","title":{"rendered":"K\u00f6rnyezetv\u00e9delmi szolg\u00e1ltat\u00e1sok \u00e9v v\u00e9gi rendje"},"content":{"rendered":"<p style=\"text-align: center\"><strong>T\u00c1J\u00c9KOZTAT\u00d3<br \/>\n<\/strong><strong>Valamennyi szervezeti egys\u00e9g vezet\u0151je r\u00e9sz\u00e9re<\/strong><\/p>\n<p>&nbsp;<\/p>\n<p style=\"text-align: justify\"><strong>Tisztelt Szervezeti egys\u00e9g vezet\u0151 Asszony\/\u00dar!<\/strong><\/p>\n<p>Ez\u00faton t\u00e1j\u00e9koztatom az eg\u00e9szs\u00e9g\u00fcgyi (fert\u0151z\u0151) vesz\u00e9lyes hullad\u00e9k els\u0151dleges gy\u0171jt\u0151ed\u00e9nyeit besz\u00e1ll\u00edt\u00f3 c\u00e9g \u00e9v v\u00e9gi \u00fcnnepi nyitvatart\u00e1s\u00e1r\u00f3l, valamint a k\u00fcl\u00f6nb\u00f6z\u0151 vesz\u00e9lyes hullad\u00e9kok elsz\u00e1ll\u00edt\u00e1si rendj\u00e9r\u0151l.<\/p>\n<p><strong style=\"font-size: 1rem\"><em><u>I. Eg\u00e9szs\u00e9g\u00fcgyi (fert\u0151z\u0151) vesz\u00e9lyes hullad\u00e9k els\u0151dleges gy\u0171jt\u0151ed\u00e9nyeinek besz\u00e1ll\u00edt\u00e1sa \u2013 Biolab Zrt.<\/u><\/em><\/strong><\/p>\n<p>K\u00e9rem, hogy decemberi gy\u0171jt\u0151ed\u00e9ny rendel\u00e9seiket legk\u00e9s\u0151bb december 16-ig k\u00fcldj\u00e9k el, a megrendelt term\u00e9kek mennyis\u00e9gekn\u00e9l vegy\u00e9k figyelembe az al\u00e1bbiakat.<\/p>\n<ul>\n<li><strong>A Biolab Zrt. 2020. december 23-t\u00f3l 2021. janu\u00e1r 3-ig Z\u00c1RVA tart.<\/strong><\/li>\n<li><strong>2020. december 17-22.<\/strong> k\u00f6z\u00f6tti munkanapokon ker\u00fclnek kisz\u00e1ll\u00edt\u00e1sra az utols\u00f3 be\u00e9rkezett megrendel\u00e9sek, \u00edgy a tervezett le\u00e1ll\u00e1s idej\u00e9re elegend\u0151 hullad\u00e9kgy\u0171jt\u0151vel tudj\u00e1k ell\u00e1tni a szervezeti egys\u00e9geket. Ezut\u00e1n 2021. janu\u00e1r els\u0151 het\u00e9ben ker\u00fclnek kisz\u00e1ll\u00edt\u00e1sra a december 16. ut\u00e1n be\u00e9rkezett megrendel\u00e9sek.<\/li>\n<\/ul>\n<p><strong style=\"font-size: 1rem\"><em><u>II. Vegyi vesz\u00e9lyes hullad\u00e9kok elsz\u00e1ll\u00edt\u00e1sa \u2013 Palota K\u00f6rnyezetv\u00e9delmi Kft.<\/u><\/em><\/strong><\/p>\n<p>A decemberi hullad\u00e9ksz\u00e1ll\u00edt\u00e1s teljes\u00edt\u00e9se \u00e9rdek\u00e9ben k\u00e9rem, a <strong>bejelent\u0151lapot legk\u00e9s\u0151bb december 11-ig, p\u00e9ntekig<\/strong> sz\u00edveskedjen a K\u00f6rnyezetv\u00e9delmi Oszt\u00e1ly r\u00e9sz\u00e9re \u2013 kornyezetvedelem@semmelweis-univ.hu e-mail c\u00edmre \u2013 <strong>megk\u00fcldeni<\/strong>, hogy az \u00fcnnepek el\u0151tt (2020. december 20-23) megt\u00f6rt\u00e9nhessen a sz\u00e1ll\u00edt\u00e1s. Felh\u00edvom sz\u00edves figyelm\u00fcket az \u00e1tad\u00e1ssal \u00e9rintett szem\u00e9lyekkel t\u00f6rt\u00e9n\u0151 egyeztet\u00e9sre, a szabads\u00e1gol\u00e1sok figyelembev\u00e9tel\u00e9re.<\/p>\n<p><strong><em><u>III. Eg\u00e9szs\u00e9g\u00fcgyi (fert\u0151z\u0151) vesz\u00e9lyes hullad\u00e9kok elsz\u00e1ll\u00edt\u00e1sa \u2013 Septox Kft.<\/u><\/em><\/strong><\/p>\n<p>A c\u00e9g decemberben is a megszokott m\u00f3don v\u00e9gzi a sz\u00e1ll\u00edt\u00e1st. <strong>Lehet\u0151s\u00e9g szerint k\u00e9rem, tegye meg a Septox Kft.<\/strong> &#8211; \u00fcnnepekre vonatkoz\u00f3 \u2013 <strong>t\u00e1j\u00e9koztat\u00e1s\u00e1t az al\u00e1bbir\u00f3l<\/strong>:<\/p>\n<ul>\n<li><strong>amennyiben nincs \u00e1tad\u00e1sra v\u00e1r\u00f3 fert\u0151z\u0151 vesz\u00e9lyes hullad\u00e9k<\/strong> a szervezeti egys\u00e9gben, a megel\u0151z\u0151 napokon jelezze a Kft. fel\u00e9, a felesleges ki\u00e1ll\u00e1s elker\u00fcl\u00e9se \u00e9rdek\u00e9ben. El\u00e9rhet\u0151s\u00e9g: +36 1\/252-0653 vagy <a href=\"mailto:septox@septox.hu\">septox@septox.hu<\/a>.<\/li>\n<\/ul>\n<p><strong style=\"font-size: 1rem\"><em><u>IV. F\u00e9nyforr\u00e1s begy\u0171jt\u00e9s &#8211; Avarem Kft.<\/u><\/em><\/strong><\/p>\n<p>Az Avarem Kft. utols\u00f3 begy\u0171jt\u00e9si tev\u00e9kenys\u00e9ggel t\u00f6lt\u00f6tt napja <strong>2020. december 21<\/strong>. A begy\u0171jt\u00e9si tev\u00e9kenys\u00e9get <strong>2021. janu\u00e1r 4<\/strong>-\u00e9vel folytatj\u00e1k.<\/p>\n<p>Amennyiben a sz\u00e1ll\u00edt\u00e1sok \u00e9v v\u00e9gi rendj\u00e9vel kapcsolatban tov\u00e1bbi k\u00e9rd\u00e9se van, a K\u00f6rnyezetv\u00e9delmi Oszt\u00e1ly munkat\u00e1rsai rendelkez\u00e9s\u00e9re \u00e1llnak.<\/p>\n<p><strong>\u00a0<\/strong><\/p>\n<p><strong>\u00a0<\/strong><strong>\u00a0<\/strong><\/p>\n<p><strong>\u00a0<\/strong><\/p>\n<p>Budapest, 2020. november 30.<\/p>\n<p style=\"text-align: justify\">\u00a0<\/p>\n<p>&nbsp;<\/p>\n<p style=\"text-align: center\"><strong>Simon M\u00e1ty\u00e1s<br \/>\n<\/strong>igazgat\u00f3<\/p>\n<p>&nbsp;<\/p>\n<p><a href=\"https:\/\/semmelweis.hu\/biztonsag\/files\/2020\/12\/Kornyezetvedelmi-szolgaltatsok-ev-vegi-rendje.pdf\">Eredeti dokumentum let\u00f6lt\u00e9se<\/a><\/p>\n","protected":false},"excerpt":{"rendered":"<p>T\u00c1J\u00c9KOZTAT\u00d3 Valamennyi szervezeti egys\u00e9g vezet\u0151je r\u00e9sz\u00e9re &nbsp; Tisztelt Szervezeti egys\u00e9g vezet\u0151 Asszony\/\u00dar! Ez\u00faton t\u00e1j\u00e9koztatom az eg\u00e9szs\u00e9g\u00fcgyi (fert\u0151z\u0151) vesz\u00e9lyes hullad\u00e9k els\u0151dleges gy\u0171jt\u0151ed\u00e9nyeit besz\u00e1ll\u00edt\u00f3 c\u00e9g \u00e9v v\u00e9gi \u00fcnnepi nyitvatart\u00e1s\u00e1r\u00f3l, valamint a k\u00fcl\u00f6nb\u00f6z\u0151 vesz\u00e9lyes hullad\u00e9kok elsz\u00e1ll\u00edt\u00e1si rendj\u00e9r\u0151l. I. Eg\u00e9szs\u00e9g\u00fcgyi (fert\u0151z\u0151) vesz\u00e9lyes hullad\u00e9k els\u0151dleges gy\u0171jt\u0151ed\u00e9nyeinek besz\u00e1ll\u00edt\u00e1sa \u2013 Biolab Zrt. K\u00e9rem, hogy decemberi gy\u0171jt\u0151ed\u00e9ny rendel\u00e9seiket legk\u00e9s\u0151bb december 16-ig k\u00fcldj\u00e9k el, &hellip;<\/p>\n","protected":false},"author":288,"featured_media":0,"parent":0,"menu_order":0,"comment_status":"closed","ping_status":"closed","template":"","meta":{"_acf_changed":false,"footnotes":""},"categories":[],"tags":[],"class_list":["post-1609","page","type-page","status-publish","hentry"],"acf":[],"_links":{"self":[{"href":"https:\/\/semmelweis.hu\/biztonsag\/wp-json\/wp\/v2\/pages\/1609","targetHints":{"allow":["GET"]}}],"collection":[{"href":"https:\/\/semmelweis.hu\/biztonsag\/wp-json\/wp\/v2\/pages"}],"about":[{"href":"https:\/\/semmelweis.hu\/biztonsag\/wp-json\/wp\/v2\/types\/page"}],"author":[{"embeddable":true,"href":"https:\/\/semmelweis.hu\/biztonsag\/wp-json\/wp\/v2\/users\/288"}],"replies":[{"embeddable":true,"href":"https:\/\/semmelweis.hu\/biztonsag\/wp-json\/wp\/v2\/comments?post=1609"}],"version-history":[{"count":8,"href":"https:\/\/semmelweis.hu\/biztonsag\/wp-json\/wp\/v2\/pages\/1609\/revisions"}],"predecessor-version":[{"id":1626,"href":"https:\/\/semmelweis.hu\/biztonsag\/wp-json\/wp\/v2\/pages\/1609\/revisions\/1626"}],"wp:attachment":[{"href":"https:\/\/semmelweis.hu\/biztonsag\/wp-json\/wp\/v2\/media?parent=1609"}],"wp:term":[{"taxonomy":"category","embeddable":true,"href":"https:\/\/semmelweis.hu\/biztonsag\/wp-json\/wp\/v2\/categories?post=1609"},{"taxonomy":"post_tag","embeddable":true,"href":"https:\/\/semmelweis.hu\/biztonsag\/wp-json\/wp\/v2\/tags?post=1609"}],"curies":[{"name":"wp","href":"https:\/\/api.w.org\/{rel}","templated":true}]}}