{"id":1607,"date":"2020-12-01T12:01:33","date_gmt":"2020-12-01T11:01:33","guid":{"rendered":"https:\/\/semmelweis.hu\/biztonsag\/?page_id=1607"},"modified":"2020-12-01T12:15:41","modified_gmt":"2020-12-01T11:15:41","slug":"vegyi-veszelyes-hulladekszallitas-ev-vegi-rendje","status":"publish","type":"page","link":"https:\/\/semmelweis.hu\/biztonsag\/vegyi-veszelyes-hulladekszallitas-ev-vegi-rendje\/","title":{"rendered":"Vegyi vesz\u00e9lyes hullad\u00e9ksz\u00e1ll\u00edt\u00e1s \u00e9v v\u00e9gi rendje"},"content":{"rendered":"<p style=\"text-align: center\"><strong>T\u00c1J\u00c9KOZTAT\u00d3<br \/>\n<\/strong><strong>Valamennyi szervezeti egys\u00e9g vezet\u0151je r\u00e9sz\u00e9re<\/strong><\/p>\n<p><strong>\u00a0<\/strong><\/p>\n<p><strong>Tisztelt Szervezeti egys\u00e9g vezet\u0151 Asszony\/\u00dar!<\/strong><\/p>\n<p>Ez\u00faton t\u00e1j\u00e9koztatom a vegyi vesz\u00e9lyes hullad\u00e9kok \u00e9v v\u00e9gi sz\u00e1ll\u00edt\u00e1si rendj\u00e9r\u0151l. 2020-ban az utols\u00f3 sz\u00e1ll\u00edt\u00e1st a Palota K\u00f6rnyezetv\u00e9delmi Kft. december 20-23 k\u00f6z\u00f6tt v\u00e9gzi. A decemberi hullad\u00e9ksz\u00e1ll\u00edt\u00e1s teljes\u00edt\u00e9se \u00e9rdek\u00e9ben k\u00e9rem, a <strong>bejelent\u0151lapot legk\u00e9s\u0151bb december 11-ig, p\u00e9ntekig<\/strong> sz\u00edveskedjen a K\u00f6rnyezetv\u00e9delmi Oszt\u00e1ly r\u00e9sz\u00e9re \u2013 kornyezetvedelem@semmelweis-univ.hu e-mail c\u00edmre \u2013 <strong>megk\u00fcldeni<\/strong>, hogy az \u00fcnnepek el\u0151tt (2020. december 20-23) megt\u00f6rt\u00e9nhessen a sz\u00e1ll\u00edt\u00e1s. Felh\u00edvom sz\u00edves figyelm\u00fcket az \u00e1tad\u00e1ssal \u00e9rintett szem\u00e9lyekkel t\u00f6rt\u00e9n\u0151 egyeztet\u00e9sre a szabads\u00e1gol\u00e1sok figyelembev\u00e9tel\u00e9vel.<\/p>\n<p><strong>\u00a0<\/strong><\/p>\n<p>Budapest, 2020. november 30.<\/p>\n<p>&nbsp;<\/p>\n<p style=\"text-align: center\"><strong>Simon M\u00e1ty\u00e1s<br \/>\n<\/strong>igazgat\u00f3<\/p>\n<p>&nbsp;<\/p>\n<p><a href=\"https:\/\/semmelweis.hu\/biztonsag\/files\/2020\/12\/Vegyi-veszelyes-hulladekszallitas-ev-vegi-rendje.pdf\">Eredeti dokumentum let\u00f6lt\u00e9se<\/a><\/p>\n","protected":false},"excerpt":{"rendered":"<p>T\u00c1J\u00c9KOZTAT\u00d3 Valamennyi szervezeti egys\u00e9g vezet\u0151je r\u00e9sz\u00e9re \u00a0 Tisztelt Szervezeti egys\u00e9g vezet\u0151 Asszony\/\u00dar! Ez\u00faton t\u00e1j\u00e9koztatom a vegyi vesz\u00e9lyes hullad\u00e9kok \u00e9v v\u00e9gi sz\u00e1ll\u00edt\u00e1si rendj\u00e9r\u0151l. 2020-ban az utols\u00f3 sz\u00e1ll\u00edt\u00e1st a Palota K\u00f6rnyezetv\u00e9delmi Kft. december 20-23 k\u00f6z\u00f6tt v\u00e9gzi. A decemberi hullad\u00e9ksz\u00e1ll\u00edt\u00e1s teljes\u00edt\u00e9se \u00e9rdek\u00e9ben k\u00e9rem, a bejelent\u0151lapot legk\u00e9s\u0151bb december 11-ig, p\u00e9ntekig sz\u00edveskedjen a K\u00f6rnyezetv\u00e9delmi Oszt\u00e1ly r\u00e9sz\u00e9re \u2013 kornyezetvedelem@semmelweis-univ.hu e-mail c\u00edmre &hellip;<\/p>\n","protected":false},"author":288,"featured_media":0,"parent":0,"menu_order":0,"comment_status":"closed","ping_status":"closed","template":"","meta":{"_acf_changed":false,"footnotes":""},"categories":[],"tags":[],"class_list":["post-1607","page","type-page","status-publish","hentry"],"acf":[],"_links":{"self":[{"href":"https:\/\/semmelweis.hu\/biztonsag\/wp-json\/wp\/v2\/pages\/1607","targetHints":{"allow":["GET"]}}],"collection":[{"href":"https:\/\/semmelweis.hu\/biztonsag\/wp-json\/wp\/v2\/pages"}],"about":[{"href":"https:\/\/semmelweis.hu\/biztonsag\/wp-json\/wp\/v2\/types\/page"}],"author":[{"embeddable":true,"href":"https:\/\/semmelweis.hu\/biztonsag\/wp-json\/wp\/v2\/users\/288"}],"replies":[{"embeddable":true,"href":"https:\/\/semmelweis.hu\/biztonsag\/wp-json\/wp\/v2\/comments?post=1607"}],"version-history":[{"count":5,"href":"https:\/\/semmelweis.hu\/biztonsag\/wp-json\/wp\/v2\/pages\/1607\/revisions"}],"predecessor-version":[{"id":1624,"href":"https:\/\/semmelweis.hu\/biztonsag\/wp-json\/wp\/v2\/pages\/1607\/revisions\/1624"}],"wp:attachment":[{"href":"https:\/\/semmelweis.hu\/biztonsag\/wp-json\/wp\/v2\/media?parent=1607"}],"wp:term":[{"taxonomy":"category","embeddable":true,"href":"https:\/\/semmelweis.hu\/biztonsag\/wp-json\/wp\/v2\/categories?post=1607"},{"taxonomy":"post_tag","embeddable":true,"href":"https:\/\/semmelweis.hu\/biztonsag\/wp-json\/wp\/v2\/tags?post=1607"}],"curies":[{"name":"wp","href":"https:\/\/api.w.org\/{rel}","templated":true}]}}