{"id":1591,"date":"2020-11-24T10:22:42","date_gmt":"2020-11-24T09:22:42","guid":{"rendered":"https:\/\/semmelweis.hu\/biztonsag\/?page_id=1591"},"modified":"2020-11-24T13:09:32","modified_gmt":"2020-11-24T12:09:32","slug":"bkt-ideiglenes-forgalomvaltozas","status":"publish","type":"page","link":"https:\/\/semmelweis.hu\/biztonsag\/bkt-ideiglenes-forgalomvaltozas\/","title":{"rendered":"BKT Ideiglenes Forgalomv\u00e1ltoz\u00e1s"},"content":{"rendered":"<p style=\"text-align: center\"><strong>T\u00c1J\u00c9KOZTAT\u00d3<\/strong><\/p>\n<p style=\"text-align: center\"><strong>A Bels\u0151 Klinikai T\u00f6mb ter\u00fclet\u00e9n bevezetett ideiglenes forgalomv\u00e1ltoz\u00e1sr\u00f3l<\/strong><\/p>\n<p><strong>\u00a0<\/strong><\/p>\n<p><strong>Tisztelt Szervezeti Egys\u00e9g Vezet\u0151 Asszony\/\u00dar!<\/strong><\/p>\n<p><strong>\u00a0<\/strong>T\u00e1j\u00e9koztatom, hogy a Bels\u0151 Klinikai T\u00f6mb Baross utcai kapuja &#8211; a cs\u0151t\u00f6r\u00e9s okozta k\u00e1rok elh\u00e1r\u00edt\u00e1sa miatt &#8211; lez\u00e1r\u00e1sra ker\u00fclt 2020.11.23-t\u00f3l, a hibaelh\u00e1r\u00edt\u00e1s idej\u00e9re, el\u0151rel\u00e1that\u00f3lag minimum k\u00e9t h\u00e9t id\u0151tartamra.<\/p>\n<p><u>Ebben az id\u0151szakban a T\u00f6mb k\u00f6zleked\u00e9s\u00e9t egyir\u00e1ny\u00fas\u00edtjuk, ennek megfelel\u0151en a Szentkir\u00e1lyi utcai kapun munkanapokon 06:00-18:00 k\u00f6z\u00f6tt csak behajt\u00e1s lehets\u00e9ges. Ezen id\u0151 alatt megnyitjuk a B\u0151r-, Nemik\u00f3rtani \u00e9s B\u0151ronkol\u00f3giai Klinika melletti, M\u00e1ria utc\u00e1ra ny\u00edl\u00f3 kaput. A ter\u00fcletr\u0151l val\u00f3 kihajt\u00e1s ebben az ir\u00e1nyban t\u00f6rt\u00e9nik.<\/u><\/p>\n<p>Az \u00e9jszakai \u00f3r\u00e1kban illetve h\u00e9tv\u00e9g\u00e9n tov\u00e1bbra is a Szentkir\u00e1lyi kapu szolg\u00e1l a ki- \u00e9s behajt\u00e1sra egyar\u00e1nt. K\u00e9rem, hogy a munk\u00e1latok ideje alatt a BKT ter\u00fclet\u00e9n fokozott figyelemmel k\u00f6zlekedjenek.<\/p>\n<p>Budapest, 2020. november 23.<\/p>\n<p>&nbsp;<\/p>\n<p><strong>Tisztelettel:<\/strong><\/p>\n<p>&nbsp;<\/p>\n<p style=\"text-align: center\"><strong>Simon M\u00e1ty\u00e1s<br \/>\n<\/strong>igazgat\u00f3<\/p>\n<p>&nbsp;<\/p>\n<p><img loading=\"lazy\" decoding=\"async\" class=\"aligncenter\" src=\"https:\/\/semmelweis.hu\/biztonsag\/files\/2020\/11\/BKT_2020.11.23-lez\u00e1r\u00e1s.jpg\" alt=\"BKT Forgalmi T\u00e9rk\u00e9p\" width=\"1240\" height=\"1754\" \/><\/p>\n<p><a href=\"https:\/\/semmelweis.hu\/biztonsag\/files\/2020\/11\/BKT-Baross-Kapu-z\u00e1r\u00e1s.pdf\">Eredeti dokumentum let\u00f6lt\u00e9se<\/a><\/p>\n","protected":false},"excerpt":{"rendered":"<p>T\u00c1J\u00c9KOZTAT\u00d3 A Bels\u0151 Klinikai T\u00f6mb ter\u00fclet\u00e9n bevezetett ideiglenes forgalomv\u00e1ltoz\u00e1sr\u00f3l \u00a0 Tisztelt Szervezeti Egys\u00e9g Vezet\u0151 Asszony\/\u00dar! \u00a0T\u00e1j\u00e9koztatom, hogy a Bels\u0151 Klinikai T\u00f6mb Baross utcai kapuja &#8211; a cs\u0151t\u00f6r\u00e9s okozta k\u00e1rok elh\u00e1r\u00edt\u00e1sa miatt &#8211; lez\u00e1r\u00e1sra ker\u00fclt 2020.11.23-t\u00f3l, a hibaelh\u00e1r\u00edt\u00e1s idej\u00e9re, el\u0151rel\u00e1that\u00f3lag minimum k\u00e9t h\u00e9t id\u0151tartamra. Ebben az id\u0151szakban a T\u00f6mb k\u00f6zleked\u00e9s\u00e9t egyir\u00e1ny\u00fas\u00edtjuk, ennek megfelel\u0151en a Szentkir\u00e1lyi utcai &hellip;<\/p>\n","protected":false},"author":288,"featured_media":0,"parent":0,"menu_order":0,"comment_status":"closed","ping_status":"closed","template":"","meta":{"_acf_changed":false,"footnotes":""},"categories":[],"tags":[],"class_list":["post-1591","page","type-page","status-publish","hentry"],"acf":[],"_links":{"self":[{"href":"https:\/\/semmelweis.hu\/biztonsag\/wp-json\/wp\/v2\/pages\/1591","targetHints":{"allow":["GET"]}}],"collection":[{"href":"https:\/\/semmelweis.hu\/biztonsag\/wp-json\/wp\/v2\/pages"}],"about":[{"href":"https:\/\/semmelweis.hu\/biztonsag\/wp-json\/wp\/v2\/types\/page"}],"author":[{"embeddable":true,"href":"https:\/\/semmelweis.hu\/biztonsag\/wp-json\/wp\/v2\/users\/288"}],"replies":[{"embeddable":true,"href":"https:\/\/semmelweis.hu\/biztonsag\/wp-json\/wp\/v2\/comments?post=1591"}],"version-history":[{"count":9,"href":"https:\/\/semmelweis.hu\/biztonsag\/wp-json\/wp\/v2\/pages\/1591\/revisions"}],"predecessor-version":[{"id":1605,"href":"https:\/\/semmelweis.hu\/biztonsag\/wp-json\/wp\/v2\/pages\/1591\/revisions\/1605"}],"wp:attachment":[{"href":"https:\/\/semmelweis.hu\/biztonsag\/wp-json\/wp\/v2\/media?parent=1591"}],"wp:term":[{"taxonomy":"category","embeddable":true,"href":"https:\/\/semmelweis.hu\/biztonsag\/wp-json\/wp\/v2\/categories?post=1591"},{"taxonomy":"post_tag","embeddable":true,"href":"https:\/\/semmelweis.hu\/biztonsag\/wp-json\/wp\/v2\/tags?post=1591"}],"curies":[{"name":"wp","href":"https:\/\/api.w.org\/{rel}","templated":true}]}}