{"id":1252,"date":"2019-01-16T09:47:29","date_gmt":"2019-01-16T08:47:29","guid":{"rendered":"http:\/\/semmelweis.hu\/biztonsag\/?page_id=1252"},"modified":"2019-01-16T13:20:52","modified_gmt":"2019-01-16T12:20:52","slug":"biztonsagszervezes-2","status":"publish","type":"page","link":"https:\/\/semmelweis.hu\/biztonsag\/galeria\/biztonsagszervezes-2\/","title":{"rendered":"Biztons\u00e1gszervez\u00e9s"},"content":{"rendered":"\r\n        [slb_exclude]\r\n        <div class=\"row galeria-wrapper mx-0 h-auto\">\r\n            <div class=\"col-9 pl-0 pr-2\">\r\n            <span class=\"gallery-item frame\">\r\n\t\t\t\t<div class=\"galeria-left-img\"><a href=\"https:\/\/semmelweis.hu\/biztonsag\/files\/2019\/01\/RS54093_KA-20161012-IMG_0552-scr.jpg\"><img src=https:\/\/semmelweis.hu\/biztonsag\/files\/2019\/01\/RS54093_KA-20161012-IMG_0552-scr.jpg  \r\n                            alt=\"Elz\u00e1rk\u00f3z\u00e1si gyakorlat\" \r\n                            class=\"attachment-sote-gallery-big size-sote-gallery-big\" \r\n                            srcset=\"https:\/\/semmelweis.hu\/biztonsag\/files\/2019\/01\/RS54093_KA-20161012-IMG_0552-scr-300x200.jpg 300w, https:\/\/semmelweis.hu\/biztonsag\/files\/2019\/01\/RS54093_KA-20161012-IMG_0552-scr-768x512.jpg 768w, https:\/\/semmelweis.hu\/biztonsag\/files\/2019\/01\/RS54093_KA-20161012-IMG_0552-scr-450x300.jpg 450w, https:\/\/semmelweis.hu\/biztonsag\/files\/2019\/01\/RS54093_KA-20161012-IMG_0552-scr.jpg 950w\" ><\/a><\/div>\r\n            <\/span>\r\n\r\n            <\/div>\r\n\r\n\t\t\t<div class=\"col-3 pl-0 pr-0\">\r\n\t\t\t\t<div class=\"galeria-right-img d-flex justify-content-between flex-column h-100 w-100 px-0 mx-0 \">\r\n                <div class=\"galeria-box\">\r\n\t\t\t\t\t<h3 class=\"galeria-title\">Gal\u00e9ria<\/h3>\r\n\t\t\t\t\t<div class=\"galeria-subtitle\">\r\n\r\n\t\t\t\t\t\t<div class=\"galeria-page-counter\"><span>12<\/span>k\u00e9p<\/div>\r\n                    <\/div> <\/div>\r\n                    <span class=\"gallery-item frame d-none d-md-flex\">\r\n\t\t\t\t\t<div class=\"galeria-small-img mt-0\"><a href=\"https:\/\/semmelweis.hu\/biztonsag\/files\/2019\/01\/RS54097_KA-20161012-IMG_0539-scr.jpg\"><img src=https:\/\/semmelweis.hu\/biztonsag\/files\/2019\/01\/RS54097_KA-20161012-IMG_0539-scr.jpg \r\n                                alt=\"Elz\u00e1rk\u00f3z\u00e1si gyakorlat\"  \r\n                                class=\"attachment-sote-gallery-small size-sote-gallery-small\" \r\n                                srcset=\"https:\/\/semmelweis.hu\/biztonsag\/files\/2019\/01\/RS54097_KA-20161012-IMG_0539-scr-300x200.jpg 300w, https:\/\/semmelweis.hu\/biztonsag\/files\/2019\/01\/RS54097_KA-20161012-IMG_0539-scr-768x512.jpg 768w, https:\/\/semmelweis.hu\/biztonsag\/files\/2019\/01\/RS54097_KA-20161012-IMG_0539-scr-450x300.jpg 450w, https:\/\/semmelweis.hu\/biztonsag\/files\/2019\/01\/RS54097_KA-20161012-IMG_0539-scr.jpg 950w\" ><\/a><\/div>\r\n                    <\/span>\r\n                    <span class=\"gallery-item frame d-none d-md-flex\">\r\n\t\t\t\t\t<div class=\"galeria-small-img mt-0\"><a href=\"https:\/\/semmelweis.hu\/biztonsag\/files\/2019\/01\/RS54126_KA-20161012-IMG_0463-scr.jpg\"><img src=https:\/\/semmelweis.hu\/biztonsag\/files\/2019\/01\/RS54126_KA-20161012-IMG_0463-scr.jpg \r\n                                alt=\"T\u0171zv\u00e9delmi gyakorlat\" \r\n                                class=\"attachment-sote-gallery-small size-sote-gallery-small\" \r\n                                srcset=\"https:\/\/semmelweis.hu\/biztonsag\/files\/2019\/01\/RS54126_KA-20161012-IMG_0463-scr-300x200.jpg 300w, https:\/\/semmelweis.hu\/biztonsag\/files\/2019\/01\/RS54126_KA-20161012-IMG_0463-scr-768x512.jpg 768w, https:\/\/semmelweis.hu\/biztonsag\/files\/2019\/01\/RS54126_KA-20161012-IMG_0463-scr-450x300.jpg 450w, https:\/\/semmelweis.hu\/biztonsag\/files\/2019\/01\/RS54126_KA-20161012-IMG_0463-scr.jpg 950w\" ><\/a><\/div>\r\n                    <\/span>\r\n\r\n                <\/div>\r\n\r\n            <\/div>\r\n\r\n            <span class=\"gallery-item\"><div class=\"hidden\"><a href=\"https:\/\/semmelweis.hu\/biztonsag\/files\/2019\/01\/RS62564_IMG_4463-scr.jpg\">\r\n        <img src=https:\/\/semmelweis.hu\/biztonsag\/files\/2019\/01\/RS62564_IMG_4463-scr.jpg alt=\"T\u0171zv\u00e9delmi gyakorlat\" class=\"attachment-sote-gallery-big size-sote-gallery-big\" srcset=\"https:\/\/semmelweis.hu\/biztonsag\/files\/2019\/01\/RS62564_IMG_4463-scr-300x200.jpg 300w, https:\/\/semmelweis.hu\/biztonsag\/files\/2019\/01\/RS62564_IMG_4463-scr-768x512.jpg 768w, https:\/\/semmelweis.hu\/biztonsag\/files\/2019\/01\/RS62564_IMG_4463-scr-450x300.jpg 450w, https:\/\/semmelweis.hu\/biztonsag\/files\/2019\/01\/RS62564_IMG_4463-scr.jpg 950w\" >\r\n        <\/a><\/div><\/span><span class=\"gallery-item\"><div class=\"hidden\"><a href=\"https:\/\/semmelweis.hu\/biztonsag\/files\/2019\/01\/RS62569_IMG_4452-scr.jpg\">\r\n        <img src=https:\/\/semmelweis.hu\/biztonsag\/files\/2019\/01\/RS62569_IMG_4452-scr.jpg alt=\"T\u0171zv\u00e9delmi gyakorlat\" class=\"attachment-sote-gallery-big size-sote-gallery-big\" srcset=\"https:\/\/semmelweis.hu\/biztonsag\/files\/2019\/01\/RS62569_IMG_4452-scr-300x200.jpg 300w, https:\/\/semmelweis.hu\/biztonsag\/files\/2019\/01\/RS62569_IMG_4452-scr-768x512.jpg 768w, https:\/\/semmelweis.hu\/biztonsag\/files\/2019\/01\/RS62569_IMG_4452-scr-450x300.jpg 450w, https:\/\/semmelweis.hu\/biztonsag\/files\/2019\/01\/RS62569_IMG_4452-scr.jpg 950w\" >\r\n        <\/a><\/div><\/span><span class=\"gallery-item\"><div class=\"hidden\"><a href=\"https:\/\/semmelweis.hu\/biztonsag\/files\/2019\/01\/RS62573_IMG_4430-scr.jpg\">\r\n        <img src=https:\/\/semmelweis.hu\/biztonsag\/files\/2019\/01\/RS62573_IMG_4430-scr.jpg alt=\"T\u0171zv\u00e9delmi gyakorlat\" class=\"attachment-sote-gallery-big size-sote-gallery-big\" srcset=\"https:\/\/semmelweis.hu\/biztonsag\/files\/2019\/01\/RS62573_IMG_4430-scr-300x200.jpg 300w, https:\/\/semmelweis.hu\/biztonsag\/files\/2019\/01\/RS62573_IMG_4430-scr-768x512.jpg 768w, https:\/\/semmelweis.hu\/biztonsag\/files\/2019\/01\/RS62573_IMG_4430-scr-450x300.jpg 450w, https:\/\/semmelweis.hu\/biztonsag\/files\/2019\/01\/RS62573_IMG_4430-scr.jpg 950w\" >\r\n        <\/a><\/div><\/span><span class=\"gallery-item\"><div class=\"hidden\"><a href=\"https:\/\/semmelweis.hu\/biztonsag\/files\/2019\/01\/RS62578_IMG_4402-scr.jpg\">\r\n        <img src=https:\/\/semmelweis.hu\/biztonsag\/files\/2019\/01\/RS62578_IMG_4402-scr.jpg alt=\"T\u0171zv\u00e9delmi gyakorlat\" class=\"attachment-sote-gallery-big size-sote-gallery-big\" srcset=\"https:\/\/semmelweis.hu\/biztonsag\/files\/2019\/01\/RS62578_IMG_4402-scr-300x200.jpg 300w, https:\/\/semmelweis.hu\/biztonsag\/files\/2019\/01\/RS62578_IMG_4402-scr-768x512.jpg 768w, https:\/\/semmelweis.hu\/biztonsag\/files\/2019\/01\/RS62578_IMG_4402-scr-450x300.jpg 450w, https:\/\/semmelweis.hu\/biztonsag\/files\/2019\/01\/RS62578_IMG_4402-scr.jpg 950w\" >\r\n        <\/a><\/div><\/span><span class=\"gallery-item\"><div class=\"hidden\"><a href=\"https:\/\/semmelweis.hu\/biztonsag\/files\/2019\/01\/RS62587_IMG_4363-scr.jpg\">\r\n        <img src=https:\/\/semmelweis.hu\/biztonsag\/files\/2019\/01\/RS62587_IMG_4363-scr.jpg alt=\"T\u0171zv\u00e9delmi gyakorlat\" class=\"attachment-sote-gallery-big size-sote-gallery-big\" srcset=\"https:\/\/semmelweis.hu\/biztonsag\/files\/2019\/01\/RS62587_IMG_4363-scr-300x200.jpg 300w, https:\/\/semmelweis.hu\/biztonsag\/files\/2019\/01\/RS62587_IMG_4363-scr-768x512.jpg 768w, https:\/\/semmelweis.hu\/biztonsag\/files\/2019\/01\/RS62587_IMG_4363-scr-450x300.jpg 450w, https:\/\/semmelweis.hu\/biztonsag\/files\/2019\/01\/RS62587_IMG_4363-scr.jpg 950w\" >\r\n        <\/a><\/div><\/span><span class=\"gallery-item\"><div class=\"hidden\"><a href=\"https:\/\/semmelweis.hu\/biztonsag\/files\/2019\/01\/RS62635_IMG_4208-scr.jpg\">\r\n        <img src=https:\/\/semmelweis.hu\/biztonsag\/files\/2019\/01\/RS62635_IMG_4208-scr.jpg alt=\"T\u0171zv\u00e9delmi gyakorlat\" class=\"attachment-sote-gallery-big size-sote-gallery-big\" srcset=\"https:\/\/semmelweis.hu\/biztonsag\/files\/2019\/01\/RS62635_IMG_4208-scr-300x200.jpg 300w, https:\/\/semmelweis.hu\/biztonsag\/files\/2019\/01\/RS62635_IMG_4208-scr-768x512.jpg 768w, https:\/\/semmelweis.hu\/biztonsag\/files\/2019\/01\/RS62635_IMG_4208-scr-450x300.jpg 450w, https:\/\/semmelweis.hu\/biztonsag\/files\/2019\/01\/RS62635_IMG_4208-scr.jpg 950w\" >\r\n        <\/a><\/div><\/span><span class=\"gallery-item\"><div class=\"hidden\"><a href=\"https:\/\/semmelweis.hu\/biztonsag\/files\/2019\/01\/RS62660_IMG_4147-scr.jpg\">\r\n        <img src=https:\/\/semmelweis.hu\/biztonsag\/files\/2019\/01\/RS62660_IMG_4147-scr.jpg alt=\"T\u0171zv\u00e9delmi gyakorlat\" class=\"attachment-sote-gallery-big size-sote-gallery-big\" srcset=\"https:\/\/semmelweis.hu\/biztonsag\/files\/2019\/01\/RS62660_IMG_4147-scr-300x200.jpg 300w, https:\/\/semmelweis.hu\/biztonsag\/files\/2019\/01\/RS62660_IMG_4147-scr-768x512.jpg 768w, https:\/\/semmelweis.hu\/biztonsag\/files\/2019\/01\/RS62660_IMG_4147-scr-450x300.jpg 450w, https:\/\/semmelweis.hu\/biztonsag\/files\/2019\/01\/RS62660_IMG_4147-scr.jpg 950w\" >\r\n        <\/a><\/div><\/span><span class=\"gallery-item\"><div class=\"hidden\"><a href=\"https:\/\/semmelweis.hu\/biztonsag\/files\/2019\/01\/RS66158_DA_20170906_9660-scr.jpg\">\r\n        <img src=https:\/\/semmelweis.hu\/biztonsag\/files\/2019\/01\/RS66158_DA_20170906_9660-scr.jpg alt=\"Port\u00e1 tov\u00e1bbk\u00e9pz\u00e9s - Z\u00e1gr\u00e1bi \u00fat\" class=\"attachment-sote-gallery-big size-sote-gallery-big\" srcset=\"https:\/\/semmelweis.hu\/biztonsag\/files\/2019\/01\/RS66158_DA_20170906_9660-scr-300x200.jpg 300w, https:\/\/semmelweis.hu\/biztonsag\/files\/2019\/01\/RS66158_DA_20170906_9660-scr-768x512.jpg 768w, https:\/\/semmelweis.hu\/biztonsag\/files\/2019\/01\/RS66158_DA_20170906_9660-scr-450x300.jpg 450w, https:\/\/semmelweis.hu\/biztonsag\/files\/2019\/01\/RS66158_DA_20170906_9660-scr.jpg 950w\" >\r\n        <\/a><\/div><\/span><span class=\"gallery-item\"><div class=\"hidden\"><a href=\"https:\/\/semmelweis.hu\/biztonsag\/files\/2019\/01\/RS66160_DA_20170906_9678-scr.jpg\">\r\n        <img src=https:\/\/semmelweis.hu\/biztonsag\/files\/2019\/01\/RS66160_DA_20170906_9678-scr.jpg alt=\"Port\u00e1 tov\u00e1bbk\u00e9pz\u00e9s - Z\u00e1gr\u00e1bi \u00fat\" class=\"attachment-sote-gallery-big size-sote-gallery-big\" srcset=\"https:\/\/semmelweis.hu\/biztonsag\/files\/2019\/01\/RS66160_DA_20170906_9678-scr-300x200.jpg 300w, https:\/\/semmelweis.hu\/biztonsag\/files\/2019\/01\/RS66160_DA_20170906_9678-scr-768x512.jpg 768w, https:\/\/semmelweis.hu\/biztonsag\/files\/2019\/01\/RS66160_DA_20170906_9678-scr-450x300.jpg 450w, https:\/\/semmelweis.hu\/biztonsag\/files\/2019\/01\/RS66160_DA_20170906_9678-scr.jpg 950w\" >\r\n        <\/a><\/div><\/span>\r\n            <\/div>\r\n\r\n            [\/slb_exclude]\r\n\t\n","protected":false},"excerpt":{"rendered":"","protected":false},"author":288,"featured_media":0,"parent":1236,"menu_order":0,"comment_status":"closed","ping_status":"closed","template":"","meta":{"_acf_changed":false,"footnotes":""},"categories":[],"tags":[],"class_list":["post-1252","page","type-page","status-publish","hentry"],"acf":[],"_links":{"self":[{"href":"https:\/\/semmelweis.hu\/biztonsag\/wp-json\/wp\/v2\/pages\/1252","targetHints":{"allow":["GET"]}}],"collection":[{"href":"https:\/\/semmelweis.hu\/biztonsag\/wp-json\/wp\/v2\/pages"}],"about":[{"href":"https:\/\/semmelweis.hu\/biztonsag\/wp-json\/wp\/v2\/types\/page"}],"author":[{"embeddable":true,"href":"https:\/\/semmelweis.hu\/biztonsag\/wp-json\/wp\/v2\/users\/288"}],"replies":[{"embeddable":true,"href":"https:\/\/semmelweis.hu\/biztonsag\/wp-json\/wp\/v2\/comments?post=1252"}],"version-history":[{"count":2,"href":"https:\/\/semmelweis.hu\/biztonsag\/wp-json\/wp\/v2\/pages\/1252\/revisions"}],"predecessor-version":[{"id":1323,"href":"https:\/\/semmelweis.hu\/biztonsag\/wp-json\/wp\/v2\/pages\/1252\/revisions\/1323"}],"up":[{"embeddable":true,"href":"https:\/\/semmelweis.hu\/biztonsag\/wp-json\/wp\/v2\/pages\/1236"}],"wp:attachment":[{"href":"https:\/\/semmelweis.hu\/biztonsag\/wp-json\/wp\/v2\/media?parent=1252"}],"wp:term":[{"taxonomy":"category","embeddable":true,"href":"https:\/\/semmelweis.hu\/biztonsag\/wp-json\/wp\/v2\/categories?post=1252"},{"taxonomy":"post_tag","embeddable":true,"href":"https:\/\/semmelweis.hu\/biztonsag\/wp-json\/wp\/v2\/tags?post=1252"}],"curies":[{"name":"wp","href":"https:\/\/api.w.org\/{rel}","templated":true}]}}