{"id":1201,"date":"2018-12-15T09:06:14","date_gmt":"2018-12-15T08:06:14","guid":{"rendered":"http:\/\/semmelweis.hu\/biztonsag\/?page_id=1201"},"modified":"2025-09-17T09:57:29","modified_gmt":"2025-09-17T07:57:29","slug":"adatvedelmi-tajekoztatok","status":"publish","type":"page","link":"https:\/\/semmelweis.hu\/biztonsag\/tajekoztatok\/adatvedelmi-tajekoztatok\/","title":{"rendered":"Adatv\u00e9delmi T\u00e1j\u00e9koztat\u00f3k"},"content":{"rendered":"<h3 style=\"text-align: center\">Adatv\u00e9delmi t\u00e1j\u00e9koztat\u00f3 a Semmelweis Egyetem ter\u00fclet\u00e9n ki\u00e9p\u00edtett elektronikus megfigyel\u0151rendszerek m\u0171k\u00f6d\u00e9s\u00e9r\u0151l<\/h3>\n<ul>\n<li><a href=\"https:\/\/semmelweis.hu\/biztonsag\/files\/2025\/09\/BTI-tajekoztato-SE-teruleten-kiepitett-elektronikus-megfigyelorendszerek-mukodeserol-magyar.pdf\" target=\"_blank\" rel=\"noopener\">T\u00e1j\u00e9koztat\u00f3 magyar nyelven<\/a><\/li>\n<li><a href=\"https:\/\/semmelweis.hu\/biztonsag\/files\/2025\/09\/BTI-tajekoztato-SE-teruleten-kiepitett-elektronikus-megfigyelorendszerek-mukodeserol-angol.pdf\" target=\"_blank\" rel=\"noopener\">Information in English<\/a><\/li>\n<li><a href=\"https:\/\/semmelweis.hu\/biztonsag\/files\/2025\/09\/BTI-tajekoztato-SE-teruleten-kiepitett-elektronikus-megfigyelorendszerek-mukodeserol-nemet.pdf\" target=\"_blank\" rel=\"noopener\">Informationen auf Deutsch<\/a><\/li>\n<\/ul>\n","protected":false},"excerpt":{"rendered":"<p>Adatv\u00e9delmi t\u00e1j\u00e9koztat\u00f3 a Semmelweis Egyetem ter\u00fclet\u00e9n ki\u00e9p\u00edtett elektronikus megfigyel\u0151rendszerek m\u0171k\u00f6d\u00e9s\u00e9r\u0151l<\/p>\n<p><a href=\"https:\/\/semmelweis.hu\/biztonsag\/files\/2025\/09\/BTI-tajekoztato-SE-teruleten-kiepitett-elektronikus-megfigyelorendszerek-mukodeserol-magyar.pdf\" target=\"_blank\" rel=\"noopener\">T\u00e1j\u00e9koztat\u00f3 magyar nyelven<\/a><br \/>\n<a href=\"https:\/\/semmelweis.hu\/biztonsag\/files\/2025\/09\/BTI-tajekoztato-SE-teruleten-kiepitett-elektronikus-megfigyelorendszerek-mukodeserol-angol.pdf\" target=\"_blank\" rel=\"noopener\">Information in English<\/a><br \/>\n<a href=\"https:\/\/semmelweis.hu\/biztonsag\/files\/2025\/09\/BTI-tajekoztato-SE-teruleten-kiepitett-elektronikus-megfigyelorendszerek-mukodeserol-nemet.pdf\" target=\"_blank\" rel=\"noopener\">Informationen auf Deutsch<\/a><\/p>\n","protected":false},"author":288,"featured_media":0,"parent":32,"menu_order":2,"comment_status":"closed","ping_status":"closed","template":"","meta":{"_acf_changed":false,"footnotes":""},"categories":[],"tags":[],"class_list":["post-1201","page","type-page","status-publish","hentry"],"acf":[],"_links":{"self":[{"href":"https:\/\/semmelweis.hu\/biztonsag\/wp-json\/wp\/v2\/pages\/1201","targetHints":{"allow":["GET"]}}],"collection":[{"href":"https:\/\/semmelweis.hu\/biztonsag\/wp-json\/wp\/v2\/pages"}],"about":[{"href":"https:\/\/semmelweis.hu\/biztonsag\/wp-json\/wp\/v2\/types\/page"}],"author":[{"embeddable":true,"href":"https:\/\/semmelweis.hu\/biztonsag\/wp-json\/wp\/v2\/users\/288"}],"replies":[{"embeddable":true,"href":"https:\/\/semmelweis.hu\/biztonsag\/wp-json\/wp\/v2\/comments?post=1201"}],"version-history":[{"count":10,"href":"https:\/\/semmelweis.hu\/biztonsag\/wp-json\/wp\/v2\/pages\/1201\/revisions"}],"predecessor-version":[{"id":2583,"href":"https:\/\/semmelweis.hu\/biztonsag\/wp-json\/wp\/v2\/pages\/1201\/revisions\/2583"}],"up":[{"embeddable":true,"href":"https:\/\/semmelweis.hu\/biztonsag\/wp-json\/wp\/v2\/pages\/32"}],"wp:attachment":[{"href":"https:\/\/semmelweis.hu\/biztonsag\/wp-json\/wp\/v2\/media?parent=1201"}],"wp:term":[{"taxonomy":"category","embeddable":true,"href":"https:\/\/semmelweis.hu\/biztonsag\/wp-json\/wp\/v2\/categories?post=1201"},{"taxonomy":"post_tag","embeddable":true,"href":"https:\/\/semmelweis.hu\/biztonsag\/wp-json\/wp\/v2\/tags?post=1201"}],"curies":[{"name":"wp","href":"https:\/\/api.w.org\/{rel}","templated":true}]}}