{"id":998,"date":"2021-01-04T13:22:11","date_gmt":"2021-01-04T12:22:11","guid":{"rendered":"https:\/\/semmelweis.hu\/bizottsagok\/?page_id=998"},"modified":"2026-02-02T09:44:40","modified_gmt":"2026-02-02T08:44:40","slug":"etk-ethical-and-disciplinary-committee-faculty-of-health-sciences-i-e-etk","status":"publish","type":"page","link":"https:\/\/semmelweis.hu\/bizottsagok\/en\/constant-committees\/committees-of-faculty-of-health-sciences\/etk-ethical-and-disciplinary-committee-faculty-of-health-sciences-i-e-etk\/","title":{"rendered":"ETK ETHICAL AND DISCIPLINARY COMMITTEE"},"content":{"rendered":"<div class=\"responsive-tabs\">\n<h2 class=\"tabtitle\">Tasks and Competences<\/h2>\n<div class=\"tabcontent\">\n\n<p>The tasks and competences of the Committee are defined by the relevant legislation and university regulations, in particular the SZMSZ and the Code of Ethics of Semmelweis University.<\/p>\n\n<\/div><h2 class=\"tabtitle\">Members<\/h2>\n<div class=\"tabcontent\">\n\n<p><strong><em>Contact:<\/em><\/strong> ETK Dean\u2019s Office 06-1-48-65910<br \/>\n<strong><em>Email:<\/em><\/strong> <a href=\"mailto:dekani.hivatal@se-etk.hu\">dekani.hivatal@se-etk.hu<\/a><\/p>\n    \r\n    <div id=\"peopleContainer\" style=\"text-align:center;\">\r\n    <input type=\"hidden\" name=\"cimkek\" id=\"cimkek\" value=\"Last name,First <br \/>\nname,Basis of mandate,Type of mandate,Beginning of the mandate,End of <br \/>\nmandate,Mandate document,Reason for termination,Date of termination\">\r\n    <input type=\"hidden\" name=\"kihagy_aktiv\" id=\"kihagy_aktiv\" value=\"Reason for termination||megszunes_oka,Date of termination|| <br \/>\nmegszunes_datuma\">\r\n    <input type=\"hidden\" name=\"kihagy_archiv\" id=\"kihagy_archiv\" value=\"\">\r\n    <div id=\"aktivTagokContainer\" style=\"overflow:auto;\">\r\n        <table>\r\n        <thead style=\"text-align:center;\">\r\n            <th>Last name<\/th><th>First <br \/>\nname<\/th><th>Basis of mandate<\/th><th>Type of mandate<\/th><th>Beginning of the mandate<\/th><th>End of <br \/>\nmandate<\/th><th>Mandate document<\/th>        <\/thead>\r\n        <tbody>\r\n        <tr><td>Dr. Feith<\/td><td>Helga Judit<\/td><td>Foglalkoztatott\/ Employee\/ Besch\u00e4ftigte(r)<\/td><td>Eln\u00f6k\/ Chairperson\/ Vorsitzender<\/td><td>2024-08-12<\/td><td>2027-08-12<\/td><td><a href=\"https:\/\/semmelweis.hu\/etk\/files\/2024\/07\/16_2024_h.pdf\">Megb\u00edzat\u00e1si dokumentum\/ Mandate document\/ Mandatsdokument<\/a><\/td><td> <\/td><\/tr><tr><td>Dr. Gad\u00f3<\/td><td>Kl\u00e1ra<\/td><td>Foglalkoztatott\/ Employee\/ Besch\u00e4ftigte(r)<\/td><td>Tag\/ Member\/ Mitglied<\/td><td>2024-08-12<\/td><td>2027-08-12<\/td><td><a href=\"https:\/\/semmelweis.hu\/etk\/files\/2024\/07\/16_2024_h.pdf\">Megb\u00edzat\u00e1si dokumentum\/ Mandate document\/ Mandatsdokument<\/a><\/td><td> <\/td><\/tr><tr><td>Dr. Vingender<\/td><td>Istv\u00e1n<\/td><td>Foglalkoztatott\/ Employee\/ Besch\u00e4ftigte(r)<\/td><td>Tag\/ Member\/ Mitglied<\/td><td>2024-08-12<\/td><td>2027-08-12<\/td><td><a href=\"https:\/\/semmelweis.hu\/etk\/files\/2024\/07\/16_2024_h.pdf\">Megb\u00edzat\u00e1si dokumentum\/ Mandate document\/ Mandatsdokument<\/a><\/td><td> <\/td><\/tr><tr><td>Fekete<\/td><td>Rea R\u00e9ka<\/td><td>Hallgat\u00f3i jogviszony\/ Student status\/ Studierendenrechtsverh\u00e4ltnis<\/td><td>Tag\/ Member\/ Mitglied<\/td><td>2024-10-09<\/td><td>2027-08-12<\/td><td><a href=\"https:\/\/semmelweis.hu\/etk\/files\/2024\/10\/17_2024_h.pdf\">Megb\u00edzat\u00e1si dokumentum\/ Mandate document\/ Mandatsdokument<\/a><\/td><td> <\/td><\/tr><tr><td>Hakkel<\/td><td>Martina<\/td><td>Hallgat\u00f3i jogviszony\/ Student status\/ Studierendenrechtsverh\u00e4ltnis<\/td><td>Tag\/ Member\/ Mitglied<\/td><td>2025-05-10<\/td><td>2027-08-12<\/td><td><a href=\"https:\/\/semmelweis.hu\/etk\/files\/2025\/06\/20_2025_h.pdf\">Megb\u00edzat\u00e1si dokumentum\/ Mandate document\/ Mandatsdokument<\/a><\/td><td> <\/td><\/tr><tr><td>Hoffmann<\/td><td>R\u00e9ka Mirtill<\/td><td>Hallgat\u00f3i jogviszony\/ Student status\/ Studierendenrechtsverh\u00e4ltnis<\/td><td>Tag\/ Member\/ Mitglied<\/td><td>2026-02-01<\/td><td>2029-02-01<\/td><td><a href=\"https:\/\/semmelweis.hu\/etk\/files\/2026\/03\/4_2026_h.pdf\">Megb\u00edzat\u00e1si dokumentum\/ Mandate document\/ Mandatsdokument<\/a><\/td><td> <\/td><\/tr>        \r\n        \r\n        <\/tbody>\r\n        <\/table>\r\n        <\/div>\r\n\r\n    <div id=\"archivTagokContainer\" style=\"overflow:auto;\">\r\n            <div class=\"exp-col-content-holder\" style=\"border: none;\">\r\n        <a class=\"expand-cnt-link ecf_closed\" href=\"#\">Arch\u00edv<\/a>\r\n        <div class=\"hidden-content\" style=\"display: none;\">\r\n                <table>\r\n            <thead style=\"text-align:center;\">\r\n                <th>Last name<\/th><th>First <br \/>\nname<\/th><th>Basis of mandate<\/th><th>Type of mandate<\/th><th>Beginning of the mandate<\/th><th>End of <br \/>\nmandate<\/th><th>Mandate document<\/th><th>Reason for termination<\/th><th>Date of termination<\/th>            <\/thead>\r\n            <tbody>\r\n            <tr><td>Dr. Feith<\/td><td>Helga Judit<\/td><td>Foglalkoztatott\/ Employee\/ Besch\u00e4ftigte(r)<\/td><td>Eln\u00f6k\/ Chairperson\/ Vorsitzender<\/td><td>2021-08-11<\/td><td>2024-08-11<\/td><td><a href=\"https:\/\/semmelweis.hu\/etk\/files\/2021\/08\/24_2021_h.pdf\">Megb\u00edzat\u00e1si dokumentum\/ Mandate document\/ Mandatsdokument<\/a><\/td><td>Megb\u00edzat\u00e1s lej\u00e1rta<\/td><td>  <\/td><\/tr><tr><td>Dr. Vingender<\/td><td>Istv\u00e1n <\/td><td>Foglalkoztatott\/ Employee\/ Besch\u00e4ftigte(r)<\/td><td>Tag\/ Member\/ Mitglied<\/td><td>2021-08-11<\/td><td>2024-08-11<\/td><td><a href=\"https:\/\/semmelweis.hu\/etk\/files\/2021\/08\/24_2021_h.pdf\">Megb\u00edzat\u00e1si dokumentum\/ Mandate document\/ Mandatsdokument<\/a><\/td><td>Megb\u00edzat\u00e1s lej\u00e1rta<\/td><td>  <\/td><\/tr><tr><td>Dr. Gad\u00f3<\/td><td>Kl\u00e1ra<\/td><td>Foglalkoztatott\/ Employee\/ Besch\u00e4ftigte(r)<\/td><td>Tag\/ Member\/ Mitglied<\/td><td>2021-08-11<\/td><td>2024-08-11<\/td><td><a href=\"https:\/\/semmelweis.hu\/etk\/files\/2021\/08\/24_2021_h.pdf\">Megb\u00edzat\u00e1si dokumentum\/ Mandate document\/ Mandatsdokument<\/a><\/td><td>Megb\u00edzat\u00e1s lej\u00e1rta<\/td><td>  <\/td><\/tr><tr><td>Pint\u00e9r<\/td><td>S\u00e1ra<\/td><td>Hallgat\u00f3i jogviszony\/ Student status\/ Studierendenrechtsverh\u00e4ltnis<\/td><td>Tag\/ Member\/ Mitglied<\/td><td>2021-08-11<\/td><td>2024-08-11<\/td><td><a href=\"https:\/\/semmelweis.hu\/etk\/files\/2021\/08\/24_2021_h.pdf\">Megb\u00edzat\u00e1si dokumentum\/ Mandate document\/ Mandatsdokument<\/a><\/td><td>Egy\u00e9b megsz\u0171n\u00e9si ok<\/td><td>  <\/td><\/tr><tr><td>Gyenes<\/td><td>G\u00e1bor<\/td><td> Hallgat\u00f3i jogviszony\/ Student status\/ Studierendenrechtsverh\u00e4ltnis<\/td><td>Tag\/ Member\/ Mitglied<\/td><td>2020-07-03<\/td><td>2021-03-02<\/td><td><a href=\"https:\/\/semmelweis.hu\/etk\/files\/2020\/08\/17_2020_h.pdf\">Megb\u00edzat\u00e1si dokumentum\/ Mandate document\/ Mandatsdokument<\/a><\/td><td>Egy\u00e9b megsz\u0171n\u00e9si ok<\/td><td>  <\/td><\/tr><tr><td>Varga<\/td><td>Loretta<\/td><td>Hallgat\u00f3i jogviszony\/ Student status\/ Studierendenrechtsverh\u00e4ltnis<\/td><td>Tag\/ Member\/ Mitglied<\/td><td>2020-07-03<\/td><td>2021-03-02<\/td><td><a href=\"https:\/\/semmelweis.hu\/etk\/files\/2020\/08\/17_2020_h.pdf\">Megb\u00edzat\u00e1si dokumentum\/ Mandate document\/ Mandatsdokument<\/a><\/td><td>Egy\u00e9b megsz\u0171n\u00e9si ok<\/td><td>  <\/td><\/tr><tr><td>N\u00e9met<\/td><td>Dorottya<\/td><td>Hallgat\u00f3i jogviszony\/ Student status\/ Studierendenrechtsverh\u00e4ltnis<\/td><td>Tag\/ Member\/ Mitglied\t<\/td><td>2021-05-25<\/td><td>2024-05-25<\/td><td><a href=\"https:\/\/semmelweis.hu\/etk\/files\/2021\/05\/17_2021_h.pdf\">Megb\u00edzat\u00e1si dokumentum\/ Mandate document\/ Mandatsdokument<\/a><\/td><td>Egy\u00e9b megsz\u0171n\u00e9si ok<\/td><td>2022-05-16<\/td><\/tr><tr><td>B\u00e1nhidi<\/td><td>Panna<\/td><td>Hallgat\u00f3i jogviszony\/ Student status\/ Studierendenrechtsverh\u00e4ltnis<\/td><td>Tag\/ Member\/ Mitglied<\/td><td>2021-07-01<\/td><td>2024-07-01<\/td><td><a href=\"https:\/\/semmelweis.hu\/etk\/files\/2021\/07\/18_2021_h.pdf\">Megb\u00edzat\u00e1si dokumentum\/ Mandate document\/ Mandatsdokument<\/a><\/td><td>Egy\u00e9b megsz\u0171n\u00e9si ok<\/td><td>2023-03-28<\/td><\/tr><tr><td>N\u00e9met<\/td><td>Dorottya<\/td><td>Hallgat\u00f3i jogviszony\/ Student status\/ Studierendenrechtsverh\u00e4ltnis<\/td><td>Tag\/ Member\/ Mitglied\t<\/td><td>2021-05-25<\/td><td>2024-05-25<\/td><td><a href=\"https:\/\/semmelweis.hu\/etk\/files\/2021\/05\/17_2021_h.pdf\">Megb\u00edzat\u00e1si dokumentum\/ Mandate document\/ Mandatsdokument<\/a><\/td><td>Egy\u00e9b megsz\u0171n\u00e9si ok<\/td><td>2022-05-16<\/td><\/tr><tr><td>H\u00e1mori<\/td><td>R\u00e9ka<\/td><td>Hallgat\u00f3i jogviszony\/ Student status\/ Studierendenrechtsverh\u00e4ltnis<\/td><td>Tag\/ Member\/ Mitglied<\/td><td>2022-05-16<\/td><td>2024-08-11<\/td><td><a href=\"https:\/\/semmelweis.hu\/etk\/files\/2022\/05\/9_2022_h.pdf\">Megb\u00edzat\u00e1si dokumentum\/ Mandate document\/ Mandatsdokument<\/a><\/td><td>Egy\u00e9b megsz\u0171n\u00e9si ok<\/td><td>2023-03-28<\/td><\/tr><tr><td>Harkai<\/td><td>Blanka<\/td><td>Hallgat\u00f3i jogviszony\/ Student status\/ Studierendenrechtsverh\u00e4ltnis<\/td><td>Tag\/ Member\/ Mitglied <\/td><td>2022-05-16<\/td><td>2024-08-11<\/td><td><a href=\"https:\/\/semmelweis.hu\/etk\/files\/2022\/05\/9_2022_h.pdf\">Megb\u00edzat\u00e1si dokumentum\/ Mandate document\/ Mandatsdokument<\/a><\/td><td>Egy\u00e9b megsz\u0171n\u00e9si ok<\/td><td>2023-03-28<\/td><\/tr><tr><td>Feke<\/td><td>Anett<\/td><td>Hallgat\u00f3i jogviszony\/ Student status\/ Studierendenrechtsverh\u00e4ltnis<\/td><td>Tag\/ Member\/ Mitglied<\/td><td>2023-03-29<\/td><td>2024-08-11<\/td><td><a href=\"https:\/\/semmelweis.hu\/bizottsagok\/files\/2023\/03\/6_2023_h.pdf\">Megb\u00edzat\u00e1si dokumentum\/ Mandate document\/ Mandatsdokument<\/a><\/td><td>Egy\u00e9b megsz\u0171n\u00e9si ok<\/td><td>2024-08-11<\/td><\/tr><tr><td>Fekete<\/td><td>Rea<\/td><td>Hallgat\u00f3i jogviszony\/ Student status\/ Studierendenrechtsverh\u00e4ltnis<\/td><td>Tag\/ Member\/ Mitglied<\/td><td>2023-03-29<\/td><td>2024-08-11<\/td><td><a href=\"https:\/\/semmelweis.hu\/bizottsagok\/files\/2023\/03\/6_2023_h.pdf\">Megb\u00edzat\u00e1si dokumentum\/ Mandate document\/ Mandatsdokument<\/a><\/td><td>Egy\u00e9b megsz\u0171n\u00e9si ok<\/td><td>2024-06-30<\/td><\/tr><tr><td>T\u00e1nczos<\/td><td>Gr\u00e9ta Lujza<\/td><td>Hallgat\u00f3i jogviszony\/ Student status\/ Studierendenrechtsverh\u00e4ltnis<\/td><td>Tag\/ Member\/ Mitglied<\/td><td>2023-03-29<\/td><td>2024-08-11<\/td><td><a href=\"https:\/\/semmelweis.hu\/bizottsagok\/files\/2023\/03\/6_2023_h.pdf\">Megb\u00edzat\u00e1si dokumentum\/ Mandate document\/ Mandatsdokument<\/a><\/td><td>Megb\u00edzat\u00e1s lej\u00e1rta<\/td><td>2024-08-11<\/td><\/tr><tr><td>D\u00f3ka<\/td><td>Tibor<\/td><td>Hallgat\u00f3i jogviszony\/ Student status\/ Studierendenrechtsverh\u00e4ltnis<\/td><td>Tag\/ Member\/ Mitglied<\/td><td>2024-07-01<\/td><td>2027-08-12<\/td><td><a href=\"https:\/\/semmelweis.hu\/etk\/files\/2024\/07\/16_2024_h.pdf\">Megb\u00edzat\u00e1si dokumentum\/ Mandate document\/ Mandatsdokument<\/a><\/td><td>Egy\u00e9b megsz\u0171n\u00e9si ok<\/td><td>2024-10-08<\/td><\/tr><tr><td>Feke<\/td><td>Anett<\/td><td>Hallgat\u00f3i jogviszony\/ Student status\/ Studierendenrechtsverh\u00e4ltnis<\/td><td>Tag\/ Member\/ Mitglied<\/td><td>2024-08-12<\/td><td>2027-08-12<\/td><td><a href=\"https:\/\/semmelweis.hu\/etk\/files\/2024\/07\/16_2024_h.pdf\">Megb\u00edzat\u00e1si dokumentum\/ Mandate document\/ Mandatsdokument<\/a><\/td><td>Egy\u00e9b megsz\u0171n\u00e9si ok<\/td><td>2025-05-09<\/td><\/tr><tr><td>T\u00e1nczos<\/td><td>Gr\u00e9ta Lujza<\/td><td>Hallgat\u00f3i jogviszony\/ Student status\/ Studierendenrechtsverh\u00e4ltnis<\/td><td>Tag\/ Member\/ Mitglied<\/td><td>2024-08-12<\/td><td>2027-08-12<\/td><td><a href=\"https:\/\/semmelweis.hu\/etk\/files\/2024\/07\/16_2024_h.pdf\">Megb\u00edzat\u00e1si dokumentum\/ Mandate document\/ Mandatsdokument<\/a><\/td><td>Egy\u00e9b megsz\u0171n\u00e9si ok<\/td><td>2026-01-31<\/td><\/tr>            <\/tbody>\r\n            <\/table>\r\n        <\/div>\r\n        <\/div>\r\n    <\/div>\r\n    <\/div>\r\n    \n\n<\/div><h2 class=\"tabtitle\">Rules of Procedure<\/h2>\n<div class=\"tabcontent\">\n\n<p><u><a href=\"https:\/\/semmelweis.hu\/etk\/files\/2020\/05\/se-etk-feb-szr.pdf\">Rules of Procedure of the ETK Ethical and Disciplinary Committee<\/a><\/u><\/p>\n\n<\/div><h2 class=\"tabtitle\">Annual Report<\/h2>\n<div class=\"tabcontent\">\n\n<p><u><a href=\"https:\/\/semmelweis.hu\/jogigfoig\/files\/2020\/05\/68_2020_Besz%C3%A1mol%C3%B3-a-kari-bizotts%C3%A1gok-munk%C3%A1j%C3%A1r%C3%B3l.pdf\">\u00a0Decision no. 68\/2020. (V.5.) of the Semmelweis University Senate Report on the work of the standing committees created by the Senate\u00a0<em>(Examination and Studies Committee, Credit Transfer Committee, Ethical and Disciplinary Committee, as for the Pet\u0151 Andr\u00e1s Faculty, two more committees: the Committee of Practical Training and the Publication and Library Committee)<\/em><\/a><\/u><\/p>\n<p><a href=\"https:\/\/semmelweis.hu\/bizottsagok\/files\/2022\/03\/16_2021_karokon-muk-all-biz_beszamolok.pdf\">Decision no. 16\/2021. (II.25.) of the Semmelweis University Senate Report on the work of the standing committees created by the Senate <em>(Examination and Studies Committee, Credit Transfer Committee, Ethical and Disciplinary Committee, as for the Pet\u0151 Andr\u00e1s Faculty, two more committees: the Committee of Practical Training and the Publication and Library Committee)<\/em><\/a><\/p>\n<p><a href=\"https:\/\/semmelweis.hu\/bizottsagok\/files\/2022\/05\/17_2022_a-Szenatus-altal-letrehozott-karokon-mukodo-allando-bizottsagok-munkajarol-szolo-beszamolok-elfogadasarol.pdf\">Decision no. 17\/2022. (III.28.) of the Semmelweis University Senate Report on the work of the standing committees created by the Senate<\/a><\/p>\n<\/div><\/div>\n","protected":false},"excerpt":{"rendered":"<p>The tasks and competences of the Committee are defined by the relevant legislation and university regulations, in particular the SZMSZ and the Code of Ethics of Semmelweis University.<\/p>\n<p>Contact: ETK Dean\u2019s Office 06-1-48-65910<br \/>\nEmail: <a href=\"mailto:dekani.hivatal@se-etk.hu\">dekani.hivatal@se-etk.hu<\/a><\/p>\n<p><a href=\"https:\/\/semmelweis.hu\/etk\/files\/2020\/05\/se-etk-feb-szr.pdf\">Rules of Procedure of the ETK Ethical and Disciplinary Committee<\/a><\/p>\n<p><a href=\"https:\/\/semmelweis.hu\/jogigfoig\/files\/2020\/05\/68_2020_Besz%C3%A1mol%C3%B3-a-kari-bizotts%C3%A1gok-munk%C3%A1j%C3%A1r%C3%B3l.pdf\">\u00a0Decision no. 68\/2020. (V.5.) of the Semmelweis University Senate Report on the work of the standing committees created by the Senate\u00a0(Examination and Studies Committee, Credit Transfer Committee, Ethical and Disciplinary Committee, as for the Pet\u0151 Andr\u00e1s Faculty, two more committees: the Committee of Practical Training and the Publication and Library Committee)<\/a><br \/>\n<a href=\"https:\/\/semmelweis.hu\/bizottsagok\/files\/2022\/03\/16_2021_karokon-muk-all-biz_beszamolok.pdf\">Decision no. 16\/2021. (II.25.) of the Semmelweis University Senate Report on the work of the standing committees created by the Senate (Examination and Studies Committee, Credit Transfer Committee, Ethical and Disciplinary Committee, as for the Pet\u0151 Andr\u00e1s Faculty, two more committees: the Committee of Practical Training and the Publication and Library Committee)<\/a><br \/>\n<a href=\"https:\/\/semmelweis.hu\/bizottsagok\/files\/2022\/05\/17_2022_a-Szenatus-altal-letrehozott-karokon-mukodo-allando-bizottsagok-munkajarol-szolo-beszamolok-elfogadasarol.pdf\">Decision no. 17\/2022. (III.28.) of the Semmelweis University Senate Report on the work of the standing committees created by the Senate<\/a><\/p>\n","protected":false},"author":101796,"featured_media":0,"parent":1111,"menu_order":0,"comment_status":"closed","ping_status":"closed","template":"","meta":{"_acf_changed":false,"footnotes":""},"categories":[],"tags":[],"class_list":["post-998","page","type-page","status-publish","hentry"],"acf":[],"_links":{"self":[{"href":"https:\/\/semmelweis.hu\/bizottsagok\/wp-json\/wp\/v2\/pages\/998","targetHints":{"allow":["GET"]}}],"collection":[{"href":"https:\/\/semmelweis.hu\/bizottsagok\/wp-json\/wp\/v2\/pages"}],"about":[{"href":"https:\/\/semmelweis.hu\/bizottsagok\/wp-json\/wp\/v2\/types\/page"}],"author":[{"embeddable":true,"href":"https:\/\/semmelweis.hu\/bizottsagok\/wp-json\/wp\/v2\/users\/101796"}],"replies":[{"embeddable":true,"href":"https:\/\/semmelweis.hu\/bizottsagok\/wp-json\/wp\/v2\/comments?post=998"}],"version-history":[{"count":7,"href":"https:\/\/semmelweis.hu\/bizottsagok\/wp-json\/wp\/v2\/pages\/998\/revisions"}],"predecessor-version":[{"id":2825,"href":"https:\/\/semmelweis.hu\/bizottsagok\/wp-json\/wp\/v2\/pages\/998\/revisions\/2825"}],"up":[{"embeddable":true,"href":"https:\/\/semmelweis.hu\/bizottsagok\/wp-json\/wp\/v2\/pages\/1111"}],"wp:attachment":[{"href":"https:\/\/semmelweis.hu\/bizottsagok\/wp-json\/wp\/v2\/media?parent=998"}],"wp:term":[{"taxonomy":"category","embeddable":true,"href":"https:\/\/semmelweis.hu\/bizottsagok\/wp-json\/wp\/v2\/categories?post=998"},{"taxonomy":"post_tag","embeddable":true,"href":"https:\/\/semmelweis.hu\/bizottsagok\/wp-json\/wp\/v2\/tags?post=998"}],"curies":[{"name":"wp","href":"https:\/\/api.w.org\/{rel}","templated":true}]}}