{"id":996,"date":"2021-01-04T13:19:48","date_gmt":"2021-01-04T12:19:48","guid":{"rendered":"https:\/\/semmelweis.hu\/bizottsagok\/?page_id=996"},"modified":"2026-02-02T12:33:10","modified_gmt":"2026-02-02T11:33:10","slug":"ethik-und-disziplinarkommission-der-fakultaet-fuer-oeffentliches-gesundheitswesen-und-verwaltung-ekk","status":"publish","type":"page","link":"https:\/\/semmelweis.hu\/bizottsagok\/de\/feste-kimissionen\/ekk-komissionen\/ethik-und-disziplinarkommission-der-fakultaet-fuer-oeffentliches-gesundheitswesen-und-verwaltung-ekk\/","title":{"rendered":"ETHIK- UND DISZIPLINARKOMMISSION DER EKK"},"content":{"rendered":"<div class=\"responsive-tabs\">\n<h2 class=\"tabtitle\">Aufgaben und Zust\u00e4ndigkeit<\/h2>\n<div class=\"tabcontent\">\n\n<p>Aufgaben und Zust\u00e4ndigkeit<\/p>\n<ul>\n<li>siehe Aufgaben gem\u00e4\u00df der Ethikordnung sowie der Disziplinarordnung der Universit\u00e4t,<\/li>\n<li>Verfassen von mit der Wahrnehmung und Organisation spezifischer Aufgaben der Kommission verbundenen Bestimmungen im Einklang mit der Organisations- und Betriebsordnung, sofern die Kommission eine spezifische Aufgabe hat,<\/li>\n<li>Die Kommission nimmt auch Aufgaben der Entscheidungsvorbereitung in Konsultations-, Organisations- und Regelungsfragen wahr.<\/li>\n<\/ul>\n\n<\/div><h2 class=\"tabtitle\">Mitglieder<\/h2>\n<div class=\"tabcontent\">\n\n<p><strong><em>Ansprechpartner:<\/em><\/strong> Dekanat 459-1500\/55635<br \/>\n<strong><em>E-Mail: <\/em><\/strong><u><a href=\"mailto:dekani@ekk.sote.hu\">dekani@ekk.sote.hu<\/a><\/u><\/p>\n    \r\n    <div id=\"peopleContainer\" style=\"text-align:center;\">\r\n    <input type=\"hidden\" name=\"cimkek\" id=\"cimkek\" value=\"Nachname,Vorname,Grundlage des Mandats,Art des Mandats,Beginn des <br \/>\nMandats,Ende des Mandats,Mandatsdokument,Grund f\u00fcr das Erl\u00f6schen,Datum des <br \/>\nErl\u00f6schens\">\r\n    <input type=\"hidden\" name=\"kihagy_aktiv\" id=\"kihagy_aktiv\" value=\"Grund f\u00fcr das Erl\u00f6schen||megszunes_oka,Datum des <br \/>\nErl\u00f6schens||megszunes_datuma\">\r\n    <input type=\"hidden\" name=\"kihagy_archiv\" id=\"kihagy_archiv\" value=\"\">\r\n    <div id=\"aktivTagokContainer\" style=\"overflow:auto;\">\r\n        <table>\r\n        <thead style=\"text-align:center;\">\r\n            <th>Nachname<\/th><th>Vorname<\/th><th>Grundlage des Mandats<\/th><th>Art des Mandats<\/th><th>Beginn des <br \/>\nMandats<\/th><th>Ende des Mandats<\/th><th>Mandatsdokument<\/th>        <\/thead>\r\n        <tbody>\r\n        <tr><td>Dr. Ga\u00e1l <\/td><td>P\u00e9ter<\/td><td>Foglalkoztatott\/ Employee\/ Besch\u00e4ftigte(r)<\/td><td>Eln\u00f6k\/ Chairperson\/ Vorsitzender<\/td><td>2023-11-20<\/td><td>2026-11-19<\/td><td><a href=\"https:\/\/semmelweis.hu\/ekk\/files\/2023\/11\/EKK-KT-hat_554-2023_XI-20.pdf\">Megb\u00edzat\u00e1si dokumentum\/ Mandate document\/ Mandatsdokument<\/a><\/td><\/tr><tr><td>Dr. S\u00e1ndor<\/td><td>Zolt\u00e1n<\/td><td>Foglalkoztatott\/ Employee\/ Besch\u00e4ftigte(r)<\/td><td>Tag\/ Member\/ Mitglied<\/td><td>2023-11-20<\/td><td>2026-11-19<\/td><td><a href=\"https:\/\/semmelweis.hu\/ekk\/files\/2023\/11\/EKK-KT-hat_554-2023_XI-20.pdf\">Megb\u00edzat\u00e1si dokumentum\/ Mandate document\/ Mandatsdokument<\/a><\/td><\/tr><tr><td>Magyar <\/td><td>D\u00e1niel D\u00e1vid<\/td><td>Hallgat\u00f3i jogviszony\/ Student status\/ Studierendenrechtsverh\u00e4ltnis<\/td><td>Tag\/ Member\/ Mitglied<\/td><td>2023-11-20<\/td><td>2026-11-19<\/td><td><a href=\"https:\/\/semmelweis.hu\/ekk\/files\/2023\/11\/EKK-KT-hat_554-2023_XI-20.pdf\">Megb\u00edzat\u00e1si dokumentum\/ Mandate document\/ Mandatsdokument<\/a><\/td><\/tr>        \r\n        \r\n        <\/tbody>\r\n        <\/table>\r\n        <\/div>\r\n\r\n    <div id=\"archivTagokContainer\" style=\"overflow:auto;\">\r\n            <div class=\"exp-col-content-holder\" style=\"border: none;\">\r\n        <a class=\"expand-cnt-link ecf_closed\" href=\"#\">Arch\u00edv<\/a>\r\n        <div class=\"hidden-content\" style=\"display: none;\">\r\n                <table>\r\n            <thead style=\"text-align:center;\">\r\n                <th>Nachname<\/th><th>Vorname<\/th><th>Grundlage des Mandats<\/th><th>Art des Mandats<\/th><th>Beginn des <br \/>\nMandats<\/th><th>Ende des Mandats<\/th><th>Mandatsdokument<\/th><th>Grund f\u00fcr das Erl\u00f6schen<\/th><th>Datum des <br \/>\nErl\u00f6schens<\/th>            <\/thead>\r\n            <tbody>\r\n            <tr><td>H\u0151nig <\/td><td>D\u00e1vid<\/td><td>Hallgat\u00f3i jogviszony\/ Student status\/ Studierendenrechtsverh\u00e4ltnis<\/td><td>Tag\/ Member\/ Mitglied<\/td><td>2020-03-05<\/td><td>2023-03-05<\/td><td><a href=\"https:\/\/semmelweis.hu\/jogigfoig\/files\/2020\/03\/32_2020_az-EKK-n-m%C5%B1k%C3%B6d%C5%91-%C3%A1lland%C3%B3-bizotts%C3%A1gok-szem%C3%A9lyi-%C3%B6sszet%C3%A9tel%C3%A9nek-m%C3%B3dos%C3%ADt%C3%A1s%C3%A1r%C3%B3l.pdf\">Megb\u00edzat\u00e1si dokumentum\/ Mandate document\/ Mandatsdokument<\/a><\/td><td>Egy\u00e9b megsz\u0171n\u00e9si ok<\/td><td>2021-01-08<\/td><\/tr><tr><td>Gecsey<\/td><td>R\u00e9ka Csenge<\/td><td>Hallgat\u00f3i jogviszony\/ Student status\/ Studierendenrechtsverh\u00e4ltnis<\/td><td>Tag\/ Member\/ Mitglied<\/td><td>2021-01-28<\/td><td>2023-02-10<\/td><td><a href=\"https:\/\/semmelweis.hu\/ekk\/files\/2021\/03\/EKK-KT-hat_435-2021_I-28.pdf\">Megb\u00edzat\u00e1si dokumentum\/ Mandate document\/ Mandatsdokument<\/a><\/td><td>Egy\u00e9b megsz\u0171n\u00e9si ok<\/td><td>2023-02-10<\/td><\/tr><tr><td>Berta<\/td><td>Gy\u00f6rgy<\/td><td>Hallgat\u00f3i jogviszony\/ Student status\/ Studierendenrechtsverh\u00e4ltnis<\/td><td>Tag\/ Member\/ Mitglied<\/td><td>2023-02-27<\/td><td>2026-01-26<\/td><td><a href=\"https:\/\/semmelweis.hu\/ekk\/files\/2023\/02\/EKK-KT-hat_516-2023_II-27.pdf\">Megb\u00edzat\u00e1si dokumentum\/ Mandate document\/ Mandatsdokument<\/a><\/td><td>Egy\u00e9b megsz\u0171n\u00e9si ok<\/td><td>2023-11-20<\/td><\/tr><tr><td>Berta<\/td><td>Gy\u00f6rgy<\/td><td>Hallgat\u00f3i jogviszony\/ Student status\/ Studierendenrechtsverh\u00e4ltnis<\/td><td>Tag\/ Member\/ Mitglied<\/td><td>2023-02-27<\/td><td>2026-01-26<\/td><td><a href=\"https:\/\/semmelweis.hu\/ekk\/files\/2023\/02\/EKK-KT-hat_516-2023_II-27.pdf\">Megb\u00edzat\u00e1si dokumentum\/ Mandate document\/ Mandatsdokument<\/a><\/td><td>Egy\u00e9b megsz\u0171n\u00e9si ok<\/td><td>2023-11-20<\/td><\/tr>            <\/tbody>\r\n            <\/table>\r\n        <\/div>\r\n        <\/div>\r\n    <\/div>\r\n    <\/div>\r\n    \n\n<\/div><h2 class=\"tabtitle\">Gesch\u00e4ftsordnung<\/h2>\n<div class=\"tabcontent\">\n\n<p><u><a href=\"https:\/\/semmelweis.hu\/jogigfoig\/files\/2018\/07\/EKKEFB_ugyrend_2018_06.pdf\">Gesch\u00e4ftsordnung der Ethik- und Disziplinarkommission<\/a><\/u><\/p>\n\n<\/div><h2 class=\"tabtitle\">Jahresbericht<\/h2>\n<div class=\"tabcontent\">\n\n<p><u><a href=\"https:\/\/semmelweis.hu\/jogigfoig\/files\/2020\/05\/68_2020_Besz%C3%A1mol%C3%B3-a-kari-bizotts%C3%A1gok-munk%C3%A1j%C3%A1r%C3%B3l.pdf\">Beschluss Nr. 68\/2020 (V.5.) des Senates der Semmelweis Universit\u00e4t Bericht \u00fcber die T\u00e4tigkeit der vom Senat eingesetzten st\u00e4ndigen Fakult\u00e4tskommissionen <em>(Studien- und Pr\u00fcfungskommission, Anrechnungskommission, Ethik- und Disziplinarkommission, in Bezug auf die Pet\u0151 Andr\u00e1s Fakult\u00e4t zwei weitere Kommissionen die Kommission Praxisausbildung und die Publikations- und Bibliothekskommission)<\/em><\/a><\/u><\/p>\n<\/div><\/div>\n","protected":false},"excerpt":{"rendered":"<p>Aufgaben und Zust\u00e4ndigkeit siehe Aufgaben gem\u00e4\u00df der Ethikordnung sowie der Disziplinarordnung der Universit\u00e4t, Verfassen von mit der Wahrnehmung und Organisation spezifischer Aufgaben der Kommission verbundenen Bestimmungen im Einklang mit der Organisations- und Betriebsordnung, sofern die Kommission eine spezifische Aufgabe hat, Die Kommission nimmt auch Aufgaben der Entscheidungsvorbereitung in Konsultations-, Organisations- und Regelungsfragen wahr. Ansprechpartner: Dekanat &hellip;<\/p>\n","protected":false},"author":101863,"featured_media":0,"parent":1193,"menu_order":0,"comment_status":"closed","ping_status":"closed","template":"","meta":{"_acf_changed":false,"footnotes":""},"categories":[],"tags":[],"class_list":["post-996","page","type-page","status-publish","hentry"],"acf":[],"_links":{"self":[{"href":"https:\/\/semmelweis.hu\/bizottsagok\/wp-json\/wp\/v2\/pages\/996","targetHints":{"allow":["GET"]}}],"collection":[{"href":"https:\/\/semmelweis.hu\/bizottsagok\/wp-json\/wp\/v2\/pages"}],"about":[{"href":"https:\/\/semmelweis.hu\/bizottsagok\/wp-json\/wp\/v2\/types\/page"}],"author":[{"embeddable":true,"href":"https:\/\/semmelweis.hu\/bizottsagok\/wp-json\/wp\/v2\/users\/101863"}],"replies":[{"embeddable":true,"href":"https:\/\/semmelweis.hu\/bizottsagok\/wp-json\/wp\/v2\/comments?post=996"}],"version-history":[{"count":3,"href":"https:\/\/semmelweis.hu\/bizottsagok\/wp-json\/wp\/v2\/pages\/996\/revisions"}],"predecessor-version":[{"id":2851,"href":"https:\/\/semmelweis.hu\/bizottsagok\/wp-json\/wp\/v2\/pages\/996\/revisions\/2851"}],"up":[{"embeddable":true,"href":"https:\/\/semmelweis.hu\/bizottsagok\/wp-json\/wp\/v2\/pages\/1193"}],"wp:attachment":[{"href":"https:\/\/semmelweis.hu\/bizottsagok\/wp-json\/wp\/v2\/media?parent=996"}],"wp:term":[{"taxonomy":"category","embeddable":true,"href":"https:\/\/semmelweis.hu\/bizottsagok\/wp-json\/wp\/v2\/categories?post=996"},{"taxonomy":"post_tag","embeddable":true,"href":"https:\/\/semmelweis.hu\/bizottsagok\/wp-json\/wp\/v2\/tags?post=996"}],"curies":[{"name":"wp","href":"https:\/\/api.w.org\/{rel}","templated":true}]}}