{"id":992,"date":"2021-01-04T13:15:11","date_gmt":"2021-01-04T12:15:11","guid":{"rendered":"https:\/\/semmelweis.hu\/bizottsagok\/?page_id=992"},"modified":"2026-02-02T12:33:54","modified_gmt":"2026-02-02T11:33:54","slug":"curriculum-anrechnungs-und-lehrkommission-der-fakultaet-fuer-oeffentliches-gesundheitswesen-und-verwaltung-ekk","status":"publish","type":"page","link":"https:\/\/semmelweis.hu\/bizottsagok\/de\/feste-kimissionen\/ekk-komissionen\/curriculum-anrechnungs-und-lehrkommission-der-fakultaet-fuer-oeffentliches-gesundheitswesen-und-verwaltung-ekk\/","title":{"rendered":"CURRICULUM-, ANRECHNUNGS- UND LEHRKOMMISSION DER EKK"},"content":{"rendered":"<div class=\"responsive-tabs\">\n<h2 class=\"tabtitle\">Aufgaben und Zust\u00e4ndigkeit<\/h2>\n<div class=\"tabcontent\">\n\n<p>&nbsp;<\/p>\n<p>F\u00fcr die in \u00a7 6 der Studien- und Pr\u00fcfungsordnung der Fakult\u00e4t festgelegten Aufgaben und die Studienangelegenheiten der Studierenden ist unabh\u00e4ngig von der Ausbildungsform, in erster Instanz die vom Senat eingesetzte Curriculum-, Anrechnungs- und Lehrkommission zust\u00e4ndig:<\/p>\n<ul>\n<li>Erkl\u00e4rung eines bereits begonnenen Semesters nachtr\u00e4glich zum passiven Semester,<\/li>\n<li>Doppelstudium<\/li>\n<li>Genehmigung von Pr\u00fcfungen au\u00dferhalb des Pr\u00fcfungszeitraums in besonders begr\u00fcndeten F\u00e4llen,<\/li>\n<li>Genehmigung von Antr\u00e4gen auf Fach-\/Studiengangwechsel oder Fakult\u00e4ts- bzw. Hochschulwechsel,<\/li>\n<li>Genehmigung von Antr\u00e4gen auf Fachwechsel,<\/li>\n<li>Genehmigung\u00a0von Antr\u00e4gen auf Gasth\u00f6rerschaft,<\/li>\n<li>Beendigung des Studierendenrechtsverh\u00e4ltnisses,<\/li>\n<li>Beurteilung von Antr\u00e4gen auf Anerkennung von Studienleistungen,<\/li>\n<li>Beurteilung von Antr\u00e4gen auf Anerkennung von Pr\u00fcfungsleistungen.<\/li>\n<\/ul>\n\n<\/div><h2 class=\"tabtitle\">Mitglieder<\/h2>\n<div class=\"tabcontent\">\n\n<p><strong><em>Ansprechpartner:<\/em><\/strong> Dekanat 459-1500\/55635<br \/>\n<strong><em>E-Mail: <\/em><\/strong><u><a href=\"mailto:dekani@ekk.sote.hu\">dekani@ekk.sote.hu<\/a><\/u><\/p>\n    \r\n    <div id=\"peopleContainer\" style=\"text-align:center;\">\r\n    <input type=\"hidden\" name=\"cimkek\" id=\"cimkek\" value=\"Nachname,Vorname,Grundlage des Mandats,Art des Mandats,Beginn des <br \/>\nMandats,Ende des Mandats,Mandatsdokument,Grund f\u00fcr das Erl\u00f6schen,Datum des <br \/>\nErl\u00f6schens\">\r\n    <input type=\"hidden\" name=\"kihagy_aktiv\" id=\"kihagy_aktiv\" value=\"Grund f\u00fcr das Erl\u00f6schen||megszunes_oka,Datum des <br \/>\nErl\u00f6schens||megszunes_datuma\">\r\n    <input type=\"hidden\" name=\"kihagy_archiv\" id=\"kihagy_archiv\" value=\"\">\r\n    <div id=\"aktivTagokContainer\" style=\"overflow:auto;\">\r\n        <table>\r\n        <thead style=\"text-align:center;\">\r\n            <th>Nachname<\/th><th>Vorname<\/th><th>Grundlage des Mandats<\/th><th>Art des Mandats<\/th><th>Beginn des <br \/>\nMandats<\/th><th>Ende des Mandats<\/th><th>Mandatsdokument<\/th>        <\/thead>\r\n        <tbody>\r\n        <tr><td>Dr. Somosin\u00e9 T\u00e9senyi <\/td><td>Timea Livia<\/td><td>Foglalkoztatott\/ Employee\/ Besch\u00e4ftigte(r)<\/td><td>Eln\u00f6k\/ Chairperson\/ Vorsitzender<\/td><td>2025-11-07<\/td><td>2028-11-06<\/td><td><a href=\"https:\/\/semmelweis.hu\/ekk\/files\/2025\/11\/EKK-KT-hat_622-2025_XI-07.pdf\">Megb\u00edzat\u00e1si dokumentum\/ Mandate document\/ Mandatsdokument<\/a><\/td><\/tr><tr><td>Dr. L\u00e1m<\/td><td>Judit<\/td><td>Foglalkoztatott\/ Employee\/ Besch\u00e4ftigte(r)<\/td><td>Tag\/ Member\/ Mitglied<\/td><td>2025-11-07<\/td><td>2028-11-06<\/td><td><a href=\"https:\/\/semmelweis.hu\/ekk\/files\/2025\/11\/EKK-KT-hat_622-2025_XI-07.pdf\">Megb\u00edzat\u00e1si dokumentum\/ Mandate document\/ Mandatsdokument<\/a><\/td><\/tr><tr><td>Dr. S\u00e1ndor <\/td><td>Zolt\u00e1n<\/td><td>Foglalkoztatott\/ Employee\/ Besch\u00e4ftigte(r)<\/td><td>Tag\/ Member\/ Mitglied<\/td><td>2025-11-07<\/td><td>2028-11-06<\/td><td><a href=\"https:\/\/semmelweis.hu\/ekk\/files\/2025\/11\/EKK-KT-hat_622-2025_XI-07.pdf\">Megb\u00edzat\u00e1si dokumentum\/ Mandate document\/ Mandatsdokument<\/a><\/td><\/tr><tr><td>Magyar<\/td><td>D\u00e1niel D\u00e1vid<\/td><td>Hallgat\u00f3i jogviszony\/ Student status\/ Studierendenrechtsverh\u00e4ltnis<\/td><td>Tag\/ Member\/ Mitglied<\/td><td>2025-11-07<\/td><td>2028-11-06<\/td><td><a href=\"https:\/\/semmelweis.hu\/ekk\/files\/2025\/11\/EKK-KT-hat_622-2025_XI-07.pdf\">Megb\u00edzat\u00e1si dokumentum\/ Mandate document\/ Mandatsdokument<\/a><\/td><\/tr><tr><td> <\/td><td> <\/td><td> <\/td><td> <\/td><td> <\/td><td> <\/td><td> <\/td><td> <\/td><\/tr><tr><td>Kudel\u00e1k <\/td><td>M\u00e1rk<\/td><td>Hallgat\u00f3i jogviszony\/ Student status\/ Studierendenrechtsverh\u00e4ltnis<\/td><td>Tag\/ Member\/ Mitglied<\/td><td>2025-11-07<\/td><td>2028-11-06<\/td><td><a href=\"https:\/\/semmelweis.hu\/ekk\/files\/2025\/11\/EKK-KT-hat_622-2025_XI-07.pdf\">Megb\u00edzat\u00e1si dokumentum\/ Mandate document\/ Mandatsdokument<\/a><\/td><\/tr><tr><td>M\u00e9sz\u00e1ros<\/td><td>Evelin<\/td><td>Hallgat\u00f3i jogviszony\/ Student status\/ Studierendenrechtsverh\u00e4ltnis<\/td><td>Tag\/ Member\/ Mitglied<\/td><td>2025-11-07<\/td><td>2028-11-06<\/td><td><a href=\"https:\/\/semmelweis.hu\/ekk\/files\/2025\/11\/EKK-KT-hat_622-2025_XI-07.pdf\">Megb\u00edzat\u00e1si dokumentum\/ Mandate document\/ Mandatsdokument<\/a><\/td><\/tr>        \r\n        \r\n        <\/tbody>\r\n        <\/table>\r\n        <\/div>\r\n\r\n    <div id=\"archivTagokContainer\" style=\"overflow:auto;\">\r\n            <div class=\"exp-col-content-holder\" style=\"border: none;\">\r\n        <a class=\"expand-cnt-link ecf_closed\" href=\"#\">Arch\u00edv<\/a>\r\n        <div class=\"hidden-content\" style=\"display: none;\">\r\n                <table>\r\n            <thead style=\"text-align:center;\">\r\n                <th>Nachname<\/th><th>Vorname<\/th><th>Grundlage des Mandats<\/th><th>Art des Mandats<\/th><th>Beginn des <br \/>\nMandats<\/th><th>Ende des Mandats<\/th><th>Mandatsdokument<\/th><th>Grund f\u00fcr das Erl\u00f6schen<\/th><th>Datum des <br \/>\nErl\u00f6schens<\/th>            <\/thead>\r\n            <tbody>\r\n            <tr><td>H\u0151nig<\/td><td>D\u00e1vid<\/td><td>Hallgat\u00f3i jogviszony\/ Student status\/ Studierendenrechtsverh\u00e4ltnis<\/td><td>Tag\/ Member\/ Mitglied<\/td><td>2020-03-05<\/td><td>2023-03-05<\/td><td><a href=\"https:\/\/semmelweis.hu\/jogigfoig\/files\/2020\/03\/32_2020_az-EKK-n-m%C5%B1k%C3%B6d%C5%91-%C3%A1lland%C3%B3-bizotts%C3%A1gok-szem%C3%A9lyi-%C3%B6sszet%C3%A9tel%C3%A9nek-m%C3%B3dos%C3%ADt%C3%A1s%C3%A1r%C3%B3l.pdf\">Megb\u00edzat\u00e1si dokumentum\/ Mandate document\/ Mandatsdokument<\/a><\/td><td>Egy\u00e9b megsz\u0171n\u00e9si ok<\/td><td>2021-01-08<\/td><\/tr><tr><td>Gecsey<\/td><td>R\u00e9ka Csenge<\/td><td>Hallgat\u00f3i jogviszony\/ Student status\/ Studierendenrechtsverh\u00e4ltnis<\/td><td>Tag\/ Member\/ Mitglied<\/td><td>2021-01-28<\/td><td>2024-01-28<\/td><td><a href=\"https:\/\/semmelweis.hu\/ekk\/files\/2021\/03\/EKK-KT-hat_435-2021_I-28.pdf\">Megb\u00edzat\u00e1si dokumentum\/ Mandate document\/ Mandatsdokument<\/a><\/td><td>Egy\u00e9b megsz\u0171n\u00e9si ok<\/td><td>2023-02-10<\/td><\/tr><tr><td>Nagy<\/td><td>Edina<\/td><td>Hallgat\u00f3i jogviszony\/ Student status\/ Studierendenrechtsverh\u00e4ltnis<\/td><td>Tag\/ Member\/ Mitglied<\/td><td>2021-01-28<\/td><td>2024-01-28<\/td><td><a href=\"https:\/\/semmelweis.hu\/ekk\/files\/2021\/03\/EKK-KT-hat_435-2021_I-28.pdf\">Megb\u00edzat\u00e1si dokumentum\/ Mandate document\/ Mandatsdokument<\/a><\/td><td>Egy\u00e9b megsz\u0171n\u00e9si ok<\/td><td>2023-06-19<\/td><\/tr><tr><td>H\u00e1mori<\/td><td>Attila<\/td><td>Hallgat\u00f3i jogviszony\/ Student status\/ Studierendenrechtsverh\u00e4ltnis<\/td><td>Tag\/Member\/Mitglied<\/td><td>2023-10-02<\/td><td>2026-10-01<\/td><td><a href=\"https:\/\/semmelweis.hu\/bizottsagok\/files\/2023\/10\/EKK-KT-hat_547-2023_X-02.pdf\">Megb\u00edzat\u00e1si dokumentum\/ Mandate document\/ Mandatsdokument<\/a><\/td><td>Egy\u00e9b megsz\u0171n\u00e9si ok<\/td><td>2023-11-20<\/td><\/tr><tr><td>Pance<\/td><td>Krist\u00f3f Attila<\/td><td>Hallgat\u00f3i jogviszony\/ Student status\/ Studierendenrechtsverh\u00e4ltnis<\/td><td>Tag\/ Member\/ Mitglied<\/td><td>2021-11-18<\/td><td>2024-11-18<\/td><td>  <\/td>Megb\u00edzat\u00e1si dokumentum<\/a><\/td><td>Egy\u00e9b megsz\u0171n\u00e9si ok<\/td><td>2022-02-17<\/td><\/tr><tr><td>Kov\u00e1cs<\/td><td>Bal\u00e1zs<\/td><td>Hallgat\u00f3i jogviszony\/ Student status\/ Studierendenrechtsverh\u00e4ltnis<\/td><td>Tag\/ Member\/ Mitglied<\/td><td>2020-03-05<\/td><td>2024-01-28<\/td><td><a href=\"https:\/\/semmelweis.hu\/ekk\/files\/2021\/03\/EKK-KT-hat_435-2021_I-28.pdf\">Megb\u00edzat\u00e1si dokumentum\/ Mandate document\/ Mandatsdokument<\/a><\/td><td>Egy\u00e9b megsz\u0171n\u00e9si ok<\/td><td>2021-12-15<\/td><\/tr><tr><td>Baranyai M\u00e1ty\u00e1s<\/td><td>Bal\u00e1zs<\/td><td>Hallgat\u00f3i jogviszony\/ Student status\/ Studierendenrechtsverh\u00e4ltnis<\/td><td>Tag\/ Member\/ Mitglied<\/td><td>2022-03-01<\/td><td>2022-04-09<\/td><td>  <\/td><td>  <\/td><td>  <\/td><td>  <\/td><\/tr><tr><td>Torma<\/td><td>\u00c1ron<\/td><td>Hallgat\u00f3i jogviszony\/ Student status\/ Studierendenrechtsverh\u00e4ltnis<\/td><td>Tag\/ Member\/ Mitglied<\/td><td>2023-11-20<\/td><td>2026-11-19<\/td><td><a href=\"https:\/\/semmelweis.hu\/ekk\/files\/2025\/11\/96057_Az-SE-HOK-elnokenek-33_2025.VIII_.05.-SE-HOK-Elnok-sz.-hatarozata-az-Egeszsegugyi-Kozszolgalati-Karon-mukodo-allando-bizottsagbol-torteno-visszahivasrol.pdf\">Megb\u00edzat\u00e1si dokumentum\/ Mandate document\/ Mandatsdokument<\/a><\/td><td>Egy\u00e9b megsz\u0171n\u00e9si ok<\/td><td>2025-08-05<\/td><\/tr><tr><td>Torma<\/td><td>\u00c1ron<\/td><td>Hallgat\u00f3i jogviszony\/ Student status\/ Studierendenrechtsverh\u00e4ltnis<\/td><td>Tag\/ Member\/ Mitglied<\/td><td>2023-11-20<\/td><td>2026-11-19<\/td><td><a href=\"https:\/\/semmelweis.hu\/ekk\/files\/2023\/11\/EKK-KT-hat_553-2023_XI-20.pdf\">Megb\u00edzat\u00e1si dokumentum\/ Mandate document\/ Mandatsdokument<\/a><\/td><td>  <\/td><td>  <\/td><\/tr>            <\/tbody>\r\n            <\/table>\r\n        <\/div>\r\n        <\/div>\r\n    <\/div>\r\n    <\/div>\r\n    \n\n<\/div><h2 class=\"tabtitle\">Gesch\u00e4ftsordnung<\/h2>\n<div class=\"tabcontent\">\n\n<p><u><a href=\"https:\/\/semmelweis.hu\/jogigfoig\/files\/2018\/07\/EKKCKOB_ugyrend_2018_06.pdf\">Gesch\u00e4ftsordnung der Cirriculum-, Anrechnungs- und Lehrkommission<\/a><\/u><\/p>\n\n<\/div><h2 class=\"tabtitle\">Jahresbericht<\/h2>\n<div class=\"tabcontent\">\n\n<p><u><a href=\"https:\/\/semmelweis.hu\/jogigfoig\/files\/2020\/05\/68_2020_Besz%C3%A1mol%C3%B3-a-kari-bizotts%C3%A1gok-munk%C3%A1j%C3%A1r%C3%B3l.pdf\">Beschluss Nr. 68\/2020 (V.5.) des Senates der Semmelweis Universit\u00e4t Bericht \u00fcber die T\u00e4tigkeit der vom Senat eingesetzten st\u00e4ndigen Fakult\u00e4tskommissionen <em>(Studien- und Pr\u00fcfungskommission, Anrechnungskommission, Ethik- und Disziplinarkommission, in Bezug auf die Pet\u0151 Andr\u00e1s Fakult\u00e4t zwei weitere Kommissionen die Kommission Praxisausbildung und die Publikations- und Bibliothekskommission)<\/em><\/a><\/u><\/p>\n<\/div><\/div>\n","protected":false},"excerpt":{"rendered":"<p>&nbsp; F\u00fcr die in \u00a7 6 der Studien- und Pr\u00fcfungsordnung der Fakult\u00e4t festgelegten Aufgaben und die Studienangelegenheiten der Studierenden ist unabh\u00e4ngig von der Ausbildungsform, in erster Instanz die vom Senat eingesetzte Curriculum-, Anrechnungs- und Lehrkommission zust\u00e4ndig: Erkl\u00e4rung eines bereits begonnenen Semesters nachtr\u00e4glich zum passiven Semester, Doppelstudium Genehmigung von Pr\u00fcfungen au\u00dferhalb des Pr\u00fcfungszeitraums in besonders begr\u00fcndeten &hellip;<\/p>\n","protected":false},"author":101863,"featured_media":0,"parent":1193,"menu_order":0,"comment_status":"closed","ping_status":"closed","template":"","meta":{"_acf_changed":false,"footnotes":""},"categories":[],"tags":[],"class_list":["post-992","page","type-page","status-publish","hentry"],"acf":[],"_links":{"self":[{"href":"https:\/\/semmelweis.hu\/bizottsagok\/wp-json\/wp\/v2\/pages\/992","targetHints":{"allow":["GET"]}}],"collection":[{"href":"https:\/\/semmelweis.hu\/bizottsagok\/wp-json\/wp\/v2\/pages"}],"about":[{"href":"https:\/\/semmelweis.hu\/bizottsagok\/wp-json\/wp\/v2\/types\/page"}],"author":[{"embeddable":true,"href":"https:\/\/semmelweis.hu\/bizottsagok\/wp-json\/wp\/v2\/users\/101863"}],"replies":[{"embeddable":true,"href":"https:\/\/semmelweis.hu\/bizottsagok\/wp-json\/wp\/v2\/comments?post=992"}],"version-history":[{"count":5,"href":"https:\/\/semmelweis.hu\/bizottsagok\/wp-json\/wp\/v2\/pages\/992\/revisions"}],"predecessor-version":[{"id":2852,"href":"https:\/\/semmelweis.hu\/bizottsagok\/wp-json\/wp\/v2\/pages\/992\/revisions\/2852"}],"up":[{"embeddable":true,"href":"https:\/\/semmelweis.hu\/bizottsagok\/wp-json\/wp\/v2\/pages\/1193"}],"wp:attachment":[{"href":"https:\/\/semmelweis.hu\/bizottsagok\/wp-json\/wp\/v2\/media?parent=992"}],"wp:term":[{"taxonomy":"category","embeddable":true,"href":"https:\/\/semmelweis.hu\/bizottsagok\/wp-json\/wp\/v2\/categories?post=992"},{"taxonomy":"post_tag","embeddable":true,"href":"https:\/\/semmelweis.hu\/bizottsagok\/wp-json\/wp\/v2\/tags?post=992"}],"curies":[{"name":"wp","href":"https:\/\/api.w.org\/{rel}","templated":true}]}}