{"id":990,"date":"2021-01-04T13:13:56","date_gmt":"2021-01-04T12:13:56","guid":{"rendered":"https:\/\/semmelweis.hu\/bizottsagok\/?page_id=990"},"modified":"2026-02-02T09:44:23","modified_gmt":"2026-02-02T08:44:23","slug":"ekk-curriculum-credit-transfer-and-studies-committee-the-faculty-of-health-and-public-administration-i-e-ekk","status":"publish","type":"page","link":"https:\/\/semmelweis.hu\/bizottsagok\/en\/constant-committees\/committees-of-faculty-of-health-and-public-administration\/ekk-curriculum-credit-transfer-and-studies-committee-the-faculty-of-health-and-public-administration-i-e-ekk\/","title":{"rendered":"EKK CURRICULUM, CREDIT TRANSFER AND STUDIES COMMITTEE"},"content":{"rendered":"<div class=\"responsive-tabs\">\n<h2 class=\"tabtitle\">Tasks and Competences<\/h2>\n<div class=\"tabcontent\">\n\n<p>See tasks within Faculty TVSZ 6, and the Faculty Curriculum, Credit Transfer and Studies Committee established by the Senate acts in the first instance in the study affairs of students, regardless of the form of training:<\/p>\n<ul>\n<li>declaring the started semester as a passive semester subsequently,<\/li>\n<li>parallel training<\/li>\n<li>allowing an examination in periods outside the examination period in particularly justified cases,<\/li>\n<li>transfer between departments or faculties, institutions,<\/li>\n<li>permitting changes of departments,<\/li>\n<li>permitting guest student status,<\/li>\n<li>termination of student status,<\/li>\n<li>processing an application for credit recognition,<\/li>\n<li>judging the recognition of a subject.<\/li>\n<\/ul>\n\n<\/div><h2 class=\"tabtitle\">Members<\/h2>\n<div class=\"tabcontent\">\n\n<p><strong><em>Contact:<\/em><\/strong> Dean\u2019s Office 459-1500\/55635<br \/>\n<strong><em>Email: <\/em><\/strong><u><a href=\"mailto:dekani@ekk.sote.hu\">dekani@ekk.sote.hu<\/a><\/u><\/p>\n    \r\n    <div id=\"peopleContainer\" style=\"text-align:center;\">\r\n    <input type=\"hidden\" name=\"cimkek\" id=\"cimkek\" value=\"Last name,First <br \/>\nname,Basis of mandate,Type of mandate,Beginning of the mandate,End of <br \/>\nmandate,Mandate document,Reason for termination,Date of termination\">\r\n    <input type=\"hidden\" name=\"kihagy_aktiv\" id=\"kihagy_aktiv\" value=\"Reason for termination||megszunes_oka,Date of termination|| <br \/>\nmegszunes_datuma\">\r\n    <input type=\"hidden\" name=\"kihagy_archiv\" id=\"kihagy_archiv\" value=\"\">\r\n    <div id=\"aktivTagokContainer\" style=\"overflow:auto;\">\r\n        <table>\r\n        <thead style=\"text-align:center;\">\r\n            <th>Last name<\/th><th>First <br \/>\nname<\/th><th>Basis of mandate<\/th><th>Type of mandate<\/th><th>Beginning of the mandate<\/th><th>End of <br \/>\nmandate<\/th><th>Mandate document<\/th>        <\/thead>\r\n        <tbody>\r\n        <tr><td>Dr. Somosin\u00e9 T\u00e9senyi <\/td><td>Timea Livia<\/td><td>Foglalkoztatott\/ Employee\/ Besch\u00e4ftigte(r)<\/td><td>Eln\u00f6k\/ Chairperson\/ Vorsitzender<\/td><td>2025-11-07<\/td><td>2028-11-06<\/td><td><a href=\"https:\/\/semmelweis.hu\/ekk\/files\/2025\/11\/EKK-KT-hat_622-2025_XI-07.pdf\">Megb\u00edzat\u00e1si dokumentum\/ Mandate document\/ Mandatsdokument<\/a><\/td><\/tr><tr><td>Dr. L\u00e1m<\/td><td>Judit<\/td><td>Foglalkoztatott\/ Employee\/ Besch\u00e4ftigte(r)<\/td><td>Tag\/ Member\/ Mitglied<\/td><td>2025-11-07<\/td><td>2028-11-06<\/td><td><a href=\"https:\/\/semmelweis.hu\/ekk\/files\/2025\/11\/EKK-KT-hat_622-2025_XI-07.pdf\">Megb\u00edzat\u00e1si dokumentum\/ Mandate document\/ Mandatsdokument<\/a><\/td><\/tr><tr><td>Dr. S\u00e1ndor <\/td><td>Zolt\u00e1n<\/td><td>Foglalkoztatott\/ Employee\/ Besch\u00e4ftigte(r)<\/td><td>Tag\/ Member\/ Mitglied<\/td><td>2025-11-07<\/td><td>2028-11-06<\/td><td><a href=\"https:\/\/semmelweis.hu\/ekk\/files\/2025\/11\/EKK-KT-hat_622-2025_XI-07.pdf\">Megb\u00edzat\u00e1si dokumentum\/ Mandate document\/ Mandatsdokument<\/a><\/td><\/tr><tr><td>Magyar<\/td><td>D\u00e1niel D\u00e1vid<\/td><td>Hallgat\u00f3i jogviszony\/ Student status\/ Studierendenrechtsverh\u00e4ltnis<\/td><td>Tag\/ Member\/ Mitglied<\/td><td>2025-11-07<\/td><td>2028-11-06<\/td><td><a href=\"https:\/\/semmelweis.hu\/ekk\/files\/2025\/11\/EKK-KT-hat_622-2025_XI-07.pdf\">Megb\u00edzat\u00e1si dokumentum\/ Mandate document\/ Mandatsdokument<\/a><\/td><td> <\/td><\/tr><tr><td> <\/td><td> <\/td><td> <\/td><td> <\/td><td> <\/td><td> <\/td><td> <\/td><td> <\/td><td> <\/td><\/tr><tr><td>Kudel\u00e1k <\/td><td>M\u00e1rk<\/td><td>Hallgat\u00f3i jogviszony\/ Student status\/ Studierendenrechtsverh\u00e4ltnis<\/td><td>Tag\/ Member\/ Mitglied<\/td><td>2025-11-07<\/td><td>2028-11-06<\/td><td><a href=\"https:\/\/semmelweis.hu\/ekk\/files\/2025\/11\/EKK-KT-hat_622-2025_XI-07.pdf\">Megb\u00edzat\u00e1si dokumentum\/ Mandate document\/ Mandatsdokument<\/a><\/td><td> <\/td><\/tr><tr><td>M\u00e9sz\u00e1ros<\/td><td>Evelin<\/td><td>Hallgat\u00f3i jogviszony\/ Student status\/ Studierendenrechtsverh\u00e4ltnis<\/td><td>Tag\/ Member\/ Mitglied<\/td><td>2025-11-07<\/td><td>2028-11-06<\/td><td><a href=\"https:\/\/semmelweis.hu\/ekk\/files\/2025\/11\/EKK-KT-hat_622-2025_XI-07.pdf\">Megb\u00edzat\u00e1si dokumentum\/ Mandate document\/ Mandatsdokument<\/a><\/td><td> <\/td><\/tr>        \r\n        \r\n        <\/tbody>\r\n        <\/table>\r\n        <\/div>\r\n\r\n    <div id=\"archivTagokContainer\" style=\"overflow:auto;\">\r\n            <div class=\"exp-col-content-holder\" style=\"border: none;\">\r\n        <a class=\"expand-cnt-link ecf_closed\" href=\"#\">Arch\u00edv<\/a>\r\n        <div class=\"hidden-content\" style=\"display: none;\">\r\n                <table>\r\n            <thead style=\"text-align:center;\">\r\n                <th>Last name<\/th><th>First <br \/>\nname<\/th><th>Basis of mandate<\/th><th>Type of mandate<\/th><th>Beginning of the mandate<\/th><th>End of <br \/>\nmandate<\/th><th>Mandate document<\/th><th>Reason for termination<\/th><th>Date of termination<\/th>            <\/thead>\r\n            <tbody>\r\n            <tr><td>H\u0151nig<\/td><td>D\u00e1vid<\/td><td>Hallgat\u00f3i jogviszony\/ Student status\/ Studierendenrechtsverh\u00e4ltnis<\/td><td>Tag\/ Member\/ Mitglied<\/td><td>2020-03-05<\/td><td>2023-03-05<\/td><td><a href=\"https:\/\/semmelweis.hu\/jogigfoig\/files\/2020\/03\/32_2020_az-EKK-n-m%C5%B1k%C3%B6d%C5%91-%C3%A1lland%C3%B3-bizotts%C3%A1gok-szem%C3%A9lyi-%C3%B6sszet%C3%A9tel%C3%A9nek-m%C3%B3dos%C3%ADt%C3%A1s%C3%A1r%C3%B3l.pdf\">Megb\u00edzat\u00e1si dokumentum\/ Mandate document\/ Mandatsdokument<\/a><\/td><td>Egy\u00e9b megsz\u0171n\u00e9si ok<\/td><td>2021-01-08<\/td><\/tr><tr><td>Gecsey<\/td><td>R\u00e9ka Csenge<\/td><td>Hallgat\u00f3i jogviszony\/ Student status\/ Studierendenrechtsverh\u00e4ltnis<\/td><td>Tag\/ Member\/ Mitglied<\/td><td>2021-01-28<\/td><td>2024-01-28<\/td><td><a href=\"https:\/\/semmelweis.hu\/ekk\/files\/2021\/03\/EKK-KT-hat_435-2021_I-28.pdf\">Megb\u00edzat\u00e1si dokumentum\/ Mandate document\/ Mandatsdokument<\/a><\/td><td>Egy\u00e9b megsz\u0171n\u00e9si ok<\/td><td>2023-02-10<\/td><\/tr><tr><td>Nagy<\/td><td>Edina<\/td><td>Hallgat\u00f3i jogviszony\/ Student status\/ Studierendenrechtsverh\u00e4ltnis<\/td><td>Tag\/ Member\/ Mitglied<\/td><td>2021-01-28<\/td><td>2024-01-28<\/td><td><a href=\"https:\/\/semmelweis.hu\/ekk\/files\/2021\/03\/EKK-KT-hat_435-2021_I-28.pdf\">Megb\u00edzat\u00e1si dokumentum\/ Mandate document\/ Mandatsdokument<\/a><\/td><td>Egy\u00e9b megsz\u0171n\u00e9si ok<\/td><td>2023-06-19<\/td><\/tr><tr><td>H\u00e1mori<\/td><td>Attila<\/td><td>Hallgat\u00f3i jogviszony\/ Student status\/ Studierendenrechtsverh\u00e4ltnis<\/td><td>Tag\/Member\/Mitglied<\/td><td>2023-10-02<\/td><td>2026-10-01<\/td><td><a href=\"https:\/\/semmelweis.hu\/bizottsagok\/files\/2023\/10\/EKK-KT-hat_547-2023_X-02.pdf\">Megb\u00edzat\u00e1si dokumentum\/ Mandate document\/ Mandatsdokument<\/a><\/td><td>Egy\u00e9b megsz\u0171n\u00e9si ok<\/td><td>2023-11-20<\/td><\/tr><tr><td>Pance<\/td><td>Krist\u00f3f Attila<\/td><td>Hallgat\u00f3i jogviszony\/ Student status\/ Studierendenrechtsverh\u00e4ltnis<\/td><td>Tag\/ Member\/ Mitglied<\/td><td>2021-11-18<\/td><td>2024-11-18<\/td><td>  <\/td>Megb\u00edzat\u00e1si dokumentum<\/a><\/td><td>Egy\u00e9b megsz\u0171n\u00e9si ok<\/td><td>2022-02-17<\/td><\/tr><tr><td>Kov\u00e1cs<\/td><td>Bal\u00e1zs<\/td><td>Hallgat\u00f3i jogviszony\/ Student status\/ Studierendenrechtsverh\u00e4ltnis<\/td><td>Tag\/ Member\/ Mitglied<\/td><td>2020-03-05<\/td><td>2024-01-28<\/td><td><a href=\"https:\/\/semmelweis.hu\/ekk\/files\/2021\/03\/EKK-KT-hat_435-2021_I-28.pdf\">Megb\u00edzat\u00e1si dokumentum\/ Mandate document\/ Mandatsdokument<\/a><\/td><td>Egy\u00e9b megsz\u0171n\u00e9si ok<\/td><td>2021-12-15<\/td><\/tr><tr><td>Baranyai M\u00e1ty\u00e1s<\/td><td>Bal\u00e1zs<\/td><td>Hallgat\u00f3i jogviszony\/ Student status\/ Studierendenrechtsverh\u00e4ltnis<\/td><td>Tag\/ Member\/ Mitglied<\/td><td>2022-03-01<\/td><td>2022-04-09<\/td><td>  <\/td><td>  <\/td><td>  <\/td><td>  <\/td><\/tr><tr><td>Torma<\/td><td>\u00c1ron<\/td><td>Hallgat\u00f3i jogviszony\/ Student status\/ Studierendenrechtsverh\u00e4ltnis<\/td><td>Tag\/ Member\/ Mitglied<\/td><td>2023-11-20<\/td><td>2026-11-19<\/td><td><a href=\"https:\/\/semmelweis.hu\/ekk\/files\/2025\/11\/96057_Az-SE-HOK-elnokenek-33_2025.VIII_.05.-SE-HOK-Elnok-sz.-hatarozata-az-Egeszsegugyi-Kozszolgalati-Karon-mukodo-allando-bizottsagbol-torteno-visszahivasrol.pdf\">Megb\u00edzat\u00e1si dokumentum\/ Mandate document\/ Mandatsdokument<\/a><\/td><td>Egy\u00e9b megsz\u0171n\u00e9si ok<\/td><td>2025-08-05<\/td><\/tr><tr><td>Torma<\/td><td>\u00c1ron<\/td><td>Hallgat\u00f3i jogviszony\/ Student status\/ Studierendenrechtsverh\u00e4ltnis<\/td><td>Tag\/ Member\/ Mitglied<\/td><td>2023-11-20<\/td><td>2026-11-19<\/td><td><a href=\"https:\/\/semmelweis.hu\/ekk\/files\/2023\/11\/EKK-KT-hat_553-2023_XI-20.pdf\">Megb\u00edzat\u00e1si dokumentum\/ Mandate document\/ Mandatsdokument<\/a><\/td><td>  <\/td><td>  <\/td><\/tr>            <\/tbody>\r\n            <\/table>\r\n        <\/div>\r\n        <\/div>\r\n    <\/div>\r\n    <\/div>\r\n    \n\n<\/div><h2 class=\"tabtitle\">Rules of Procedure<\/h2>\n<div class=\"tabcontent\">\n\n<p><u><a href=\"https:\/\/semmelweis.hu\/jogigfoig\/files\/2018\/07\/EKKCKOB_ugyrend_2018_06.pdf\">Rules of Procedure of the Curriculum, Credit Transfer and Studies Committee<\/a><\/u><\/p>\n\n<\/div><h2 class=\"tabtitle\">Annual Report<\/h2>\n<div class=\"tabcontent\">\n\n<p><u><a href=\"https:\/\/semmelweis.hu\/jogigfoig\/files\/2020\/05\/68_2020_Besz%C3%A1mol%C3%B3-a-kari-bizotts%C3%A1gok-munk%C3%A1j%C3%A1r%C3%B3l.pdf\">\u00a0Decision no. 68\/2020. (V.5.) of the Semmelweis University Senate Report on the work of the standing committees created by the Senate\u00a0<em>(Examination and Studies Committee, Credit Transfer Committee, Ethical and Disciplinary Committee, as for the Pet\u0151 Andr\u00e1s Faculty, two more committees: the Committee of Practical Training and the Publication and Library Committee)<\/em><\/a><\/u><\/p>\n<\/div><\/div>\n","protected":false},"excerpt":{"rendered":"<p>See tasks within Faculty TVSZ 6, and the Faculty Curriculum, Credit Transfer and Studies Committee established by the Senate acts in the first instance in the study affairs of students, regardless of the form of training: declaring the started semester as a passive semester subsequently, parallel training allowing an examination in periods outside the examination &hellip;<\/p>\n","protected":false},"author":101863,"featured_media":0,"parent":1114,"menu_order":0,"comment_status":"closed","ping_status":"closed","template":"","meta":{"_acf_changed":false,"footnotes":""},"categories":[],"tags":[],"class_list":["post-990","page","type-page","status-publish","hentry"],"acf":[],"_links":{"self":[{"href":"https:\/\/semmelweis.hu\/bizottsagok\/wp-json\/wp\/v2\/pages\/990","targetHints":{"allow":["GET"]}}],"collection":[{"href":"https:\/\/semmelweis.hu\/bizottsagok\/wp-json\/wp\/v2\/pages"}],"about":[{"href":"https:\/\/semmelweis.hu\/bizottsagok\/wp-json\/wp\/v2\/types\/page"}],"author":[{"embeddable":true,"href":"https:\/\/semmelweis.hu\/bizottsagok\/wp-json\/wp\/v2\/users\/101863"}],"replies":[{"embeddable":true,"href":"https:\/\/semmelweis.hu\/bizottsagok\/wp-json\/wp\/v2\/comments?post=990"}],"version-history":[{"count":4,"href":"https:\/\/semmelweis.hu\/bizottsagok\/wp-json\/wp\/v2\/pages\/990\/revisions"}],"predecessor-version":[{"id":2824,"href":"https:\/\/semmelweis.hu\/bizottsagok\/wp-json\/wp\/v2\/pages\/990\/revisions\/2824"}],"up":[{"embeddable":true,"href":"https:\/\/semmelweis.hu\/bizottsagok\/wp-json\/wp\/v2\/pages\/1114"}],"wp:attachment":[{"href":"https:\/\/semmelweis.hu\/bizottsagok\/wp-json\/wp\/v2\/media?parent=990"}],"wp:term":[{"taxonomy":"category","embeddable":true,"href":"https:\/\/semmelweis.hu\/bizottsagok\/wp-json\/wp\/v2\/categories?post=990"},{"taxonomy":"post_tag","embeddable":true,"href":"https:\/\/semmelweis.hu\/bizottsagok\/wp-json\/wp\/v2\/tags?post=990"}],"curies":[{"name":"wp","href":"https:\/\/api.w.org\/{rel}","templated":true}]}}