{"id":976,"date":"2021-01-04T12:35:39","date_gmt":"2021-01-04T11:35:39","guid":{"rendered":"https:\/\/semmelweis.hu\/bizottsagok\/?page_id=976"},"modified":"2026-02-02T09:44:09","modified_gmt":"2026-02-02T08:44:09","slug":"aok-examination-and-studies-committee-i-e-esc","status":"publish","type":"page","link":"https:\/\/semmelweis.hu\/bizottsagok\/en\/constant-committees\/aok-committees\/aok-examination-and-studies-committee-i-e-esc\/","title":{"rendered":"AOK EXAMINATION AND STUDIES COMMITTEE"},"content":{"rendered":"<div class=\"responsive-tabs\">\n<h2 class=\"tabtitle\">Tasks and Competences<\/h2>\n<div class=\"tabcontent\">\n\n<p>In the academic affairs of students \u2013 regardless of the language of the training &#8211; the Faculty ESC, established by the Senate, acts in the first instance:<\/p>\n<ul>\n<li>parallel training,<\/li>\n<li>allowing an examination out of the examination period in particularly justified cases,<\/li>\n<li>transfer between departments or faculties, institutions,<\/li>\n<li>permitting a change of department,<\/li>\n<li>permitting guest-student status,<\/li>\n<li>equity requests<\/li>\n<\/ul>\n\n<\/div><h2 class=\"tabtitle\">Members<\/h2>\n<div class=\"tabcontent\">\n\n<p><strong><em>Contact:<\/em><\/strong> AOK Dean\u2019s Office <br \/>\n<strong><em>Email:<\/em><\/strong> <u><a href=\"mailto:titkarsag.aokdekani@med.semmelweis-univ.hu\">titkarsag.aokdekani@med.semmelweis-univ.hu<\/a><\/u><\/p>\n    \r\n    <div id=\"peopleContainer\" style=\"text-align:center;\">\r\n    <input type=\"hidden\" name=\"cimkek\" id=\"cimkek\" value=\"Last name,First <br \/>\nname,Basis of mandate,Type of mandate,Beginning of the mandate,End of <br \/>\nmandate,Mandate document,Reason for termination,Date of termination\">\r\n    <input type=\"hidden\" name=\"kihagy_aktiv\" id=\"kihagy_aktiv\" value=\"Reason for termination||megszunes_oka,Date of termination|| <br \/>\nmegszunes_datuma\">\r\n    <input type=\"hidden\" name=\"kihagy_archiv\" id=\"kihagy_archiv\" value=\"\">\r\n    <div id=\"aktivTagokContainer\" style=\"overflow:auto;\">\r\n        <table>\r\n        <thead style=\"text-align:center;\">\r\n            <th>Last name<\/th><th>First <br \/>\nname<\/th><th>Basis of mandate<\/th><th>Type of mandate<\/th><th>Beginning of the mandate<\/th><th>End of <br \/>\nmandate<\/th><th>Mandate document<\/th>        <\/thead>\r\n        <tbody>\r\n        <tr><td>Dr. Riesz<\/td><td>P\u00e9ter<\/td><td>Foglalkoztatott\/ Employee\/ Besch\u00e4ftigte(r)<\/td><td>Tag\/Member\/Mitglied<\/td><td>2024-09-27<\/td><td>2027-09-26<\/td><td><a href=\"https:\/\/semmelweis.hu\/bizottsagok\/files\/2024\/12\/5_hatarozat_TVB_oktato_tag_megvalasztasa.pdf\">Megb\u00edzat\u00e1si dokumentum\/ Mandate documen<\/a><\/td><td> <\/td><\/tr><tr><td>Dr. Buz\u00e1s<\/td><td>Edit<\/td><td>Foglalkoztatott\/ Employee\/ Besch\u00e4ftigte(r)<\/td><td>Eln\u00f6k\/ Chairperson\/ Vorsitzender<\/td><td>2025-07-01<\/td><td>2028-06-30<\/td><td><a href=\"https:\/\/semmelweis.hu\/bizottsagok\/files\/2025\/07\/30_bizottsag.pdf\">Megb\u00edzat\u00e1si dokumentum\/ Mandate document\/ Mandatsdokument<\/a><\/td><td> <\/td><\/tr><tr><td>Dr. F\u00fcl\u00f6p<\/td><td>Andr\u00e1s<\/td><td>Foglalkoztatott\/ Employee\/ Besch\u00e4ftigte(r)<\/td><td>Tag\/Member\/Mitglied<\/td><td>2025-07-01<\/td><td>2028-06-30<\/td><td><a href=\"https:\/\/semmelweis.hu\/bizottsagok\/files\/2025\/07\/30_bizottsag.pdf\">Megb\u00edzat\u00e1si dokumentum\/ Mandate document\/ Mandatsdokument<\/a><\/td><td> <\/td><\/tr><tr><td>Dr. Kiss<\/td><td>Andr\u00e1s<\/td><td>Foglalkoztatott\/ Employee\/ Besch\u00e4ftigte(r)<\/td><td>Tag\/Member\/Mitglied<\/td><td>2025-07-01<\/td><td>2028-06-30<\/td><td><a href=\"https:\/\/semmelweis.hu\/bizottsagok\/files\/2025\/07\/30_bizottsag.pdf\">Megb\u00edzat\u00e1si dokumentum\/ Mandate document\/ Mandatsdokument<\/a><\/td><td> <\/td><\/tr><tr><td>Kalas<\/td><td>No\u00e9mi Zita<\/td><td>Hallgat\u00f3i jogviszony\/ Student status\/ Studierenenrechtsverh\u00e4ltnis<\/td><td>Tag\/Member\/Mitglied<\/td><td>2025-07-01<\/td><td>2028-06-30<\/td><td><a href=\"https:\/\/semmelweis.hu\/bizottsagok\/files\/2025\/07\/30_bizottsag.pdf\">Megb\u00edzat\u00e1si dokumentum\/ Mandate document\/ Mandatsdokument<\/a><\/td><td> <\/td><\/tr><tr><td>Szab\u00f3<\/td><td>G\u00e1bor<\/td><td>Hallgat\u00f3i jogviszony\/ Student status\/ Studierenenrechtsverh\u00e4ltnis<\/td><td>Tag\/Member\/Mitglied<\/td><td>2025-07-01<\/td><td>2028-06-30<\/td><td><a href=\"https:\/\/semmelweis.hu\/bizottsagok\/files\/2025\/07\/30_bizottsag.pdf\">Megb\u00edzat\u00e1si dokumentum\/ Mandate document\/ Mandatsdokument<\/a><\/td><td> <\/td><\/tr><tr><td>Tim\u00e1r<\/td><td>Petra<\/td><td>Hallgat\u00f3i jogviszony\/ Student status\/ Studierenenrechtsverh\u00e4ltnis<\/td><td>Tag\/Member\/Mitglied<\/td><td>2025-07-01<\/td><td>2028-06-30<\/td><td><a href=\"https:\/\/semmelweis.hu\/bizottsagok\/files\/2025\/07\/30_bizottsag.pdf\">Megb\u00edzat\u00e1si dokumentum\/ Mandate document\/ Mandatsdokument<\/a><\/td><td> <\/td><\/tr>        \r\n        \r\n        <\/tbody>\r\n        <\/table>\r\n        <\/div>\r\n\r\n    <div id=\"archivTagokContainer\" style=\"overflow:auto;\">\r\n            <div class=\"exp-col-content-holder\" style=\"border: none;\">\r\n        <a class=\"expand-cnt-link ecf_closed\" href=\"#\">Arch\u00edv<\/a>\r\n        <div class=\"hidden-content\" style=\"display: none;\">\r\n                <table>\r\n            <thead style=\"text-align:center;\">\r\n                <th>Last name<\/th><th>First <br \/>\nname<\/th><th>Basis of mandate<\/th><th>Type of mandate<\/th><th>Beginning of the mandate<\/th><th>End of <br \/>\nmandate<\/th><th>Mandate document<\/th><th>Reason for termination<\/th><th>Date of termination<\/th>            <\/thead>\r\n            <tbody>\r\n            <tr><td>Dr. B\u00faz\u00e1s<\/td><td>Edit<\/td><td>Foglalkoztatott\/ Employee\/ Besch\u00e4ftigte(r)<\/td><td>Eln\u00f6k\/ Chairperson\/ Vorsitzender<\/td><td>2019-07-19<\/td><td>2022-07-18<\/td><td><a href=\"https:\/\/semmelweis.hu\/jogigfoig\/files\/2019\/06\/63_2019_VI_20_bizotts%C3%A1gok-az-%C3%81OK-on.pdf\"> Megb\u00edzat\u00e1si dokumentum\/ Mandate document\/ Mandatsdokument<\/a><\/td><td>Megb\u00edzat\u00e1s lej\u00e1rta<\/td><td>2022-07-18<\/td><\/tr><tr><td>Dr. F\u00fcl\u00f6p<\/td><td>Andr\u00e1s <\/td><td>Foglalkoztatott\/ Employee\/ Besch\u00e4ftigte(r)<\/td><td>Tag\/ Member\/ Mitglied<\/td><td>2019-07-19<\/td><td>2020-07-18<\/td><td><a href=\"https:\/\/semmelweis.hu\/jogigfoig\/files\/2019\/06\/63_2019_VI_20_bizotts%C3%A1gok-az-%C3%81OK-on.pdf\">Megb\u00edzat\u00e1si dokumentum\/ Mandate document\/ Mandatsdokument<\/a><\/td><td>Megb\u00edzat\u00e1s lej\u00e1rta<\/td><td>2022-07-18<\/td><\/tr><tr><td>Dr. Kiss<\/td><td>Andr\u00e1s <\/td><td>Foglalkoztatott\/ Employee\/ Besch\u00e4ftigte(r)<\/td><td>Tag\/ Member\/ Mitglied<\/td><td>2019-07-19<\/td><td>2022-07-18<\/td><td><a href=\"https:\/\/semmelweis.hu\/jogigfoig\/files\/2019\/06\/63_2019_VI_20_bizotts%C3%A1gok-az-%C3%81OK-on.pdf\">Megb\u00edzat\u00e1si dokumentum\/ Mandate document\/ Mandatsdokument<\/a><\/td><td>Megb\u00edzat\u00e1s lej\u00e1rta<\/td><td>2022-07-18<\/td><\/tr><tr><td>Dr. Her\u00e9nyi<\/td><td>Levente<\/td><td>Foglalkoztatott\/ Employee\/ Besch\u00e4ftigte(r)<\/td><td>Tag\/ Member\/ Mitglied<\/td><td>2019-07-19<\/td><td>2022-07-18<\/td><td><a href=\"https:\/\/semmelweis.hu\/jogigfoig\/files\/2019\/06\/63_2019_VI_20_bizotts%C3%A1gok-az-%C3%81OK-on.pdf\">Megb\u00edzat\u00e1si dokumentum\/ Mandate document\/ Mandatsdokument<\/a><\/td><td>Megb\u00edzat\u00e1s lej\u00e1rta<\/td><td>2022-07-18<\/td><\/tr><tr><td>Winklern\u00e9 Papp<\/td><td>Anni<\/td><td>Hallgat\u00f3i jogviszony\/ Student status\/ Studierendenrechtsverh\u00e4ltnis<\/td><td>Tag\/ Member\/ Mitglied<\/td><td>2020-10-03<\/td><td>2022-07-18<\/td><td><a href=\"https:\/\/semmelweis.hu\/jogigfoig\/files\/2020\/10\/182_2020_%C3%81OK-bizotts%C3%A1gok-szem%C3%A9lyi-%C3%B6sszet%C3%A9tele.pdf\">Megb\u00edzat\u00e1si dokumentum\/ Mandate document\/ Mandatsdokument<\/a><\/td><td>Megb\u00edzat\u00e1s lej\u00e1rta<\/td><td>2022-07-18<\/td><\/tr><tr><td>Stubnya<\/td><td>J\u00e1nos Domonkos<\/td><td>Hallgat\u00f3i jogviszony\/ Student status\/ Studierendenrechtsverh\u00e4ltnis<\/td><td>Tag\/ Member\/ Mitglied<\/td><td>2020-10-03<\/td><td>2022-07-18<\/td><td><a href=\"https:\/\/semmelweis.hu\/jogigfoig\/files\/2020\/10\/182_2020_%C3%81OK-bizotts%C3%A1gok-szem%C3%A9lyi-%C3%B6sszet%C3%A9tele.pdf\">Megb\u00edzat\u00e1si dokumentum\/ Mandate document\/ Mandatsdokument<\/a><\/td><td>Megb\u00edzat\u00e1s lej\u00e1rta<\/td><td>2022-07-18<\/td><\/tr><tr><td>V\u00f6lcsei<\/td><td>Norbert<\/td><td>Hallgat\u00f3i jogviszony\/ Student status\/ Studierendenrechtsverh\u00e4ltnis<\/td><td>Tag\/ Member\/ Mitglied<\/td><td>2020-10-03<\/td><td>2022-07-18<\/td><td><a href=\"https:\/\/semmelweis.hu\/jogigfoig\/files\/2020\/10\/182_2020_%C3%81OK-bizotts%C3%A1gok-szem%C3%A9lyi-%C3%B6sszet%C3%A9tele.pdf\">Megb\u00edzat\u00e1si dokumentum\/ Mandate document\/ Mandatsdokument<\/a><\/td><td>Megb\u00edzat\u00e1s lej\u00e1rta<\/td><td>2022-07-18<\/td><\/tr><tr><td>Dr. Buz\u00e1s<\/td><td>Edit<\/td><td>Foglalkoztatott\/ Employee\/ Besch\u00e4ftigte(r)<\/td><td>Eln\u00f6k\/ Chairperson\/ Vorsitzender<\/td><td>2022-07-19<\/td><td>2025-07-18<\/td><td><a href=\"https:\/\/semmelweis.hu\/bizottsagok\/files\/2022\/07\/31_hatarozat_bizottsagok.pdf\">Megb\u00edzat\u00e1si dokumentum\/ Mandate document\/ Mandatsdokument<\/a><\/td><td>Megb\u00edzat\u00e1s lej\u00e1rta<\/td><td>2025-06-30<\/td><\/tr><tr><td>Dr. F\u00fcl\u00f6p<\/td><td>Andr\u00e1s<\/td><td>Foglalkoztatott\/ Employee\/ Besch\u00e4ftigte(r)<\/td><td>Tag\/Member\/Mitglied<\/td><td>2022-07-19<\/td><td>2025-07-18<\/td><td><a href=\"https:\/\/semmelweis.hu\/bizottsagok\/files\/2022\/07\/31_hatarozat_bizottsagok.pdf\">Megb\u00edzat\u00e1si dokumentum\/ Mandate document\/ Mandatsdokument<\/a><\/td><td>Megb\u00edzat\u00e1s lej\u00e1rta<\/td><td>2025-06-30<\/td><\/tr><tr><td>Dr. Kiss<\/td><td>Andr\u00e1s<\/td><td>Foglalkoztatott\/ Employee\/ Besch\u00e4ftigte(r)<\/td><td>Tag\/Member\/Mitglied<\/td><td>2022-07-19<\/td><td>2025-07-18<\/td><td><a href=\"https:\/\/semmelweis.hu\/bizottsagok\/files\/2022\/07\/31_hatarozat_bizottsagok.pdf\">Megb\u00edzat\u00e1si dokumentum\/ Mandate document\/ Mandatsdokument<\/a><\/td><td>Megb\u00edzat\u00e1s lej\u00e1rta<\/td><td>2025-06-30<\/td><\/tr><tr><td>Dr. Her\u00e9nyi<\/td><td>Levente<\/td><td>Foglalkoztatott\/ Employee\/ Besch\u00e4ftigte(r)<\/td><td>Tag\/Member\/Mitglied<\/td><td>2022-07-19<\/td><td>2025-07-18<\/td><td><a href=\"https:\/\/semmelweis.hu\/bizottsagok\/files\/2022\/07\/31_hatarozat_bizottsagok.pdf\">Megb\u00edzat\u00e1si dokumentum\/ Mandate document\/ Mandatsdokument<\/a><\/td><td>Megb\u00edzat\u00e1s lej\u00e1rta<\/td><td>2024-02-04<\/td><\/tr><tr><td>V\u00f6lcsei<\/td><td>Norbert<\/td><td>Hallgat\u00f3i jogviszony\/ Student status\/ Studierendenrechtsverh\u00e4ltnis<\/td><td>Tag\/Member\/Mitglied<\/td><td>2022-07-19<\/td><td>2025-07-18<\/td><td><a href=\"https:\/\/semmelweis.hu\/bizottsagok\/files\/2022\/07\/31_hatarozat_bizottsagok.pdf\">Megb\u00edzat\u00e1si dokumentum\/ Mandate document\/ Mandatsdokument<\/a><\/td><td>Egy\u00e9b megsz\u0171n\u00e9si ok<\/td><td>2023-09-01<\/td><\/tr><tr><td>Winklern\u00e9 Papp<\/td><td>Anni<\/td><td>Hallgat\u00f3i jogviszony\/ Student status\/ Studierendenrechtsverh\u00e4ltnis<\/td><td>Tag\/Member\/Mitglied<\/td><td>2022-07-19<\/td><td>2025-07-18<\/td><td><a href=\"https:\/\/semmelweis.hu\/bizottsagok\/files\/2022\/07\/31_hatarozat_bizottsagok.pdf\">Megb\u00edzat\u00e1si dokumentum\/ Mandate document\/ Mandatsdokument<\/a><\/td><td>Egy\u00e9b megsz\u0171n\u00e9si ok<\/td><td>2023-09-01<\/td><\/tr><tr><td>Bak\u00f3<\/td><td>Benedek<\/td><td>Hallgat\u00f3i jogviszony\/ Student status\/ Studierendenrechtsverh\u00e4ltnis<\/td><td>Tag\/Member\/Mitglied<\/td><td>2022-07-19<\/td><td>2025-07-18<\/td><td><a href=\"https:\/\/semmelweis.hu\/bizottsagok\/files\/2022\/07\/31_hatarozat_bizottsagok.pdf\">Megb\u00edzat\u00e1si dokumentum\/ Mandate document\/ Mandatsdokument<\/a><\/td><td>Egy\u00e9b megsz\u0171n\u00e9si ok<\/td><td>2025-06-30<\/td><\/tr><tr><td>Ko\u00f3s <\/td><td>G\u00e1bor<\/td><td>Hallgat\u00f3i jogviszony\/ Student status\/ Studierenenrechtsverh\u00e4ltnis\t<\/td><td>Tag\/Member\/Mitglied<\/td><td>2023-10-03<\/td><td>2026-10-02<\/td><td><a href=\"https:\/\/semmelweis.hu\/bizottsagok\/files\/2024\/12\/2_bizottsagok_szemelyi_osszetetele.pdf\">Megb\u00edzat\u00e1si dokumentum\/ Mandate document\/ Mandatsdokument<\/a><\/td><td>Egy\u00e9b megsz\u0171n\u00e9si ok<\/td><td>2025-06-30<\/td><\/tr><tr><td>B\u00e9nyi <\/td><td>Botond Boldizs\u00e1r<\/td><td>Hallgat\u00f3i jogviszony\/ Student status\/ Studierenenrechtsverh\u00e4ltnis\t<\/td><td>Tag\/Member\/Mitglied<\/td><td>2023-10-03<\/td><td>2026-10-02<\/td><td>  <\/td><td>Egy\u00e9b megsz\u0171n\u00e9si ok<\/td><td>2025-06-30<\/td><\/tr><tr><td>B\u00e9nyi <\/td><td>Botond Boldizs\u00e1r<\/td><td>Hallgat\u00f3i jogviszony\/ Student status\/ Studierenenrechtsverh\u00e4ltnis\t<\/td><td>Tag\/Member\/Mitglied<\/td><td>2023-10-03<\/td><td>2026-10-02<\/td><td><a href=\"https:\/\/semmelweis.hu\/bizottsagok\/files\/2023\/10\/2_bizottsagok_szemelyi_osszetetele-1.pdf\">Megb\u00edzat\u00e1si dokumentum\/ Mandate document\/ Mandatsdokument<\/a><\/td><td>Egy\u00e9b megsz\u0171n\u00e9si ok<\/td><td>2025-06-30<\/td><\/tr><tr><td>teszt<\/td><td>teszt<\/td><td>teszt<\/td><td>teszt<\/td><td>2024-05-15<\/td><td>2024-05-15<\/td><td>  <\/td>https:\/\/semmelweis.hu\/bizottsagok\/aok-tanulmanyi-es-viszgabizottsag-szerkeszto\/<\/a><\/td><td>  <\/td><td>  <\/td><\/tr><tr><td>teszt<\/td><td>teszt<\/td><td>teszt<\/td><td>teszt<\/td><td>2024-05-15<\/td><td>2024-05-15<\/td><td>  <\/td>https:\/\/semmelweis.hu\/bizottsagok\/aok-tanulmanyi-es-viszgabizottsag-szerkeszto\/<\/a><\/td><td>Egy\u00e9b megsz\u0171n\u00e9si ok<\/td><td>2024-05-15<\/td><\/tr>            <\/tbody>\r\n            <\/table>\r\n        <\/div>\r\n        <\/div>\r\n    <\/div>\r\n    <\/div>\r\n    \n\n<\/div><h2 class=\"tabtitle\">Rules of Procedure<\/h2>\n<div class=\"tabcontent\">\n\n<p><a href=\"https:\/\/semmelweis.hu\/aok\/files\/2019\/09\/Tanulm%C3%A1nyi-%C3%A9s-Vizsgabizotts%C3%A1g_%C3%BCgyrendje.pdf\"><u>Rules of Procedure of the Examination and Studies Committee<\/u><\/a><\/p>\n\n<\/div><h2 class=\"tabtitle\">Annual Report<\/h2>\n<div class=\"tabcontent\">\n\n<p><u><a href=\"https:\/\/semmelweis.hu\/jogigfoig\/files\/2020\/05\/68_2020_Besz%C3%A1mol%C3%B3-a-kari-bizotts%C3%A1gok-munk%C3%A1j%C3%A1r%C3%B3l.pdf\">\u00a0Decision no. 68\/2020. (V.5.) of the Semmelweis University Senate Report on the work of the standing committees created by the Senate\u00a0<em>(Examination and Studies Committee, Credit Transfer Committee, Ethical and Disciplinary Committee, as for the Pet\u0151 Andr\u00e1s Faculty, two more committees: the Committee of Practical Training and the Publication and Library Committee)<\/em><\/a><\/u><\/p>\n<\/div><\/div>\n","protected":false},"excerpt":{"rendered":"<p>In the academic affairs of students \u2013 regardless of the language of the training &#8211; the Faculty ESC, established by the Senate, acts in the first instance: parallel training, allowing an examination out of the examination period in particularly justified cases, transfer between departments or faculties, institutions, permitting a change of department, permitting guest-student status, &hellip;<\/p>\n","protected":false},"author":101862,"featured_media":0,"parent":1109,"menu_order":0,"comment_status":"closed","ping_status":"closed","template":"","meta":{"_acf_changed":false,"footnotes":""},"categories":[],"tags":[],"class_list":["post-976","page","type-page","status-publish","hentry"],"acf":[],"_links":{"self":[{"href":"https:\/\/semmelweis.hu\/bizottsagok\/wp-json\/wp\/v2\/pages\/976","targetHints":{"allow":["GET"]}}],"collection":[{"href":"https:\/\/semmelweis.hu\/bizottsagok\/wp-json\/wp\/v2\/pages"}],"about":[{"href":"https:\/\/semmelweis.hu\/bizottsagok\/wp-json\/wp\/v2\/types\/page"}],"author":[{"embeddable":true,"href":"https:\/\/semmelweis.hu\/bizottsagok\/wp-json\/wp\/v2\/users\/101862"}],"replies":[{"embeddable":true,"href":"https:\/\/semmelweis.hu\/bizottsagok\/wp-json\/wp\/v2\/comments?post=976"}],"version-history":[{"count":5,"href":"https:\/\/semmelweis.hu\/bizottsagok\/wp-json\/wp\/v2\/pages\/976\/revisions"}],"predecessor-version":[{"id":2823,"href":"https:\/\/semmelweis.hu\/bizottsagok\/wp-json\/wp\/v2\/pages\/976\/revisions\/2823"}],"up":[{"embeddable":true,"href":"https:\/\/semmelweis.hu\/bizottsagok\/wp-json\/wp\/v2\/pages\/1109"}],"wp:attachment":[{"href":"https:\/\/semmelweis.hu\/bizottsagok\/wp-json\/wp\/v2\/media?parent=976"}],"wp:term":[{"taxonomy":"category","embeddable":true,"href":"https:\/\/semmelweis.hu\/bizottsagok\/wp-json\/wp\/v2\/categories?post=976"},{"taxonomy":"post_tag","embeddable":true,"href":"https:\/\/semmelweis.hu\/bizottsagok\/wp-json\/wp\/v2\/tags?post=976"}],"curies":[{"name":"wp","href":"https:\/\/api.w.org\/{rel}","templated":true}]}}