{"id":972,"date":"2021-01-04T12:28:55","date_gmt":"2021-01-04T11:28:55","guid":{"rendered":"https:\/\/semmelweis.hu\/bizottsagok\/?page_id=972"},"modified":"2026-04-30T09:00:04","modified_gmt":"2026-04-30T07:00:04","slug":"aok-ethical-and-disciplinary-committee-faculty-of-medicine-i-e-aok","status":"publish","type":"page","link":"https:\/\/semmelweis.hu\/bizottsagok\/en\/constant-committees\/aok-committees\/aok-ethical-and-disciplinary-committee-faculty-of-medicine-i-e-aok\/","title":{"rendered":"AOK ETHICAL AND DISCIPLINARY COMMITTEE"},"content":{"rendered":"<section class=\"committee lang-en\"><div class=\"keretes w-100\"><ul style=\"list-style-type: square;\"><li><a href=\"#feladat-es-hataskor\">Feladat- \u00e9s hat\u00e1sk\u00f6r<\/a><\/li><li><a href=\"#a-bizottsag-tagjai\">A bizotts\u00e1g tagjai<\/a><\/li><li><a href=\"#a-bizottsag-ugyrendje\">A bizotts\u00e1g \u00fcgyrendje<\/a><\/li><\/ul><\/div>\n\n\n<div class=\"committee-tab tab-1\" id=\"feladat-es-hataskor\">\n    <h2>Feladat- \u00e9s hat\u00e1sk\u00f6r<\/h2>\n    <div class=\"committee-tab-content\">\n        <p>The tasks and competences of the committee are defined in Act CCIV of 2011 on national higher education, in the SzMSz (Organizational and Operational Rules and Regulations), and in the Code of Ethics of Semmelweis University.<\/p>\n    <\/div>\n<\/div><br>\n\n\n<div class=\"committee-tab tab-2\" id=\"a-bizottsag-tagjai\">\n    <h2>A bizotts\u00e1g tagjai<\/h2>\n    <div class=\"committee-tab-content\">\n        \n                        <p class=\"contact-person\">\n                <span><strong>Kapcsolattart\u00f3: <\/strong>\/ \u00c1OK Dean\u2019s Office \/ \u00c1OK Dekanat \/ D\u00e9k\u00e1ni Hivatal<\/span><br>\n                <span><strong>Email: <\/strong>titkarsag.aokdekani@semmelweis.hu<\/span>\n            <\/p>\n\n\n            \n                            <table id=\"active-members\" \n                    class=\" has-mandate-doc\" \n                    data-subcommittee=\"0\">\n                    <thead>\n                        <tr>\n                            <th class=\"member-name\">N\u00e9v<\/th>\n                            <th class=\"mandate-basis\">Megb\u00edzat\u00e1s alapja<\/th>\n                            <th class=\"mandate-type\">Megb\u00edzat\u00e1s t\u00edpusa<\/th>\n                                                                                    <th class=\"start-date col-group-start\" data-label=\"Megb\u00edzat\u00e1s id\u0151tartama\">Megb\u00edzat\u00e1s kezdete<\/th>\n                            <th class=\"end-date col-group-end\">Megb\u00edzat\u00e1s v\u00e9ge<\/th>\n                            <th class=\"mandate-doc\">Megb\u00edzat\u00e1si dokumentum<\/th>\n                        <\/tr>\n                    <\/thead>\n                    <tbody>\n                        <tr><td class=\"member-name\" data-label=\"N\u00e9v\">Petra Tim\u00e1r<\/td><td class=\"mandate-basis\" data-label=\"Megb\u00edzat\u00e1s alapja\">Hallgat\u00f3<a href = \"https:\/\/semmelweis.hu\/bizottsagok\/files\/2024\/12\/33_bizottsag.pdf\" target=\"_blank\">Megb\u00edzat\u00e1si dokumentum<\/a><\/td><td class=\"mandate-type\" data-label=\"Megb\u00edzat\u00e1s t\u00edpusa\">Tag<\/td><td class=\"start-date col-group-start\" data-label=\"Megb\u00edzat\u00e1s kezdete\">01\/07\/2024<\/td><td class=\"end-date col-group-end\" data-label=\"Megb\u00edzat\u00e1s v\u00e9ge\">30\/06\/2027<\/td><td class=\"mandate-doc\" data-label=\"Megb\u00edzat\u00e1si dokumentum\"><a href = \"https:\/\/semmelweis.hu\/bizottsagok\/files\/2024\/12\/33_bizottsag.pdf\" target=\"_blank\">Megb\u00edzat\u00e1si dokumentum<\/a><\/td><\/tr><tr><td class=\"member-name\" data-label=\"N\u00e9v\">Dr. J\u00e1nos R\u00e9thelyi<\/td><td class=\"mandate-basis\" data-label=\"Megb\u00edzat\u00e1s alapja\">Foglalkoztatott<a href = \"https:\/\/semmelweis.hu\/bizottsagok\/files\/2025\/07\/30_bizottsag.pdf\" target=\"_blank\">Megb\u00edzat\u00e1si dokumentum<\/a><\/td><td class=\"mandate-type\" data-label=\"Megb\u00edzat\u00e1s t\u00edpusa\">Eln\u00f6k<\/td><td class=\"start-date col-group-start\" data-label=\"Megb\u00edzat\u00e1s kezdete\">01\/07\/2025<\/td><td class=\"end-date col-group-end\" data-label=\"Megb\u00edzat\u00e1s v\u00e9ge\">30\/06\/2028<\/td><td class=\"mandate-doc\" data-label=\"Megb\u00edzat\u00e1si dokumentum\"><a href = \"https:\/\/semmelweis.hu\/bizottsagok\/files\/2025\/07\/30_bizottsag.pdf\" target=\"_blank\">Megb\u00edzat\u00e1si dokumentum<\/a><\/td><\/tr><tr><td class=\"member-name\" data-label=\"N\u00e9v\">Dr. J\u00f3zsef Kov\u00e1cs<\/td><td class=\"mandate-basis\" data-label=\"Megb\u00edzat\u00e1s alapja\">Foglalkoztatott<a href = \"https:\/\/semmelweis.hu\/bizottsagok\/files\/2025\/07\/30_bizottsag.pdf\" target=\"_blank\">Megb\u00edzat\u00e1si dokumentum<\/a><\/td><td class=\"mandate-type\" data-label=\"Megb\u00edzat\u00e1s t\u00edpusa\">Tag<\/td><td class=\"start-date col-group-start\" data-label=\"Megb\u00edzat\u00e1s kezdete\">01\/07\/2025<\/td><td class=\"end-date col-group-end\" data-label=\"Megb\u00edzat\u00e1s v\u00e9ge\">30\/06\/2028<\/td><td class=\"mandate-doc\" data-label=\"Megb\u00edzat\u00e1si dokumentum\"><a href = \"https:\/\/semmelweis.hu\/bizottsagok\/files\/2025\/07\/30_bizottsag.pdf\" target=\"_blank\">Megb\u00edzat\u00e1si dokumentum<\/a><\/td><\/tr><tr><td class=\"member-name\" data-label=\"N\u00e9v\">Dr. Kl\u00e1ra T\u00f6r\u0151<\/td><td class=\"mandate-basis\" data-label=\"Megb\u00edzat\u00e1s alapja\">Foglalkoztatott<a href = \"https:\/\/semmelweis.hu\/bizottsagok\/files\/2025\/07\/30_bizottsag.pdf\" target=\"_blank\">Megb\u00edzat\u00e1si dokumentum<\/a><\/td><td class=\"mandate-type\" data-label=\"Megb\u00edzat\u00e1s t\u00edpusa\">Tag<\/td><td class=\"start-date col-group-start\" data-label=\"Megb\u00edzat\u00e1s kezdete\">01\/07\/2025<\/td><td class=\"end-date col-group-end\" data-label=\"Megb\u00edzat\u00e1s v\u00e9ge\">30\/06\/2028<\/td><td class=\"mandate-doc\" data-label=\"Megb\u00edzat\u00e1si dokumentum\"><a href = \"https:\/\/semmelweis.hu\/bizottsagok\/files\/2025\/07\/30_bizottsag.pdf\" target=\"_blank\">Megb\u00edzat\u00e1si dokumentum<\/a><\/td><\/tr><tr><td class=\"member-name\" data-label=\"N\u00e9v\">L\u00e1szl\u00f3 Gy\u0151ri<\/td><td class=\"mandate-basis\" data-label=\"Megb\u00edzat\u00e1s alapja\">Hallgat\u00f3<a href = \"https:\/\/semmelweis.hu\/bizottsagok\/files\/2025\/07\/30_bizottsag.pdf\" target=\"_blank\">Megb\u00edzat\u00e1si dokumentum<\/a><\/td><td class=\"mandate-type\" data-label=\"Megb\u00edzat\u00e1s t\u00edpusa\">Tag<\/td><td class=\"start-date col-group-start\" data-label=\"Megb\u00edzat\u00e1s kezdete\">01\/07\/2025<\/td><td class=\"end-date col-group-end\" data-label=\"Megb\u00edzat\u00e1s v\u00e9ge\">30\/06\/2028<\/td><td class=\"mandate-doc\" data-label=\"Megb\u00edzat\u00e1si dokumentum\"><a href = \"https:\/\/semmelweis.hu\/bizottsagok\/files\/2025\/07\/30_bizottsag.pdf\" target=\"_blank\">Megb\u00edzat\u00e1si dokumentum<\/a><\/td><\/tr>                    <\/tbody>\n                <\/table>\n            \n\n                            <input type=\"checkbox\" id=\"former-members\" name=\"former-members\">\n                <label for=\"former-members\">\n                    <h4 class=\"former-members-title\">\n                        <i class=\"fa fa-plus-circle\"><\/i> \n                        Kor\u00e1bbi tagok list\u00e1ja                    <\/h4>\n                <\/label>\n                <div id=\"archive-members-container\">\n                    <div class=\"archive-members-container-inner\">\n                        <table id=\"archive-members\" \n                            class=\" has-mandate-doc\" \n                            data-subcommittee=\"0\">\n                            <thead>\n                                <tr>\n                                    <th class=\"member-name\">N\u00e9v<\/th>\n                                    <th class=\"mandate-basis\">Megb\u00edzat\u00e1s alapja<\/th>\n                                    <th class=\"mandate-type\">Megb\u00edzat\u00e1s t\u00edpusa<\/th>\n                                                                                                            <th class=\"start-date col-group-start\" data-label=\"Megb\u00edzat\u00e1s id\u0151tartama\">Megb\u00edzat\u00e1s kezdete<\/th>\n                                    <th class=\"end-date col-group-end\">Megb\u00edzat\u00e1s v\u00e9ge<\/th>\n                                    <th class=\"mandate-doc\">Megb\u00edzat\u00e1si dokumentum<\/th>\n                                    <th class=\"term-reason col-group-start\" data-label=\"Megsz\u0171n\u00e9s\">Megsz\u0171n\u00e9s oka<\/th>\n                                    <th class=\"term-date col-group-end\">Megsz\u0171n\u00e9s d\u00e1tuma<\/th>\n                                <\/tr>\n                            <\/thead>\n                            <tbody>\n                                <tr><td class=\"member-name\" data-label=\"N\u00e9v\">Dr. J\u00f3zsef Kov\u00e1cs<\/td><td class=\"mandate-basis\" data-label=\"Megb\u00edzat\u00e1s alapja\">Foglalkoztatott<a href = \"https:\/\/semmelweis.hu\/jogigfoig\/files\/2019\/06\/63_2019_VI_20_bizotts%C3%A1gok-az-%C3%81OK-on.pdf\" target=\"_blank\">Megb\u00edzat\u00e1si dokumentum<\/a><\/td><td class=\"mandate-type\" data-label=\"Megb\u00edzat\u00e1s t\u00edpusa\">Eln\u00f6k<\/td><td class=\"start-date col-group-start\" data-label=\"Megb\u00edzat\u00e1s kezdete\">19\/07\/2019<\/td><td class=\"end-date col-group-end\" data-label=\"Megb\u00edzat\u00e1s v\u00e9ge\">18\/07\/2022<\/td><td class=\"mandate-doc\" data-label=\"Megb\u00edzat\u00e1si dokumentum\"><a href = \"https:\/\/semmelweis.hu\/jogigfoig\/files\/2019\/06\/63_2019_VI_20_bizotts%C3%A1gok-az-%C3%81OK-on.pdf\" target=\"_blank\">Megb\u00edzat\u00e1si dokumentum<\/a><\/td><td class=\"term-reason col-group-start\" data-label=\"Megsz\u0171n\u00e9s oka\">Megb\u00edzat\u00e1s lej\u00e1rta<\/td><td class=\"term-date col-group-end\" data-label=\"Megsz\u0171n\u00e9s d\u00e1tuma\">18\/07\/2022<\/td><\/tr><tr><td class=\"member-name\" data-label=\"N\u00e9v\">Dr. J\u00e1nos R\u00e9thelyi<\/td><td class=\"mandate-basis\" data-label=\"Megb\u00edzat\u00e1s alapja\">Foglalkoztatott<a href = \"https:\/\/semmelweis.hu\/jogigfoig\/files\/2019\/06\/63_2019_VI_20_bizotts%C3%A1gok-az-%C3%81OK-on.pdf\" target=\"_blank\">Megb\u00edzat\u00e1si dokumentum<\/a><\/td><td class=\"mandate-type\" data-label=\"Megb\u00edzat\u00e1s t\u00edpusa\">Tag<\/td><td class=\"start-date col-group-start\" data-label=\"Megb\u00edzat\u00e1s kezdete\">19\/07\/2019<\/td><td class=\"end-date col-group-end\" data-label=\"Megb\u00edzat\u00e1s v\u00e9ge\">18\/07\/2022<\/td><td class=\"mandate-doc\" data-label=\"Megb\u00edzat\u00e1si dokumentum\"><a href = \"https:\/\/semmelweis.hu\/jogigfoig\/files\/2019\/06\/63_2019_VI_20_bizotts%C3%A1gok-az-%C3%81OK-on.pdf\" target=\"_blank\">Megb\u00edzat\u00e1si dokumentum<\/a><\/td><td class=\"term-reason col-group-start\" data-label=\"Megsz\u0171n\u00e9s oka\">Megb\u00edzat\u00e1s lej\u00e1rta<\/td><td class=\"term-date col-group-end\" data-label=\"Megsz\u0171n\u00e9s d\u00e1tuma\">18\/07\/2022<\/td><\/tr><tr><td class=\"member-name\" data-label=\"N\u00e9v\">Dr. Kl\u00e1ra T\u00f6r\u0151<\/td><td class=\"mandate-basis\" data-label=\"Megb\u00edzat\u00e1s alapja\">Foglalkoztatott<a href = \"https:\/\/semmelweis.hu\/jogigfoig\/files\/2019\/06\/63_2019_VI_20_bizotts%C3%A1gok-az-%C3%81OK-on.pdf\" target=\"_blank\">Megb\u00edzat\u00e1si dokumentum<\/a><\/td><td class=\"mandate-type\" data-label=\"Megb\u00edzat\u00e1s t\u00edpusa\">Tag<\/td><td class=\"start-date col-group-start\" data-label=\"Megb\u00edzat\u00e1s kezdete\">19\/07\/2019<\/td><td class=\"end-date col-group-end\" data-label=\"Megb\u00edzat\u00e1s v\u00e9ge\">18\/07\/2022<\/td><td class=\"mandate-doc\" data-label=\"Megb\u00edzat\u00e1si dokumentum\"><a href = \"https:\/\/semmelweis.hu\/jogigfoig\/files\/2019\/06\/63_2019_VI_20_bizotts%C3%A1gok-az-%C3%81OK-on.pdf\" target=\"_blank\">Megb\u00edzat\u00e1si dokumentum<\/a><\/td><td class=\"term-reason col-group-start\" data-label=\"Megsz\u0171n\u00e9s oka\">Megb\u00edzat\u00e1s lej\u00e1rta<\/td><td class=\"term-date col-group-end\" data-label=\"Megsz\u0171n\u00e9s d\u00e1tuma\">18\/07\/2022<\/td><\/tr><tr><td class=\"member-name\" data-label=\"N\u00e9v\">\u00c1d\u00e1m Csirz\u00f3<\/td><td class=\"mandate-basis\" data-label=\"Megb\u00edzat\u00e1s alapja\">Hallgat\u00f3<a href = \"https:\/\/semmelweis.hu\/jogigfoig\/files\/2019\/09\/97_VIII_29_A-Szen%C3%A1tus-%C3%A1ltal-l%C3%A9trehozott-%C3%A9s-az-%C3%81OK-on-m%C5%B1k%C3%B6d%C5%91-%C3%A1lland%C3%B3-bizotts%C3%A1gok-hallgat%C3%B3-tagjainak-megv%C3%A1laszt%C3%A1sa.pdf\" target=\"_blank\">Megb\u00edzat\u00e1si dokumentum<\/a><\/td><td class=\"mandate-type\" data-label=\"Megb\u00edzat\u00e1s t\u00edpusa\">Tag<\/td><td class=\"start-date col-group-start\" data-label=\"Megb\u00edzat\u00e1s kezdete\">05\/09\/2019<\/td><td class=\"end-date col-group-end\" data-label=\"Megb\u00edzat\u00e1s v\u00e9ge\">18\/07\/2022<\/td><td class=\"mandate-doc\" data-label=\"Megb\u00edzat\u00e1si dokumentum\"><a href = \"https:\/\/semmelweis.hu\/jogigfoig\/files\/2019\/09\/97_VIII_29_A-Szen%C3%A1tus-%C3%A1ltal-l%C3%A9trehozott-%C3%A9s-az-%C3%81OK-on-m%C5%B1k%C3%B6d%C5%91-%C3%A1lland%C3%B3-bizotts%C3%A1gok-hallgat%C3%B3-tagjainak-megv%C3%A1laszt%C3%A1sa.pdf\" target=\"_blank\">Megb\u00edzat\u00e1si dokumentum<\/a><\/td><td class=\"term-reason col-group-start\" data-label=\"Megsz\u0171n\u00e9s oka\">Egy\u00e9b megsz\u0171n\u00e9si ok<\/td><td class=\"term-date col-group-end\" data-label=\"Megsz\u0171n\u00e9s d\u00e1tuma\">14\/02\/2021<\/td><\/tr><tr><td class=\"member-name\" data-label=\"N\u00e9v\">Tam\u00e1s Frei<\/td><td class=\"mandate-basis\" data-label=\"Megb\u00edzat\u00e1s alapja\">Hallgat\u00f3<a href = \"https:\/\/semmelweis.hu\/jogigfoig\/files\/2020\/10\/182_2020_%C3%81OK-bizotts%C3%A1gok-szem%C3%A9lyi-%C3%B6sszet%C3%A9tele.pdf\" target=\"_blank\">Megb\u00edzat\u00e1si dokumentum<\/a><\/td><td class=\"mandate-type\" data-label=\"Megb\u00edzat\u00e1s t\u00edpusa\">Tag<\/td><td class=\"start-date col-group-start\" data-label=\"Megb\u00edzat\u00e1s kezdete\">03\/10\/2020<\/td><td class=\"end-date col-group-end\" data-label=\"Megb\u00edzat\u00e1s v\u00e9ge\">18\/07\/2022<\/td><td class=\"mandate-doc\" data-label=\"Megb\u00edzat\u00e1si dokumentum\"><a href = \"https:\/\/semmelweis.hu\/jogigfoig\/files\/2020\/10\/182_2020_%C3%81OK-bizotts%C3%A1gok-szem%C3%A9lyi-%C3%B6sszet%C3%A9tele.pdf\" target=\"_blank\">Megb\u00edzat\u00e1si dokumentum<\/a><\/td><td class=\"term-reason col-group-start\" data-label=\"Megsz\u0171n\u00e9s oka\">Megb\u00edzat\u00e1s lej\u00e1rta<\/td><td class=\"term-date col-group-end\" data-label=\"Megsz\u0171n\u00e9s d\u00e1tuma\">18\/07\/2022<\/td><\/tr><tr><td class=\"member-name\" data-label=\"N\u00e9v\">Andr\u00e1s Zolt\u00e1n Posta<\/td><td class=\"mandate-basis\" data-label=\"Megb\u00edzat\u00e1s alapja\">Hallgat\u00f3<a href = \"https:\/\/semmelweis.hu\/jogigfoig\/files\/2019\/09\/97_VIII_29_A-Szen%C3%A1tus-%C3%A1ltal-l%C3%A9trehozott-%C3%A9s-az-%C3%81OK-on-m%C5%B1k%C3%B6d%C5%91-%C3%A1lland%C3%B3-bizotts%C3%A1gok-hallgat%C3%B3-tagjainak-megv%C3%A1laszt%C3%A1sa.pdf\" target=\"_blank\">Megb\u00edzat\u00e1si dokumentum<\/a><\/td><td class=\"mandate-type\" data-label=\"Megb\u00edzat\u00e1s t\u00edpusa\">Tag<\/td><td class=\"start-date col-group-start\" data-label=\"Megb\u00edzat\u00e1s kezdete\">05\/09\/2019<\/td><td class=\"end-date col-group-end\" data-label=\"Megb\u00edzat\u00e1s v\u00e9ge\">18\/07\/2022<\/td><td class=\"mandate-doc\" data-label=\"Megb\u00edzat\u00e1si dokumentum\"><a href = \"https:\/\/semmelweis.hu\/jogigfoig\/files\/2019\/09\/97_VIII_29_A-Szen%C3%A1tus-%C3%A1ltal-l%C3%A9trehozott-%C3%A9s-az-%C3%81OK-on-m%C5%B1k%C3%B6d%C5%91-%C3%A1lland%C3%B3-bizotts%C3%A1gok-hallgat%C3%B3-tagjainak-megv%C3%A1laszt%C3%A1sa.pdf\" target=\"_blank\">Megb\u00edzat\u00e1si dokumentum<\/a><\/td><td class=\"term-reason col-group-start\" data-label=\"Megsz\u0171n\u00e9s oka\">Egy\u00e9b megsz\u0171n\u00e9si ok<\/td><td class=\"term-date col-group-end\" data-label=\"Megsz\u0171n\u00e9s d\u00e1tuma\">14\/09\/2019<\/td><\/tr><tr><td class=\"member-name\" data-label=\"N\u00e9v\">B\u00e1lint Tripolszky<\/td><td class=\"mandate-basis\" data-label=\"Megb\u00edzat\u00e1s alapja\">Hallgat\u00f3<a href = \"https:\/\/semmelweis.hu\/jogigfoig\/files\/2019\/09\/97_VIII_29_A-Szen%C3%A1tus-%C3%A1ltal-l%C3%A9trehozott-%C3%A9s-az-%C3%81OK-on-m%C5%B1k%C3%B6d%C5%91-%C3%A1lland%C3%B3-bizotts%C3%A1gok-hallgat%C3%B3-tagjainak-megv%C3%A1laszt%C3%A1sa.pdf\" target=\"_blank\">Megb\u00edzat\u00e1si dokumentum<\/a><\/td><td class=\"mandate-type\" data-label=\"Megb\u00edzat\u00e1s t\u00edpusa\">Tag<\/td><td class=\"start-date col-group-start\" data-label=\"Megb\u00edzat\u00e1s kezdete\">15\/09\/2021<\/td><td class=\"end-date col-group-end\" data-label=\"Megb\u00edzat\u00e1s v\u00e9ge\">18\/07\/2022<\/td><td class=\"mandate-doc\" data-label=\"Megb\u00edzat\u00e1si dokumentum\"><a href = \"https:\/\/semmelweis.hu\/jogigfoig\/files\/2019\/09\/97_VIII_29_A-Szen%C3%A1tus-%C3%A1ltal-l%C3%A9trehozott-%C3%A9s-az-%C3%81OK-on-m%C5%B1k%C3%B6d%C5%91-%C3%A1lland%C3%B3-bizotts%C3%A1gok-hallgat%C3%B3-tagjainak-megv%C3%A1laszt%C3%A1sa.pdf\" target=\"_blank\">Megb\u00edzat\u00e1si dokumentum<\/a><\/td><td class=\"term-reason col-group-start\" data-label=\"Megsz\u0171n\u00e9s oka\">Egy\u00e9b megsz\u0171n\u00e9si ok<\/td><td class=\"term-date col-group-end\" data-label=\"Megsz\u0171n\u00e9s d\u00e1tuma\">01\/09\/2023<\/td><\/tr><tr><td class=\"member-name\" data-label=\"N\u00e9v\">Dr. J\u00f3zsef Kov\u00e1cs<\/td><td class=\"mandate-basis\" data-label=\"Megb\u00edzat\u00e1s alapja\">Foglalkoztatott<a href = \"ttps:\/\/semmelweis.hu\/bizottsagok\/files\/2022\/07\/31_hatarozat_bizottsagok.pdf\" target=\"_blank\">Megb\u00edzat\u00e1si dokumentum<\/a><\/td><td class=\"mandate-type\" data-label=\"Megb\u00edzat\u00e1s t\u00edpusa\">Eln\u00f6k<\/td><td class=\"start-date col-group-start\" data-label=\"Megb\u00edzat\u00e1s kezdete\">19\/07\/2022<\/td><td class=\"end-date col-group-end\" data-label=\"Megb\u00edzat\u00e1s v\u00e9ge\">18\/07\/2025<\/td><td class=\"mandate-doc\" data-label=\"Megb\u00edzat\u00e1si dokumentum\"><a href = \"ttps:\/\/semmelweis.hu\/bizottsagok\/files\/2022\/07\/31_hatarozat_bizottsagok.pdf\" target=\"_blank\">Megb\u00edzat\u00e1si dokumentum<\/a><\/td><td class=\"term-reason col-group-start\" data-label=\"Megsz\u0171n\u00e9s oka\">Megb\u00edzat\u00e1s lej\u00e1rta<\/td><td class=\"term-date col-group-end\" data-label=\"Megsz\u0171n\u00e9s d\u00e1tuma\">30\/06\/2025<\/td><\/tr><tr><td class=\"member-name\" data-label=\"N\u00e9v\">Dr. J\u00e1nos R\u00e9thelyi<\/td><td class=\"mandate-basis\" data-label=\"Megb\u00edzat\u00e1s alapja\">Foglalkoztatott<a href = \"https:\/\/semmelweis.hu\/bizottsagok\/files\/2022\/07\/31_hatarozat_bizottsagok.pdf\" target=\"_blank\">Megb\u00edzat\u00e1si dokumentum<\/a><\/td><td class=\"mandate-type\" data-label=\"Megb\u00edzat\u00e1s t\u00edpusa\">Tag<\/td><td class=\"start-date col-group-start\" data-label=\"Megb\u00edzat\u00e1s kezdete\">19\/07\/2022<\/td><td class=\"end-date col-group-end\" data-label=\"Megb\u00edzat\u00e1s v\u00e9ge\">18\/07\/2025<\/td><td class=\"mandate-doc\" data-label=\"Megb\u00edzat\u00e1si dokumentum\"><a href = \"https:\/\/semmelweis.hu\/bizottsagok\/files\/2022\/07\/31_hatarozat_bizottsagok.pdf\" target=\"_blank\">Megb\u00edzat\u00e1si dokumentum<\/a><\/td><td class=\"term-reason col-group-start\" data-label=\"Megsz\u0171n\u00e9s oka\">Megb\u00edzat\u00e1s lej\u00e1rta<\/td><td class=\"term-date col-group-end\" data-label=\"Megsz\u0171n\u00e9s d\u00e1tuma\">30\/06\/2025<\/td><\/tr><tr><td class=\"member-name\" data-label=\"N\u00e9v\">Dr. Kl\u00e1ra T\u00f6r\u0151<\/td><td class=\"mandate-basis\" data-label=\"Megb\u00edzat\u00e1s alapja\">Foglalkoztatott<a href = \"https:\/\/semmelweis.hu\/bizottsagok\/files\/2022\/07\/31_hatarozat_bizottsagok.pdf\" target=\"_blank\">Megb\u00edzat\u00e1si dokumentum<\/a><\/td><td class=\"mandate-type\" data-label=\"Megb\u00edzat\u00e1s t\u00edpusa\">Tag<\/td><td class=\"start-date col-group-start\" data-label=\"Megb\u00edzat\u00e1s kezdete\">19\/07\/2022<\/td><td class=\"end-date col-group-end\" data-label=\"Megb\u00edzat\u00e1s v\u00e9ge\">18\/07\/2025<\/td><td class=\"mandate-doc\" data-label=\"Megb\u00edzat\u00e1si dokumentum\"><a href = \"https:\/\/semmelweis.hu\/bizottsagok\/files\/2022\/07\/31_hatarozat_bizottsagok.pdf\" target=\"_blank\">Megb\u00edzat\u00e1si dokumentum<\/a><\/td><td class=\"term-reason col-group-start\" data-label=\"Megsz\u0171n\u00e9s oka\">Megb\u00edzat\u00e1s lej\u00e1rta<\/td><td class=\"term-date col-group-end\" data-label=\"Megsz\u0171n\u00e9s d\u00e1tuma\">30\/06\/2025<\/td><\/tr><tr><td class=\"member-name\" data-label=\"N\u00e9v\">Tam\u00e1s Frei<\/td><td class=\"mandate-basis\" data-label=\"Megb\u00edzat\u00e1s alapja\">Hallgat\u00f3<a href = \"https:\/\/semmelweis.hu\/bizottsagok\/files\/2022\/07\/31_hatarozat_bizottsagok.pdf\" target=\"_blank\">Megb\u00edzat\u00e1si dokumentum<\/a><\/td><td class=\"mandate-type\" data-label=\"Megb\u00edzat\u00e1s t\u00edpusa\">Tag<\/td><td class=\"start-date col-group-start\" data-label=\"Megb\u00edzat\u00e1s kezdete\">19\/07\/2022<\/td><td class=\"end-date col-group-end\" data-label=\"Megb\u00edzat\u00e1s v\u00e9ge\">18\/07\/2025<\/td><td class=\"mandate-doc\" data-label=\"Megb\u00edzat\u00e1si dokumentum\"><a href = \"https:\/\/semmelweis.hu\/bizottsagok\/files\/2022\/07\/31_hatarozat_bizottsagok.pdf\" target=\"_blank\">Megb\u00edzat\u00e1si dokumentum<\/a><\/td><td class=\"term-reason col-group-start\" data-label=\"Megsz\u0171n\u00e9s oka\">Egy\u00e9b megsz\u0171n\u00e9si ok<\/td><td class=\"term-date col-group-end\" data-label=\"Megsz\u0171n\u00e9s d\u00e1tuma\">30\/06\/2024<\/td><\/tr><tr><td class=\"member-name\" data-label=\"N\u00e9v\">B\u00e1lint Tripolszky<\/td><td class=\"mandate-basis\" data-label=\"Megb\u00edzat\u00e1s alapja\">Hallgat\u00f3<a href = \"https:\/\/semmelweis.hu\/bizottsagok\/files\/2022\/07\/31_hatarozat_bizottsagok.pdf\" target=\"_blank\">Megb\u00edzat\u00e1si dokumentum<\/a><\/td><td class=\"mandate-type\" data-label=\"Megb\u00edzat\u00e1s t\u00edpusa\">Tag<\/td><td class=\"start-date col-group-start\" data-label=\"Megb\u00edzat\u00e1s kezdete\">19\/07\/2022<\/td><td class=\"end-date col-group-end\" data-label=\"Megb\u00edzat\u00e1s v\u00e9ge\">18\/07\/2025<\/td><td class=\"mandate-doc\" data-label=\"Megb\u00edzat\u00e1si dokumentum\"><a href = \"https:\/\/semmelweis.hu\/bizottsagok\/files\/2022\/07\/31_hatarozat_bizottsagok.pdf\" target=\"_blank\">Megb\u00edzat\u00e1si dokumentum<\/a><\/td><td class=\"term-reason col-group-start\" data-label=\"Megsz\u0171n\u00e9s oka\">Egy\u00e9b megsz\u0171n\u00e9si ok<\/td><td class=\"term-date col-group-end\" data-label=\"Megsz\u0171n\u00e9s d\u00e1tuma\">01\/09\/2023<\/td><\/tr><tr><td class=\"member-name\" data-label=\"N\u00e9v\">Loretta Enik\u0151 Nyir\u00e1dy<\/td><td class=\"mandate-basis\" data-label=\"Megb\u00edzat\u00e1s alapja\">Hallgat\u00f3<a href = \"https:\/\/semmelweis.hu\/bizottsagok\/files\/2024\/12\/2_bizottsagok_szemelyi_osszetetele-1.pdf\" target=\"_blank\">Megb\u00edzat\u00e1si dokumentum<\/a><\/td><td class=\"mandate-type\" data-label=\"Megb\u00edzat\u00e1s t\u00edpusa\">Tag<\/td><td class=\"start-date col-group-start\" data-label=\"Megb\u00edzat\u00e1s kezdete\">03\/10\/2023<\/td><td class=\"end-date col-group-end\" data-label=\"Megb\u00edzat\u00e1s v\u00e9ge\">02\/10\/2026<\/td><td class=\"mandate-doc\" data-label=\"Megb\u00edzat\u00e1si dokumentum\"><a href = \"https:\/\/semmelweis.hu\/bizottsagok\/files\/2024\/12\/2_bizottsagok_szemelyi_osszetetele-1.pdf\" target=\"_blank\">Megb\u00edzat\u00e1si dokumentum<\/a><\/td><td class=\"term-reason col-group-start\" data-label=\"Megsz\u0171n\u00e9s oka\">Egy\u00e9b megsz\u0171n\u00e9si ok<\/td><td class=\"term-date col-group-end\" data-label=\"Megsz\u0171n\u00e9s d\u00e1tuma\">30\/06\/2025<\/td><\/tr>                            <\/tbody>\n                        <\/table>\n                    <\/div>\n                <\/div>\n            \n\n            <\/div>\n<\/div><br><br>\n<div class=\"committee-tab tab-4\" id=\"a-bizottsag-ugyrendje\">\n    <h2>A bizotts\u00e1g \u00fcgyrendje<\/h2>\n    <div class=\"committee-tab-content\">\n        <div class=\"keretes w-100\">\n            <ul style=\"list-style-type: square;\">\n                <li><a href=\"https:\/\/semmelweis.hu\/aok\/files\/2026\/02\/Etikai_es_Fegyelmi_Bizottsag_ugyrend.pdf\" target=\"_blank\">Rules of Procedure of the Ethical and Disciplinary Committee - Hungarian (\u00c1OK)<\/a><\/li>            <\/ul>\n        <\/div>\n    <\/div>\n<\/div>\n\n<br><\/section>\n","protected":false},"excerpt":{"rendered":"","protected":false},"author":101862,"featured_media":0,"parent":1109,"menu_order":0,"comment_status":"closed","ping_status":"closed","template":"template-fullwidth.php","meta":{"_acf_changed":false,"footnotes":""},"categories":[],"tags":[],"class_list":["post-972","page","type-page","status-publish","hentry"],"acf":[],"_links":{"self":[{"href":"https:\/\/semmelweis.hu\/bizottsagok\/wp-json\/wp\/v2\/pages\/972","targetHints":{"allow":["GET"]}}],"collection":[{"href":"https:\/\/semmelweis.hu\/bizottsagok\/wp-json\/wp\/v2\/pages"}],"about":[{"href":"https:\/\/semmelweis.hu\/bizottsagok\/wp-json\/wp\/v2\/types\/page"}],"author":[{"embeddable":true,"href":"https:\/\/semmelweis.hu\/bizottsagok\/wp-json\/wp\/v2\/users\/101862"}],"replies":[{"embeddable":true,"href":"https:\/\/semmelweis.hu\/bizottsagok\/wp-json\/wp\/v2\/comments?post=972"}],"version-history":[{"count":7,"href":"https:\/\/semmelweis.hu\/bizottsagok\/wp-json\/wp\/v2\/pages\/972\/revisions"}],"predecessor-version":[{"id":3126,"href":"https:\/\/semmelweis.hu\/bizottsagok\/wp-json\/wp\/v2\/pages\/972\/revisions\/3126"}],"up":[{"embeddable":true,"href":"https:\/\/semmelweis.hu\/bizottsagok\/wp-json\/wp\/v2\/pages\/1109"}],"wp:attachment":[{"href":"https:\/\/semmelweis.hu\/bizottsagok\/wp-json\/wp\/v2\/media?parent=972"}],"wp:term":[{"taxonomy":"category","embeddable":true,"href":"https:\/\/semmelweis.hu\/bizottsagok\/wp-json\/wp\/v2\/categories?post=972"},{"taxonomy":"post_tag","embeddable":true,"href":"https:\/\/semmelweis.hu\/bizottsagok\/wp-json\/wp\/v2\/tags?post=972"}],"curies":[{"name":"wp","href":"https:\/\/api.w.org\/{rel}","templated":true}]}}